{"id":1005,"date":"2026-03-22T11:49:20","date_gmt":"2026-03-22T11:49:20","guid":{"rendered":"https:\/\/www.terra-arcanum.de\/wordpress\/?page_id=1005"},"modified":"2026-04-09T07:59:45","modified_gmt":"2026-04-09T06:59:45","slug":"anmeldung-2","status":"publish","type":"page","link":"https:\/\/www.terra-arcanum.de\/index.php\/anmeldung-2\/","title":{"rendered":"Anmeldung"},"content":{"rendered":"\n<ul class=\"wp-block-list\">\n<li><strong><a href=\"https:\/\/www.terra-arcanum.de\/index.php\/anmeldung_kraeuter\/\" data-type=\"page\" data-id=\"994\">Anmeldung zur Kr\u00e4uterausbildung<\/a><\/strong><\/li>\n\n\n\n<li><strong><a href=\"https:\/\/www.terra-arcanum.de\/index.php\/anmeldung_baum\/\" data-type=\"page\" data-id=\"995\">Anmeldung zum Baumkurs<\/a><\/strong><\/li>\n\n\n\n<li><strong><a href=\"https:\/\/www.terra-arcanum.de\/index.php\/anmeldung_seminar\/\" data-type=\"page\" data-id=\"996\">Anmeldung zu einem Seminar<\/a><\/strong><\/li>\n<\/ul>\n\n\n\n<figure class=\"wp-block-gallery has-nested-images columns-default is-cropped wp-block-gallery-1 is-layout-flex wp-block-gallery-is-layout-flex\">\n<figure class=\"wp-block-image size-large\"><img loading=\"lazy\" decoding=\"async\" width=\"576\" height=\"1024\" data-id=\"444\" src=\"https:\/\/www.terra-arcanum.de\/wp-content\/uploads\/2025\/02\/20200628_150608-Kopie-scaled-1-576x1024.jpg\" alt=\"\" class=\"wp-image-444\" srcset=\"https:\/\/www.terra-arcanum.de\/wp-content\/uploads\/2025\/02\/20200628_150608-Kopie-scaled-1-576x1024.jpg 576w, https:\/\/www.terra-arcanum.de\/wp-content\/uploads\/2025\/02\/20200628_150608-Kopie-scaled-1-169x300.jpg 169w, https:\/\/www.terra-arcanum.de\/wp-content\/uploads\/2025\/02\/20200628_150608-Kopie-scaled-1-768x1365.jpg 768w, https:\/\/www.terra-arcanum.de\/wp-content\/uploads\/2025\/02\/20200628_150608-Kopie-scaled-1-864x1536.jpg 864w, https:\/\/www.terra-arcanum.de\/wp-content\/uploads\/2025\/02\/20200628_150608-Kopie-scaled-1-1152x2048.jpg 1152w, https:\/\/www.terra-arcanum.de\/wp-content\/uploads\/2025\/02\/20200628_150608-Kopie-scaled-1.jpg 1440w\" sizes=\"auto, (max-width: 576px) 100vw, 576px\" \/><\/figure>\n\n\n\n<figure class=\"wp-block-image size-large\"><img loading=\"lazy\" decoding=\"async\" width=\"450\" height=\"600\" data-id=\"561\" src=\"https:\/\/www.terra-arcanum.de\/wp-content\/uploads\/2025\/02\/interessantes_terra_arcanum_heilpflanzen_schule_01.jpg\" alt=\"\" class=\"wp-image-561\" srcset=\"https:\/\/www.terra-arcanum.de\/wp-content\/uploads\/2025\/02\/interessantes_terra_arcanum_heilpflanzen_schule_01.jpg 450w, https:\/\/www.terra-arcanum.de\/wp-content\/uploads\/2025\/02\/interessantes_terra_arcanum_heilpflanzen_schule_01-225x300.jpg 225w\" sizes=\"auto, (max-width: 450px) 100vw, 450px\" \/><\/figure>\n\n\n\n<figure class=\"wp-block-image size-large\"><img loading=\"lazy\" decoding=\"async\" width=\"576\" height=\"1024\" data-id=\"333\" src=\"https:\/\/www.terra-arcanum.de\/wp-content\/uploads\/2025\/02\/20200628_150128-Kopie-scaled-1-576x1024.jpg\" alt=\"\" class=\"wp-image-333\" srcset=\"https:\/\/www.terra-arcanum.de\/wp-content\/uploads\/2025\/02\/20200628_150128-Kopie-scaled-1-576x1024.jpg 576w, https:\/\/www.terra-arcanum.de\/wp-content\/uploads\/2025\/02\/20200628_150128-Kopie-scaled-1-169x300.jpg 169w, https:\/\/www.terra-arcanum.de\/wp-content\/uploads\/2025\/02\/20200628_150128-Kopie-scaled-1-768x1365.jpg 768w, https:\/\/www.terra-arcanum.de\/wp-content\/uploads\/2025\/02\/20200628_150128-Kopie-scaled-1-864x1536.jpg 864w, https:\/\/www.terra-arcanum.de\/wp-content\/uploads\/2025\/02\/20200628_150128-Kopie-scaled-1-1152x2048.jpg 1152w, https:\/\/www.terra-arcanum.de\/wp-content\/uploads\/2025\/02\/20200628_150128-Kopie-scaled-1.jpg 1440w\" sizes=\"auto, (max-width: 576px) 100vw, 576px\" \/><\/figure>\n<\/figure>\n\n\n\n<figure class=\"wp-block-pullquote\"><blockquote><p>H\u00f6re auf, \u00fcber das zu reden, was du tun m\u00f6chtest, und tue es einfach.<\/p><cite>Konfuzius<\/cite><\/blockquote><\/figure>\n","protected":false},"excerpt":{"rendered":"<p>H\u00f6re auf, \u00fcber das zu reden, was du tun m\u00f6chtest, und tue es einfach. Konfuzius<\/p>\n","protected":false},"author":1,"featured_media":0,"parent":0,"menu_order":0,"comment_status":"closed","ping_status":"closed","template":"","meta":{"footnotes":""},"class_list":["post-1005","page","type-page","status-publish","hentry"],"_links":{"self":[{"href":"https:\/\/www.terra-arcanum.de\/index.php\/wp-json\/wp\/v2\/pages\/1005","targetHints":{"allow":["GET"]}}],"collection":[{"href":"https:\/\/www.terra-arcanum.de\/index.php\/wp-json\/wp\/v2\/pages"}],"about":[{"href":"https:\/\/www.terra-arcanum.de\/index.php\/wp-json\/wp\/v2\/types\/page"}],"author":[{"embeddable":true,"href":"https:\/\/www.terra-arcanum.de\/index.php\/wp-json\/wp\/v2\/users\/1"}],"replies":[{"embeddable":true,"href":"https:\/\/www.terra-arcanum.de\/index.php\/wp-json\/wp\/v2\/comments?post=1005"}],"version-history":[{"count":4,"href":"https:\/\/www.terra-arcanum.de\/index.php\/wp-json\/wp\/v2\/pages\/1005\/revisions"}],"predecessor-version":[{"id":1224,"href":"https:\/\/www.terra-arcanum.de\/index.php\/wp-json\/wp\/v2\/pages\/1005\/revisions\/1224"}],"wp:attachment":[{"href":"https:\/\/www.terra-arcanum.de\/index.php\/wp-json\/wp\/v2\/media?parent=1005"}],"curies":[{"name":"wp","href":"https:\/\/api.w.org\/{rel}","templated":true}]}}