{"id":116,"date":"2025-02-18T12:56:32","date_gmt":"2025-02-18T12:56:32","guid":{"rendered":"http:\/\/uly-niemann.eu\/?page_id=116"},"modified":"2026-04-08T18:59:55","modified_gmt":"2026-04-08T17:59:55","slug":"seminarorte","status":"publish","type":"page","link":"https:\/\/www.terra-arcanum.de\/index.php\/seminarorte\/","title":{"rendered":"Seminarorte"},"content":{"rendered":"\n<p><strong>Seminarorte von Ausbildungen und Seminaren<\/strong><\/p>\n\n\n\n<p><strong>Unterricht findet (je nach Themen) an verschiedenen Orten statt:<\/strong><\/p>\n\n\n\n<div class=\"wp-block-columns is-layout-flex wp-container-core-columns-is-layout-9d6595d7 wp-block-columns-is-layout-flex\">\n<div class=\"wp-block-column is-layout-flow wp-block-column-is-layout-flow\">\n<figure class=\"wp-block-image size-full\"><img loading=\"lazy\" decoding=\"async\" width=\"255\" height=\"176\" src=\"https:\/\/www.terra-arcanum.de\/wp-content\/uploads\/2025\/02\/Seminarraum_Wiefelstede.jpg\" alt=\"\" class=\"wp-image-354\"\/><\/figure>\n<\/div>\n\n\n\n<div class=\"wp-block-column is-layout-flow wp-block-column-is-layout-flow\">\n<p><strong>LR-Schulungszentrum<\/strong><br>Eisenstr. 22<br>D-26215 Wiefelstede<\/p>\n\n\n\n<p><a href=\"https:\/\/www.seminarraumvermietung.com\/hier-finden-sie-uns\" target=\"_blank\" rel=\"noreferrer noopener\">https:\/\/www.seminarraumvermietung.com\/hier-finden-sie-uns<\/a><\/p>\n<\/div>\n<\/div>\n\n\n\n<div class=\"wp-block-columns is-layout-flex wp-container-core-columns-is-layout-9d6595d7 wp-block-columns-is-layout-flex\">\n<div class=\"wp-block-column is-layout-flow wp-block-column-is-layout-flow\" style=\"flex-basis:33.33%\"><\/div>\n\n\n\n<div class=\"wp-block-column is-layout-flow wp-block-column-is-layout-flow\" style=\"flex-basis:66.66%\"><\/div>\n<\/div>\n\n\n\n<hr class=\"wp-block-separator has-alpha-channel-opacity is-style-wide\"\/>\n\n\n\n<div class=\"wp-block-columns is-layout-flex wp-container-core-columns-is-layout-9d6595d7 wp-block-columns-is-layout-flex\">\n<div class=\"wp-block-column is-layout-flow wp-block-column-is-layout-flow\">\n<figure class=\"wp-block-image size-full\"><img loading=\"lazy\" decoding=\"async\" width=\"624\" height=\"424\" src=\"https:\/\/www.terra-arcanum.de\/wp-content\/uploads\/2025\/02\/wildenloh.jpg\" alt=\"\" class=\"wp-image-355\" srcset=\"https:\/\/www.terra-arcanum.de\/wp-content\/uploads\/2025\/02\/wildenloh.jpg 624w, https:\/\/www.terra-arcanum.de\/wp-content\/uploads\/2025\/02\/wildenloh-300x204.jpg 300w, https:\/\/www.terra-arcanum.de\/wp-content\/uploads\/2025\/02\/wildenloh-442x300.jpg 442w\" sizes=\"auto, (max-width: 624px) 100vw, 624px\" \/><\/figure>\n<\/div>\n\n\n\n<div class=\"wp-block-column is-layout-flow wp-block-column-is-layout-flow\">\n<p><strong>Waldhaus Wildenloh Wurzel gGmbH<\/strong><br>Friedrichsfehner Str. 44<br>D-26188 Edewecht (nur kurz hinter der Stadtgrenze von Oldenburg!)<\/p>\n\n\n\n<p><a href=\"https:\/\/www.waldhaus-wildenloh.de\" target=\"_blank\" rel=\"noreferrer noopener\">https:\/\/www.waldhaus-wildenloh.de<\/a><\/p>\n<\/div>\n<\/div>\n\n\n\n<hr class=\"wp-block-separator has-alpha-channel-opacity is-style-wide\"\/>\n\n\n\n<div class=\"wp-block-columns is-layout-flex wp-container-core-columns-is-layout-9d6595d7 wp-block-columns-is-layout-flex\">\n<div class=\"wp-block-column is-layout-flow wp-block-column-is-layout-flow\">\n<figure class=\"wp-block-image size-full\"><img loading=\"lazy\" decoding=\"async\" width=\"600\" height=\"450\" src=\"https:\/\/www.terra-arcanum.de\/wp-content\/uploads\/2025\/02\/seminarorte_terra_arcanum_heilpflanzen_schule_01.jpg\" alt=\"\" class=\"wp-image-356\" srcset=\"https:\/\/www.terra-arcanum.de\/wp-content\/uploads\/2025\/02\/seminarorte_terra_arcanum_heilpflanzen_schule_01.jpg 600w, https:\/\/www.terra-arcanum.de\/wp-content\/uploads\/2025\/02\/seminarorte_terra_arcanum_heilpflanzen_schule_01-300x225.jpg 300w, https:\/\/www.terra-arcanum.de\/wp-content\/uploads\/2025\/02\/seminarorte_terra_arcanum_heilpflanzen_schule_01-400x300.jpg 400w\" sizes=\"auto, (max-width: 600px) 100vw, 600px\" \/><\/figure>\n<\/div>\n\n\n\n<div class=\"wp-block-column is-layout-flow wp-block-column-is-layout-flow\">\n<p><strong>Wildpflanzenhof &#8222;Wegwarte&#8220; Helga K\u00f6hne<\/strong><br>Horster Stra\u00dfe 88<br>D-26340 Zetel<\/p>\n<\/div>\n<\/div>\n\n\n\n<hr class=\"wp-block-separator has-alpha-channel-opacity is-style-wide\"\/>\n\n\n\n<div class=\"wp-block-columns is-layout-flex wp-container-core-columns-is-layout-9d6595d7 wp-block-columns-is-layout-flex\">\n<div class=\"wp-block-column is-layout-flow wp-block-column-is-layout-flow\">\n<figure class=\"wp-block-image size-full\"><img loading=\"lazy\" decoding=\"async\" width=\"753\" height=\"430\" src=\"https:\/\/www.terra-arcanum.de\/wp-content\/uploads\/2025\/02\/klosterpark_schortens_garten.jpg\" alt=\"\" class=\"wp-image-357\" srcset=\"https:\/\/www.terra-arcanum.de\/wp-content\/uploads\/2025\/02\/klosterpark_schortens_garten.jpg 753w, https:\/\/www.terra-arcanum.de\/wp-content\/uploads\/2025\/02\/klosterpark_schortens_garten-300x171.jpg 300w, https:\/\/www.terra-arcanum.de\/wp-content\/uploads\/2025\/02\/klosterpark_schortens_garten-500x286.jpg 500w\" sizes=\"auto, (max-width: 753px) 100vw, 753px\" \/><\/figure>\n<\/div>\n\n\n\n<div class=\"wp-block-column is-layout-flow wp-block-column-is-layout-flow\">\n<p><strong>Regionales Umweltzentrum (RUZ) Schortens<\/strong><br>Ginsterweg 10<br>D-26419 Schortens<\/p>\n\n\n\n<p><a href=\"http:\/\/ruz-schortens.de\" data-type=\"link\" data-id=\"ruz-schortens.de\" target=\"_blank\" rel=\"noreferrer noopener\">www.ruz-schortens.de<\/a><\/p>\n<\/div>\n<\/div>\n\n\n\n<hr class=\"wp-block-separator has-alpha-channel-opacity is-style-wide\"\/>\n\n\n\n<div class=\"wp-block-columns is-layout-flex wp-container-core-columns-is-layout-9d6595d7 wp-block-columns-is-layout-flex\">\n<div class=\"wp-block-column is-layout-flow wp-block-column-is-layout-flow\">\n<figure class=\"wp-block-image size-full\"><img loading=\"lazy\" decoding=\"async\" width=\"450\" height=\"600\" src=\"https:\/\/www.terra-arcanum.de\/wp-content\/uploads\/2025\/02\/seminarorte_terra_arcanum_heilpflanzen_schule_02.jpg\" alt=\"\" class=\"wp-image-358\" srcset=\"https:\/\/www.terra-arcanum.de\/wp-content\/uploads\/2025\/02\/seminarorte_terra_arcanum_heilpflanzen_schule_02.jpg 450w, https:\/\/www.terra-arcanum.de\/wp-content\/uploads\/2025\/02\/seminarorte_terra_arcanum_heilpflanzen_schule_02-225x300.jpg 225w\" sizes=\"auto, (max-width: 450px) 100vw, 450px\" \/><\/figure>\n<\/div>\n\n\n\n<div class=\"wp-block-column is-layout-flow wp-block-column-is-layout-flow\">\n<p><strong>&#8222;Hexenstein&#8220;<\/strong><br>Schinkenweg<br>D-27801 D\u00f6tlingen<\/p>\n<\/div>\n<\/div>\n\n\n\n<hr class=\"wp-block-separator has-alpha-channel-opacity is-style-wide\"\/>\n\n\n\n<div class=\"wp-block-columns is-layout-flex wp-container-core-columns-is-layout-9d6595d7 wp-block-columns-is-layout-flex\">\n<div class=\"wp-block-column is-layout-flow wp-block-column-is-layout-flow\">\n<figure class=\"wp-block-image size-large\"><img loading=\"lazy\" decoding=\"async\" width=\"1024\" height=\"728\" src=\"https:\/\/www.terra-arcanum.de\/wp-content\/uploads\/2025\/02\/Pttenhus-scaled-1-1024x728.jpg\" alt=\"\" class=\"wp-image-359\" srcset=\"https:\/\/www.terra-arcanum.de\/wp-content\/uploads\/2025\/02\/Pttenhus-scaled-1-1024x728.jpg 1024w, https:\/\/www.terra-arcanum.de\/wp-content\/uploads\/2025\/02\/Pttenhus-scaled-1-300x213.jpg 300w, https:\/\/www.terra-arcanum.de\/wp-content\/uploads\/2025\/02\/Pttenhus-scaled-1-768x546.jpg 768w, https:\/\/www.terra-arcanum.de\/wp-content\/uploads\/2025\/02\/Pttenhus-scaled-1-1536x1093.jpg 1536w, https:\/\/www.terra-arcanum.de\/wp-content\/uploads\/2025\/02\/Pttenhus-scaled-1-2048x1457.jpg 2048w, https:\/\/www.terra-arcanum.de\/wp-content\/uploads\/2025\/02\/Pttenhus-scaled-1-422x300.jpg 422w\" sizes=\"auto, (max-width: 1024px) 100vw, 1024px\" \/><\/figure>\n<\/div>\n\n\n\n<div class=\"wp-block-column is-layout-flow wp-block-column-is-layout-flow\">\n<p>&nbsp;<strong>&#8222;P\u00fcttenhus&#8220;<\/strong><br>Heideweg 3<br>D-27801 D\u00f6tlingen<\/p>\n\n\n\n<p>Vermietung\/Verwaltung des P\u00fcttenhus:<br>B\u00fcrger- und Heimatverein D\u00f6tlingen e.V.<br>Ansprechnpartnerin f\u00fcr Hochzeiten und Vermietung und Soziale Medien (Website, Instagram und Facebook): Nadja Sch\u00fctte, Fon: 0176-20959748<br>E-Mail: <a href=\"mailto:nadja.schuette@bhv-doetlingen.de\" target=\"_blank\" rel=\"noreferrer noopener\">nadja.schuette@bhv-doetlingen.de<\/a><br><a href=\"http:\/\/www.bhv-doetlingen.de\" target=\"_blank\" rel=\"noreferrer noopener\">www.bhv-doetlingen.de<\/a><\/p>\n\n\n\n<p>Adresse des BHV:<br>Sabine Sch\u00fctte (1. Vorsitzende)<br>Schaftrift 8<br>27801 D\u00f6tlingen<br>Fon: 04433-918687<\/p>\n<\/div>\n<\/div>\n\n\n\n<hr class=\"wp-block-separator has-alpha-channel-opacity is-style-wide\"\/>\n\n\n\n<div class=\"wp-block-columns is-layout-flex wp-container-core-columns-is-layout-9d6595d7 wp-block-columns-is-layout-flex\">\n<div class=\"wp-block-column is-layout-flow wp-block-column-is-layout-flow\">\n<figure class=\"wp-block-image size-full\"><img loading=\"lazy\" decoding=\"async\" width=\"600\" height=\"600\" src=\"https:\/\/www.terra-arcanum.de\/wp-content\/uploads\/2025\/02\/Naturschutzhof-5dde01ee.jpg\" alt=\"\" class=\"wp-image-361\" srcset=\"https:\/\/www.terra-arcanum.de\/wp-content\/uploads\/2025\/02\/Naturschutzhof-5dde01ee.jpg 600w, https:\/\/www.terra-arcanum.de\/wp-content\/uploads\/2025\/02\/Naturschutzhof-5dde01ee-300x300.jpg 300w, https:\/\/www.terra-arcanum.de\/wp-content\/uploads\/2025\/02\/Naturschutzhof-5dde01ee-150x150.jpg 150w\" sizes=\"auto, (max-width: 600px) 100vw, 600px\" \/><\/figure>\n<\/div>\n\n\n\n<div class=\"wp-block-column is-layout-flow wp-block-column-is-layout-flow\">\n<p>Naturschutzhof Wittmunder Wald e.V.<br>Auricher Str. 92<br>26409 Wittmund<\/p>\n\n\n\n<p><a href=\"https:\/\/wittmunder-wald.de\/raeume-gebaeude\" target=\"_blank\" rel=\"noreferrer noopener\">https:\/\/wittmunder-wald.de\/raeume-gebaeude<\/a><\/p>\n<\/div>\n<\/div>\n\n\n\n<hr class=\"wp-block-separator has-alpha-channel-opacity is-style-wide\"\/>\n\n\n\n<p>oder an anderen Orten&#8230;<\/p>\n\n\n\n<p>Die genauen Kursorte werden rechtzeitig vor Ausbildungsbeginn bekannt gegeben.<\/p>\n\n\n\n<figure class=\"wp-block-gallery has-nested-images columns-default is-cropped wp-block-gallery-1 is-layout-flex wp-block-gallery-is-layout-flex\">\n<figure class=\"wp-block-image size-large\"><img loading=\"lazy\" decoding=\"async\" width=\"1024\" height=\"576\" data-id=\"363\" src=\"https:\/\/www.terra-arcanum.de\/wp-content\/uploads\/2025\/02\/20180507_141255-scaled-1-1024x576.jpg\" alt=\"\" class=\"wp-image-363\" srcset=\"https:\/\/www.terra-arcanum.de\/wp-content\/uploads\/2025\/02\/20180507_141255-scaled-1-1024x576.jpg 1024w, https:\/\/www.terra-arcanum.de\/wp-content\/uploads\/2025\/02\/20180507_141255-scaled-1-300x169.jpg 300w, https:\/\/www.terra-arcanum.de\/wp-content\/uploads\/2025\/02\/20180507_141255-scaled-1-768x432.jpg 768w, https:\/\/www.terra-arcanum.de\/wp-content\/uploads\/2025\/02\/20180507_141255-scaled-1-1536x864.jpg 1536w, https:\/\/www.terra-arcanum.de\/wp-content\/uploads\/2025\/02\/20180507_141255-scaled-1-2048x1152.jpg 2048w, https:\/\/www.terra-arcanum.de\/wp-content\/uploads\/2025\/02\/20180507_141255-scaled-1-500x281.jpg 500w\" sizes=\"auto, (max-width: 1024px) 100vw, 1024px\" \/><\/figure>\n\n\n\n<figure class=\"wp-block-image size-large\"><img loading=\"lazy\" decoding=\"async\" width=\"576\" height=\"1024\" data-id=\"362\" src=\"https:\/\/www.terra-arcanum.de\/wp-content\/uploads\/2025\/02\/20190831_164425-scaled-1-576x1024.jpg\" alt=\"\" class=\"wp-image-362\" srcset=\"https:\/\/www.terra-arcanum.de\/wp-content\/uploads\/2025\/02\/20190831_164425-scaled-1-576x1024.jpg 576w, https:\/\/www.terra-arcanum.de\/wp-content\/uploads\/2025\/02\/20190831_164425-scaled-1-169x300.jpg 169w, https:\/\/www.terra-arcanum.de\/wp-content\/uploads\/2025\/02\/20190831_164425-scaled-1-768x1365.jpg 768w, https:\/\/www.terra-arcanum.de\/wp-content\/uploads\/2025\/02\/20190831_164425-scaled-1-864x1536.jpg 864w, https:\/\/www.terra-arcanum.de\/wp-content\/uploads\/2025\/02\/20190831_164425-scaled-1-1152x2048.jpg 1152w, https:\/\/www.terra-arcanum.de\/wp-content\/uploads\/2025\/02\/20190831_164425-scaled-1.jpg 1440w\" sizes=\"auto, (max-width: 576px) 100vw, 576px\" \/><\/figure>\n\n\n\n<figure class=\"wp-block-image size-full\"><img loading=\"lazy\" decoding=\"async\" width=\"768\" height=\"1024\" data-id=\"672\" src=\"https:\/\/www.terra-arcanum.de\/wp-content\/uploads\/2025\/02\/40926948265_2593a1c0ee_b.jpg\" alt=\"\" class=\"wp-image-672\" srcset=\"https:\/\/www.terra-arcanum.de\/wp-content\/uploads\/2025\/02\/40926948265_2593a1c0ee_b.jpg 768w, https:\/\/www.terra-arcanum.de\/wp-content\/uploads\/2025\/02\/40926948265_2593a1c0ee_b-225x300.jpg 225w\" sizes=\"auto, (max-width: 768px) 100vw, 768px\" \/><\/figure>\n<\/figure>\n\n\n\n<hr class=\"wp-block-separator has-alpha-channel-opacity is-style-wide\"\/>\n\n\n\n<figure class=\"wp-block-pullquote\"><blockquote><p><br>Wenn man die Natur wahrhaft liebt, so findet man es \u00fcberall sch\u00f6n.<\/p><cite>Vincent van Gogh<\/cite><\/blockquote><\/figure>\n","protected":false},"excerpt":{"rendered":"<p>Seminarorte von Ausbildungen und Seminaren Unterricht findet (je nach Themen) an verschiedenen Orten statt: LR-SchulungszentrumEisenstr. 22D-26215 Wiefelstede https:\/\/www.seminarraumvermietung.com\/hier-finden-sie-uns Waldhaus Wildenloh Wurzel gGmbHFriedrichsfehner Str. 44D-26188 Edewecht (nur kurz hinter der Stadtgrenze von Oldenburg!) https:\/\/www.waldhaus-wildenloh.de Wildpflanzenhof &#8222;Wegwarte&#8220; Helga K\u00f6hneHorster Stra\u00dfe 88D-26340 Zetel &hellip; <a href=\"https:\/\/www.terra-arcanum.de\/index.php\/seminarorte\/\">Weiterlesen <span class=\"meta-nav\">&rarr;<\/span><\/a><\/p>\n","protected":false},"author":2,"featured_media":0,"parent":0,"menu_order":0,"comment_status":"closed","ping_status":"closed","template":"","meta":{"footnotes":""},"class_list":["post-116","page","type-page","status-publish","hentry"],"_links":{"self":[{"href":"https:\/\/www.terra-arcanum.de\/index.php\/wp-json\/wp\/v2\/pages\/116","targetHints":{"allow":["GET"]}}],"collection":[{"href":"https:\/\/www.terra-arcanum.de\/index.php\/wp-json\/wp\/v2\/pages"}],"about":[{"href":"https:\/\/www.terra-arcanum.de\/index.php\/wp-json\/wp\/v2\/types\/page"}],"author":[{"embeddable":true,"href":"https:\/\/www.terra-arcanum.de\/index.php\/wp-json\/wp\/v2\/users\/2"}],"replies":[{"embeddable":true,"href":"https:\/\/www.terra-arcanum.de\/index.php\/wp-json\/wp\/v2\/comments?post=116"}],"version-history":[{"count":4,"href":"https:\/\/www.terra-arcanum.de\/index.php\/wp-json\/wp\/v2\/pages\/116\/revisions"}],"predecessor-version":[{"id":1164,"href":"https:\/\/www.terra-arcanum.de\/index.php\/wp-json\/wp\/v2\/pages\/116\/revisions\/1164"}],"wp:attachment":[{"href":"https:\/\/www.terra-arcanum.de\/index.php\/wp-json\/wp\/v2\/media?parent=116"}],"curies":[{"name":"wp","href":"https:\/\/api.w.org\/{rel}","templated":true}]}}