{"id":173,"date":"2025-02-19T13:42:46","date_gmt":"2025-02-19T13:42:46","guid":{"rendered":"http:\/\/uly-niemann.eu\/?page_id=173"},"modified":"2025-02-19T13:42:46","modified_gmt":"2025-02-19T13:42:46","slug":"ackerschachtelhalm","status":"publish","type":"page","link":"https:\/\/www.terra-arcanum.de\/index.php\/ackerschachtelhalm\/","title":{"rendered":"Ackerschachtelhalm"},"content":{"rendered":"\n<p><strong>Ackerschachtelhalm (Equisetum arvense)<\/strong><\/p>\n\n\n\n<p><strong>Namen:<\/strong> er wird auch Zinnkraut, Katzenwedel oder Pferdeschwanzkraut oder Scheuerkraut genannt, im Englischen hei\u00dft Ackerschachtelhalm &#8222;horsetail&#8220;, was soviel wie Pferdeschwanz hei\u00dft.<\/p>\n\n\n\n<p><strong>Pflanzenfamilie:<\/strong> Schachtelhalmgew\u00e4chse (Equisetaceae)<\/p>\n\n\n\n<p><strong>Verwendete Pflanzenteile:<\/strong> das Kraut (der gr\u00fcne Sommertrieb)<\/p>\n\n\n\n<p><strong>Sammelzeit:<\/strong> Mai &#8211; Juli<\/p>\n\n\n\n<p><strong>Inhaltsstoffe:<\/strong> Kiesels\u00e4ure, Flavonoide, Kalium &amp; viele weitere Mineralien und Spurenelemente<\/p>\n\n\n\n<p><strong>Heilwirkung\/Anwendung:<\/strong> wie der Name schon vermuten l\u00e4sst, hat man in fr\u00fcheren Zeiten mit Zinnkraut \/ Scheuerkraut sein Zinngeschirr gescheuert und geputzt, denn die Pflanze lagert sehr viel Kiesels\u00e4ure ein, was sie sehr strukturiert und fest sein l\u00e4sst &#8211; wie pflanzliches Schmirgelpapier, ideal um schmutziges Geschirr zu schrubben. Sie wurzelt sehr tief und kann daher ihre Mineralien und N\u00e4hrstoffe beziehen. Diese machen u.a. die Heilwirkung aus. Damit wir die Kiesels\u00e4ure und Mineralien nutzen k\u00f6nnen, macht es Sinn die Pflanze mehrere Stunden (z.B. \u00fcber Nacht) einzuweichen und dann eine Abkochung herzustellen (mind. 20 Minuten). Kiesels\u00e4ure ist ein guter Baustein f\u00fcr s\u00e4mtliche Strukturen im K\u00f6rper, v. a. in den Knochen, Z\u00e4hnen, Haaren und in der Haut &#8211; ein wahres Sch\u00f6nheitskraut. Ebenso wirkt sie \u00dcbers\u00e4uerungen im Gewebe entgegen, was die \u00fcberlieferte Heilwirkung bei Gicht und Rheuma erkl\u00e4ren kann. Die Flavonoide des Zinnkrauts wirken wassertreibend und finden daher traditionell Anwendung bei Blasen- und Nierenentz\u00fcndungen. &nbsp;<\/p>\n\n\n\n<p><strong>Wichtig:<\/strong> eine Verwechslung mit giftigen Schachtelhalmarten muss ausgeschlossen werden &#8211; lassen Sie sich die einwandfreie Bestimmung des Ackerschachtelhalms live auf einer Kr\u00e4uterf\u00fchrung zeigen (siehe unter Seminare)!&nbsp;<\/p>\n\n\n\n<div class=\"wp-block-columns is-layout-flex wp-container-core-columns-is-layout-9d6595d7 wp-block-columns-is-layout-flex\">\n<div class=\"wp-block-column is-layout-flow wp-block-column-is-layout-flow\" style=\"flex-basis:100%\">\n<figure class=\"wp-block-gallery has-nested-images columns-default is-cropped wp-block-gallery-1 is-layout-flex wp-block-gallery-is-layout-flex\">\n<figure class=\"wp-block-image size-large\"><img decoding=\"async\" data-id=\"594\" src=\"https:\/\/www.terra-arcanum.de\/wordpress\/wp-content\/uploads\/2025\/02\/IMG_3917-768x1024.jpg\" alt=\"\" class=\"wp-image-594\"\/><\/figure>\n\n\n\n<figure class=\"wp-block-image size-large\"><img decoding=\"async\" data-id=\"596\" src=\"https:\/\/www.terra-arcanum.de\/wordpress\/wp-content\/uploads\/2025\/02\/515_Equisetum_arvense-1.jpg\" alt=\"\" class=\"wp-image-596\"\/><\/figure>\n<\/figure>\n<\/div>\n<\/div>\n\n\n\n<hr class=\"wp-block-separator has-alpha-channel-opacity is-style-wide\"\/>\n\n\n\n<figure class=\"wp-block-pullquote\"><blockquote><p>Wenn man die Natur gew\u00e4hren l\u00e4\u00dft, wird sie von selbst mit allen St\u00f6rungen fertig.<\/p><cite>Moli\u00e8re<\/cite><\/blockquote><\/figure>\n","protected":false},"excerpt":{"rendered":"<p>Ackerschachtelhalm (Equisetum arvense) Namen: er wird auch Zinnkraut, Katzenwedel oder Pferdeschwanzkraut oder Scheuerkraut genannt, im Englischen hei\u00dft Ackerschachtelhalm &#8222;horsetail&#8220;, was soviel wie Pferdeschwanz hei\u00dft. Pflanzenfamilie: Schachtelhalmgew\u00e4chse (Equisetaceae) Verwendete Pflanzenteile: das Kraut (der gr\u00fcne Sommertrieb) Sammelzeit: Mai &#8211; Juli Inhaltsstoffe: Kiesels\u00e4ure, &hellip; <a href=\"https:\/\/www.terra-arcanum.de\/index.php\/ackerschachtelhalm\/\">Weiterlesen <span class=\"meta-nav\">&rarr;<\/span><\/a><\/p>\n","protected":false},"author":2,"featured_media":0,"parent":0,"menu_order":0,"comment_status":"closed","ping_status":"closed","template":"","meta":{"footnotes":""},"class_list":["post-173","page","type-page","status-publish","hentry"],"_links":{"self":[{"href":"https:\/\/www.terra-arcanum.de\/index.php\/wp-json\/wp\/v2\/pages\/173","targetHints":{"allow":["GET"]}}],"collection":[{"href":"https:\/\/www.terra-arcanum.de\/index.php\/wp-json\/wp\/v2\/pages"}],"about":[{"href":"https:\/\/www.terra-arcanum.de\/index.php\/wp-json\/wp\/v2\/types\/page"}],"author":[{"embeddable":true,"href":"https:\/\/www.terra-arcanum.de\/index.php\/wp-json\/wp\/v2\/users\/2"}],"replies":[{"embeddable":true,"href":"https:\/\/www.terra-arcanum.de\/index.php\/wp-json\/wp\/v2\/comments?post=173"}],"version-history":[{"count":0,"href":"https:\/\/www.terra-arcanum.de\/index.php\/wp-json\/wp\/v2\/pages\/173\/revisions"}],"wp:attachment":[{"href":"https:\/\/www.terra-arcanum.de\/index.php\/wp-json\/wp\/v2\/media?parent=173"}],"curies":[{"name":"wp","href":"https:\/\/api.w.org\/{rel}","templated":true}]}}