{"id":175,"date":"2025-02-19T13:42:46","date_gmt":"2025-02-19T13:42:46","guid":{"rendered":"http:\/\/uly-niemann.eu\/?page_id=175"},"modified":"2025-02-19T13:42:46","modified_gmt":"2025-02-19T13:42:46","slug":"brennnessel","status":"publish","type":"page","link":"https:\/\/www.terra-arcanum.de\/index.php\/brennnessel\/","title":{"rendered":"Brennnessel"},"content":{"rendered":"\n<p><strong>Brennnessel<\/strong> (Urtica dioica, Urtica urens)<\/p>\n\n\n\n<p><strong>Namen<\/strong>: Donnernessel, Grosse Nessel, Hanfnessel, Nettel, Saunessel<\/p>\n\n\n\n<p><strong>Pflanzenfamilie:<\/strong> Brennnesselgew\u00e4chse = Urticaceae<\/p>\n\n\n\n<p><strong>Verwendete Pflanzenteile:<\/strong> Kraut, Samen, Wurzeln<\/p>\n\n\n\n<p><strong>Sammelzeit:<\/strong> die Bl\u00e4tter bis zum 21.Juni, die Samen unbedingt vor dem Braunwerden, die Wurzel im Herbst oder zeitigen Fr\u00fchjahr<\/p>\n\n\n\n<p><strong>Inhaltsstoffe:<\/strong> Die Bl\u00e4tter enthalten viel Chlorophyll, Eiwei\u00df, Histamin, Vitamine und Mineralien (v.a. Vitamin C, Kalzium und Eisen). Ihre Samen enthalten ausserdem Phytohormone<\/p>\n\n\n\n<p><strong>Heilwirkung\/Anwendung:<\/strong> Ihre Brennhaare haben Sie wahrscheinlich vor der Ausrottung gesch\u00fctzt, denn sie ist f\u00fcr uns so wertvoll und n\u00fctzlich wie kaum eine andere Pflanze. Sie sind daher besonders g\u00fcnstig f\u00fcr Menschen mit Fr\u00fchjahrsm\u00fcdigkeit, Osteoporose, Blutbildungsst\u00f6rungen und Eisenmangel oder erh\u00f6htem Eisenbedarf. Die Phytohormone in den Fr\u00fcchten wirken vitalisierend auf unseren K\u00f6rper, und sind besonders nach auszehrenden Krankheiten oder bei sehr alten und ersch\u00f6pften Menschen angezeigt. Tats\u00e4chlich ist sie ein gro\u00dfer Entgifter, der besonders \u00fcber die Nieren\/Blase harntreibend und entw\u00e4ssernd wirkt. Die harntreibende Wirkung ist auch bei Blasenentz\u00fcndungen sehr n\u00fctzlich. Als Gem\u00fcse nutzt man die jungen Bl\u00e4tter bis zum 21. Juni, sie enthalten gro\u00dfe Mengen von Aminos\u00e4uren und Vitalstoffen, und f\u00f6rdern so die Gesundheit und Regeneration des K\u00f6rpers. Auch der Frischpflanzensaft ist gesund und vitalisierend, man sollte jedoch bei Allergien wegen des hohen Histamingehaltes vorsichtig sein. Es lohnt sich aber der Versuch mit frischem Brennnesseltee im Fr\u00fchling.<\/p>\n\n\n\n<figure class=\"wp-block-gallery has-nested-images columns-default is-cropped wp-block-gallery-1 is-layout-flex wp-block-gallery-is-layout-flex\">\n<figure class=\"wp-block-image size-large\"><img decoding=\"async\" data-id=\"600\" src=\"https:\/\/www.terra-arcanum.de\/wordpress\/wp-content\/uploads\/2025\/02\/brennessel600.jpg\" alt=\"\" class=\"wp-image-600\"\/><\/figure>\n\n\n\n<figure class=\"wp-block-image size-large\"><img decoding=\"async\" data-id=\"599\" src=\"https:\/\/www.terra-arcanum.de\/wordpress\/wp-content\/uploads\/2025\/02\/330px-Illustration_Urtica_dioica0.jpg\" alt=\"\" class=\"wp-image-599\"\/><\/figure>\n<\/figure>\n\n\n\n<hr class=\"wp-block-separator has-alpha-channel-opacity is-style-wide\"\/>\n\n\n\n<figure class=\"wp-block-pullquote\"><blockquote><p>Wenn Sie Ihre Aufmerksamkeit auf einen Stein, einen Baum oder ein Tier lenken, \u00fcbertr\u00e4gt sich etwas von seiner Essenz auf Sie. Du sp\u00fcrst, wie still es ist, und dabei steigt die gleiche Stille in dir auf. Du kannst sp\u00fcren, wie tief es im Sein ruht, vollkommen eins mit dem, was es ist und wo es ist, indem du dies erkennst, kommst auch du an einen Ort oder ruhst tief in dir selbst.<\/p><cite>Eckhart Tolle<\/cite><\/blockquote><\/figure>\n","protected":false},"excerpt":{"rendered":"<p>Brennnessel (Urtica dioica, Urtica urens) Namen: Donnernessel, Grosse Nessel, Hanfnessel, Nettel, Saunessel Pflanzenfamilie: Brennnesselgew\u00e4chse = Urticaceae Verwendete Pflanzenteile: Kraut, Samen, Wurzeln Sammelzeit: die Bl\u00e4tter bis zum 21.Juni, die Samen unbedingt vor dem Braunwerden, die Wurzel im Herbst oder zeitigen Fr\u00fchjahr &hellip; <a href=\"https:\/\/www.terra-arcanum.de\/index.php\/brennnessel\/\">Weiterlesen <span class=\"meta-nav\">&rarr;<\/span><\/a><\/p>\n","protected":false},"author":2,"featured_media":0,"parent":0,"menu_order":0,"comment_status":"closed","ping_status":"closed","template":"","meta":{"footnotes":""},"class_list":["post-175","page","type-page","status-publish","hentry"],"_links":{"self":[{"href":"https:\/\/www.terra-arcanum.de\/index.php\/wp-json\/wp\/v2\/pages\/175","targetHints":{"allow":["GET"]}}],"collection":[{"href":"https:\/\/www.terra-arcanum.de\/index.php\/wp-json\/wp\/v2\/pages"}],"about":[{"href":"https:\/\/www.terra-arcanum.de\/index.php\/wp-json\/wp\/v2\/types\/page"}],"author":[{"embeddable":true,"href":"https:\/\/www.terra-arcanum.de\/index.php\/wp-json\/wp\/v2\/users\/2"}],"replies":[{"embeddable":true,"href":"https:\/\/www.terra-arcanum.de\/index.php\/wp-json\/wp\/v2\/comments?post=175"}],"version-history":[{"count":0,"href":"https:\/\/www.terra-arcanum.de\/index.php\/wp-json\/wp\/v2\/pages\/175\/revisions"}],"wp:attachment":[{"href":"https:\/\/www.terra-arcanum.de\/index.php\/wp-json\/wp\/v2\/media?parent=175"}],"curies":[{"name":"wp","href":"https:\/\/api.w.org\/{rel}","templated":true}]}}