{"id":176,"date":"2025-02-19T13:42:46","date_gmt":"2025-02-19T13:42:46","guid":{"rendered":"http:\/\/uly-niemann.eu\/?page_id=176"},"modified":"2026-03-23T13:28:15","modified_gmt":"2026-03-23T13:28:15","slug":"beifuss","status":"publish","type":"page","link":"https:\/\/www.terra-arcanum.de\/index.php\/beifuss\/","title":{"rendered":"Beifu\u00df"},"content":{"rendered":"\n<p><strong>Beifu\u00df (Artemisia vulgaris)<\/strong><\/p>\n\n\n\n<p><strong>Namen:<\/strong> Machtwurz, Mugwurz, Sonnenwendg\u00fcrtel, Dianakraut,&#8230; Der lateinische Name &#8222;Artemisia&#8220; verweist auf die G\u00f6ttin Artemis &#8211; die G\u00f6ttin der Jagd. Artemis war eine starke Frau, eine Amazone, die ohne &#8222;Mann&#8220; alleine im Wald lebte und nur zu besonderen Gelegenheiten ins Dorf kam. Sie galt als Besch\u00fctzerin der Frauen, wenn diese z.B. im Dorf ihre Kinder geb\u00e4ren wollten, eilte Artemis zur Hilfe. Der Name Bei-Fu\u00df deutet auch darauf hin, dass er f\u00fcr die F\u00fc\u00dfe gut ist.<\/p>\n\n\n\n<p><strong>Pflanzenfamilie:<\/strong> Korbbl\u00fctler (Asteraceae)<\/p>\n\n\n\n<p><strong>Verwendete Pflanzenteile:<\/strong> das Kraut, manchmal auch die Wurzel<\/p>\n\n\n\n<p><strong>Sammelzeit:<\/strong> das Kraut von Juli-September, die Wurzel ab Oktober bis Februar<\/p>\n\n\n\n<p><strong>Inhaltsstoffe:<\/strong> Gerbstoffe, Bitterstoffe, Inulin, Vitamine, Kampfer, Thujon<\/p>\n\n\n\n<p><strong>Heilwirkung\/Anwendung:<\/strong> Der Beifu\u00df ist ein typisches Beispiel f\u00fcr die Handhabung der Pflanzen in der modernen Phytotherapie. Die Kommission E hat ihr wegen ihrer abortiven (abtreibenden) Wirkung und ihrem allergieausl\u00f6sendem Potential eine Negativmonographie gegeben, aus diesem Grund fristet sich in den modernen Phytotherapieb\u00fcchern ein Au\u00dfenseiterdasein. ihr werden h\u00f6chstens aromatische Bitterstoffe &#8211; die in Gew\u00fcrzform genossen die Fettverdauung g\u00fcnstig beeinflussen &#8211; k\u00f6nnen, zugesprochen. Gerade f\u00fcr Frauen ist der Beifu\u00df jedoch eine segensreiche Pflanze. Sie steigert die Durchblutung der Beckenorgane und erleichtert so die Menstruation, daher nutzten die Hebammen sie fr\u00fcher, wenn es Zeit f\u00fcr die Geburt war und diese erleichtert werden sollte. Nat\u00fcrlich sollte man w\u00e4hrend der Schwangerschaft auf dieses Kraut verzichten! Beifu\u00df wirkt erw\u00e4rmend, ist &#8222;hei\u00df im dritten Grad&#8220;. Er regt den Stoffwechsel an und wirkt sehr reinigend und entgiftend auf den K\u00f6rper, nicht zuletzt durch die anregende Wirkung auf den Leberstoffwechsel. Daher auch die Verwendung als Gew\u00fcrz bei fettigen Speisen! In China wird Beifu\u00df f\u00fcr Moxa-Therapien genutzt, dabei verbrennt man gepresstes Moxakraut (z.B. in Form von Zigarren oder Kegeln) und h\u00e4lt dieses an bestimmte Akupunkturpunkte. Durch diese Ma\u00dfnahme kann Energie in das System eingespeist werden. Wandere k\u00f6nnen sich frisches Beifu\u00dfkraut in die Schuhe legen und so ein Wundlaufen verhindern. Auch ein Fu\u00dfbad wirkt lindernd und erfrischend f\u00fcr m\u00fcde F\u00fc\u00dfe. Beifu\u00dfhat eine lange Tradition auch bei Hormonst\u00f6rungen, denn es wirkt regulierend auf die Hypophyse. In alter Zeit verwendete man es auch bei Epilepsie.<\/p>\n\n\n\n<div class=\"wp-block-columns is-layout-flex wp-container-core-columns-is-layout-9d6595d7 wp-block-columns-is-layout-flex\">\n<div class=\"wp-block-column is-layout-flow wp-block-column-is-layout-flow\" style=\"flex-basis:33.33%\">\n<figure class=\"wp-block-image size-large\"><img loading=\"lazy\" decoding=\"async\" width=\"768\" height=\"1024\" src=\"https:\/\/www.terra-arcanum.de\/wordpress\/wp-content\/uploads\/2025\/02\/IMG_5269-768x1024.jpg\" alt=\"\" class=\"wp-image-556\" srcset=\"https:\/\/www.terra-arcanum.de\/wp-content\/uploads\/2025\/02\/IMG_5269-768x1024.jpg 768w, https:\/\/www.terra-arcanum.de\/wp-content\/uploads\/2025\/02\/IMG_5269-225x300.jpg 225w, https:\/\/www.terra-arcanum.de\/wp-content\/uploads\/2025\/02\/IMG_5269-1152x1536.jpg 1152w, https:\/\/www.terra-arcanum.de\/wp-content\/uploads\/2025\/02\/IMG_5269.jpg 1200w\" sizes=\"auto, (max-width: 768px) 100vw, 768px\" \/><\/figure>\n<\/div>\n\n\n\n<div class=\"wp-block-column is-layout-flow wp-block-column-is-layout-flow\" style=\"flex-basis:66.66%\">\n<p>Beifu\u00df gilt als sehr machtvolle Ritualpflanze, die gerne von Schamanen genutzt wurde, vor allem zum R\u00e4uchern, da sie energetisch kl\u00e4rend und reinigend wirkt<\/p>\n\n\n\n<p>Ein Ausschnitt aus dem angels\u00e4chsischen &#8222;Neunkr\u00e4utersegen&#8220; bringt gut zum Ausdruck, welche herausragende Stellung der Beifu\u00df in alter Zeit hatte, denn sie wird dort als erste Pflanze genannt:<\/p>\n\n\n\n<p><em>&#8222;Erinnere dich, Beifu\u00df, was du verk\u00fcndet hast, was du bekr\u00e4ftigt hast bei der gro\u00dfen Verk\u00fcndung (..vor Gott). &#8222;Una&#8220; (dem Urgott angeh\u00f6rig) hei\u00dft du, \u00e4ltestes Kraut. Du hast Macht f\u00fcr 3 und gegen 30, du hast Macht gegen Gift und gegen Ansteckung (fliegendes Gift), du hast Macht gegen das \u00dcbel, das \u00fcber das Land f\u00e4hrt..&#8220;<\/em><\/p>\n<\/div>\n<\/div>\n\n\n\n<figure class=\"wp-block-gallery has-nested-images columns-default is-cropped wp-block-gallery-1 is-layout-flex wp-block-gallery-is-layout-flex\">\n<figure class=\"wp-block-image size-large\"><img loading=\"lazy\" decoding=\"async\" width=\"657\" height=\"1024\" data-id=\"1073\" src=\"https:\/\/www.terra-arcanum.de\/wordpress\/wp-content\/uploads\/2026\/03\/1200px-ArtemisiaVulgaris-657x1024.jpg\" alt=\"\" class=\"wp-image-1073\" srcset=\"https:\/\/www.terra-arcanum.de\/wp-content\/uploads\/2026\/03\/1200px-ArtemisiaVulgaris-657x1024.jpg 657w, https:\/\/www.terra-arcanum.de\/wp-content\/uploads\/2026\/03\/1200px-ArtemisiaVulgaris-192x300.jpg 192w, https:\/\/www.terra-arcanum.de\/wp-content\/uploads\/2026\/03\/1200px-ArtemisiaVulgaris-768x1197.jpg 768w, https:\/\/www.terra-arcanum.de\/wp-content\/uploads\/2026\/03\/1200px-ArtemisiaVulgaris-985x1536.jpg 985w, https:\/\/www.terra-arcanum.de\/wp-content\/uploads\/2026\/03\/1200px-ArtemisiaVulgaris.jpg 1200w\" sizes=\"auto, (max-width: 657px) 100vw, 657px\" \/><\/figure>\n\n\n\n<figure class=\"wp-block-image size-large\"><img decoding=\"async\" data-id=\"604\" src=\"https:\/\/www.terra-arcanum.de\/wordpress\/wp-content\/uploads\/2025\/02\/800px-Artemisia_vulgaris_-_Koehlers_Medizinalpflanzen_Band_3_1898_0399_clean_no-description-1-761x1024.jpg\" alt=\"\" class=\"wp-image-604\"\/><\/figure>\n<\/figure>\n\n\n\n<hr class=\"wp-block-separator has-alpha-channel-opacity is-style-wide\"\/>\n\n\n\n<figure class=\"wp-block-pullquote\"><blockquote><p>Die Natur hat es nicht eilig und doch ist alles geschafft. <\/p><cite>Laotse<\/cite><\/blockquote><\/figure>\n\n\n\n<p><\/p>\n","protected":false},"excerpt":{"rendered":"<p>Beifu\u00df (Artemisia vulgaris) Namen: Machtwurz, Mugwurz, Sonnenwendg\u00fcrtel, Dianakraut,&#8230; Der lateinische Name &#8222;Artemisia&#8220; verweist auf die G\u00f6ttin Artemis &#8211; die G\u00f6ttin der Jagd. Artemis war eine starke Frau, eine Amazone, die ohne &#8222;Mann&#8220; alleine im Wald lebte und nur zu besonderen &hellip; <a href=\"https:\/\/www.terra-arcanum.de\/index.php\/beifuss\/\">Weiterlesen <span class=\"meta-nav\">&rarr;<\/span><\/a><\/p>\n","protected":false},"author":2,"featured_media":0,"parent":0,"menu_order":0,"comment_status":"closed","ping_status":"closed","template":"","meta":{"footnotes":""},"class_list":["post-176","page","type-page","status-publish","hentry"],"_links":{"self":[{"href":"https:\/\/www.terra-arcanum.de\/index.php\/wp-json\/wp\/v2\/pages\/176","targetHints":{"allow":["GET"]}}],"collection":[{"href":"https:\/\/www.terra-arcanum.de\/index.php\/wp-json\/wp\/v2\/pages"}],"about":[{"href":"https:\/\/www.terra-arcanum.de\/index.php\/wp-json\/wp\/v2\/types\/page"}],"author":[{"embeddable":true,"href":"https:\/\/www.terra-arcanum.de\/index.php\/wp-json\/wp\/v2\/users\/2"}],"replies":[{"embeddable":true,"href":"https:\/\/www.terra-arcanum.de\/index.php\/wp-json\/wp\/v2\/comments?post=176"}],"version-history":[{"count":2,"href":"https:\/\/www.terra-arcanum.de\/index.php\/wp-json\/wp\/v2\/pages\/176\/revisions"}],"predecessor-version":[{"id":1134,"href":"https:\/\/www.terra-arcanum.de\/index.php\/wp-json\/wp\/v2\/pages\/176\/revisions\/1134"}],"wp:attachment":[{"href":"https:\/\/www.terra-arcanum.de\/index.php\/wp-json\/wp\/v2\/media?parent=176"}],"curies":[{"name":"wp","href":"https:\/\/api.w.org\/{rel}","templated":true}]}}