{"id":177,"date":"2025-02-19T13:42:46","date_gmt":"2025-02-19T13:42:46","guid":{"rendered":"http:\/\/uly-niemann.eu\/?page_id=177"},"modified":"2025-02-19T13:42:46","modified_gmt":"2025-02-19T13:42:46","slug":"efeu","status":"publish","type":"page","link":"https:\/\/www.terra-arcanum.de\/index.php\/efeu\/","title":{"rendered":"Efeu"},"content":{"rendered":"\n<p><strong>Der Efeu (Hedera helix)<\/strong><\/p>\n\n\n\n<p><strong>Name:<\/strong> &#8222;hedra&#8220; = festsitzen (vgl. die stark festsitzenden Haftwurzeln!), &#8222;helix&#8220; = windend<\/p>\n\n\n\n<p><strong>Pflanzenfamilie:<\/strong> Ginseng-Gew\u00e4chse (Araliengew\u00e4chse = Araliaceae)<\/p>\n\n\n\n<p><strong>Verwendete Pflanzenteile:<\/strong> Bl\u00e4tter und Bl\u00fcten<\/p>\n\n\n\n<p><strong>Sammelzeit:<\/strong> Mai-August (oder bei Bedarf)<\/p>\n\n\n\n<p><strong>Inhaltstoffe:<\/strong> Gerbstoffe, Alpha Hederin, Saponine, Flavonoide, Jod, Kaffees\u00e4urederivate,&#8230;<\/p>\n\n\n\n<p><strong>Heilwirkung\/Anwendung:<\/strong> Vorsicht: die blauschwarzen, bitteren Beeren sind f\u00fcr Menschen und die meisten Tiere giftig (Alpha-Hederin), ausserdem kann der Saft frischer Efeubl\u00e4tter allergische Hautreaktionen hervorrufen. Innerlich ist Efeu wegen der enthaltenen Saponine in gr\u00f6\u00dferen Mengen giftig, in der Schwangerschaft daher vorsichtshalber nicht anwenden! Die Saponine haben wachstumshemmende Wirkungen auf Bakterien, Viren, Pilze, W\u00fcrmndschmecke&nbsp; n und wirken ebenfalls schleiml\u00f6send, erleichtern dadurch z.B. das Abhusten von Schleim bei Atemwegserkrankungen. Auch bei Wunden, Geschw\u00fcren, borkiger Haut oder Schmerzen eignet er sich in Form von B\u00e4dern, Kompressen, Breiumschl\u00e4gen oder Salben. Efeu hat auch eine anti\u00f6demat\u00f6se Wirkung (=Verminderung von Wassereinlagerungen im Gewebe), welche sich vorz\u00fcglich innerlich (sehr vorsichtig dosiert) wie \u00e4usserlich (z.B. als Bad, Breiumschlag, Massage\u00f6l) bei Cellulite anwenden l\u00e4sst. Als Urtinktur (von Ceres) ist es ein gro\u00dfes Heilmittel bei \u00dcbergangssituationen der seelisch-geistigen Entwicklung. Die eigenen Schatten des Unterbewusstseins m\u00fcssen mit Selbsterkenntnis besehen werden, dann kann das Licht erreicht werden. Diese \u00dcberwindung von Angst in Verbindung von Bewusstsein und Unterbewusstsein, Selbsterkenntnis und Auseinandersetzung mit den eigenen Schatten, bewirkt eine Befreiung von Blockaden auf psychischer Ebene. Deshalb kann Efeu Krampszust\u00e4nde auf k\u00f6rperlicher Ebene l\u00f6sen, weil Krankheitsbilder mit stark spasmophiler Komponente h\u00e4ufig auf unverarbeitete Seeleninhalte zur\u00fcckzuf\u00fchren sind, die noch nicht ins Bewusstsein vorgedrungen sind.<\/p>\n\n\n\n<div class=\"wp-block-columns is-layout-flex wp-container-core-columns-is-layout-9d6595d7 wp-block-columns-is-layout-flex\">\n<div class=\"wp-block-column is-layout-flow wp-block-column-is-layout-flow\" style=\"flex-basis:33.33%\">\n<figure class=\"wp-block-image size-large\"><img loading=\"lazy\" decoding=\"async\" width=\"1024\" height=\"768\" src=\"https:\/\/www.terra-arcanum.de\/wordpress\/wp-content\/uploads\/2025\/02\/IMG_6305-1-1024x768.jpg\" alt=\"\" class=\"wp-image-613\" srcset=\"https:\/\/www.terra-arcanum.de\/wp-content\/uploads\/2025\/02\/IMG_6305-1-1024x768.jpg 1024w, https:\/\/www.terra-arcanum.de\/wp-content\/uploads\/2025\/02\/IMG_6305-1-300x225.jpg 300w, https:\/\/www.terra-arcanum.de\/wp-content\/uploads\/2025\/02\/IMG_6305-1-768x576.jpg 768w, https:\/\/www.terra-arcanum.de\/wp-content\/uploads\/2025\/02\/IMG_6305-1-1536x1152.jpg 1536w, https:\/\/www.terra-arcanum.de\/wp-content\/uploads\/2025\/02\/IMG_6305-1-400x300.jpg 400w, https:\/\/www.terra-arcanum.de\/wp-content\/uploads\/2025\/02\/IMG_6305-1.jpg 1600w\" sizes=\"auto, (max-width: 1024px) 100vw, 1024px\" \/><\/figure>\n<\/div>\n\n\n\n<div class=\"wp-block-column is-layout-flow wp-block-column-is-layout-flow\" style=\"flex-basis:66.66%\">\n<p><strong>Rezepttipp: fl\u00fcssige Efeuseife<\/strong><\/p>\n\n\n\n<p>Ein Schraubglas mit frischen, kleingeschnittenen Efeubl\u00e4ttern locker bis zum Rand f\u00fcllen und mit kaltem Wasser aufgie\u00dfen. Gut verschlie\u00dfen und ca. 10-15 Minuten lang sch\u00fctteln. Wenn an der Oberfl\u00e4che viel seifenartiger Schaum zu sehen ist, die Fl\u00fcssigkeit abseihen und alles durch ein Tuch kr\u00e4ftig auspressen. Etwas Guarkernmehl (ca. 1 Msp. auf 250 ml) und evtl. ein paar Tropfen (ca. bis zu 10 Tropfen auf 250 ml) \u00e4therisches \u00d6l zugeben, f\u00fcr guten Duft und l\u00e4ngere Haltbarkeit. Diese Fl\u00fcssigseife alsbald verbrauchen, sie ist nur wenige Tage haltbar.<\/p>\n<\/div>\n<\/div>\n\n\n\n<p><\/p>\n\n\n\n<figure class=\"wp-block-gallery has-nested-images columns-default is-cropped wp-block-gallery-1 is-layout-flex wp-block-gallery-is-layout-flex\">\n<figure class=\"wp-block-image size-large\"><img loading=\"lazy\" decoding=\"async\" width=\"1024\" height=\"768\" data-id=\"615\" src=\"https:\/\/www.terra-arcanum.de\/wordpress\/wp-content\/uploads\/2025\/02\/EFEU-1024x768.jpg\" alt=\"\" class=\"wp-image-615\" srcset=\"https:\/\/www.terra-arcanum.de\/wp-content\/uploads\/2025\/02\/EFEU-1024x768.jpg 1024w, https:\/\/www.terra-arcanum.de\/wp-content\/uploads\/2025\/02\/EFEU-300x225.jpg 300w, https:\/\/www.terra-arcanum.de\/wp-content\/uploads\/2025\/02\/EFEU-768x576.jpg 768w, https:\/\/www.terra-arcanum.de\/wp-content\/uploads\/2025\/02\/EFEU-1536x1152.jpg 1536w, https:\/\/www.terra-arcanum.de\/wp-content\/uploads\/2025\/02\/EFEU-400x300.jpg 400w, https:\/\/www.terra-arcanum.de\/wp-content\/uploads\/2025\/02\/EFEU.jpg 1600w\" sizes=\"auto, (max-width: 1024px) 100vw, 1024px\" \/><\/figure>\n\n\n\n<figure class=\"wp-block-image size-large\"><img loading=\"lazy\" decoding=\"async\" width=\"667\" height=\"1024\" data-id=\"614\" src=\"http:\/\/uly-niemann.eu\/wp-content\/uploads\/2025\/02\/Prof._Dr._Thomes_Flora_von_Deutschland_Oesterreich_und_der_Schweiz_in_Wort_und_Bild_fuer_Schule_und_Haus_mit_._Tafeln_._von_Walter_Mueller_Pl._390_7982404679-667x1024.jpg\" alt=\"\" class=\"wp-image-614\" srcset=\"https:\/\/www.terra-arcanum.de\/wp-content\/uploads\/2025\/02\/Prof._Dr._Thomes_Flora_von_Deutschland_Oesterreich_und_der_Schweiz_in_Wort_und_Bild_fuer_Schule_und_Haus_mit_._Tafeln_._von_Walter_Mueller_Pl._390_7982404679-667x1024.jpg 667w, https:\/\/www.terra-arcanum.de\/wp-content\/uploads\/2025\/02\/Prof._Dr._Thomes_Flora_von_Deutschland_Oesterreich_und_der_Schweiz_in_Wort_und_Bild_fuer_Schule_und_Haus_mit_._Tafeln_._von_Walter_Mueller_Pl._390_7982404679-195x300.jpg 195w, https:\/\/www.terra-arcanum.de\/wp-content\/uploads\/2025\/02\/Prof._Dr._Thomes_Flora_von_Deutschland_Oesterreich_und_der_Schweiz_in_Wort_und_Bild_fuer_Schule_und_Haus_mit_._Tafeln_._von_Walter_Mueller_Pl._390_7982404679-768x1180.jpg 768w, https:\/\/www.terra-arcanum.de\/wp-content\/uploads\/2025\/02\/Prof._Dr._Thomes_Flora_von_Deutschland_Oesterreich_und_der_Schweiz_in_Wort_und_Bild_fuer_Schule_und_Haus_mit_._Tafeln_._von_Walter_Mueller_Pl._390_7982404679.jpg 800w\" sizes=\"auto, (max-width: 667px) 100vw, 667px\" \/><\/figure>\n<\/figure>\n\n\n\n<hr class=\"wp-block-separator has-alpha-channel-opacity is-style-wide\"\/>\n\n\n\n<figure class=\"wp-block-pullquote\"><blockquote><p>Alles ist in der Natur verbunden: ein Zustand strebt zum andern und bereitet ihn vor.<\/p><cite>Johann Gottfried von Herder<\/cite><\/blockquote><\/figure>\n\n\n\n<p><\/p>\n","protected":false},"excerpt":{"rendered":"<p>Der Efeu (Hedera helix) Name: &#8222;hedra&#8220; = festsitzen (vgl. die stark festsitzenden Haftwurzeln!), &#8222;helix&#8220; = windend Pflanzenfamilie: Ginseng-Gew\u00e4chse (Araliengew\u00e4chse = Araliaceae) Verwendete Pflanzenteile: Bl\u00e4tter und Bl\u00fcten Sammelzeit: Mai-August (oder bei Bedarf) Inhaltstoffe: Gerbstoffe, Alpha Hederin, Saponine, Flavonoide, Jod, Kaffees\u00e4urederivate,&#8230; Heilwirkung\/Anwendung: &hellip; <a href=\"https:\/\/www.terra-arcanum.de\/index.php\/efeu\/\">Weiterlesen <span class=\"meta-nav\">&rarr;<\/span><\/a><\/p>\n","protected":false},"author":2,"featured_media":0,"parent":0,"menu_order":0,"comment_status":"closed","ping_status":"closed","template":"","meta":{"footnotes":""},"class_list":["post-177","page","type-page","status-publish","hentry"],"_links":{"self":[{"href":"https:\/\/www.terra-arcanum.de\/index.php\/wp-json\/wp\/v2\/pages\/177","targetHints":{"allow":["GET"]}}],"collection":[{"href":"https:\/\/www.terra-arcanum.de\/index.php\/wp-json\/wp\/v2\/pages"}],"about":[{"href":"https:\/\/www.terra-arcanum.de\/index.php\/wp-json\/wp\/v2\/types\/page"}],"author":[{"embeddable":true,"href":"https:\/\/www.terra-arcanum.de\/index.php\/wp-json\/wp\/v2\/users\/2"}],"replies":[{"embeddable":true,"href":"https:\/\/www.terra-arcanum.de\/index.php\/wp-json\/wp\/v2\/comments?post=177"}],"version-history":[{"count":0,"href":"https:\/\/www.terra-arcanum.de\/index.php\/wp-json\/wp\/v2\/pages\/177\/revisions"}],"wp:attachment":[{"href":"https:\/\/www.terra-arcanum.de\/index.php\/wp-json\/wp\/v2\/media?parent=177"}],"curies":[{"name":"wp","href":"https:\/\/api.w.org\/{rel}","templated":true}]}}