{"id":178,"date":"2025-02-19T13:42:46","date_gmt":"2025-02-19T13:42:46","guid":{"rendered":"http:\/\/uly-niemann.eu\/?page_id=178"},"modified":"2026-03-23T11:19:23","modified_gmt":"2026-03-23T11:19:23","slug":"gundelrebe","status":"publish","type":"page","link":"https:\/\/www.terra-arcanum.de\/index.php\/gundelrebe\/","title":{"rendered":"Gundelrebe"},"content":{"rendered":"\n<p><strong>Gundelrebe<\/strong> (Glechoma hederacea)<\/p>\n\n\n\n<p><strong>Namen:<\/strong> Gundelrebe, \u201eGund\u201c ist ein altdeutscher Begriff f\u00fcr Eiter, Blauhuder, Buldermann, Donnerrebe, Hederich, Erdefeu, Grundrebli, Gunelreif, Soldatenpetersilie, Huder, Zickelskr\u00e4utchen, ground ivy.<\/p>\n\n\n\n<p><strong>Pflanzenfamilie:<\/strong> Lippenbl\u00fctler = Lamiaceae<br><br><strong>Verwendete Pflanzenteile:<\/strong> das oberirdische Kraut<br><br><strong>Sammelzeit:<\/strong> i.d.R. ab M\u00e4rz, wenn die ersten Bl\u00e4ttchen sprie\u00dfen, aber auch noch sp\u00e4ter im Jahr<br><br><strong>Inhaltsstoffe:<\/strong> Der Gundermann enth\u00e4lt v. a. \u00e4therische \u00d6le, Flavonoide, Quercetinglycoside, Zimts\u00e4urederivate, Hydroxyfetts\u00e4uren und Kalium.<\/p>\n\n\n\n<p><strong>Heilwirkung\/Anwendung:<\/strong> Gundermann hat einen \u00fcber 1000 Jahre alten Ruf als wirksames Heilkraut, nur wei\u00df es kaum noch einer. Die Schulmedizin, selbst die Phytotherapie, nimmt kaum Notiz von der Gundelrebe (wie sie auch noch genannt wird), und so mancher G\u00e4rtner wird sie in jedem Fr\u00fchjahr aufs Neue in m\u00fchevoller Arbeit entfernen, ohne dass er wei\u00df, dass sie ihm sehr von Nutzen sein k\u00f6nnte. Der Gundermann ist ein typisches Zaunkraut oder auch eine Ruderalpflanze, die in enger N\u00e4he zu den Menschen lebt und ihre Dienste anbietet. Und diese k\u00f6nnen sich durchaus sehen lassen. Sein Wirkungsspektrum ist gro\u00df, aber seine wichtigste F\u00e4higkeit, die besonders in unserer Zeit sehr hilfreich ist, ist Schwermetalle ausleiten zu k\u00f6nnen. Seine Wirkung als Hautheilmittel sind mannigfaltig: es wirkt gegen Fisteln, Abszesse, Geschw\u00fcre und bei eitrigen Wunden. Auch als Sch\u00f6nheitsmittel f\u00fcr Frauen war der Gundermann hilfreich: Wie der Frauenmantel und der Efeu (Gundermann wird auch Erdefeu genannt) strafft Gundermann die Brust und hilft bei unsch\u00f6nen Dellen am Oberschenkel (Cellulite). Ein weiteres breites Wirkungsspektrum sind Erkrankungen der Bronchien (Mess\u0113gu\u0113 h\u00e4lt ihn auch f\u00fcr wirksam bei Asthmaanf\u00e4llen) und der Lunge, bei Nebenh\u00f6hlenentz\u00fcndungen, Erkrankungen des Stoffwechselns wie Magenverstimmungen, Leberst\u00f6rungen, Gallen-beschwerden sowie auch bei Rheuma und Gicht. Genauso wie sein breites Wirkungsspektrum gibt es viele Anwendungsm\u00f6glichkeiten, hier ein paar Beispiele:<br>\u2022 der gekochte, noch warme Pflanzenbrei als Auflage bei Asthma, Bronchial- und Lungenleiden und bei einer Entz\u00fcndung der Ohren (auch bei Schwerh\u00f6rigkeit) und auch auf eitrige Wunden<br>\u2022 Sp\u00fclungen mit einer Gundermann-abkochung bei Mundf\u00e4ule und zur Verbesserung des Zahnfleisches, des Geh\u00f6rganges (gut zusammen mit Schafgarbe und Salbei)<br>\u2022 als Badezusatz und Fu\u00dfbad bei Rheuma und Gicht<br>\u2022 als Aufguss (Tee) bei Stoffwechsel-st\u00f6rungen, Galleleiden, Bronchial- und Lungenbeschwerden<br>\u2022 als Milchabkochung bei Husten und Verschleimungen im Brustbereich, bei Magenbeschwerden<br>\u2022 als Tinktur zum Ausleiten von Schwermetallen und bei Lungenleiden (am besten zusammen mit Fett (Ghee, \u00d6l)<br>\u2022 das Pulver aus getrockneten Bl\u00e4ttern bei Kopfschmerzen und chronischem Schnupfen (durch die Nase geschnupft), oder auf Wunden gestreut<br>\u2022 der frische Presssaft bei Lungenleiden, Kopfschmerzen und Schnupfen<\/p>\n\n\n\n<p>Die Gundelrebe ist f\u00fcr uns Menschen eine wichtige Heilpflanze, f\u00fcr Pferde allerdings eine Giftpflanze. Pferde, die Gundelrebe fressen, vergiften sich, und zeigen folgende Symptome: Pupillenerweiterung, Zittern, Schwei\u00dfausbr\u00fcche, Schleimausfluss, r\u00f6chelnder Atem, Husten, Tachykardie, im schlimmsten Fall der Tod.<\/p>\n\n\n\n<figure class=\"wp-block-gallery has-nested-images columns-default is-cropped wp-block-gallery-1 is-layout-flex wp-block-gallery-is-layout-flex\">\n<figure class=\"wp-block-image size-large\"><img loading=\"lazy\" decoding=\"async\" width=\"1024\" height=\"768\" data-id=\"634\" src=\"https:\/\/www.terra-arcanum.de\/wordpress\/wp-content\/uploads\/2025\/02\/DSCN2597_Gundermann-scaled-1-1024x768.jpg\" alt=\"\" class=\"wp-image-634\" srcset=\"https:\/\/www.terra-arcanum.de\/wp-content\/uploads\/2025\/02\/DSCN2597_Gundermann-scaled-1-1024x768.jpg 1024w, https:\/\/www.terra-arcanum.de\/wp-content\/uploads\/2025\/02\/DSCN2597_Gundermann-scaled-1-300x225.jpg 300w, https:\/\/www.terra-arcanum.de\/wp-content\/uploads\/2025\/02\/DSCN2597_Gundermann-scaled-1-768x576.jpg 768w, https:\/\/www.terra-arcanum.de\/wp-content\/uploads\/2025\/02\/DSCN2597_Gundermann-scaled-1-1536x1152.jpg 1536w, https:\/\/www.terra-arcanum.de\/wp-content\/uploads\/2025\/02\/DSCN2597_Gundermann-scaled-1-2048x1536.jpg 2048w, https:\/\/www.terra-arcanum.de\/wp-content\/uploads\/2025\/02\/DSCN2597_Gundermann-scaled-1-400x300.jpg 400w\" sizes=\"auto, (max-width: 1024px) 100vw, 1024px\" \/><\/figure>\n\n\n\n<figure class=\"wp-block-image size-large\"><img loading=\"lazy\" decoding=\"async\" width=\"672\" height=\"1006\" data-id=\"632\" src=\"https:\/\/www.terra-arcanum.de\/wordpress\/wp-content\/uploads\/2025\/02\/Glechoma_hederacea_Sturm27-1.jpg\" alt=\"\" class=\"wp-image-632\" srcset=\"https:\/\/www.terra-arcanum.de\/wp-content\/uploads\/2025\/02\/Glechoma_hederacea_Sturm27-1.jpg 672w, https:\/\/www.terra-arcanum.de\/wp-content\/uploads\/2025\/02\/Glechoma_hederacea_Sturm27-1-200x300.jpg 200w\" sizes=\"auto, (max-width: 672px) 100vw, 672px\" \/><\/figure>\n<\/figure>\n\n\n\n<hr class=\"wp-block-separator has-alpha-channel-opacity is-style-wide\"\/>\n\n\n\n<figure class=\"wp-block-pullquote\"><blockquote><p>Der Wald ist ein besonderes Wesen, von unbeschr\u00e4nkter G\u00fcte und Zuneigung, das keine Forderungen stellt und gro\u00dfz\u00fcgig die Erzeugnisse seines Lebenswerks weitergibt; allen Gesch\u00f6pfen bietet er Schutz und spendet Schatten selbst dem Holzf\u00e4ller, der ihn zerst\u00f6rt.<\/p><cite>Buddha<\/cite><\/blockquote><\/figure>\n","protected":false},"excerpt":{"rendered":"<p>Gundelrebe (Glechoma hederacea) Namen: Gundelrebe, \u201eGund\u201c ist ein altdeutscher Begriff f\u00fcr Eiter, Blauhuder, Buldermann, Donnerrebe, Hederich, Erdefeu, Grundrebli, Gunelreif, Soldatenpetersilie, Huder, Zickelskr\u00e4utchen, ground ivy. Pflanzenfamilie: Lippenbl\u00fctler = Lamiaceae Verwendete Pflanzenteile: das oberirdische Kraut Sammelzeit: i.d.R. ab M\u00e4rz, wenn die ersten &hellip; <a href=\"https:\/\/www.terra-arcanum.de\/index.php\/gundelrebe\/\">Weiterlesen <span class=\"meta-nav\">&rarr;<\/span><\/a><\/p>\n","protected":false},"author":2,"featured_media":0,"parent":0,"menu_order":0,"comment_status":"closed","ping_status":"closed","template":"","meta":{"footnotes":""},"class_list":["post-178","page","type-page","status-publish","hentry"],"_links":{"self":[{"href":"https:\/\/www.terra-arcanum.de\/index.php\/wp-json\/wp\/v2\/pages\/178","targetHints":{"allow":["GET"]}}],"collection":[{"href":"https:\/\/www.terra-arcanum.de\/index.php\/wp-json\/wp\/v2\/pages"}],"about":[{"href":"https:\/\/www.terra-arcanum.de\/index.php\/wp-json\/wp\/v2\/types\/page"}],"author":[{"embeddable":true,"href":"https:\/\/www.terra-arcanum.de\/index.php\/wp-json\/wp\/v2\/users\/2"}],"replies":[{"embeddable":true,"href":"https:\/\/www.terra-arcanum.de\/index.php\/wp-json\/wp\/v2\/comments?post=178"}],"version-history":[{"count":1,"href":"https:\/\/www.terra-arcanum.de\/index.php\/wp-json\/wp\/v2\/pages\/178\/revisions"}],"predecessor-version":[{"id":1077,"href":"https:\/\/www.terra-arcanum.de\/index.php\/wp-json\/wp\/v2\/pages\/178\/revisions\/1077"}],"wp:attachment":[{"href":"https:\/\/www.terra-arcanum.de\/index.php\/wp-json\/wp\/v2\/media?parent=178"}],"curies":[{"name":"wp","href":"https:\/\/api.w.org\/{rel}","templated":true}]}}