{"id":179,"date":"2025-02-19T13:42:46","date_gmt":"2025-02-19T13:42:46","guid":{"rendered":"http:\/\/uly-niemann.eu\/?page_id=179"},"modified":"2025-02-19T13:42:46","modified_gmt":"2025-02-19T13:42:46","slug":"gaensefingerkraut","status":"publish","type":"page","link":"https:\/\/www.terra-arcanum.de\/index.php\/gaensefingerkraut\/","title":{"rendered":"G\u00e4nsefingerkraut"},"content":{"rendered":"\n<p><strong>G\u00e4nsefingerkraut<\/strong> (Potentilla anserina)<\/p>\n\n\n\n<p><strong>Namen:<\/strong> Anserine, Silberkraut, Grensel, Krampfkraut, G\u00e4nsekraut, Finger-kraut, Handblatt.<\/p>\n\n\n\n<p><strong>Pflanzenfamilie:<\/strong> Rosengew\u00e4chse (Rosaceae)<\/p>\n\n\n\n<p><strong>Verwendete Pflanzenteile:<\/strong> Es k\u00f6nnen alle Teile verwendet werden, haupts\u00e4chlich das Kraut.<\/p>\n\n\n\n<p><strong>Sammelzeit:<\/strong> Wurzel: Oktober und April, Kraut: Mai &#8211; August<\/p>\n\n\n\n<p><strong>Inhaltsstoffe:<\/strong> Gerb- und Bitterstoffe, Flavone, Harze, Cholin, Mineral- und Schleimstoffe.<\/p>\n\n\n\n<p><strong>Heilwirkung\/Anwendung:<\/strong> Das G\u00e4nsefingerkraut ist ein Heilmittel erster G\u00fcte bei allen Verkrampfungen und den Schmerzen die dadurch entstehen, also bei Migr\u00e4ne, Magen- und Darmkoliken, Menstruationsbeschwerden, auch bei Gallenkoliken, bei Asthmaanf\u00e4llen oder Muskelkr\u00e4mpfen ist das Kraut sehr hilfreich. Auch bei Krampfadern kann es zur Anwendung kommen. Es soll sogar einen Fall gegeben haben, dass die Anserine Tetanus heilen konnte (Pfarrer K\u00fcnzle). Es ist eine pflanzliche Notfallmedizin und geh\u00f6rt daher in jede Kr\u00e4uterapotheke, sei es als getrocknetes Kraut oder als Tinktur. Das G\u00e4nsefingerkraut ist wie auch viele andere Mitglieder seiner Familie durch seine zusammenziehende Wirkung ein Blutstiller und ein Durchfallmittel. Aus vielen alten Kr\u00e4uterb\u00fcchern kann man entnehmen, dass das G\u00e4nsefingerkraut nicht nur blutstillend wirkt, sondern auch \u201egutes Blut\u201c macht und daher auch der Leber gut tut (die gelbe Bl\u00fctenfarbe des Jupiter), insbesondere bei \u201eVollbl\u00fctigkeit\u201c. G\u00e4nsefingerkraut wirkt auch Gewebefestigend, sodass es auch als Bl\u00e4tterabsud bei Zahnfleischproblemen gut hilft.&nbsp; Interessant ist auch der Hinweis (www.kraeuterchristl.at) dass das G\u00e4nsefingerkraut den K\u00f6rper bei der Aufnahme von Kalzium unterst\u00fctzt und daher insbesondere bei Frauen in den Wechseljahren hilfreich sein kann. Das G\u00e4nsefingerkraut entfaltet seine beste Wirkung in einer Milchabkochung, wie es bereits unsere germanischen Vorfahren gehandhabt haben. Der Vorteil der Milchabkochung ist, dass sich auch die nur fettl\u00f6slichen Bestandteile der Pflanze in der Milch l\u00f6sen k\u00f6nnen. Hildegard von Bingen empfiehlt eine Weinabkochung der Pflanze bei Kr\u00e4mpfen aller Art.<\/p>\n\n\n\n<div class=\"wp-block-columns is-layout-flex wp-container-core-columns-is-layout-9d6595d7 wp-block-columns-is-layout-flex\">\n<div class=\"wp-block-column is-layout-flow wp-block-column-is-layout-flow\" style=\"flex-basis:33.33%\">\n<figure class=\"wp-block-image size-large\"><img decoding=\"async\" src=\"http:\/\/uly-niemann.eu\/wp-content\/uploads\/2025\/02\/IMG_5903-1024x768.jpg\" alt=\"\" class=\"wp-image-555\"\/><\/figure>\n<\/div>\n\n\n\n<div class=\"wp-block-column is-layout-flow wp-block-column-is-layout-flow\" style=\"flex-basis:66.66%\">\n<p><strong>Kr\u00e4utermilch-Rezept nach altem, germanischem Vorbild<\/strong><\/p>\n\n\n\n<p>2 Prisen frisches oder getrocknetes Kraut in die kalte Milch geben (200ml), nach Geschmack<br>(z.B. im Winter oder bei feuchtkaltem Wetter) Zimt oder Ingwer beif\u00fcgen,die Milch kurz aufkochen und 5-10 Minuten ziehen lassen, abseihen, je nach Geschmack mit etwas<br>Honig s\u00fc\u00dfen.<\/p>\n<\/div>\n<\/div>\n\n\n\n<figure class=\"wp-block-gallery has-nested-images columns-default is-cropped wp-block-gallery-1 is-layout-flex wp-block-gallery-is-layout-flex\">\n<figure class=\"wp-block-image size-large\"><img loading=\"lazy\" decoding=\"async\" width=\"1024\" height=\"768\" data-id=\"625\" src=\"http:\/\/uly-niemann.eu\/wp-content\/uploads\/2025\/02\/1024px-Zilverschoon_plant_Potentilla_anserina.jpg\" alt=\"\" class=\"wp-image-625\" srcset=\"https:\/\/www.terra-arcanum.de\/wp-content\/uploads\/2025\/02\/1024px-Zilverschoon_plant_Potentilla_anserina.jpg 1024w, https:\/\/www.terra-arcanum.de\/wp-content\/uploads\/2025\/02\/1024px-Zilverschoon_plant_Potentilla_anserina-300x225.jpg 300w, https:\/\/www.terra-arcanum.de\/wp-content\/uploads\/2025\/02\/1024px-Zilverschoon_plant_Potentilla_anserina-768x576.jpg 768w, https:\/\/www.terra-arcanum.de\/wp-content\/uploads\/2025\/02\/1024px-Zilverschoon_plant_Potentilla_anserina-400x300.jpg 400w\" sizes=\"auto, (max-width: 1024px) 100vw, 1024px\" \/><\/figure>\n\n\n\n<figure class=\"wp-block-image size-large\"><img loading=\"lazy\" decoding=\"async\" width=\"538\" height=\"897\" data-id=\"624\" src=\"https:\/\/www.terra-arcanum.de\/wordpress\/wp-content\/uploads\/2025\/02\/Illustration_Potentilla_anserina0.jpg\" alt=\"\" class=\"wp-image-624\" srcset=\"https:\/\/www.terra-arcanum.de\/wp-content\/uploads\/2025\/02\/Illustration_Potentilla_anserina0.jpg 538w, https:\/\/www.terra-arcanum.de\/wp-content\/uploads\/2025\/02\/Illustration_Potentilla_anserina0-180x300.jpg 180w\" sizes=\"auto, (max-width: 538px) 100vw, 538px\" \/><\/figure>\n<\/figure>\n\n\n\n<hr class=\"wp-block-separator has-alpha-channel-opacity is-style-wide\"\/>\n\n\n\n<figure class=\"wp-block-pullquote\"><blockquote><p>Es liegt eine wunderbare Heilkraft in der Natur. Oft gibt der Anblick eines sch\u00f6nen Abendhimmels [\u2026], der Duft einer Blume, der von Fr\u00fchling und Auferstehung spricht, der gedr\u00fcckten Seele Hoffnung und Lebensmut zur\u00fcck.<\/p><cite>Sophie Verena<\/cite><\/blockquote><\/figure>\n","protected":false},"excerpt":{"rendered":"<p>G\u00e4nsefingerkraut (Potentilla anserina) Namen: Anserine, Silberkraut, Grensel, Krampfkraut, G\u00e4nsekraut, Finger-kraut, Handblatt. Pflanzenfamilie: Rosengew\u00e4chse (Rosaceae) Verwendete Pflanzenteile: Es k\u00f6nnen alle Teile verwendet werden, haupts\u00e4chlich das Kraut. Sammelzeit: Wurzel: Oktober und April, Kraut: Mai &#8211; August Inhaltsstoffe: Gerb- und Bitterstoffe, Flavone, Harze, &hellip; <a href=\"https:\/\/www.terra-arcanum.de\/index.php\/gaensefingerkraut\/\">Weiterlesen <span class=\"meta-nav\">&rarr;<\/span><\/a><\/p>\n","protected":false},"author":2,"featured_media":0,"parent":0,"menu_order":0,"comment_status":"closed","ping_status":"closed","template":"","meta":{"footnotes":""},"class_list":["post-179","page","type-page","status-publish","hentry"],"_links":{"self":[{"href":"https:\/\/www.terra-arcanum.de\/index.php\/wp-json\/wp\/v2\/pages\/179","targetHints":{"allow":["GET"]}}],"collection":[{"href":"https:\/\/www.terra-arcanum.de\/index.php\/wp-json\/wp\/v2\/pages"}],"about":[{"href":"https:\/\/www.terra-arcanum.de\/index.php\/wp-json\/wp\/v2\/types\/page"}],"author":[{"embeddable":true,"href":"https:\/\/www.terra-arcanum.de\/index.php\/wp-json\/wp\/v2\/users\/2"}],"replies":[{"embeddable":true,"href":"https:\/\/www.terra-arcanum.de\/index.php\/wp-json\/wp\/v2\/comments?post=179"}],"version-history":[{"count":0,"href":"https:\/\/www.terra-arcanum.de\/index.php\/wp-json\/wp\/v2\/pages\/179\/revisions"}],"wp:attachment":[{"href":"https:\/\/www.terra-arcanum.de\/index.php\/wp-json\/wp\/v2\/media?parent=179"}],"curies":[{"name":"wp","href":"https:\/\/api.w.org\/{rel}","templated":true}]}}