{"id":182,"date":"2025-02-19T13:42:46","date_gmt":"2025-02-19T13:42:46","guid":{"rendered":"http:\/\/uly-niemann.eu\/?page_id=182"},"modified":"2026-03-23T11:20:59","modified_gmt":"2026-03-23T11:20:59","slug":"hexenkraut","status":"publish","type":"page","link":"https:\/\/www.terra-arcanum.de\/index.php\/hexenkraut\/","title":{"rendered":"Hexenkraut"},"content":{"rendered":"\n<p><strong>Hexenkraut (Circaea lutetiana)<\/strong><\/p>\n\n\n\n<p><br><strong>Namen:<\/strong> der botanische Name stammt von der griechischen G\u00f6ttin Circe (\uf0e0bezirzen). Der alte Name von Paris ist Lutetia. Volkst\u00fcmliche Namen der Pflanze sind zum Beispiel Waldklette, Walpurgiskraut oder Irrkraut.<\/p>\n\n\n\n<p><strong>Pflanzenfamilie:<\/strong> Nachtkerzengew\u00e4chs<\/p>\n\n\n\n<p><strong>Verwendete Pflanzenteile:<\/strong> ??? die gesamte Pflanze?<\/p>\n\n\n\n<p><strong>Sammelzeit:<\/strong> Juni bis September<\/p>\n\n\n\n<p><strong>Inhaltsstoffe:<\/strong> Gerbstoffe, Oxals\u00e4ure<\/p>\n\n\n\n<p><strong>Heilwirkung\/Anwendung:<\/strong> Um dieses Hexenkraut weht ein Geheimnis. Kaum einer kennt diese Pflanze, obwohl es sehr h\u00e4ufig in schattigen W\u00e4ldern, oft am Waldrand w\u00e4chst, es ist eher unscheinbar. So gar nicht unscheinbar ist allerdings die \u00dcberlieferung, dass ausgerechnet diese Pflanze dabei helfen soll, M\u00e4nner zu \u201ebezirzen\u201c, einen Hinweis darauf finden wir versteckt im botanischen Namen. Ausser dieser \u00dcberlieferung gibt es \u00fcberhaupt nur sehr wenige Aussagen \u00fcber das Hexenkraut, es soll zwar wirksam gegen Feigwarzen sein und Blase und Niere st\u00e4rken oder bei Wunden blutstillend wirken, aber das war es auch schon\u2026. Dies k\u00f6nnte im Hinblick auf die Inhaltsstoffe zwar durchaus m\u00f6glich sein, aber es ist sehr ungew\u00f6hnlich, dass \u00fcber ein Kraut, was \u201eHexenkraut\u201c hei\u00dft, nicht mehr \u00fcberliefert ist, vor allem w\u00fcrde uns doch interessieren, wie man das Kraut nun zum Bezirzen einsetzen muss\u2026\uf04a. Man vermutet dass viele Anwendungsm\u00f6glichkeiten und Rezepturen nur m\u00fcndlich weitergegeben wurden und das Wissen darum wohl durch die Hexenverbrennungen leider verloren gegangen ist.<br>Vielleicht m\u00f6chte uns die Sch\u00f6nheit des Hexenkrautes zum Staunen einladen, uns dazu verf\u00fchren unser eigenes Geheimnis etwas zu l\u00fcften? Vielleicht zeigt uns die Pflanze unseren eigenen Zauber und Charme? Wir k\u00f6nnten mit ihr unsere zarte und fr\u00f6hliche Seite entdecken um damit in unsere ureigene Kraft zu kommen. Dann wird der helle Schein, der die Pflanze umgibt, auch um uns wahrnehmbar sein. Die Pflanze ist in allen Teilen ungiftig und l\u00e4dt uns zum Experimentieren ein!<\/p>\n\n\n\n<p><strong>Wichtig:<\/strong> Lassen Sie sich die einwandfreie Bestimmung des Hexenkrautes live auf einer Kr\u00e4uterf\u00fchrung zeigen (siehe unter Seminare)! Aufgrund des hohen Oxals\u00e4uregehaltes ist bei Menschen mit Nierenproblemen, Rheuma und Gicht, Vorsicht geboten<\/p>\n\n\n\n<figure class=\"wp-block-gallery has-nested-images columns-default is-cropped wp-block-gallery-1 is-layout-flex wp-block-gallery-is-layout-flex\">\n<figure class=\"wp-block-image size-large\"><img loading=\"lazy\" decoding=\"async\" width=\"768\" height=\"1024\" data-id=\"637\" src=\"http:\/\/uly-niemann.eu\/wp-content\/uploads\/2025\/02\/Hexenkraut-768x1024.jpg\" alt=\"\" class=\"wp-image-637\" srcset=\"https:\/\/www.terra-arcanum.de\/wp-content\/uploads\/2025\/02\/Hexenkraut-768x1024.jpg 768w, https:\/\/www.terra-arcanum.de\/wp-content\/uploads\/2025\/02\/Hexenkraut-225x300.jpg 225w, https:\/\/www.terra-arcanum.de\/wp-content\/uploads\/2025\/02\/Hexenkraut-1152x1536.jpg 1152w, https:\/\/www.terra-arcanum.de\/wp-content\/uploads\/2025\/02\/Hexenkraut-1536x2048.jpg 1536w, https:\/\/www.terra-arcanum.de\/wp-content\/uploads\/2025\/02\/Hexenkraut.jpg 1732w\" sizes=\"auto, (max-width: 768px) 100vw, 768px\" \/><\/figure>\n\n\n\n<figure class=\"wp-block-image size-large\"><img loading=\"lazy\" decoding=\"async\" width=\"681\" height=\"1024\" data-id=\"636\" src=\"https:\/\/www.terra-arcanum.de\/wordpress\/wp-content\/uploads\/2025\/02\/Circaea_lutetiana_6-681x1024.jpg\" alt=\"\" class=\"wp-image-636\" srcset=\"https:\/\/www.terra-arcanum.de\/wp-content\/uploads\/2025\/02\/Circaea_lutetiana_6-681x1024.jpg 681w, https:\/\/www.terra-arcanum.de\/wp-content\/uploads\/2025\/02\/Circaea_lutetiana_6-200x300.jpg 200w, https:\/\/www.terra-arcanum.de\/wp-content\/uploads\/2025\/02\/Circaea_lutetiana_6-768x1155.jpg 768w, https:\/\/www.terra-arcanum.de\/wp-content\/uploads\/2025\/02\/Circaea_lutetiana_6.jpg 798w\" sizes=\"auto, (max-width: 681px) 100vw, 681px\" \/><\/figure>\n<\/figure>\n\n\n\n<hr class=\"wp-block-separator has-alpha-channel-opacity is-style-wide\"\/>\n\n\n\n<figure class=\"wp-block-pullquote\"><blockquote><p>Ein Baum, der f\u00e4llt, macht mehr Krach als ein Wald, der w\u00e4chst.<\/p><cite>Aus Tibet<\/cite><\/blockquote><\/figure>\n","protected":false},"excerpt":{"rendered":"<p>Hexenkraut (Circaea lutetiana) Namen: der botanische Name stammt von der griechischen G\u00f6ttin Circe (\uf0e0bezirzen). Der alte Name von Paris ist Lutetia. Volkst\u00fcmliche Namen der Pflanze sind zum Beispiel Waldklette, Walpurgiskraut oder Irrkraut. Pflanzenfamilie: Nachtkerzengew\u00e4chs Verwendete Pflanzenteile: ??? die gesamte Pflanze? &hellip; <a href=\"https:\/\/www.terra-arcanum.de\/index.php\/hexenkraut\/\">Weiterlesen <span class=\"meta-nav\">&rarr;<\/span><\/a><\/p>\n","protected":false},"author":2,"featured_media":0,"parent":0,"menu_order":0,"comment_status":"closed","ping_status":"closed","template":"","meta":{"footnotes":""},"class_list":["post-182","page","type-page","status-publish","hentry"],"_links":{"self":[{"href":"https:\/\/www.terra-arcanum.de\/index.php\/wp-json\/wp\/v2\/pages\/182","targetHints":{"allow":["GET"]}}],"collection":[{"href":"https:\/\/www.terra-arcanum.de\/index.php\/wp-json\/wp\/v2\/pages"}],"about":[{"href":"https:\/\/www.terra-arcanum.de\/index.php\/wp-json\/wp\/v2\/types\/page"}],"author":[{"embeddable":true,"href":"https:\/\/www.terra-arcanum.de\/index.php\/wp-json\/wp\/v2\/users\/2"}],"replies":[{"embeddable":true,"href":"https:\/\/www.terra-arcanum.de\/index.php\/wp-json\/wp\/v2\/comments?post=182"}],"version-history":[{"count":1,"href":"https:\/\/www.terra-arcanum.de\/index.php\/wp-json\/wp\/v2\/pages\/182\/revisions"}],"predecessor-version":[{"id":1078,"href":"https:\/\/www.terra-arcanum.de\/index.php\/wp-json\/wp\/v2\/pages\/182\/revisions\/1078"}],"wp:attachment":[{"href":"https:\/\/www.terra-arcanum.de\/index.php\/wp-json\/wp\/v2\/media?parent=182"}],"curies":[{"name":"wp","href":"https:\/\/api.w.org\/{rel}","templated":true}]}}