{"id":183,"date":"2025-02-19T13:42:46","date_gmt":"2025-02-19T13:42:46","guid":{"rendered":"http:\/\/uly-niemann.eu\/?page_id=183"},"modified":"2025-02-19T13:42:46","modified_gmt":"2025-02-19T13:42:46","slug":"indisches-springkraut","status":"publish","type":"page","link":"https:\/\/www.terra-arcanum.de\/index.php\/indisches-springkraut\/","title":{"rendered":"Indisches Springkraut"},"content":{"rendered":"\n<p><strong>Indisches Springkraut (Impatiens glandulifera)<\/strong><\/p>\n\n\n\n<p><br><strong>Namen:<\/strong> Dr\u00fcsiges Springkraut, Himalajabalsam, Himalaja &#8211; Springkraut, Rotes Springkraut, Bauernorchidee, Riesenbalsamine<br>In England nennt man die Blume policeman\u2019s helmet (Polizistenhelm)<\/p>\n\n\n\n<p><strong>Pflanzenfamilie:<\/strong> Balsaminengew\u00e4chse (Balsaminaceae)<\/p>\n\n\n\n<p><strong>Verwendete Pflanzenteile:<\/strong> Bl\u00fcten und Samen<\/p>\n\n\n\n<p><strong>Sammelzeit:<\/strong> Juli &#8211; Oktober<\/p>\n\n\n\n<p><strong>Inhaltsstoffe:<\/strong> Tamin, Pflanzen\u00f6l, Pflanzens\u00e4ure<\/p>\n\n\n\n<p><strong>Heilwirkung\/Anwendung:<\/strong> Der Arzt Edward Bach bereitete aus den Bl\u00fcten die Impatiens-Bl\u00fctenessenz her. Sie war die erste der 38 sogenannten Bach-Bl\u00fcten-Essenzen und ihr wird eine beruhigende Wirkung zugeschrieben &#8211; sie ist die Bl\u00fcte gegen die Ungeduld! .<br>In kleinen Mengen roh verzehrt schmecken die Bl\u00fcten, aufgrund ihres hohen Zuckergehaltes in Nektar und Pollen, \u00fcberraschend gut. Eine genussvolle Verwendung der Bl\u00fcten, kombiniert mit Apfelsaft und Gelierzucker, ist die Herstellung eines Gelees der Wildkr\u00e4uter-Koch Peter Becker macht daraus sein ber\u00fchmtes, pinkfarbenes \u201eBarbie-Gelee\u201c. Werden die Samen im September oder Oktober im reifen Zustand geerntet, lassen diese sich aufgrund ihres sch\u00f6nen Nussaromas ganz vielseitig in der K\u00fcche verwenden. Sammeltipp: Da die reifen Samenschoten bei der leichtesten Ber\u00fchrung aufplatzen und die Samen weit weg schleudern ist es ratsam vorsichtig eine T\u00fcte \u00fcber die Pflanze zu ziehen und die reifen Samenschoten darin aufplatzen zu lassen.<\/p>\n\n\n\n<p><strong>Wichtig:<\/strong> in gr\u00f6\u00dferen Mengen verzehrt wirkt die Pflanze leicht giftig und kann Brechreiz ausl\u00f6sen.\u2003<\/p>\n\n\n\n<figure class=\"wp-block-gallery has-nested-images columns-default is-cropped wp-block-gallery-1 is-layout-flex wp-block-gallery-is-layout-flex\">\n<figure class=\"wp-block-image size-large\"><img loading=\"lazy\" decoding=\"async\" width=\"1024\" height=\"682\" data-id=\"641\" src=\"https:\/\/www.terra-arcanum.de\/wordpress\/wp-content\/uploads\/2025\/02\/Springkraut-1024x682.jpg\" alt=\"\" class=\"wp-image-641\" srcset=\"https:\/\/www.terra-arcanum.de\/wp-content\/uploads\/2025\/02\/Springkraut-1024x682.jpg 1024w, https:\/\/www.terra-arcanum.de\/wp-content\/uploads\/2025\/02\/Springkraut-300x200.jpg 300w, https:\/\/www.terra-arcanum.de\/wp-content\/uploads\/2025\/02\/Springkraut-768x512.jpg 768w, https:\/\/www.terra-arcanum.de\/wp-content\/uploads\/2025\/02\/Springkraut-1536x1024.jpg 1536w, https:\/\/www.terra-arcanum.de\/wp-content\/uploads\/2025\/02\/Springkraut-2048x1365.jpg 2048w, https:\/\/www.terra-arcanum.de\/wp-content\/uploads\/2025\/02\/Springkraut-450x300.jpg 450w\" sizes=\"auto, (max-width: 1024px) 100vw, 1024px\" \/><\/figure>\n\n\n\n<figure class=\"wp-block-image size-large\"><img loading=\"lazy\" decoding=\"async\" width=\"636\" height=\"1024\" data-id=\"640\" src=\"https:\/\/www.terra-arcanum.de\/wordpress\/wp-content\/uploads\/2025\/02\/Impatiens_glandulifera_10-1-636x1024.jpg\" alt=\"\" class=\"wp-image-640\" srcset=\"https:\/\/www.terra-arcanum.de\/wp-content\/uploads\/2025\/02\/Impatiens_glandulifera_10-1-636x1024.jpg 636w, https:\/\/www.terra-arcanum.de\/wp-content\/uploads\/2025\/02\/Impatiens_glandulifera_10-1-186x300.jpg 186w, https:\/\/www.terra-arcanum.de\/wp-content\/uploads\/2025\/02\/Impatiens_glandulifera_10-1.jpg 745w\" sizes=\"auto, (max-width: 636px) 100vw, 636px\" \/><\/figure>\n<\/figure>\n\n\n\n<hr class=\"wp-block-separator has-alpha-channel-opacity is-style-wide\"\/>\n\n\n\n<figure class=\"wp-block-pullquote\"><blockquote><p>Im Morgentau ist die Welt jeden Tag neu. <\/p><cite>Rabindranath Tagore<\/cite><\/blockquote><\/figure>\n","protected":false},"excerpt":{"rendered":"<p>Indisches Springkraut (Impatiens glandulifera) Namen: Dr\u00fcsiges Springkraut, Himalajabalsam, Himalaja &#8211; Springkraut, Rotes Springkraut, Bauernorchidee, RiesenbalsamineIn England nennt man die Blume policeman\u2019s helmet (Polizistenhelm) Pflanzenfamilie: Balsaminengew\u00e4chse (Balsaminaceae) Verwendete Pflanzenteile: Bl\u00fcten und Samen Sammelzeit: Juli &#8211; Oktober Inhaltsstoffe: Tamin, Pflanzen\u00f6l, Pflanzens\u00e4ure Heilwirkung\/Anwendung: &hellip; <a href=\"https:\/\/www.terra-arcanum.de\/index.php\/indisches-springkraut\/\">Weiterlesen <span class=\"meta-nav\">&rarr;<\/span><\/a><\/p>\n","protected":false},"author":2,"featured_media":0,"parent":0,"menu_order":0,"comment_status":"closed","ping_status":"closed","template":"","meta":{"footnotes":""},"class_list":["post-183","page","type-page","status-publish","hentry"],"_links":{"self":[{"href":"https:\/\/www.terra-arcanum.de\/index.php\/wp-json\/wp\/v2\/pages\/183","targetHints":{"allow":["GET"]}}],"collection":[{"href":"https:\/\/www.terra-arcanum.de\/index.php\/wp-json\/wp\/v2\/pages"}],"about":[{"href":"https:\/\/www.terra-arcanum.de\/index.php\/wp-json\/wp\/v2\/types\/page"}],"author":[{"embeddable":true,"href":"https:\/\/www.terra-arcanum.de\/index.php\/wp-json\/wp\/v2\/users\/2"}],"replies":[{"embeddable":true,"href":"https:\/\/www.terra-arcanum.de\/index.php\/wp-json\/wp\/v2\/comments?post=183"}],"version-history":[{"count":0,"href":"https:\/\/www.terra-arcanum.de\/index.php\/wp-json\/wp\/v2\/pages\/183\/revisions"}],"wp:attachment":[{"href":"https:\/\/www.terra-arcanum.de\/index.php\/wp-json\/wp\/v2\/media?parent=183"}],"curies":[{"name":"wp","href":"https:\/\/api.w.org\/{rel}","templated":true}]}}