{"id":184,"date":"2025-02-19T13:42:46","date_gmt":"2025-02-19T13:42:46","guid":{"rendered":"http:\/\/uly-niemann.eu\/?page_id=184"},"modified":"2025-02-19T13:42:46","modified_gmt":"2025-02-19T13:42:46","slug":"japanischer-staudenknoeterich","status":"publish","type":"page","link":"https:\/\/www.terra-arcanum.de\/index.php\/japanischer-staudenknoeterich\/","title":{"rendered":"Japanischer Staudenkn\u00f6terich"},"content":{"rendered":"\n<p><strong>Japanischer Staudenkn\u00f6terich (Fallopia Japonica)<\/strong><\/p>\n\n\n\n<p><strong>Namen:<\/strong> Zugespitzter Kn\u00f6terich, Japanischer Fl\u00fcgelkn\u00f6terich, Japanischer Rhabarber, Japanischer Buchweizen, Kamtschatka &#8211; Kn\u00f6terich<\/p>\n\n\n\n<p><strong>Pflanzenfamilie<\/strong>: Kn\u00f6terichgew\u00e4chse (Polygonaceae)<\/p>\n\n\n\n<p><strong>Verwendete Pflanzenteile:<\/strong> Wurzel, Sprosse, Bl\u00e4tter<\/p>\n\n\n\n<p><strong>Sammelzeit<\/strong>: Wurzel: Herbst bis zeitiges Fr\u00fchjahr, Sprosse: April<\/p>\n\n\n\n<p><strong>Inhaltsstoffe:<\/strong> Vitamin C, Resveratrol, Mineralien und Spurenelemente<\/p>\n\n\n\n<p><strong>Heilwirkung\/Anwendung:<\/strong> Vor allem die Imker freuen sich \u00fcber die ausge-zeichnete Bienenweide die der Staudenkn\u00f6terich heutzutage bietet. Der Honig schmeckt \u00e4hnlich dem Buchweizenbl\u00fctenhonig. In der traditionellen chinesischen Medizin wird die Wurzel der Pflanze im Funktionskreis Leber und Milz angewendet. Die Wurzel gilt unter anderem als antiviral, pilzwidrig, blutdruck- und lipidsenkend, entz\u00fcndungshemmend und blutreinigend. In seiner Wurzel wurde die h\u00f6chste nat\u00fcrliche Konzentration von Resveratrol nachgewiesen, einem stark antioxidativ wirkendem Wirkstoff, welcher Herz, Kreislauf und Gef\u00e4\u00dfe st\u00e4rkt, vor freien Radikalen sch\u00fctzt und die Blutzufuhr zu den Organen f\u00f6rdert. In der Naturheilkunde ist diese Pflanze zur Behandlung von Borreliose bekannt.<br>Aber auch ern\u00e4hrungsphysiologisch hat der Gigant Einiges zu bieten. Die zarten, im April hervorkommenden Sprossen des rhabarber\u00e4hnlichen Wildgem\u00fcses k\u00f6nnen roh verzehrt werden. Sie enthalten viel Vitamin C und sind in Japan sehr beliebt. In China werden Speisen in die Bl\u00e4tter eingewickelt oder die Bl\u00e4tter zu Sauerkraut weiterverarbeitet. Mit dem Kn\u00f6terich lassen sich viele Leckereien wie Marmeladen, Chutneys oder Sorbets zubereiten. Ein Pionier in Sachen Staudenkn\u00f6terich-Verarbeitung ist der bekannte Wildkr\u00e4uter-Koch Peter Becker, er betreibt &#8222;Naturschutz mit Messer und Gabel&#8220;, indem er den starken Wildwuchs des Kn\u00f6terichs durch seine Erntema\u00dfnahmen in Naturschutzgebieten mit seltenen heimischen Pflanzen eind\u00e4mmt und somit die heimische Flora sch\u00fctzt. Leider w\u00e4chst der Kn\u00f6terich n\u00e4mlich sehr invasiv und er kann dadurch andere Pflanzen verdr\u00e4ngen. Schauen Sie doch mal online in seiner Kn\u00f6terich-Manufaktur rein:<\/p>\n\n\n\n<p><a href=\"http:\/\/www.newtritionink.de\/knoeterich\/\"><strong>Kn\u00f6terich Manufaktur<\/strong><\/a><\/p>\n\n\n\n<p>In seinem Onlineshop bietet er neben vielen wilden K\u00f6stlichkeiten \u00fcbrigens auch seinen legend\u00e4ren Kn\u00f6terich-Brotaufstrich an.<br>Wissenschaftler einer deutschen Universit\u00e4t haben entdeckt, dass der Riesenkn\u00f6terich gift- und schwermetallverseuchte B\u00f6den sanieren kann. Mit diesem Wissen konnten Milit\u00e4rgel\u00e4nde, die mit giftigen R\u00fcckst\u00e4nden belastet waren, gereinigt werden. Die Pflanzen wurden nach der Ma\u00dfnahme abgeerntet und entsorgt.<\/p>\n\n\n\n<p>erntef\u00e4higer Staudenkn\u00f6terich&#8230;lecker!<\/p>\n\n\n\n<figure class=\"wp-block-gallery has-nested-images columns-default is-cropped wp-block-gallery-1 is-layout-flex wp-block-gallery-is-layout-flex\">\n<figure class=\"wp-block-image size-large\"><img loading=\"lazy\" decoding=\"async\" width=\"768\" height=\"1024\" data-id=\"644\" src=\"http:\/\/uly-niemann.eu\/wp-content\/uploads\/2025\/02\/IMG_5597-768x1024.jpg\" alt=\"\" class=\"wp-image-644\" srcset=\"https:\/\/www.terra-arcanum.de\/wp-content\/uploads\/2025\/02\/IMG_5597-768x1024.jpg 768w, https:\/\/www.terra-arcanum.de\/wp-content\/uploads\/2025\/02\/IMG_5597-225x300.jpg 225w, https:\/\/www.terra-arcanum.de\/wp-content\/uploads\/2025\/02\/IMG_5597-1152x1536.jpg 1152w, https:\/\/www.terra-arcanum.de\/wp-content\/uploads\/2025\/02\/IMG_5597.jpg 1200w\" sizes=\"auto, (max-width: 768px) 100vw, 768px\" \/><\/figure>\n\n\n\n<figure class=\"wp-block-image size-large\"><img loading=\"lazy\" decoding=\"async\" width=\"643\" height=\"1024\" data-id=\"645\" src=\"https:\/\/www.terra-arcanum.de\/wordpress\/wp-content\/uploads\/2025\/02\/Polygonum_cuspidatum_-_Curtiss_Botanical_Magazine_t._6503-Kopie-643x1024.jpg\" alt=\"\" class=\"wp-image-645\" srcset=\"https:\/\/www.terra-arcanum.de\/wp-content\/uploads\/2025\/02\/Polygonum_cuspidatum_-_Curtiss_Botanical_Magazine_t._6503-Kopie-643x1024.jpg 643w, https:\/\/www.terra-arcanum.de\/wp-content\/uploads\/2025\/02\/Polygonum_cuspidatum_-_Curtiss_Botanical_Magazine_t._6503-Kopie-188x300.jpg 188w, https:\/\/www.terra-arcanum.de\/wp-content\/uploads\/2025\/02\/Polygonum_cuspidatum_-_Curtiss_Botanical_Magazine_t._6503-Kopie-768x1224.jpg 768w, https:\/\/www.terra-arcanum.de\/wp-content\/uploads\/2025\/02\/Polygonum_cuspidatum_-_Curtiss_Botanical_Magazine_t._6503-Kopie.jpg 800w\" sizes=\"auto, (max-width: 643px) 100vw, 643px\" \/><\/figure>\n<\/figure>\n\n\n\n<hr class=\"wp-block-separator has-alpha-channel-opacity is-style-wide\"\/>\n\n\n\n<figure class=\"wp-block-pullquote\"><blockquote><p>Jede Blume ist ein L\u00e4cheln der Erde. <\/p><cite>Ralph Waldo Emerson<\/cite><\/blockquote><\/figure>\n","protected":false},"excerpt":{"rendered":"<p>Japanischer Staudenkn\u00f6terich (Fallopia Japonica) Namen: Zugespitzter Kn\u00f6terich, Japanischer Fl\u00fcgelkn\u00f6terich, Japanischer Rhabarber, Japanischer Buchweizen, Kamtschatka &#8211; Kn\u00f6terich Pflanzenfamilie: Kn\u00f6terichgew\u00e4chse (Polygonaceae) Verwendete Pflanzenteile: Wurzel, Sprosse, Bl\u00e4tter Sammelzeit: Wurzel: Herbst bis zeitiges Fr\u00fchjahr, Sprosse: April Inhaltsstoffe: Vitamin C, Resveratrol, Mineralien und Spurenelemente Heilwirkung\/Anwendung: &hellip; <a href=\"https:\/\/www.terra-arcanum.de\/index.php\/japanischer-staudenknoeterich\/\">Weiterlesen <span class=\"meta-nav\">&rarr;<\/span><\/a><\/p>\n","protected":false},"author":2,"featured_media":0,"parent":0,"menu_order":0,"comment_status":"closed","ping_status":"closed","template":"","meta":{"footnotes":""},"class_list":["post-184","page","type-page","status-publish","hentry"],"_links":{"self":[{"href":"https:\/\/www.terra-arcanum.de\/index.php\/wp-json\/wp\/v2\/pages\/184","targetHints":{"allow":["GET"]}}],"collection":[{"href":"https:\/\/www.terra-arcanum.de\/index.php\/wp-json\/wp\/v2\/pages"}],"about":[{"href":"https:\/\/www.terra-arcanum.de\/index.php\/wp-json\/wp\/v2\/types\/page"}],"author":[{"embeddable":true,"href":"https:\/\/www.terra-arcanum.de\/index.php\/wp-json\/wp\/v2\/users\/2"}],"replies":[{"embeddable":true,"href":"https:\/\/www.terra-arcanum.de\/index.php\/wp-json\/wp\/v2\/comments?post=184"}],"version-history":[{"count":0,"href":"https:\/\/www.terra-arcanum.de\/index.php\/wp-json\/wp\/v2\/pages\/184\/revisions"}],"wp:attachment":[{"href":"https:\/\/www.terra-arcanum.de\/index.php\/wp-json\/wp\/v2\/media?parent=184"}],"curies":[{"name":"wp","href":"https:\/\/api.w.org\/{rel}","templated":true}]}}