{"id":185,"date":"2025-02-19T13:42:46","date_gmt":"2025-02-19T13:42:46","guid":{"rendered":"http:\/\/uly-niemann.eu\/?page_id=185"},"modified":"2025-02-19T13:42:46","modified_gmt":"2025-02-19T13:42:46","slug":"klettenlabkraut","status":"publish","type":"page","link":"https:\/\/www.terra-arcanum.de\/index.php\/klettenlabkraut\/","title":{"rendered":"Klettenlabkraut"},"content":{"rendered":"\n<p><strong>Klettenlabkraut (Galium aparine)<\/strong><\/p>\n\n\n\n<p><strong>Namen:<\/strong> Klabergras, Klebgras, Klimme, Hafta, Wundkraut, Zaunkleber, Die Bezeichnung Labkraut ist zur\u00fcckzuf\u00fchren auf das in der Pflanze enthaltene Labferment, welches Milch zum Gerinnen bringt (K\u00e4se-Herstellung).<\/p>\n\n\n\n<p><strong>Pflanzenfamilie:&nbsp;<\/strong> R\u00f6tegew\u00e4chse (Rubiaceae)<\/p>\n\n\n\n<p><strong>Verwendete Pflanzenteile:<\/strong> das frische Kraut, die Samen<\/p>\n\n\n\n<p><strong>Sammelzeit:<\/strong> vom zeitigen Fr\u00fchjahr bis in den Sommer<\/p>\n\n\n\n<p><strong>Inhaltsstoffe:<\/strong> Glykosid, Saponine, Rubichlors\u00e4ure, Zitronens\u00e4ure, Galitanns\u00e4ure, Alizarinthypus, Asperulosid, Spurenelemente, Kieselerde, Gerbstoffe und Glykoside.<\/p>\n\n\n\n<p><strong>Heilwirkung\/Anwendung:<\/strong> Das Klettenlabkraut ist nicht nur ein Lymphreiniger, sondern auch ein Immunstimulanz, ein Blutreiniger, und dadurch ein wunderbarer Unterst\u00fctzer in der Krebstherapie. Es wirkt entz\u00fcndungshemmend und diuretisch. Dadurch, dass es den Wasserhaushalt im K\u00f6rper in Schwung bringt, ist es beispielsweise auch ein gutes Kraut, um Gewicht zu verlieren. Wie die Vogelmiere hat es auch einen Bezug zur Haut, es eignet sich zur Behandlung von Ekzemen, Entz\u00fcndungen und sogar von Schuppenflechte. Und auch eine Pubert\u00e4tsakne spricht positiv auf innerliche und \u00e4u\u00dfere Anwendungen an, insbesondere Waschungen bei fettiger Haut. Man verwendet dazu entweder einen Kaltauszug, Tee oder Frischsaft. Da Klettenlabkraut ein sehr sanftes Kraut ist, das man auch nicht \u201e\u00fcberdosieren\u201c kann, sollte man es auch durchaus l\u00e4nger anwenden, wenigstens einen Monat lang regelm\u00e4\u00dfig in Speisen oder als Aufguss. Das frische Kraut hat \u00fcbrigens eine wesentlich h\u00f6here Wirkung als das getrocknete.<\/p>\n\n\n\n<p>In kaltem Wasser ausgezogen &#8211; ein herrlich frischer Fr\u00fchlingstrunk<\/p>\n\n\n\n<figure class=\"wp-block-gallery has-nested-images columns-default is-cropped wp-block-gallery-1 is-layout-flex wp-block-gallery-is-layout-flex\">\n<figure class=\"wp-block-image size-large\"><img loading=\"lazy\" decoding=\"async\" width=\"768\" height=\"1024\" data-id=\"649\" src=\"https:\/\/www.terra-arcanum.de\/wordpress\/wp-content\/uploads\/2025\/02\/IMG_5685-768x1024.jpg\" alt=\"\" class=\"wp-image-649\" srcset=\"https:\/\/www.terra-arcanum.de\/wp-content\/uploads\/2025\/02\/IMG_5685-768x1024.jpg 768w, https:\/\/www.terra-arcanum.de\/wp-content\/uploads\/2025\/02\/IMG_5685-225x300.jpg 225w, https:\/\/www.terra-arcanum.de\/wp-content\/uploads\/2025\/02\/IMG_5685-1152x1536.jpg 1152w, https:\/\/www.terra-arcanum.de\/wp-content\/uploads\/2025\/02\/IMG_5685.jpg 1200w\" sizes=\"auto, (max-width: 768px) 100vw, 768px\" \/><\/figure>\n\n\n\n<figure class=\"wp-block-image size-large\"><img loading=\"lazy\" decoding=\"async\" width=\"512\" height=\"734\" data-id=\"648\" src=\"http:\/\/uly-niemann.eu\/wp-content\/uploads\/2025\/02\/68_Galium_aparine.jpg\" alt=\"\" class=\"wp-image-648\" srcset=\"https:\/\/www.terra-arcanum.de\/wp-content\/uploads\/2025\/02\/68_Galium_aparine.jpg 512w, https:\/\/www.terra-arcanum.de\/wp-content\/uploads\/2025\/02\/68_Galium_aparine-209x300.jpg 209w\" sizes=\"auto, (max-width: 512px) 100vw, 512px\" \/><\/figure>\n<\/figure>\n\n\n\n<hr class=\"wp-block-separator has-alpha-channel-opacity is-style-wide\"\/>\n\n\n\n<figure class=\"wp-block-pullquote\"><blockquote><p>An einem sch\u00f6nen Tag im Schatten zu sitzen und das Gr\u00fcn zu betrachten, ist die vollkommenste Erfrischung.<\/p><cite>Jane Austen<\/cite><\/blockquote><\/figure>\n","protected":false},"excerpt":{"rendered":"<p>Klettenlabkraut (Galium aparine) Namen: Klabergras, Klebgras, Klimme, Hafta, Wundkraut, Zaunkleber, Die Bezeichnung Labkraut ist zur\u00fcckzuf\u00fchren auf das in der Pflanze enthaltene Labferment, welches Milch zum Gerinnen bringt (K\u00e4se-Herstellung). Pflanzenfamilie:&nbsp; R\u00f6tegew\u00e4chse (Rubiaceae) Verwendete Pflanzenteile: das frische Kraut, die Samen Sammelzeit: vom &hellip; <a href=\"https:\/\/www.terra-arcanum.de\/index.php\/klettenlabkraut\/\">Weiterlesen <span class=\"meta-nav\">&rarr;<\/span><\/a><\/p>\n","protected":false},"author":2,"featured_media":0,"parent":0,"menu_order":0,"comment_status":"closed","ping_status":"closed","template":"","meta":{"footnotes":""},"class_list":["post-185","page","type-page","status-publish","hentry"],"_links":{"self":[{"href":"https:\/\/www.terra-arcanum.de\/index.php\/wp-json\/wp\/v2\/pages\/185","targetHints":{"allow":["GET"]}}],"collection":[{"href":"https:\/\/www.terra-arcanum.de\/index.php\/wp-json\/wp\/v2\/pages"}],"about":[{"href":"https:\/\/www.terra-arcanum.de\/index.php\/wp-json\/wp\/v2\/types\/page"}],"author":[{"embeddable":true,"href":"https:\/\/www.terra-arcanum.de\/index.php\/wp-json\/wp\/v2\/users\/2"}],"replies":[{"embeddable":true,"href":"https:\/\/www.terra-arcanum.de\/index.php\/wp-json\/wp\/v2\/comments?post=185"}],"version-history":[{"count":0,"href":"https:\/\/www.terra-arcanum.de\/index.php\/wp-json\/wp\/v2\/pages\/185\/revisions"}],"wp:attachment":[{"href":"https:\/\/www.terra-arcanum.de\/index.php\/wp-json\/wp\/v2\/media?parent=185"}],"curies":[{"name":"wp","href":"https:\/\/api.w.org\/{rel}","templated":true}]}}