{"id":186,"date":"2025-02-19T13:42:46","date_gmt":"2025-02-19T13:42:46","guid":{"rendered":"http:\/\/uly-niemann.eu\/?page_id=186"},"modified":"2026-03-23T11:22:44","modified_gmt":"2026-03-23T11:22:44","slug":"knoblauchsrauke","status":"publish","type":"page","link":"https:\/\/www.terra-arcanum.de\/index.php\/knoblauchsrauke\/","title":{"rendered":"Knoblauchsrauke"},"content":{"rendered":"\n<p><strong>Knoblauchsrauke (Alliaria officinalis)<\/strong><\/p>\n\n\n\n<p><strong>Namen:<\/strong> Lauchhederich, B\u00e4rentatze<\/p>\n\n\n\n<p><br><strong>Pflanzenfamilie:<\/strong> Kreuzbl\u00fctlergew\u00e4chse (Brassicaceae)<\/p>\n\n\n\n<p><br><strong>Verwendete Pflanzenteile:<\/strong> Bl\u00e4tter und Samen<\/p>\n\n\n\n<p><br><strong>Sammelzeit:<\/strong> Bl\u00e4tter im Fr\u00fchjahr vor der Bl\u00fcte, der Samen reift im Sp\u00e4tsommer<\/p>\n\n\n\n<p><br><strong>Inhaltsstoffe:<\/strong> Senf\u00f6lglycosid Sinigrin, \u00c4therische \u00d6le, Provitamin A und Vitamin C<\/p>\n\n\n\n<p><br><strong>Heilwirkung\/Anwendung:<\/strong><br>Die antiseptische und wundheilende Wirkung der Knoblauchrauke wurde bereits von unseren Vorfahren gesch\u00e4tzt. Heutzutage kann man das Kraut mit seinen blutreinigenden und harntreibenden Wirkstoffen als Fr\u00fchjahrskur zur allgemeinen Entschlackung und bei rheumatischen Beschwerden und Gicht verwenden. Die \u00d6le der Knoblauchrauke sollen bei Bronchitis, Ekzemen und Entz\u00fcndungen im Rachen- und Mundraum helfen.<br>Das zarte knoblauchartige Aroma l\u00e4sst sich hervorragend in der K\u00fcche nutzen. Dabei wird die Verwendung des rohes Krautes f\u00fcr Salate, Gem\u00fcsegerichte und Aufstrichen empfohlen. Auch Quark- und Eierspeisen gewinnen an Geschmack mit der Verwendung der Knoblauchrauke. Wird die Knoblauchrauke mit weicher Butter verr\u00fchrt, ist diese Kr\u00e4uterbutter ein besonderer Genuss.<br>Aus den schwarzen Samen l\u00e4sst sich Senf herstellen oder man verwendet die Samen als Senfkornersatz in Mixed Pickels.<\/p>\n\n\n\n<p><strong>Wichtig:<\/strong> Verwendet werden nur die frischen Pflanzenteile, getrocknet oder gekocht verliert sie an Aroma. Die Form der Bl\u00e4tter ver\u00e4ndert sich im Laufe der Zeit von hufeisenf\u00f6rmig zu spitz. Man kann sie mit vielen anderen Pflanzen verwechseln, z.B. mit Gundelrebe, Scharbockskraut usw., am besten l\u00e4sst man sich daher die Pflanze auf einer Kr\u00e4uterf\u00fchrung zeigen! (siehe unter Seminare)<\/p>\n\n\n\n<div class=\"wp-block-columns is-layout-flex wp-container-core-columns-is-layout-9d6595d7 wp-block-columns-is-layout-flex\">\n<div class=\"wp-block-column is-layout-flow wp-block-column-is-layout-flow\" style=\"flex-basis:33.33%\">\n<figure class=\"wp-block-image size-large\"><img loading=\"lazy\" decoding=\"async\" width=\"1024\" height=\"774\" src=\"https:\/\/www.terra-arcanum.de\/wordpress\/wp-content\/uploads\/2025\/02\/DSCN2652-scaled-1-1024x774.jpg\" alt=\"\" class=\"wp-image-652\" srcset=\"https:\/\/www.terra-arcanum.de\/wp-content\/uploads\/2025\/02\/DSCN2652-scaled-1-1024x774.jpg 1024w, https:\/\/www.terra-arcanum.de\/wp-content\/uploads\/2025\/02\/DSCN2652-scaled-1-300x227.jpg 300w, https:\/\/www.terra-arcanum.de\/wp-content\/uploads\/2025\/02\/DSCN2652-scaled-1-768x581.jpg 768w, https:\/\/www.terra-arcanum.de\/wp-content\/uploads\/2025\/02\/DSCN2652-scaled-1-1536x1161.jpg 1536w, https:\/\/www.terra-arcanum.de\/wp-content\/uploads\/2025\/02\/DSCN2652-scaled-1-2048x1548.jpg 2048w, https:\/\/www.terra-arcanum.de\/wp-content\/uploads\/2025\/02\/DSCN2652-scaled-1-397x300.jpg 397w\" sizes=\"auto, (max-width: 1024px) 100vw, 1024px\" \/><\/figure>\n<\/div>\n\n\n\n<div class=\"wp-block-column is-layout-flow wp-block-column-is-layout-flow\" style=\"flex-basis:66.66%\">\n<p>frisch geerntete junge Bl\u00e4tter &#8211; bereit f\u00fcr die Weiterverarbeitung (Salat, Quark, Butter,&#8230;)<\/p>\n\n\n\n<p><\/p>\n<\/div>\n<\/div>\n\n\n\n<div class=\"wp-block-columns is-layout-flex wp-container-core-columns-is-layout-9d6595d7 wp-block-columns-is-layout-flex\">\n<div class=\"wp-block-column is-layout-flow wp-block-column-is-layout-flow\" style=\"flex-basis:33.33%\">\n<figure class=\"wp-block-image size-large\"><img loading=\"lazy\" decoding=\"async\" width=\"1024\" height=\"683\" src=\"https:\/\/www.terra-arcanum.de\/wordpress\/wp-content\/uploads\/2025\/02\/DSC01624-1-scaled-1-1024x683.jpg\" alt=\"\" class=\"wp-image-653\" srcset=\"https:\/\/www.terra-arcanum.de\/wp-content\/uploads\/2025\/02\/DSC01624-1-scaled-1-1024x683.jpg 1024w, https:\/\/www.terra-arcanum.de\/wp-content\/uploads\/2025\/02\/DSC01624-1-scaled-1-300x200.jpg 300w, https:\/\/www.terra-arcanum.de\/wp-content\/uploads\/2025\/02\/DSC01624-1-scaled-1-768x512.jpg 768w, https:\/\/www.terra-arcanum.de\/wp-content\/uploads\/2025\/02\/DSC01624-1-scaled-1-1536x1024.jpg 1536w, https:\/\/www.terra-arcanum.de\/wp-content\/uploads\/2025\/02\/DSC01624-1-scaled-1-2048x1366.jpg 2048w, https:\/\/www.terra-arcanum.de\/wp-content\/uploads\/2025\/02\/DSC01624-1-scaled-1-450x300.jpg 450w\" sizes=\"auto, (max-width: 1024px) 100vw, 1024px\" \/><\/figure>\n<\/div>\n\n\n\n<div class=\"wp-block-column is-layout-flow wp-block-column-is-layout-flow\" style=\"flex-basis:66.66%\">\n<p>Knoblauchsrauke und Gundelrebe &#8230; was ist was?<\/p>\n<\/div>\n<\/div>\n\n\n\n<p>&#8230;so sieht die Knoblauchsrauke sp\u00e4ter im Jahr aus.<\/p>\n\n\n\n<figure class=\"wp-block-gallery has-nested-images columns-default is-cropped wp-block-gallery-1 is-layout-flex wp-block-gallery-is-layout-flex\">\n<figure class=\"wp-block-image size-large\"><img loading=\"lazy\" decoding=\"async\" width=\"768\" height=\"1024\" data-id=\"657\" src=\"https:\/\/www.terra-arcanum.de\/wordpress\/wp-content\/uploads\/2025\/02\/DSCN3361-scaled-2-768x1024.jpg\" alt=\"\" class=\"wp-image-657\" srcset=\"https:\/\/www.terra-arcanum.de\/wp-content\/uploads\/2025\/02\/DSCN3361-scaled-2-768x1024.jpg 768w, https:\/\/www.terra-arcanum.de\/wp-content\/uploads\/2025\/02\/DSCN3361-scaled-2-225x300.jpg 225w, https:\/\/www.terra-arcanum.de\/wp-content\/uploads\/2025\/02\/DSCN3361-scaled-2-1152x1536.jpg 1152w, https:\/\/www.terra-arcanum.de\/wp-content\/uploads\/2025\/02\/DSCN3361-scaled-2-1536x2048.jpg 1536w, https:\/\/www.terra-arcanum.de\/wp-content\/uploads\/2025\/02\/DSCN3361-scaled-2.jpg 1920w\" sizes=\"auto, (max-width: 768px) 100vw, 768px\" \/><\/figure>\n\n\n\n<figure class=\"wp-block-image size-large\"><img loading=\"lazy\" decoding=\"async\" width=\"475\" height=\"754\" data-id=\"654\" src=\"https:\/\/www.terra-arcanum.de\/wordpress\/wp-content\/uploads\/2025\/02\/190_Alliaria_officinalis.jpg\" alt=\"\" class=\"wp-image-654\" srcset=\"https:\/\/www.terra-arcanum.de\/wp-content\/uploads\/2025\/02\/190_Alliaria_officinalis.jpg 475w, https:\/\/www.terra-arcanum.de\/wp-content\/uploads\/2025\/02\/190_Alliaria_officinalis-189x300.jpg 189w\" sizes=\"auto, (max-width: 475px) 100vw, 475px\" \/><\/figure>\n<\/figure>\n\n\n\n<hr class=\"wp-block-separator has-alpha-channel-opacity is-style-wide\"\/>\n\n\n\n<figure class=\"wp-block-pullquote\"><blockquote><p>Natur ist nicht nur das, was man mit blo\u00dfem Auge sehen kann&#8230; sie beinhaltet auch die inneren Bilder der Seele.<\/p><cite>Edvard Munch<\/cite><\/blockquote><\/figure>\n","protected":false},"excerpt":{"rendered":"<p>Knoblauchsrauke (Alliaria officinalis) Namen: Lauchhederich, B\u00e4rentatze Pflanzenfamilie: Kreuzbl\u00fctlergew\u00e4chse (Brassicaceae) Verwendete Pflanzenteile: Bl\u00e4tter und Samen Sammelzeit: Bl\u00e4tter im Fr\u00fchjahr vor der Bl\u00fcte, der Samen reift im Sp\u00e4tsommer Inhaltsstoffe: Senf\u00f6lglycosid Sinigrin, \u00c4therische \u00d6le, Provitamin A und Vitamin C Heilwirkung\/Anwendung:Die antiseptische und wundheilende &hellip; <a href=\"https:\/\/www.terra-arcanum.de\/index.php\/knoblauchsrauke\/\">Weiterlesen <span class=\"meta-nav\">&rarr;<\/span><\/a><\/p>\n","protected":false},"author":2,"featured_media":0,"parent":0,"menu_order":0,"comment_status":"closed","ping_status":"closed","template":"","meta":{"footnotes":""},"class_list":["post-186","page","type-page","status-publish","hentry"],"_links":{"self":[{"href":"https:\/\/www.terra-arcanum.de\/index.php\/wp-json\/wp\/v2\/pages\/186","targetHints":{"allow":["GET"]}}],"collection":[{"href":"https:\/\/www.terra-arcanum.de\/index.php\/wp-json\/wp\/v2\/pages"}],"about":[{"href":"https:\/\/www.terra-arcanum.de\/index.php\/wp-json\/wp\/v2\/types\/page"}],"author":[{"embeddable":true,"href":"https:\/\/www.terra-arcanum.de\/index.php\/wp-json\/wp\/v2\/users\/2"}],"replies":[{"embeddable":true,"href":"https:\/\/www.terra-arcanum.de\/index.php\/wp-json\/wp\/v2\/comments?post=186"}],"version-history":[{"count":1,"href":"https:\/\/www.terra-arcanum.de\/index.php\/wp-json\/wp\/v2\/pages\/186\/revisions"}],"predecessor-version":[{"id":1079,"href":"https:\/\/www.terra-arcanum.de\/index.php\/wp-json\/wp\/v2\/pages\/186\/revisions\/1079"}],"wp:attachment":[{"href":"https:\/\/www.terra-arcanum.de\/index.php\/wp-json\/wp\/v2\/media?parent=186"}],"curies":[{"name":"wp","href":"https:\/\/api.w.org\/{rel}","templated":true}]}}