{"id":187,"date":"2025-02-19T13:42:46","date_gmt":"2025-02-19T13:42:46","guid":{"rendered":"http:\/\/uly-niemann.eu\/?page_id=187"},"modified":"2026-03-23T11:23:42","modified_gmt":"2026-03-23T11:23:42","slug":"loewenzahn","status":"publish","type":"page","link":"https:\/\/www.terra-arcanum.de\/index.php\/loewenzahn\/","title":{"rendered":"L\u00f6wenzahn"},"content":{"rendered":"\n<p><strong>L\u00f6wenzahn (Taraxacum officinale)<\/strong><\/p>\n\n\n\n<p><strong>Namen:<\/strong> Butterblume, Kuhblume, Dandelion, Pissblume, Bettseicher<\/p>\n\n\n\n<p><strong>Pflanzenfamilie:<\/strong> Korbbl\u00fctler = Asteraceae<\/p>\n\n\n\n<p><strong>Verwendete Pflanzenteile:<\/strong> Wurzel, Kraut und Bl\u00fcten<\/p>\n\n\n\n<p><strong>Sammelzeit:<\/strong> Bl\u00e4tter und Bl\u00fcten: Fr\u00fchling, Wurzel: Fr\u00fchling oder Fr\u00fchherbst<\/p>\n\n\n\n<p><strong>Inhaltsstoffe:<\/strong> Bitterstoffe, Flavonoide, Vitamine A, B und C, Carotine, Inulin, Cholin, Mineral-stoffe: Eisen, Magnesium, Kalium, Natrium und Kalzium. L\u00f6wenzahn enth\u00e4lt dar\u00fcber hinaus kleine Mengen an Germanium, ein Stoff, der u.a. in der Krebstherapie eingesetzt wird.&nbsp;<\/p>\n\n\n\n<p><strong>Heilwirkung\/Anwendung:<\/strong> L\u00f6wenzahn ist eine klassische Entgiftungspflanze. Sie entgiftet nicht nur belastete Wiesen und B\u00f6den, sondern hilft dabei, auch die im menschlichen K\u00f6rper angesammelten Stoffwechselschlacken abzutransportieren. Der L\u00f6wenzahn, insbesondere die Wurzel, reinigt und st\u00e4rkt die Leber, w\u00e4hrend das Kraut diuretisch wirkt. Wegen seiner Bitterstoffe geh\u00f6rt der L\u00f6wenzahn auch zu den heimischen Amara. Auch das im L\u00f6wenzahn enthaltene Cholin hilft bei einer verfetteten Leber, w\u00e4hrend Inulin den Kohlehydratstoffwechsel g\u00fcnstig beeinflussen kann. Das L\u00f6wenzahnkraut enth\u00e4lt weniger Bitterstoffe, daf\u00fcr mehr Kalium. Daher kann es Harns\u00e4ure ausschwemmen und ist wirksam bei Nierenleiden und Harnsteinen. Dadurch hilft das L\u00f6wenzahnkraut auch, den Blutdruck zu senken \u2013 und im Gegensatz zu chemischen Diuretika entzieht es dem K\u00f6rper dabei kein Kalium. Und wie viele Heilkr\u00e4uter mit Wirkung auf Leber und Nieren sollte man auch bei Sehschw\u00e4che an den L\u00f6wenzahn denken. Durch seine durchblutungsf\u00f6rdernde Wirkung hat er auch gute Wirkungen auf die Haut und viele andere Organe \u2013 L\u00f6wenzahn ist die ideale Fr\u00fchjahrskurpflanze \u2013 lt. dem Kr\u00e4uterkundigen Mess\u0113gu\u0113 &#8222;k\u00f6nne man so viel davon essen und trinken (Pflanzensaft) wie man wolle, man w\u00fcrde sich nur einfach wunderbar f\u00fchlen&#8220;.<\/p>\n\n\n\n<figure class=\"wp-block-gallery has-nested-images columns-default is-cropped wp-block-gallery-1 is-layout-flex wp-block-gallery-is-layout-flex\">\n<figure class=\"wp-block-image size-large\"><img loading=\"lazy\" decoding=\"async\" width=\"1024\" height=\"768\" data-id=\"659\" src=\"https:\/\/www.terra-arcanum.de\/wordpress\/wp-content\/uploads\/2025\/02\/DSCN3267-scaled-1-1024x768.jpg\" alt=\"\" class=\"wp-image-659\" srcset=\"https:\/\/www.terra-arcanum.de\/wp-content\/uploads\/2025\/02\/DSCN3267-scaled-1-1024x768.jpg 1024w, https:\/\/www.terra-arcanum.de\/wp-content\/uploads\/2025\/02\/DSCN3267-scaled-1-300x225.jpg 300w, https:\/\/www.terra-arcanum.de\/wp-content\/uploads\/2025\/02\/DSCN3267-scaled-1-768x576.jpg 768w, https:\/\/www.terra-arcanum.de\/wp-content\/uploads\/2025\/02\/DSCN3267-scaled-1-1536x1152.jpg 1536w, https:\/\/www.terra-arcanum.de\/wp-content\/uploads\/2025\/02\/DSCN3267-scaled-1-2048x1536.jpg 2048w, https:\/\/www.terra-arcanum.de\/wp-content\/uploads\/2025\/02\/DSCN3267-scaled-1-400x300.jpg 400w\" sizes=\"auto, (max-width: 1024px) 100vw, 1024px\" \/><\/figure>\n\n\n\n<figure class=\"wp-block-image size-large\"><img loading=\"lazy\" decoding=\"async\" width=\"744\" height=\"1024\" data-id=\"658\" src=\"https:\/\/www.terra-arcanum.de\/wordpress\/wp-content\/uploads\/2025\/02\/Taraxacum_officinale_-_Koehler\u2013s_Medizinal-Pflanzen-135-744x1024.jpg\" alt=\"\" class=\"wp-image-658\" srcset=\"https:\/\/www.terra-arcanum.de\/wp-content\/uploads\/2025\/02\/Taraxacum_officinale_-_Koehler\u2013s_Medizinal-Pflanzen-135-744x1024.jpg 744w, https:\/\/www.terra-arcanum.de\/wp-content\/uploads\/2025\/02\/Taraxacum_officinale_-_Koehler\u2013s_Medizinal-Pflanzen-135-218x300.jpg 218w, https:\/\/www.terra-arcanum.de\/wp-content\/uploads\/2025\/02\/Taraxacum_officinale_-_Koehler\u2013s_Medizinal-Pflanzen-135-768x1057.jpg 768w, https:\/\/www.terra-arcanum.de\/wp-content\/uploads\/2025\/02\/Taraxacum_officinale_-_Koehler\u2013s_Medizinal-Pflanzen-135.jpg 800w\" sizes=\"auto, (max-width: 744px) 100vw, 744px\" \/><\/figure>\n<\/figure>\n\n\n\n<hr class=\"wp-block-separator has-alpha-channel-opacity is-style-wide\"\/>\n\n\n\n<figure class=\"wp-block-pullquote\"><blockquote><p>Wir wissen immer noch nicht ein tausendstel eines Prozents von dem, was die Natur f\u00fcr uns bereit h\u00e4lt.<\/p><cite>Albert Einstein<\/cite><\/blockquote><\/figure>\n","protected":false},"excerpt":{"rendered":"<p>L\u00f6wenzahn (Taraxacum officinale) Namen: Butterblume, Kuhblume, Dandelion, Pissblume, Bettseicher Pflanzenfamilie: Korbbl\u00fctler = Asteraceae Verwendete Pflanzenteile: Wurzel, Kraut und Bl\u00fcten Sammelzeit: Bl\u00e4tter und Bl\u00fcten: Fr\u00fchling, Wurzel: Fr\u00fchling oder Fr\u00fchherbst Inhaltsstoffe: Bitterstoffe, Flavonoide, Vitamine A, B und C, Carotine, Inulin, Cholin, Mineral-stoffe: &hellip; <a href=\"https:\/\/www.terra-arcanum.de\/index.php\/loewenzahn\/\">Weiterlesen <span class=\"meta-nav\">&rarr;<\/span><\/a><\/p>\n","protected":false},"author":2,"featured_media":0,"parent":0,"menu_order":0,"comment_status":"closed","ping_status":"closed","template":"","meta":{"footnotes":""},"class_list":["post-187","page","type-page","status-publish","hentry"],"_links":{"self":[{"href":"https:\/\/www.terra-arcanum.de\/index.php\/wp-json\/wp\/v2\/pages\/187","targetHints":{"allow":["GET"]}}],"collection":[{"href":"https:\/\/www.terra-arcanum.de\/index.php\/wp-json\/wp\/v2\/pages"}],"about":[{"href":"https:\/\/www.terra-arcanum.de\/index.php\/wp-json\/wp\/v2\/types\/page"}],"author":[{"embeddable":true,"href":"https:\/\/www.terra-arcanum.de\/index.php\/wp-json\/wp\/v2\/users\/2"}],"replies":[{"embeddable":true,"href":"https:\/\/www.terra-arcanum.de\/index.php\/wp-json\/wp\/v2\/comments?post=187"}],"version-history":[{"count":1,"href":"https:\/\/www.terra-arcanum.de\/index.php\/wp-json\/wp\/v2\/pages\/187\/revisions"}],"predecessor-version":[{"id":1080,"href":"https:\/\/www.terra-arcanum.de\/index.php\/wp-json\/wp\/v2\/pages\/187\/revisions\/1080"}],"wp:attachment":[{"href":"https:\/\/www.terra-arcanum.de\/index.php\/wp-json\/wp\/v2\/media?parent=187"}],"curies":[{"name":"wp","href":"https:\/\/api.w.org\/{rel}","templated":true}]}}