{"id":188,"date":"2025-02-19T13:42:46","date_gmt":"2025-02-19T13:42:46","guid":{"rendered":"http:\/\/uly-niemann.eu\/?page_id=188"},"modified":"2026-03-23T11:24:17","modified_gmt":"2026-03-23T11:24:17","slug":"nelkenwurz","status":"publish","type":"page","link":"https:\/\/www.terra-arcanum.de\/index.php\/nelkenwurz\/","title":{"rendered":"Nelkenwurz"},"content":{"rendered":"\n<p><strong>Nelkenwurz (Geum urbanum)<\/strong><\/p>\n\n\n\n<p><br><strong>Namen:<\/strong> Stadt Nelkenwurz, Gemeine Nelkenwurz, Gew\u00f6hnliche Nelkenwurz<\/p>\n\n\n\n<p><strong>Pflanzenfamilie:<\/strong> Rosengew\u00e4chse (Rosaceae)<\/p>\n\n\n\n<p><strong>Verwendete Pflanzenteile:<\/strong> Bl\u00e4tter, Bl\u00fctenknospen, Bl\u00fcten und Wurzeln<\/p>\n\n\n\n<p><strong>Sammelzeit:<\/strong> junge Triebe im M\u00e4rz- April, Wurzel ab September<\/p>\n\n\n\n<p><strong>Inhaltsstoffe:<\/strong> Gerbstoffe, Zucker und \u00e4therisches \u00d6l<\/p>\n\n\n\n<p><strong>Heilwirkung\/Anwendung:<\/strong><br>Hildegard von Bingen bezeichnete die Nelkenwurz als \u201eGesegnetes Kraut\u201c. Im alten Volksglauben gilt die Nelkenwurz als Kraut der Liebe und als potenzsteigernd. Wurde die Pflanze nah am K\u00f6rper getragen, vielleicht als Amulett, soll sie Unheil abgwehren. Um das Vieh zu sch\u00fctzen, mischte man etwas Nelkenwurz ins Futter.<br>Heutzutage steht in der Volksheilkunde die Gerbstoffwirkung mit antiseptischen Eigenschaften der Pflanze im Vordergrund. So l\u00e4sst sich das Kraut gut bei Durchfall, Verdauungsbeschwerden und bei Entz\u00fcndungen in Mund- und Rachenraum verwenden. Daf\u00fcr wird das Kraut in der Kosmetik als Zusatz zu Zahnpasten und Mundw\u00e4ssern eingesetzt. Auch bei H\u00e4morrhoiden und bei Hauterkrankungen kann sie, als Umschlag oder Waschung Linderung verschaffen. Der Tee von Kraut oder Wurzel kann zur Regulierung von Leber- und Gallenfunktionen eingesetzt werden.<br>In der K\u00fcche l\u00e4sst sich Nelkenwurz als Zutat f\u00fcr verschiedene Speisen verwenden. Sie verleiht den Speisen eine leicht bittere Note. Die im M\u00e4rz &#8211; April gesammelten weichen jungen Bl\u00e4tter k\u00f6nnen Salat oder Gem\u00fcsegerichte vervollst\u00e4ndigen. Mit den essbaren Bl\u00fcten lassen sich die Speisen dekorieren.<br>Die Wurzel schenkt, als Ersatz f\u00fcr die Gew\u00fcrznelke, Rotkohl, Sauerkraut und Fleischmarinaden ein herb-s\u00fc\u00dfliches Aroma. Die Nelkenwurz wird von den Benediktinern als Lik\u00f6raromatisierung genutzt.<\/p>\n\n\n\n<p><strong>Wichtig:<\/strong> Man kann Sie mit giftigen Hahnenfu\u00dfgew\u00e4chsen verwechseln. Lassen Sie sich die einwandfreie Bestimmung live auf einer Kr\u00e4uterf\u00fchrung zeigen (siehe unter Seminare).<\/p>\n\n\n\n<figure class=\"wp-block-gallery has-nested-images columns-default is-cropped wp-block-gallery-1 is-layout-flex wp-block-gallery-is-layout-flex\">\n<figure class=\"wp-block-image size-large\"><img loading=\"lazy\" decoding=\"async\" width=\"1024\" height=\"683\" data-id=\"663\" src=\"https:\/\/www.terra-arcanum.de\/wordpress\/wp-content\/uploads\/2025\/02\/DSC01667-scaled-1-1024x683.jpg\" alt=\"\" class=\"wp-image-663\" srcset=\"https:\/\/www.terra-arcanum.de\/wp-content\/uploads\/2025\/02\/DSC01667-scaled-1-1024x683.jpg 1024w, https:\/\/www.terra-arcanum.de\/wp-content\/uploads\/2025\/02\/DSC01667-scaled-1-300x200.jpg 300w, https:\/\/www.terra-arcanum.de\/wp-content\/uploads\/2025\/02\/DSC01667-scaled-1-768x512.jpg 768w, https:\/\/www.terra-arcanum.de\/wp-content\/uploads\/2025\/02\/DSC01667-scaled-1-1536x1024.jpg 1536w, https:\/\/www.terra-arcanum.de\/wp-content\/uploads\/2025\/02\/DSC01667-scaled-1-2048x1366.jpg 2048w, https:\/\/www.terra-arcanum.de\/wp-content\/uploads\/2025\/02\/DSC01667-scaled-1-450x300.jpg 450w\" sizes=\"auto, (max-width: 1024px) 100vw, 1024px\" \/><\/figure>\n\n\n\n<figure class=\"wp-block-image size-large\"><img loading=\"lazy\" decoding=\"async\" width=\"567\" height=\"857\" data-id=\"662\" src=\"https:\/\/www.terra-arcanum.de\/wordpress\/wp-content\/uploads\/2025\/02\/The_native_flowers_and_ferns_of_the_United_States_in_their_botanical_horticultural_and_popular_aspects_1878_14793421133.jpg\" alt=\"\" class=\"wp-image-662\" srcset=\"https:\/\/www.terra-arcanum.de\/wp-content\/uploads\/2025\/02\/The_native_flowers_and_ferns_of_the_United_States_in_their_botanical_horticultural_and_popular_aspects_1878_14793421133.jpg 567w, https:\/\/www.terra-arcanum.de\/wp-content\/uploads\/2025\/02\/The_native_flowers_and_ferns_of_the_United_States_in_their_botanical_horticultural_and_popular_aspects_1878_14793421133-198x300.jpg 198w\" sizes=\"auto, (max-width: 567px) 100vw, 567px\" \/><\/figure>\n<\/figure>\n\n\n\n<hr class=\"wp-block-separator has-alpha-channel-opacity is-style-wide\"\/>\n\n\n\n<figure class=\"wp-block-pullquote\"><blockquote><p>Wenn wir einfach nur bei Seite treten und auf die Natur vertrauen, dann wird das Leben einen Weg finden.<\/p><cite>John Hammond in Jurassic Park&nbsp;&#8211; Vergessene Welt<\/cite><\/blockquote><\/figure>\n","protected":false},"excerpt":{"rendered":"<p>Nelkenwurz (Geum urbanum) Namen: Stadt Nelkenwurz, Gemeine Nelkenwurz, Gew\u00f6hnliche Nelkenwurz Pflanzenfamilie: Rosengew\u00e4chse (Rosaceae) Verwendete Pflanzenteile: Bl\u00e4tter, Bl\u00fctenknospen, Bl\u00fcten und Wurzeln Sammelzeit: junge Triebe im M\u00e4rz- April, Wurzel ab September Inhaltsstoffe: Gerbstoffe, Zucker und \u00e4therisches \u00d6l Heilwirkung\/Anwendung:Hildegard von Bingen bezeichnete die &hellip; <a href=\"https:\/\/www.terra-arcanum.de\/index.php\/nelkenwurz\/\">Weiterlesen <span class=\"meta-nav\">&rarr;<\/span><\/a><\/p>\n","protected":false},"author":2,"featured_media":0,"parent":0,"menu_order":0,"comment_status":"closed","ping_status":"closed","template":"","meta":{"footnotes":""},"class_list":["post-188","page","type-page","status-publish","hentry"],"_links":{"self":[{"href":"https:\/\/www.terra-arcanum.de\/index.php\/wp-json\/wp\/v2\/pages\/188","targetHints":{"allow":["GET"]}}],"collection":[{"href":"https:\/\/www.terra-arcanum.de\/index.php\/wp-json\/wp\/v2\/pages"}],"about":[{"href":"https:\/\/www.terra-arcanum.de\/index.php\/wp-json\/wp\/v2\/types\/page"}],"author":[{"embeddable":true,"href":"https:\/\/www.terra-arcanum.de\/index.php\/wp-json\/wp\/v2\/users\/2"}],"replies":[{"embeddable":true,"href":"https:\/\/www.terra-arcanum.de\/index.php\/wp-json\/wp\/v2\/comments?post=188"}],"version-history":[{"count":1,"href":"https:\/\/www.terra-arcanum.de\/index.php\/wp-json\/wp\/v2\/pages\/188\/revisions"}],"predecessor-version":[{"id":1081,"href":"https:\/\/www.terra-arcanum.de\/index.php\/wp-json\/wp\/v2\/pages\/188\/revisions\/1081"}],"wp:attachment":[{"href":"https:\/\/www.terra-arcanum.de\/index.php\/wp-json\/wp\/v2\/media?parent=188"}],"curies":[{"name":"wp","href":"https:\/\/api.w.org\/{rel}","templated":true}]}}