{"id":189,"date":"2025-02-19T13:42:46","date_gmt":"2025-02-19T13:42:46","guid":{"rendered":"http:\/\/uly-niemann.eu\/?page_id=189"},"modified":"2025-02-19T13:42:46","modified_gmt":"2025-02-19T13:42:46","slug":"rainfarn","status":"publish","type":"page","link":"https:\/\/www.terra-arcanum.de\/index.php\/rainfarn\/","title":{"rendered":"Rainfarn"},"content":{"rendered":"\n<p><strong>Rainfarn (Tanacetum vulgare)<\/strong><\/p>\n\n\n\n<p><strong>Namen:<\/strong> er wird auch Wurmtod, Wurmkraut, Muttergottesrute, Raingerte, Pompel-blumen, Regenfahn, Milchkraut, Unsterblichkeitskraut, Totenkraut genannt<\/p>\n\n\n\n<p><strong>Pflanzenfamilie:<\/strong> Korbbl\u00fctler (Asteraceae)<\/p>\n\n\n\n<p><strong>Verwendete Pflanzenteile:<\/strong> Bl\u00fcten und Bl\u00e4tter oder ganze Str\u00e4usse<\/p>\n\n\n\n<p><strong>Sammelzeit:<\/strong> Juli bis September<\/p>\n\n\n\n<p><strong>Inhaltsstoffe:<\/strong> \u00e4therische \u00d6le, Bitterstoffe, Gerbstoffe, Cumarine, Inulin, Flavonoide, Glykoside, Thujon, Campher, Borneol, Harze, Parthenolid<\/p>\n\n\n\n<p><strong>Heilwirkung\/Anwendung:<\/strong> In der Volksheilkunde wurde der Rainfarn aufgrund seines hohen Thujongehaltes gegen W\u00fcrmer bei Mensch und Tier sowie zur Vertreibung von Ungeziefer verwendet. Daf\u00fcr umkr\u00e4nzte man damals Fenster und T\u00fcren was gleichzeitig auch eine Schutzfunktion darstellte oder man streute ihn in die H\u00e4user. Im Mittelalter nutzte man die Pflanze auch als Gew\u00fcrz zu fetten Speisen. Aufgrund der vielen Gerbstoffe fand der Rainfarn im alten \u00c4gypten bei der Einbalsamierung der Mumien seine Verwendung. Damit lie\u00df sich der Verwesungsprozess verlangsamen. Aber auch in S\u00e4rge legte man fr\u00fcher einen Strauss des Rainfarns.<br>Zu Ostern wurden zur Abwehrst\u00e4rkung \u201eHeilbrote\u201c mit dem Kraut gebacken. Dieser Brauch hat germanische Wurzeln und sollte die Abwehrkr\u00e4fte f\u00fcr das kommende Jahr st\u00e4rken. Zur Kr\u00e4ftigung und zum Schutz wurde mit dem getrockneten Kraut bei Kindern ger\u00e4uchert. Diese Anwendungen sind wohl seiner antiviralen Wirkung zu zuschreiben. In der Pestzeit verr\u00e4ucherte man Rainfarn zur Desinfektion im Krankenzimmer und in Pesth\u00e4usern. Aufgrund der leichten Giftigkeit spielt der Rainfarn in der Volksheilkunde heute kaum noch eine Rolle. Aber er wird gern als einheimisches R\u00e4ucherkraut genutzt.<\/p>\n\n\n\n<p><strong>Wichtig:<\/strong> nur sehr sparsam und vorsichtig dosieren und nicht in Schwangerschaft und Stillzeit verwenden. \u2003<\/p>\n\n\n\n<figure class=\"wp-block-gallery has-nested-images columns-default is-cropped wp-block-gallery-1 is-layout-flex wp-block-gallery-is-layout-flex\">\n<figure class=\"wp-block-image size-large\"><img loading=\"lazy\" decoding=\"async\" width=\"768\" height=\"1024\" data-id=\"666\" src=\"https:\/\/www.terra-arcanum.de\/wordpress\/wp-content\/uploads\/2025\/02\/IMG_4054-768x1024.jpg\" alt=\"\" class=\"wp-image-666\" srcset=\"https:\/\/www.terra-arcanum.de\/wp-content\/uploads\/2025\/02\/IMG_4054-768x1024.jpg 768w, https:\/\/www.terra-arcanum.de\/wp-content\/uploads\/2025\/02\/IMG_4054-225x300.jpg 225w, https:\/\/www.terra-arcanum.de\/wp-content\/uploads\/2025\/02\/IMG_4054-1152x1536.jpg 1152w, https:\/\/www.terra-arcanum.de\/wp-content\/uploads\/2025\/02\/IMG_4054.jpg 1200w\" sizes=\"auto, (max-width: 768px) 100vw, 768px\" \/><\/figure>\n\n\n\n<figure class=\"wp-block-image size-large\"><img loading=\"lazy\" decoding=\"async\" width=\"595\" height=\"1024\" data-id=\"667\" src=\"https:\/\/www.terra-arcanum.de\/wordpress\/wp-content\/uploads\/2025\/02\/Illustration_Tanacetum_vulgare0-595x1024.jpg\" alt=\"\" class=\"wp-image-667\" srcset=\"https:\/\/www.terra-arcanum.de\/wp-content\/uploads\/2025\/02\/Illustration_Tanacetum_vulgare0-595x1024.jpg 595w, https:\/\/www.terra-arcanum.de\/wp-content\/uploads\/2025\/02\/Illustration_Tanacetum_vulgare0-174x300.jpg 174w, https:\/\/www.terra-arcanum.de\/wp-content\/uploads\/2025\/02\/Illustration_Tanacetum_vulgare0-768x1321.jpg 768w, https:\/\/www.terra-arcanum.de\/wp-content\/uploads\/2025\/02\/Illustration_Tanacetum_vulgare0-893x1536.jpg 893w, https:\/\/www.terra-arcanum.de\/wp-content\/uploads\/2025\/02\/Illustration_Tanacetum_vulgare0-1191x2048.jpg 1191w, https:\/\/www.terra-arcanum.de\/wp-content\/uploads\/2025\/02\/Illustration_Tanacetum_vulgare0.jpg 1413w\" sizes=\"auto, (max-width: 595px) 100vw, 595px\" \/><\/figure>\n<\/figure>\n\n\n\n<hr class=\"wp-block-separator has-alpha-channel-opacity is-style-wide\"\/>\n\n\n\n<figure class=\"wp-block-pullquote\"><blockquote><p>Wie Musik und Kunst, ist die Liebe zur Natur eine gemeinsame Sprache, die politische und soziale Grenzen \u00fcberwinden kann.<\/p><cite>Jimmy Carter<\/cite><\/blockquote><\/figure>\n","protected":false},"excerpt":{"rendered":"<p>Rainfarn (Tanacetum vulgare) Namen: er wird auch Wurmtod, Wurmkraut, Muttergottesrute, Raingerte, Pompel-blumen, Regenfahn, Milchkraut, Unsterblichkeitskraut, Totenkraut genannt Pflanzenfamilie: Korbbl\u00fctler (Asteraceae) Verwendete Pflanzenteile: Bl\u00fcten und Bl\u00e4tter oder ganze Str\u00e4usse Sammelzeit: Juli bis September Inhaltsstoffe: \u00e4therische \u00d6le, Bitterstoffe, Gerbstoffe, Cumarine, Inulin, Flavonoide, &hellip; <a href=\"https:\/\/www.terra-arcanum.de\/index.php\/rainfarn\/\">Weiterlesen <span class=\"meta-nav\">&rarr;<\/span><\/a><\/p>\n","protected":false},"author":2,"featured_media":0,"parent":0,"menu_order":0,"comment_status":"closed","ping_status":"closed","template":"","meta":{"footnotes":""},"class_list":["post-189","page","type-page","status-publish","hentry"],"_links":{"self":[{"href":"https:\/\/www.terra-arcanum.de\/index.php\/wp-json\/wp\/v2\/pages\/189","targetHints":{"allow":["GET"]}}],"collection":[{"href":"https:\/\/www.terra-arcanum.de\/index.php\/wp-json\/wp\/v2\/pages"}],"about":[{"href":"https:\/\/www.terra-arcanum.de\/index.php\/wp-json\/wp\/v2\/types\/page"}],"author":[{"embeddable":true,"href":"https:\/\/www.terra-arcanum.de\/index.php\/wp-json\/wp\/v2\/users\/2"}],"replies":[{"embeddable":true,"href":"https:\/\/www.terra-arcanum.de\/index.php\/wp-json\/wp\/v2\/comments?post=189"}],"version-history":[{"count":0,"href":"https:\/\/www.terra-arcanum.de\/index.php\/wp-json\/wp\/v2\/pages\/189\/revisions"}],"wp:attachment":[{"href":"https:\/\/www.terra-arcanum.de\/index.php\/wp-json\/wp\/v2\/media?parent=189"}],"curies":[{"name":"wp","href":"https:\/\/api.w.org\/{rel}","templated":true}]}}