{"id":190,"date":"2025-02-19T13:42:46","date_gmt":"2025-02-19T13:42:46","guid":{"rendered":"http:\/\/uly-niemann.eu\/?page_id=190"},"modified":"2025-02-19T13:42:46","modified_gmt":"2025-02-19T13:42:46","slug":"sauerampfer","status":"publish","type":"page","link":"https:\/\/www.terra-arcanum.de\/index.php\/sauerampfer\/","title":{"rendered":"Sauerampfer"},"content":{"rendered":"\n<p><strong>Sauerampfer (Rumex acetosa)<\/strong><\/p>\n\n\n\n<p><strong>Namen:<\/strong> Wiesensauerampfer, Sauerlump, Salatampfer<\/p>\n\n\n\n<p><strong>Pflanzenfamilie:<\/strong> Kn\u00f6terichgew\u00e4chs (Polygonaceae)<\/p>\n\n\n\n<p><strong>Verwendete Pflanzenteile:<\/strong> Bl\u00e4tter, das ganze Kraut<\/p>\n\n\n\n<p><strong>Sammelzeit:<\/strong> M\u00e4rz &#8211; Juni<\/p>\n\n\n\n<p><strong>Inhaltsstoffe:<\/strong> Vitamin C, Kaliumhydrogenoxalat, Oxals\u00e4ure, Eisen, \u2026<\/p>\n\n\n\n<p><strong>Heilwirkung\/Anwendung:<\/strong><br>Sauerampfer ist ein Teil der Neunkr\u00e4utersuppe, die zu Gr\u00fcndonnerstag verspeist wird. In der Schulmedizin wird das Kraut nicht verwendet allerdings werden ihm in der Volksmedizin blutreinigende und fiebersenkende Eigenschaften zugesprochen. Die Samen nutzte man zur Wurmkur bei Kindern. Heutzutage wird der Sauerampfer am liebsten frisch als Spinat, im Salat oder in der Suppe verspeist, er l\u00e4sst sich vielf\u00e4ltig und kreativ in der K\u00fcche verwenden. Sogar als Mittel gegen Flecken, wie Rost, Tinte oder sogar Schimmel soll der frische Saft hilfreich sein.<\/p>\n\n\n\n<p><strong>Wichtig:<\/strong> Kinder oder Menschen mit Stoffwechselst\u00f6rungen (z.B. bei Gicht) k\u00f6nnen bei gro\u00dfen Verzehrmengen Probleme mit dem Kaliumhydrogenoxalat bekommen, daher bitte nicht \u00fcberdosieren.<\/p>\n\n\n\n<div class=\"wp-block-columns is-layout-flex wp-container-core-columns-is-layout-9d6595d7 wp-block-columns-is-layout-flex\">\n<div class=\"wp-block-column is-layout-flow wp-block-column-is-layout-flow\" style=\"flex-basis:33.33%\">\n<figure class=\"wp-block-image size-large\"><img loading=\"lazy\" decoding=\"async\" width=\"718\" height=\"1024\" src=\"https:\/\/www.terra-arcanum.de\/wordpress\/wp-content\/uploads\/2025\/02\/Sauerampferpesto-1-718x1024.jpg\" alt=\"\" class=\"wp-image-670\" srcset=\"https:\/\/www.terra-arcanum.de\/wp-content\/uploads\/2025\/02\/Sauerampferpesto-1-718x1024.jpg 718w, https:\/\/www.terra-arcanum.de\/wp-content\/uploads\/2025\/02\/Sauerampferpesto-1-210x300.jpg 210w, https:\/\/www.terra-arcanum.de\/wp-content\/uploads\/2025\/02\/Sauerampferpesto-1-768x1095.jpg 768w, https:\/\/www.terra-arcanum.de\/wp-content\/uploads\/2025\/02\/Sauerampferpesto-1.jpg 830w\" sizes=\"auto, (max-width: 718px) 100vw, 718px\" \/><\/figure>\n<\/div>\n\n\n\n<div class=\"wp-block-column is-layout-flow wp-block-column-is-layout-flow\" style=\"flex-basis:66.66%\">\n<p>leckeres Sauerampferpesto<\/p>\n<\/div>\n<\/div>\n\n\n\n<figure class=\"wp-block-gallery has-nested-images columns-default is-cropped wp-block-gallery-1 is-layout-flex wp-block-gallery-is-layout-flex\">\n<figure class=\"wp-block-image size-large\"><img loading=\"lazy\" decoding=\"async\" width=\"768\" height=\"1024\" data-id=\"672\" src=\"https:\/\/www.terra-arcanum.de\/wordpress\/wp-content\/uploads\/2025\/02\/40926948265_2593a1c0ee_b.jpg\" alt=\"\" class=\"wp-image-672\" srcset=\"https:\/\/www.terra-arcanum.de\/wp-content\/uploads\/2025\/02\/40926948265_2593a1c0ee_b.jpg 768w, https:\/\/www.terra-arcanum.de\/wp-content\/uploads\/2025\/02\/40926948265_2593a1c0ee_b-225x300.jpg 225w\" sizes=\"auto, (max-width: 768px) 100vw, 768px\" \/><\/figure>\n\n\n\n<figure class=\"wp-block-image size-large\"><img loading=\"lazy\" decoding=\"async\" width=\"466\" height=\"771\" data-id=\"671\" src=\"https:\/\/www.terra-arcanum.de\/wordpress\/wp-content\/uploads\/2025\/02\/359_Rumex_acetosa.jpg\" alt=\"\" class=\"wp-image-671\" srcset=\"https:\/\/www.terra-arcanum.de\/wp-content\/uploads\/2025\/02\/359_Rumex_acetosa.jpg 466w, https:\/\/www.terra-arcanum.de\/wp-content\/uploads\/2025\/02\/359_Rumex_acetosa-181x300.jpg 181w\" sizes=\"auto, (max-width: 466px) 100vw, 466px\" \/><\/figure>\n<\/figure>\n\n\n\n<hr class=\"wp-block-separator has-alpha-channel-opacity is-style-wide\"\/>\n\n\n\n<figure class=\"wp-block-pullquote\"><blockquote><p>Lerne von der Geschwindigkeit der Natur: ihr Geheimnis ist Geduld.<\/p><cite>Ralph waldo emerson<\/cite><\/blockquote><\/figure>\n\n\n\n<p><\/p>\n","protected":false},"excerpt":{"rendered":"<p>Sauerampfer (Rumex acetosa) Namen: Wiesensauerampfer, Sauerlump, Salatampfer Pflanzenfamilie: Kn\u00f6terichgew\u00e4chs (Polygonaceae) Verwendete Pflanzenteile: Bl\u00e4tter, das ganze Kraut Sammelzeit: M\u00e4rz &#8211; Juni Inhaltsstoffe: Vitamin C, Kaliumhydrogenoxalat, Oxals\u00e4ure, Eisen, \u2026 Heilwirkung\/Anwendung:Sauerampfer ist ein Teil der Neunkr\u00e4utersuppe, die zu Gr\u00fcndonnerstag verspeist wird. In der &hellip; <a href=\"https:\/\/www.terra-arcanum.de\/index.php\/sauerampfer\/\">Weiterlesen <span class=\"meta-nav\">&rarr;<\/span><\/a><\/p>\n","protected":false},"author":2,"featured_media":0,"parent":0,"menu_order":0,"comment_status":"closed","ping_status":"closed","template":"","meta":{"footnotes":""},"class_list":["post-190","page","type-page","status-publish","hentry"],"_links":{"self":[{"href":"https:\/\/www.terra-arcanum.de\/index.php\/wp-json\/wp\/v2\/pages\/190","targetHints":{"allow":["GET"]}}],"collection":[{"href":"https:\/\/www.terra-arcanum.de\/index.php\/wp-json\/wp\/v2\/pages"}],"about":[{"href":"https:\/\/www.terra-arcanum.de\/index.php\/wp-json\/wp\/v2\/types\/page"}],"author":[{"embeddable":true,"href":"https:\/\/www.terra-arcanum.de\/index.php\/wp-json\/wp\/v2\/users\/2"}],"replies":[{"embeddable":true,"href":"https:\/\/www.terra-arcanum.de\/index.php\/wp-json\/wp\/v2\/comments?post=190"}],"version-history":[{"count":0,"href":"https:\/\/www.terra-arcanum.de\/index.php\/wp-json\/wp\/v2\/pages\/190\/revisions"}],"wp:attachment":[{"href":"https:\/\/www.terra-arcanum.de\/index.php\/wp-json\/wp\/v2\/media?parent=190"}],"curies":[{"name":"wp","href":"https:\/\/api.w.org\/{rel}","templated":true}]}}