{"id":191,"date":"2025-02-19T13:42:46","date_gmt":"2025-02-19T13:42:46","guid":{"rendered":"http:\/\/uly-niemann.eu\/?page_id=191"},"modified":"2026-03-23T13:30:15","modified_gmt":"2026-03-23T13:30:15","slug":"schafgarbe","status":"publish","type":"page","link":"https:\/\/www.terra-arcanum.de\/index.php\/schafgarbe\/","title":{"rendered":"Schafgarbe"},"content":{"rendered":"\n<p><strong>Die Schafgarbe (Achillea millefolium)&nbsp;&nbsp;&nbsp;&nbsp;&nbsp; &nbsp;&nbsp;<\/strong><\/p>\n\n\n\n<p><strong>Namen:<\/strong> Augenbraue der Venus, Frauenkraut, Frauendank, Soldatenkraut, Blutstillkraut, Wundkraut, Heil aller Welt, Zimmermannskraut,&#8230;Der Name &#8222;Soldatenkraut&#8220; zeugt davon, dass sie im Krieg auch gute Dienste bei Verletzungen auf dem Schlachtfeld tat. &#8222;Millefolium&#8220; hei\u00dft soviel wie &#8222;tausend Bl\u00e4tter&#8220;, was sich von selbst erkl\u00e4rt, wenn man die fein gefiederten, zarten Bl\u00e4tter (die einer Augenbraue wirklich \u00e4hnlich sehen) anschaut. &#8222;Garbe&#8220; kommt von &#8222;garwe&#8220;, was soviel wie &#8222;gesundmachen&#8220; bedeutet.<\/p>\n\n\n\n<p>Pflanzenfamilie: Die Schafgarbe geh\u00f6rt zu den Korbbl\u00fctlern (Asteraceae), obwohl man meinen k\u00f6nnte, einen Doldenbl\u00fctler vor sich zu haben, allerdings fehlt der Schafgarbe die regenschirmartige typische W\u00f6lbung, die alle Doldenbl\u00fcter gemein haben.<\/p>\n\n\n\n<p><strong>Verwendete Pflanzenteile:<\/strong> das bl\u00fchende Kraut<\/p>\n\n\n\n<p><strong>Sammelzeit:<\/strong> zur Bl\u00fcte im Sommer. Tipp: mit einem Messer oder einer Schere abschneiden, der St\u00e4ngel ist so hart, dass man sonst die Pflanze samt Wurzel ausrei\u00dft, da sie sich schlecht abpfl\u00fccken l\u00e4sst.<\/p>\n\n\n\n<p><strong>Inhaltsstoffe:<\/strong> Azulen, \u00e4therische \u00d6le, Gerbstoffe, Flavonoide, Kampfer, Achillein und andere Bitterstoffe, verschiedene Mineralien (v. a. Kalium),&#8230;<\/p>\n\n\n\n<p><strong>Heilwirkung\/Anwendung:<\/strong> Die Schafgarbe ist ein ausgesprochenes Frauenkraut, sie wird traditionell bei Erkrankungen der &#8222;venusischen&#8220; Organe, wie Geb\u00e4rmutter, Scheide, Eierst\u00f6cke, Niere und Blase verwendet. Sie hilft uns, unsere Mitte zwischen den Extremen zu finden, wie das z.B. in \u00dcbergangssituationen wie Pubert\u00e4t oder Wechseljahren der Fall ist. Besonders erw\u00e4hnenswert ist auch ihr Bezug zum ven\u00f6sen Gef\u00e4\u00dfsystem, was durch die Schafgarbe St\u00e4rkung erfahren kann (denken wir nur an den starken St\u00e4ngel!), deshalb wird sie traditionell bei H\u00e4morrhoiden, Krampfadern oder Thrombosen verwendet.Hildegard von Bingen empfiehlt Schafgarbentee als Vorbereitung zu Operationen und zwar zwei Wochen vor und zwei Wochen nach der OP- die Wunden bluten weniger und die Heilung wird beschleunigt. Die alten Geschichten und volkst\u00fcmlichen Namen geben jedenfalls schon so viel Aufschluss \u00fcber ihre Nutzung! Sie wird generell bei Wunden aller Art verwendet, schon die Indianer nutzten sie bei Verletzungen, wuschen sie z.B. mit Schafgarbensud. Die aromatischen Bitterstoffe regen die Verdauungss\u00e4fte sanft an und unterst\u00fctzen die Leber bei ihrer Entgiftungsarbeit.<\/p>\n\n\n\n<div class=\"wp-block-columns is-layout-flex wp-container-core-columns-is-layout-9d6595d7 wp-block-columns-is-layout-flex\">\n<div class=\"wp-block-column is-layout-flow wp-block-column-is-layout-flow\" style=\"flex-basis:33.33%\">\n<figure class=\"wp-block-image size-large\"><img loading=\"lazy\" decoding=\"async\" width=\"1024\" height=\"785\" src=\"https:\/\/www.terra-arcanum.de\/wordpress\/wp-content\/uploads\/2025\/02\/DSCN2623-Schafgarbe-scaled-1-1024x785.jpg\" alt=\"\" class=\"wp-image-676\" srcset=\"https:\/\/www.terra-arcanum.de\/wp-content\/uploads\/2025\/02\/DSCN2623-Schafgarbe-scaled-1-1024x785.jpg 1024w, https:\/\/www.terra-arcanum.de\/wp-content\/uploads\/2025\/02\/DSCN2623-Schafgarbe-scaled-1-300x230.jpg 300w, https:\/\/www.terra-arcanum.de\/wp-content\/uploads\/2025\/02\/DSCN2623-Schafgarbe-scaled-1-768x589.jpg 768w, https:\/\/www.terra-arcanum.de\/wp-content\/uploads\/2025\/02\/DSCN2623-Schafgarbe-scaled-1-1536x1178.jpg 1536w, https:\/\/www.terra-arcanum.de\/wp-content\/uploads\/2025\/02\/DSCN2623-Schafgarbe-scaled-1-2048x1570.jpg 2048w, https:\/\/www.terra-arcanum.de\/wp-content\/uploads\/2025\/02\/DSCN2623-Schafgarbe-scaled-1-391x300.jpg 391w\" sizes=\"auto, (max-width: 1024px) 100vw, 1024px\" \/><\/figure>\n<\/div>\n\n\n\n<div class=\"wp-block-column is-layout-flow wp-block-column-is-layout-flow\" style=\"flex-basis:66.66%\">\n<p>Mini-Schafgarbenbl\u00e4tter im zeitigen Fr\u00fchjahr<\/p>\n<\/div>\n<\/div>\n\n\n\n<figure class=\"wp-block-gallery has-nested-images columns-default is-cropped wp-block-gallery-1 is-layout-flex wp-block-gallery-is-layout-flex\">\n<figure class=\"wp-block-image size-large\"><img loading=\"lazy\" decoding=\"async\" width=\"576\" height=\"1024\" data-id=\"678\" src=\"https:\/\/www.terra-arcanum.de\/wordpress\/wp-content\/uploads\/2025\/02\/20200628_150404-Kopie-1-scaled-1-576x1024.jpg\" alt=\"\" class=\"wp-image-678\" srcset=\"https:\/\/www.terra-arcanum.de\/wp-content\/uploads\/2025\/02\/20200628_150404-Kopie-1-scaled-1-576x1024.jpg 576w, https:\/\/www.terra-arcanum.de\/wp-content\/uploads\/2025\/02\/20200628_150404-Kopie-1-scaled-1-169x300.jpg 169w, https:\/\/www.terra-arcanum.de\/wp-content\/uploads\/2025\/02\/20200628_150404-Kopie-1-scaled-1-768x1365.jpg 768w, https:\/\/www.terra-arcanum.de\/wp-content\/uploads\/2025\/02\/20200628_150404-Kopie-1-scaled-1-864x1536.jpg 864w, https:\/\/www.terra-arcanum.de\/wp-content\/uploads\/2025\/02\/20200628_150404-Kopie-1-scaled-1-1152x2048.jpg 1152w, https:\/\/www.terra-arcanum.de\/wp-content\/uploads\/2025\/02\/20200628_150404-Kopie-1-scaled-1.jpg 1440w\" sizes=\"auto, (max-width: 576px) 100vw, 576px\" \/><\/figure>\n\n\n\n<figure class=\"wp-block-image size-large\"><img loading=\"lazy\" decoding=\"async\" width=\"617\" height=\"900\" data-id=\"677\" src=\"https:\/\/www.terra-arcanum.de\/wordpress\/wp-content\/uploads\/2025\/02\/schafgarbe-achillea-millefolium-zeichnung-2.jpg\" alt=\"\" class=\"wp-image-677\" srcset=\"https:\/\/www.terra-arcanum.de\/wp-content\/uploads\/2025\/02\/schafgarbe-achillea-millefolium-zeichnung-2.jpg 617w, https:\/\/www.terra-arcanum.de\/wp-content\/uploads\/2025\/02\/schafgarbe-achillea-millefolium-zeichnung-2-206x300.jpg 206w\" sizes=\"auto, (max-width: 617px) 100vw, 617px\" \/><\/figure>\n<\/figure>\n\n\n\n<hr class=\"wp-block-separator has-alpha-channel-opacity is-style-wide\"\/>\n\n\n\n<figure class=\"wp-block-pullquote\"><blockquote><p>Wer seinen Wohlstand vermehren m\u00f6chte, der sollte sich an den Bienen ein Beispiel nehmen. Sie sammeln den Honig, ohne die Blumen zu zerst\u00f6ren. Sie sind sogar n\u00fctzlich f\u00fcr die Blumen. Sammle deinen Reichtum, ohne seine Quellen zu zerst\u00f6ren, dann wird er best\u00e4ndig zunehmen.<\/p><cite>Buddha<\/cite><\/blockquote><\/figure>\n","protected":false},"excerpt":{"rendered":"<p>Die Schafgarbe (Achillea millefolium)&nbsp;&nbsp;&nbsp;&nbsp;&nbsp; &nbsp;&nbsp; Namen: Augenbraue der Venus, Frauenkraut, Frauendank, Soldatenkraut, Blutstillkraut, Wundkraut, Heil aller Welt, Zimmermannskraut,&#8230;Der Name &#8222;Soldatenkraut&#8220; zeugt davon, dass sie im Krieg auch gute Dienste bei Verletzungen auf dem Schlachtfeld tat. &#8222;Millefolium&#8220; hei\u00dft soviel wie &#8222;tausend &hellip; <a href=\"https:\/\/www.terra-arcanum.de\/index.php\/schafgarbe\/\">Weiterlesen <span class=\"meta-nav\">&rarr;<\/span><\/a><\/p>\n","protected":false},"author":2,"featured_media":0,"parent":0,"menu_order":0,"comment_status":"closed","ping_status":"closed","template":"","meta":{"footnotes":""},"class_list":["post-191","page","type-page","status-publish","hentry"],"_links":{"self":[{"href":"https:\/\/www.terra-arcanum.de\/index.php\/wp-json\/wp\/v2\/pages\/191","targetHints":{"allow":["GET"]}}],"collection":[{"href":"https:\/\/www.terra-arcanum.de\/index.php\/wp-json\/wp\/v2\/pages"}],"about":[{"href":"https:\/\/www.terra-arcanum.de\/index.php\/wp-json\/wp\/v2\/types\/page"}],"author":[{"embeddable":true,"href":"https:\/\/www.terra-arcanum.de\/index.php\/wp-json\/wp\/v2\/users\/2"}],"replies":[{"embeddable":true,"href":"https:\/\/www.terra-arcanum.de\/index.php\/wp-json\/wp\/v2\/comments?post=191"}],"version-history":[{"count":1,"href":"https:\/\/www.terra-arcanum.de\/index.php\/wp-json\/wp\/v2\/pages\/191\/revisions"}],"predecessor-version":[{"id":1135,"href":"https:\/\/www.terra-arcanum.de\/index.php\/wp-json\/wp\/v2\/pages\/191\/revisions\/1135"}],"wp:attachment":[{"href":"https:\/\/www.terra-arcanum.de\/index.php\/wp-json\/wp\/v2\/media?parent=191"}],"curies":[{"name":"wp","href":"https:\/\/api.w.org\/{rel}","templated":true}]}}