{"id":193,"date":"2025-02-19T13:42:46","date_gmt":"2025-02-19T13:42:46","guid":{"rendered":"http:\/\/uly-niemann.eu\/?page_id=193"},"modified":"2026-03-23T11:26:20","modified_gmt":"2026-03-23T11:26:20","slug":"schoellkraut","status":"publish","type":"page","link":"https:\/\/www.terra-arcanum.de\/index.php\/schoellkraut\/","title":{"rendered":"Sch\u00f6llkraut"},"content":{"rendered":"\n<p><strong>Sch\u00f6llkraut (Chelidonium majus)<\/strong><\/p>\n\n\n\n<p><strong>Namen:<\/strong> Bocks- und Ziegenkraut, Schwalbenwurz, Schellkraut, Goldkraut, War-zenkraut, Trudenmilchkraut, Augenkraut, Blutkraut, Gottesgabe<\/p>\n\n\n\n<p><strong>Pflanzenfamilie:<\/strong> Mohngew\u00e4chse (Papaveraceae)<\/p>\n\n\n\n<p><strong>Verwendete Pflanzenteile:<\/strong> bl\u00fchendes Kraut, Wurzeln<\/p>\n\n\n\n<p><strong>Sammelzeit:<\/strong> April &#8211; Oktober<\/p>\n\n\n\n<p><strong>Inhaltsstoffe:<\/strong> Alkaloide, \u00e4therische \u00d6le, Vitamine, Bitterstoffe<\/p>\n\n\n\n<p><strong>Heilwirkung\/Anwendung:<\/strong> Allgemein bekannt ist das Kraut als ein Mittel gegen Warzen, dazu tupft man den frischen gelben Milchsaft der Pflanze auf. Da Warzen durch Viren verursacht werden und die Alkaloide der Pflanze antiviral wirken, hat man eine gute Erfolgschance. In der heutigen Medizin ist Sch\u00f6llkraut eine wichtige Leberpflanze, in vielen Rezepturen ist sie wegen ihrer \u201eentspannenden\u201c Wirkung auf den Gallefluss ein wichtiger Bestandteil. Auch Paracelsus verwendete das Kraut zur Behandlung bei Gelbsucht und Lebererkrankungen, der Einsatz von Sch\u00f6llkraut geht aber viel weiter zur\u00fcck, seit der Antike wird es vor allem bei Leberleiden oder Verschleimungen der Galle eingesetzt. Die Augen stehen in der chinesischen Medizin energetisch mit der Leber in Verbindung, daher wundert es nicht, dass es fr\u00fcher auch bei Augenentz\u00fcndungen und Augenbeschwerden eingesetzt wurde.<\/p>\n\n\n\n<p><strong>Wichtig:<\/strong> Vorsicht! Die Pflanze ist frisch relativ giftig und f\u00fcr den innerlichen Gebrauch nur sehr eingeschr\u00e4nkt empfehlenswert, man kann sie aber gezielt \u00e4u\u00dferlich anwenden, auch ein Fu\u00dfbad mit dem Absud der frischen Pflanze hat wohltuende Wirkung auf die Leber und als Leberwickel ist sie reflektorisch \u00fcber die Haut wirksam. Getrocknet verliert sich die Giftigkeit und es kann sparsam und vorsichtig dosiert in Kr\u00e4uter-Mischungen innerlich verwendet werden.<\/p>\n\n\n\n<figure class=\"wp-block-gallery has-nested-images columns-default is-cropped wp-block-gallery-1 is-layout-flex wp-block-gallery-is-layout-flex\">\n<figure class=\"wp-block-image size-large\"><img loading=\"lazy\" decoding=\"async\" width=\"1024\" height=\"768\" data-id=\"687\" src=\"https:\/\/www.terra-arcanum.de\/wordpress\/wp-content\/uploads\/2025\/02\/DSCN3437-scaled-1-1024x768.jpg\" alt=\"\" class=\"wp-image-687\" srcset=\"https:\/\/www.terra-arcanum.de\/wp-content\/uploads\/2025\/02\/DSCN3437-scaled-1-1024x768.jpg 1024w, https:\/\/www.terra-arcanum.de\/wp-content\/uploads\/2025\/02\/DSCN3437-scaled-1-300x225.jpg 300w, https:\/\/www.terra-arcanum.de\/wp-content\/uploads\/2025\/02\/DSCN3437-scaled-1-768x576.jpg 768w, https:\/\/www.terra-arcanum.de\/wp-content\/uploads\/2025\/02\/DSCN3437-scaled-1-1536x1152.jpg 1536w, https:\/\/www.terra-arcanum.de\/wp-content\/uploads\/2025\/02\/DSCN3437-scaled-1-2048x1536.jpg 2048w, https:\/\/www.terra-arcanum.de\/wp-content\/uploads\/2025\/02\/DSCN3437-scaled-1-400x300.jpg 400w\" sizes=\"auto, (max-width: 1024px) 100vw, 1024px\" \/><\/figure>\n\n\n\n<figure class=\"wp-block-image size-large\"><img loading=\"lazy\" decoding=\"async\" width=\"800\" height=\"997\" data-id=\"686\" src=\"https:\/\/www.terra-arcanum.de\/wordpress\/wp-content\/uploads\/2025\/02\/800px-Chelidonium_Koehler_1887.jpg\" alt=\"\" class=\"wp-image-686\" srcset=\"https:\/\/www.terra-arcanum.de\/wp-content\/uploads\/2025\/02\/800px-Chelidonium_Koehler_1887.jpg 800w, https:\/\/www.terra-arcanum.de\/wp-content\/uploads\/2025\/02\/800px-Chelidonium_Koehler_1887-241x300.jpg 241w, https:\/\/www.terra-arcanum.de\/wp-content\/uploads\/2025\/02\/800px-Chelidonium_Koehler_1887-768x957.jpg 768w\" sizes=\"auto, (max-width: 800px) 100vw, 800px\" \/><\/figure>\n<\/figure>\n\n\n\n<hr class=\"wp-block-separator has-alpha-channel-opacity is-style-wide\"\/>\n\n\n\n<figure class=\"wp-block-pullquote\"><blockquote><p>Die wei\u00dfen W\u00f6lkchen, die das blaue Meer und die Landschaften fast z\u00e4rtlich zu ber\u00fchren scheinen!<br>Das Gr\u00fcn der Wiesen, das im Wind zu schwimmen scheint und die wei\u00df bedeckten Gipfel der Berge&#8230;ein herrliches Bild!<br>Doch kommt man n\u00e4her, dann sieht man an der Oberfl\u00e4che des herrlichen Planeten nur Oberfl\u00e4chlichkeiten!<\/p><cite>Reiner J. Laubach<\/cite><\/blockquote><\/figure>\n","protected":false},"excerpt":{"rendered":"<p>Sch\u00f6llkraut (Chelidonium majus) Namen: Bocks- und Ziegenkraut, Schwalbenwurz, Schellkraut, Goldkraut, War-zenkraut, Trudenmilchkraut, Augenkraut, Blutkraut, Gottesgabe Pflanzenfamilie: Mohngew\u00e4chse (Papaveraceae) Verwendete Pflanzenteile: bl\u00fchendes Kraut, Wurzeln Sammelzeit: April &#8211; Oktober Inhaltsstoffe: Alkaloide, \u00e4therische \u00d6le, Vitamine, Bitterstoffe Heilwirkung\/Anwendung: Allgemein bekannt ist das Kraut als &hellip; <a href=\"https:\/\/www.terra-arcanum.de\/index.php\/schoellkraut\/\">Weiterlesen <span class=\"meta-nav\">&rarr;<\/span><\/a><\/p>\n","protected":false},"author":2,"featured_media":0,"parent":0,"menu_order":0,"comment_status":"closed","ping_status":"closed","template":"","meta":{"footnotes":""},"class_list":["post-193","page","type-page","status-publish","hentry"],"_links":{"self":[{"href":"https:\/\/www.terra-arcanum.de\/index.php\/wp-json\/wp\/v2\/pages\/193","targetHints":{"allow":["GET"]}}],"collection":[{"href":"https:\/\/www.terra-arcanum.de\/index.php\/wp-json\/wp\/v2\/pages"}],"about":[{"href":"https:\/\/www.terra-arcanum.de\/index.php\/wp-json\/wp\/v2\/types\/page"}],"author":[{"embeddable":true,"href":"https:\/\/www.terra-arcanum.de\/index.php\/wp-json\/wp\/v2\/users\/2"}],"replies":[{"embeddable":true,"href":"https:\/\/www.terra-arcanum.de\/index.php\/wp-json\/wp\/v2\/comments?post=193"}],"version-history":[{"count":1,"href":"https:\/\/www.terra-arcanum.de\/index.php\/wp-json\/wp\/v2\/pages\/193\/revisions"}],"predecessor-version":[{"id":1083,"href":"https:\/\/www.terra-arcanum.de\/index.php\/wp-json\/wp\/v2\/pages\/193\/revisions\/1083"}],"wp:attachment":[{"href":"https:\/\/www.terra-arcanum.de\/index.php\/wp-json\/wp\/v2\/media?parent=193"}],"curies":[{"name":"wp","href":"https:\/\/api.w.org\/{rel}","templated":true}]}}