{"id":195,"date":"2025-02-19T13:42:46","date_gmt":"2025-02-19T13:42:46","guid":{"rendered":"http:\/\/uly-niemann.eu\/?page_id=195"},"modified":"2026-03-23T11:27:26","modified_gmt":"2026-03-23T11:27:26","slug":"wasserdost","status":"publish","type":"page","link":"https:\/\/www.terra-arcanum.de\/index.php\/wasserdost\/","title":{"rendered":"Wasserdost"},"content":{"rendered":"\n<p><strong>Wasserdost (Eupatorium cannabinum)<\/strong><\/p>\n\n\n\n<p><strong>Namen:<\/strong> Kunigundenkraut, Wasserhanf, Blauwetterk\u00fchl, Grundheil, L\u00e4mmerschwanz<\/p>\n\n\n\n<p><strong>Pflanzenfamilie:<\/strong> Korbbl\u00fctler (Asteraceae)<\/p>\n\n\n\n<p><strong>Verwendete Pflanzenteile:<\/strong> unaufgebl\u00fchte Doldenrispe, die Wurzeln bzw. Rhizome, das ganze Kraut<\/p>\n\n\n\n<p><strong>Sammelzeit:<\/strong> Juli bis September<\/p>\n\n\n\n<p><strong>Inhaltsstoffe:<\/strong> Bitterstoffe Eupatoriopikrin, sowie Lactucerol, Euparin, Saponine, Xylane, Gerbstoffe und \u00e4therische \u00d6le<\/p>\n\n\n\n<p><strong>Heilwirkung\/Anwendung:<\/strong> Fr\u00fcher nutzen die Indianer den Wasserdost schon gegen Fieber, Erk\u00e4ltungen und Leberleiden, denn er besitzt eine hohe immunst\u00e4rkende Wirkung. Man hat herausgefunden, dass die enthaltenen Xylane die Kommunikation der Immunzellen untereinander verbessern und beschleunigen, somit ist die Pflanze das Mittel der Wahl zu Beginn jeder Infektionskrankheit, h\u00e4ufig kann die Infektion so fr\u00fchzeitig einged\u00e4mmt werden. Aber auch, wenn es schon zu einer Infektion gekommen ist, lindert der Wasserdost die typischen Symptome wie Fieber und Kopf- und Gliederschmerzen. Auch nach einer Infektion nutzen uns seine blutreinigenden Eigenschaften, indem er Leber reinigt und Milz und Galle anregt.<\/p>\n\n\n\n<p><strong>Wichtig:<\/strong> Wasserdost enth\u00e4lt Pyrrolizidinalkaloide und sollte nur zeitweilig in geringer Dosierung zu sich genommen werden. Kein Dauergebrauch! Vorsicht in Schwangerschaft und Stillzeit.<\/p>\n\n\n\n<figure class=\"wp-block-gallery has-nested-images columns-default is-cropped wp-block-gallery-1 is-layout-flex wp-block-gallery-is-layout-flex\">\n<figure class=\"wp-block-image size-large\"><img loading=\"lazy\" decoding=\"async\" width=\"1024\" height=\"768\" data-id=\"695\" src=\"https:\/\/www.terra-arcanum.de\/wordpress\/wp-content\/uploads\/2025\/02\/DSCN4471-scaled-1-1024x768.jpg\" alt=\"\" class=\"wp-image-695\" srcset=\"https:\/\/www.terra-arcanum.de\/wp-content\/uploads\/2025\/02\/DSCN4471-scaled-1-1024x768.jpg 1024w, https:\/\/www.terra-arcanum.de\/wp-content\/uploads\/2025\/02\/DSCN4471-scaled-1-300x225.jpg 300w, https:\/\/www.terra-arcanum.de\/wp-content\/uploads\/2025\/02\/DSCN4471-scaled-1-768x576.jpg 768w, https:\/\/www.terra-arcanum.de\/wp-content\/uploads\/2025\/02\/DSCN4471-scaled-1-1536x1152.jpg 1536w, https:\/\/www.terra-arcanum.de\/wp-content\/uploads\/2025\/02\/DSCN4471-scaled-1-2048x1536.jpg 2048w, https:\/\/www.terra-arcanum.de\/wp-content\/uploads\/2025\/02\/DSCN4471-scaled-1-400x300.jpg 400w\" sizes=\"auto, (max-width: 1024px) 100vw, 1024px\" \/><\/figure>\n\n\n\n<figure class=\"wp-block-image size-large\"><img loading=\"lazy\" decoding=\"async\" width=\"688\" height=\"1006\" data-id=\"694\" src=\"https:\/\/www.terra-arcanum.de\/wordpress\/wp-content\/uploads\/2025\/02\/Eupatorium_cannabinum_Sturm4.jpg\" alt=\"\" class=\"wp-image-694\" srcset=\"https:\/\/www.terra-arcanum.de\/wp-content\/uploads\/2025\/02\/Eupatorium_cannabinum_Sturm4.jpg 688w, https:\/\/www.terra-arcanum.de\/wp-content\/uploads\/2025\/02\/Eupatorium_cannabinum_Sturm4-205x300.jpg 205w\" sizes=\"auto, (max-width: 688px) 100vw, 688px\" \/><\/figure>\n<\/figure>\n\n\n\n<hr class=\"wp-block-separator has-alpha-channel-opacity is-style-wide\"\/>\n\n\n\n<figure class=\"wp-block-pullquote\"><blockquote><p>Ab und an brauchen wir Wunder um zu verhindern, dass die Realit\u00e4t uns l\u00e4hmt.<\/p><cite>Jodi Picoult<\/cite><\/blockquote><\/figure>\n","protected":false},"excerpt":{"rendered":"<p>Wasserdost (Eupatorium cannabinum) Namen: Kunigundenkraut, Wasserhanf, Blauwetterk\u00fchl, Grundheil, L\u00e4mmerschwanz Pflanzenfamilie: Korbbl\u00fctler (Asteraceae) Verwendete Pflanzenteile: unaufgebl\u00fchte Doldenrispe, die Wurzeln bzw. Rhizome, das ganze Kraut Sammelzeit: Juli bis September Inhaltsstoffe: Bitterstoffe Eupatoriopikrin, sowie Lactucerol, Euparin, Saponine, Xylane, Gerbstoffe und \u00e4therische \u00d6le Heilwirkung\/Anwendung: &hellip; <a href=\"https:\/\/www.terra-arcanum.de\/index.php\/wasserdost\/\">Weiterlesen <span class=\"meta-nav\">&rarr;<\/span><\/a><\/p>\n","protected":false},"author":2,"featured_media":0,"parent":0,"menu_order":0,"comment_status":"closed","ping_status":"closed","template":"","meta":{"footnotes":""},"class_list":["post-195","page","type-page","status-publish","hentry"],"_links":{"self":[{"href":"https:\/\/www.terra-arcanum.de\/index.php\/wp-json\/wp\/v2\/pages\/195","targetHints":{"allow":["GET"]}}],"collection":[{"href":"https:\/\/www.terra-arcanum.de\/index.php\/wp-json\/wp\/v2\/pages"}],"about":[{"href":"https:\/\/www.terra-arcanum.de\/index.php\/wp-json\/wp\/v2\/types\/page"}],"author":[{"embeddable":true,"href":"https:\/\/www.terra-arcanum.de\/index.php\/wp-json\/wp\/v2\/users\/2"}],"replies":[{"embeddable":true,"href":"https:\/\/www.terra-arcanum.de\/index.php\/wp-json\/wp\/v2\/comments?post=195"}],"version-history":[{"count":1,"href":"https:\/\/www.terra-arcanum.de\/index.php\/wp-json\/wp\/v2\/pages\/195\/revisions"}],"predecessor-version":[{"id":1085,"href":"https:\/\/www.terra-arcanum.de\/index.php\/wp-json\/wp\/v2\/pages\/195\/revisions\/1085"}],"wp:attachment":[{"href":"https:\/\/www.terra-arcanum.de\/index.php\/wp-json\/wp\/v2\/media?parent=195"}],"curies":[{"name":"wp","href":"https:\/\/api.w.org\/{rel}","templated":true}]}}