{"id":196,"date":"2025-02-19T13:42:46","date_gmt":"2025-02-19T13:42:46","guid":{"rendered":"http:\/\/uly-niemann.eu\/?page_id=196"},"modified":"2025-02-19T13:42:46","modified_gmt":"2025-02-19T13:42:46","slug":"wiesenbaerenklau","status":"publish","type":"page","link":"https:\/\/www.terra-arcanum.de\/index.php\/wiesenbaerenklau\/","title":{"rendered":"Wiesenb\u00e4renklau"},"content":{"rendered":"\n<p><strong>Wiesenb\u00e4renklau (Heracleum sphondylium)<\/strong><\/p>\n\n\n\n<p><br><strong>Namen:<\/strong> B\u00e4rentatze, Wolfsklau, Fl\u00f6teblum, Blosrohr, Sunneschirmche, Wiesenrhabarber, Stengelchrut, S\u00fc\u00dfkraut, Zuckerkraut<\/p>\n\n\n\n<p><strong>Pflanzenfamilie<\/strong>: Doldenbl\u00fctler (Apiaceae)<\/p>\n\n\n\n<p><strong>Verwendete Pflanzenteile:<\/strong> Bl\u00e4tter, Bl\u00fctenknospen, Bl\u00fcten und Fr\u00fcchte, Wurzel<\/p>\n\n\n\n<p><strong>Sammelzeit:<\/strong> junge Triebe im M\u00e4rz- April, Wurzel ab September<\/p>\n\n\n\n<p><strong>Inhaltsstoffe:<\/strong> Bitterstoffe, Provitamin A, Eiwei\u00df, Eisen, Kalium, Phosphor, Magnesium, Calcium und Vitamin C, Kampfer, \u00e4therische \u00d6le, Kaffe-, Linol-, Palmitin- und \u00d6ls\u00e4uren<\/p>\n\n\n\n<p><strong>Heilwirkung\/Anwendung:<\/strong><br>Viele Kr\u00e4uter mit der Silbe -b\u00e4r wurden in fr\u00fcheren Zeiten in der Frauenheilkunde eingesetzt. Dem B\u00e4renklau sagte man eine regulierende Wirkung auf die Menstruation nach. \u00c4hnlich wie Ginseng wurde die Wurzel aber auch als Verj\u00fcngungsmittel und Aphrodisiakum genutzt.<br>Den B\u00e4renklau verwendet man in der Naturheilkunde auch f\u00fcr St\u00f6rungen im zentralen Nervensystem, bei multipler Sklerose, Tuberkulose, Atemnot, Entz\u00fcndungen im Rachenraum und Bronchitis. Er hat eine blutdrucksenkende und verdauungsf\u00f6rdernde Wirkung. Somit wird er auch gern bei Lethargie, \u00dcbelkeit und Kopfschmerzen eingesetzt.<br>Kulinarisch ist der Wiesenb\u00e4renklau aufgrund seiner Ergiebigkeit und seines Aromas eines der besten Wildpflanzen. Vom Fr\u00fchjahr bis zum Herbst k\u00f6nnen verschiedene Pflanzenteile gesammelt und auf vielf\u00e4ltige Art und Weise verwendet werden. Solange die Bl\u00e4tter noch zusammengefaltet sind und hellgr\u00fcn gl\u00e4nzen, k\u00f6nnen diese im Fr\u00fchjahr geerntet werden. Im Fr\u00fchsommer k\u00f6nnen die jungen Blattst\u00e4ngel roh und ungesch\u00e4lt verarbeitet werden. Im Sommer dann, wenn sich die Stengel nicht mehr brechen lassen, k\u00f6nnen diese wie Rhabarber gesch\u00e4lt werden. Am k\u00f6stlichsten sind wohl die jungen Bl\u00fctenknospen, die im Juni geerntet werden k\u00f6nnen. Die gr\u00fcnen Samen, im Herbst geerntet, beinhalten eine exotische, limetten\u00e4hnliche W\u00fcrze.<\/p>\n\n\n\n<p><strong>Wichtig:<\/strong> Um eine Verwechslung mit dem Riesenb\u00e4renklau auszuschlie\u00dfen, sollte eine genaue Identifikation sichergestellt sein. Empfindliche Menschen sollten bei der Ernte des Wiesenb\u00e4renklaus besser Handschuhe tragen, da es an den Kontaktstellen zur \u201eWiesen-Dermatitis\u201c kommen kann.&nbsp;<\/p>\n\n\n\n<figure class=\"wp-block-gallery has-nested-images columns-default is-cropped wp-block-gallery-1 is-layout-flex wp-block-gallery-is-layout-flex\">\n<figure class=\"wp-block-image size-large\"><img loading=\"lazy\" decoding=\"async\" width=\"707\" height=\"1024\" data-id=\"702\" src=\"https:\/\/www.terra-arcanum.de\/wordpress\/wp-content\/uploads\/2025\/02\/Wiesenbaerenklau-707x1024.jpg\" alt=\"\" class=\"wp-image-702\" srcset=\"https:\/\/www.terra-arcanum.de\/wp-content\/uploads\/2025\/02\/Wiesenbaerenklau-707x1024.jpg 707w, https:\/\/www.terra-arcanum.de\/wp-content\/uploads\/2025\/02\/Wiesenbaerenklau-207x300.jpg 207w, https:\/\/www.terra-arcanum.de\/wp-content\/uploads\/2025\/02\/Wiesenbaerenklau-768x1112.jpg 768w, https:\/\/www.terra-arcanum.de\/wp-content\/uploads\/2025\/02\/Wiesenbaerenklau-1061x1536.jpg 1061w, https:\/\/www.terra-arcanum.de\/wp-content\/uploads\/2025\/02\/Wiesenbaerenklau.jpg 1381w\" sizes=\"auto, (max-width: 707px) 100vw, 707px\" \/><\/figure>\n\n\n\n<figure class=\"wp-block-image size-large\"><img loading=\"lazy\" decoding=\"async\" width=\"679\" height=\"1024\" data-id=\"700\" src=\"https:\/\/www.terra-arcanum.de\/wordpress\/wp-content\/uploads\/2025\/02\/800px-Heracleum_sphondylium_Thome_Bd.3_1905_BHL-81509_Tafel_451_clean_no-description-679x1024.jpg\" alt=\"\" class=\"wp-image-700\" srcset=\"https:\/\/www.terra-arcanum.de\/wp-content\/uploads\/2025\/02\/800px-Heracleum_sphondylium_Thome_Bd.3_1905_BHL-81509_Tafel_451_clean_no-description-679x1024.jpg 679w, https:\/\/www.terra-arcanum.de\/wp-content\/uploads\/2025\/02\/800px-Heracleum_sphondylium_Thome_Bd.3_1905_BHL-81509_Tafel_451_clean_no-description-199x300.jpg 199w, https:\/\/www.terra-arcanum.de\/wp-content\/uploads\/2025\/02\/800px-Heracleum_sphondylium_Thome_Bd.3_1905_BHL-81509_Tafel_451_clean_no-description-768x1158.jpg 768w, https:\/\/www.terra-arcanum.de\/wp-content\/uploads\/2025\/02\/800px-Heracleum_sphondylium_Thome_Bd.3_1905_BHL-81509_Tafel_451_clean_no-description.jpg 800w\" sizes=\"auto, (max-width: 679px) 100vw, 679px\" \/><\/figure>\n<\/figure>\n\n\n\n<hr class=\"wp-block-separator has-alpha-channel-opacity is-style-wide\"\/>\n\n\n\n<figure class=\"wp-block-pullquote\"><blockquote><p>Jeder Stern, den du am Himmel siehst, k\u00f6nnte jemandes Sonne sein.<\/p><cite>Carl Sagan<\/cite><\/blockquote><\/figure>\n","protected":false},"excerpt":{"rendered":"<p>Wiesenb\u00e4renklau (Heracleum sphondylium) Namen: B\u00e4rentatze, Wolfsklau, Fl\u00f6teblum, Blosrohr, Sunneschirmche, Wiesenrhabarber, Stengelchrut, S\u00fc\u00dfkraut, Zuckerkraut Pflanzenfamilie: Doldenbl\u00fctler (Apiaceae) Verwendete Pflanzenteile: Bl\u00e4tter, Bl\u00fctenknospen, Bl\u00fcten und Fr\u00fcchte, Wurzel Sammelzeit: junge Triebe im M\u00e4rz- April, Wurzel ab September Inhaltsstoffe: Bitterstoffe, Provitamin A, Eiwei\u00df, Eisen, Kalium, &hellip; <a href=\"https:\/\/www.terra-arcanum.de\/index.php\/wiesenbaerenklau\/\">Weiterlesen <span class=\"meta-nav\">&rarr;<\/span><\/a><\/p>\n","protected":false},"author":2,"featured_media":0,"parent":0,"menu_order":0,"comment_status":"closed","ping_status":"closed","template":"","meta":{"footnotes":""},"class_list":["post-196","page","type-page","status-publish","hentry"],"_links":{"self":[{"href":"https:\/\/www.terra-arcanum.de\/index.php\/wp-json\/wp\/v2\/pages\/196","targetHints":{"allow":["GET"]}}],"collection":[{"href":"https:\/\/www.terra-arcanum.de\/index.php\/wp-json\/wp\/v2\/pages"}],"about":[{"href":"https:\/\/www.terra-arcanum.de\/index.php\/wp-json\/wp\/v2\/types\/page"}],"author":[{"embeddable":true,"href":"https:\/\/www.terra-arcanum.de\/index.php\/wp-json\/wp\/v2\/users\/2"}],"replies":[{"embeddable":true,"href":"https:\/\/www.terra-arcanum.de\/index.php\/wp-json\/wp\/v2\/comments?post=196"}],"version-history":[{"count":0,"href":"https:\/\/www.terra-arcanum.de\/index.php\/wp-json\/wp\/v2\/pages\/196\/revisions"}],"wp:attachment":[{"href":"https:\/\/www.terra-arcanum.de\/index.php\/wp-json\/wp\/v2\/media?parent=196"}],"curies":[{"name":"wp","href":"https:\/\/api.w.org\/{rel}","templated":true}]}}