{"id":197,"date":"2025-02-19T13:42:46","date_gmt":"2025-02-19T13:42:46","guid":{"rendered":"http:\/\/uly-niemann.eu\/?page_id=197"},"modified":"2026-03-23T11:28:27","modified_gmt":"2026-03-23T11:28:27","slug":"wiesenkerbel","status":"publish","type":"page","link":"https:\/\/www.terra-arcanum.de\/index.php\/wiesenkerbel\/","title":{"rendered":"Wiesenkerbel"},"content":{"rendered":"\n<p><strong>Wiesenkerbel (Anthriscus sylvestris)<\/strong><\/p>\n\n\n\n<p><strong>Namen:<\/strong> im altdeutschen bezeichnet das Wort \u201eKerbel\u201c eine verdickte, knollige Wurzel, aus den Trieben lassen sich Pfeifen basteln, deshalb heisst der Wiesenkerbel auch Pfeifenkraut, der Name Spitzlichrut geht auf die vielfach gefiederten Bl\u00e4tter zur\u00fcck<\/p>\n\n\n\n<p><strong>Pflanzenfamilie:<\/strong> Doldengew\u00e4chs (Apiaceae)<\/p>\n\n\n\n<p><strong>Verwendete Pflanzenteile:<\/strong> alle Pflanzenteile, je j\u00fcnger, umso besser schmecken sie<\/p>\n\n\n\n<p><strong>Sammelzeit:<\/strong> Bl\u00e4tter und Bl\u00fcten im Fr\u00fchjahr, wenn sie noch nicht voll entfaltet sind, vollreife Fr\u00fcchte im Juli- August, Wurzel ab September<\/p>\n\n\n\n<p><strong>Inhaltsstoffe:<\/strong> Mineralsalze, Vitamine (v. a. Vitamin A &amp; C)<\/p>\n\n\n\n<p><strong>Heilwirkung\/Anwendung: <\/strong>Seit Menschengedenken wurde das Kraut genutzt. Man sagte ihm die F\u00e4higkeit nach, dass es Selbstvertrauen schenkt und die Gedanken ordnet. In der Volksme-dizin wurde der Wiesenkerbel bei Hautentz\u00fcndungen oder bei Unterleibsschmerzen angewendet. Zudem hat der Kerbel eine entw\u00e4ssernde sowie blut- und hautreinigende Wirkung.<br>Bekannt ist der Kerbel in der K\u00fcche als Suppenkraut oder Gew\u00fcrz f\u00fcr die Gem\u00fcsebr\u00fche. Er kann aber auch in Kr\u00e4uterbutter, Spinat, Eier- und Quarkspeisen verwendet werden. Der Ansatz des Bl\u00fctentriebes der direkt am Boden abgeschnitten wird, ist eine besondere Rarit\u00e4t. Als Rohkost mit einem Dip oder im Salat wird sie zu einem Gaumenschmaus. Die Bl\u00fctenknospe, im April &#8211; Mai geerntet, z\u00e4hlt ebenfalls als Delikatesse. Sie l\u00e4sst sich als aromatische Salatbeigabe genie\u00dfen. Der Samen des Kerbels l\u00e4sst sich ebenfalls in der K\u00fcche, \u00e4hnlich wie K\u00fcmmel, verwenden. Die Kerbelwurzel kann ab September zu Kochgem\u00fcse verarbeitet oder in geriebener Form \u00fcber den Salat gegeben werden. Sie hat einen leicht scharfen Geschmack.<\/p>\n\n\n\n<p><strong>Wichtig: Da es zu Verwechslungen mit dem giftigen gefleckten Schierling und der Hundspetersilie kommen kann ist eine genaue Identifizierung wichtig. Lassen Sie sich die einwandfreie Bestimmung des Wiesenkerbels live auf einer Kr\u00e4uterf\u00fchrung zeigen (siehe unter Seminare).<\/strong><\/p>\n\n\n\n<figure class=\"wp-block-gallery has-nested-images columns-default is-cropped wp-block-gallery-1 is-layout-flex wp-block-gallery-is-layout-flex\">\n<figure class=\"wp-block-image size-large\"><img loading=\"lazy\" decoding=\"async\" width=\"1024\" height=\"662\" data-id=\"706\" src=\"https:\/\/www.terra-arcanum.de\/wordpress\/wp-content\/uploads\/2025\/02\/DSC01651_Wiesenkerbel-2-scaled-1-1024x662.jpg\" alt=\"\" class=\"wp-image-706\" srcset=\"https:\/\/www.terra-arcanum.de\/wp-content\/uploads\/2025\/02\/DSC01651_Wiesenkerbel-2-scaled-1-1024x662.jpg 1024w, https:\/\/www.terra-arcanum.de\/wp-content\/uploads\/2025\/02\/DSC01651_Wiesenkerbel-2-scaled-1-300x194.jpg 300w, https:\/\/www.terra-arcanum.de\/wp-content\/uploads\/2025\/02\/DSC01651_Wiesenkerbel-2-scaled-1-768x496.jpg 768w, https:\/\/www.terra-arcanum.de\/wp-content\/uploads\/2025\/02\/DSC01651_Wiesenkerbel-2-scaled-1-1536x992.jpg 1536w, https:\/\/www.terra-arcanum.de\/wp-content\/uploads\/2025\/02\/DSC01651_Wiesenkerbel-2-scaled-1-2048x1323.jpg 2048w, https:\/\/www.terra-arcanum.de\/wp-content\/uploads\/2025\/02\/DSC01651_Wiesenkerbel-2-scaled-1-464x300.jpg 464w\" sizes=\"auto, (max-width: 1024px) 100vw, 1024px\" \/><\/figure>\n\n\n\n<figure class=\"wp-block-image size-large\"><img loading=\"lazy\" decoding=\"async\" width=\"469\" height=\"588\" data-id=\"705\" src=\"https:\/\/www.terra-arcanum.de\/wordpress\/wp-content\/uploads\/2025\/02\/Anthriscus_sylvestris_-_Koehler\u2013s_Medizinal-Pflanzen-162.jpg\" alt=\"\" class=\"wp-image-705\" srcset=\"https:\/\/www.terra-arcanum.de\/wp-content\/uploads\/2025\/02\/Anthriscus_sylvestris_-_Koehler\u2013s_Medizinal-Pflanzen-162.jpg 469w, https:\/\/www.terra-arcanum.de\/wp-content\/uploads\/2025\/02\/Anthriscus_sylvestris_-_Koehler\u2013s_Medizinal-Pflanzen-162-239x300.jpg 239w\" sizes=\"auto, (max-width: 469px) 100vw, 469px\" \/><\/figure>\n<\/figure>\n\n\n\n<hr class=\"wp-block-separator has-alpha-channel-opacity is-style-wide\"\/>\n\n\n\n<figure class=\"wp-block-pullquote\"><blockquote><p>Im Leben geht es um Unbekanntes, sich ver\u00e4ndern zu m\u00fcssen, das Beste aus dem Moment zu machen, ohne zu wissen was als n\u00e4chstes passiert.<\/p><cite>Gilda Radner<\/cite><\/blockquote><\/figure>\n","protected":false},"excerpt":{"rendered":"<p>Wiesenkerbel (Anthriscus sylvestris) Namen: im altdeutschen bezeichnet das Wort \u201eKerbel\u201c eine verdickte, knollige Wurzel, aus den Trieben lassen sich Pfeifen basteln, deshalb heisst der Wiesenkerbel auch Pfeifenkraut, der Name Spitzlichrut geht auf die vielfach gefiederten Bl\u00e4tter zur\u00fcck Pflanzenfamilie: Doldengew\u00e4chs (Apiaceae) &hellip; <a href=\"https:\/\/www.terra-arcanum.de\/index.php\/wiesenkerbel\/\">Weiterlesen <span class=\"meta-nav\">&rarr;<\/span><\/a><\/p>\n","protected":false},"author":2,"featured_media":0,"parent":0,"menu_order":0,"comment_status":"closed","ping_status":"closed","template":"","meta":{"footnotes":""},"class_list":["post-197","page","type-page","status-publish","hentry"],"_links":{"self":[{"href":"https:\/\/www.terra-arcanum.de\/index.php\/wp-json\/wp\/v2\/pages\/197","targetHints":{"allow":["GET"]}}],"collection":[{"href":"https:\/\/www.terra-arcanum.de\/index.php\/wp-json\/wp\/v2\/pages"}],"about":[{"href":"https:\/\/www.terra-arcanum.de\/index.php\/wp-json\/wp\/v2\/types\/page"}],"author":[{"embeddable":true,"href":"https:\/\/www.terra-arcanum.de\/index.php\/wp-json\/wp\/v2\/users\/2"}],"replies":[{"embeddable":true,"href":"https:\/\/www.terra-arcanum.de\/index.php\/wp-json\/wp\/v2\/comments?post=197"}],"version-history":[{"count":1,"href":"https:\/\/www.terra-arcanum.de\/index.php\/wp-json\/wp\/v2\/pages\/197\/revisions"}],"predecessor-version":[{"id":1086,"href":"https:\/\/www.terra-arcanum.de\/index.php\/wp-json\/wp\/v2\/pages\/197\/revisions\/1086"}],"wp:attachment":[{"href":"https:\/\/www.terra-arcanum.de\/index.php\/wp-json\/wp\/v2\/media?parent=197"}],"curies":[{"name":"wp","href":"https:\/\/api.w.org\/{rel}","templated":true}]}}