{"id":198,"date":"2025-02-19T13:42:47","date_gmt":"2025-02-19T13:42:47","guid":{"rendered":"http:\/\/uly-niemann.eu\/?page_id=198"},"modified":"2025-02-19T13:42:47","modified_gmt":"2025-02-19T13:42:47","slug":"wolfstrapp","status":"publish","type":"page","link":"https:\/\/www.terra-arcanum.de\/index.php\/wolfstrapp\/","title":{"rendered":"Wolfstrapp"},"content":{"rendered":"\n<p><strong>Wolfstrapp (Lycopus europaeus)<\/strong><\/p>\n\n\n\n<p><strong>Namen:<\/strong> Gemeiner Wolfstrapp, Wolfsklaue, Uferwolfstrapp, Wasserandorn, Zigeunerkraut<\/p>\n\n\n\n<p><strong>Pflanzenfamilie:<\/strong> Lippenbl\u00fctengew\u00e4chse (Lamiaceae)<\/p>\n\n\n\n<p><strong>Verwendete Pflanzenteile:<\/strong> das Kraut zur Bl\u00fctezeit gesammelt,<\/p>\n\n\n\n<p><strong>Sammelzeit:<\/strong> Juli &#8211; September<\/p>\n\n\n\n<p><strong>Inhaltsstoffe:<\/strong> sekund\u00e4re Pflanzenstoffe, insbesondere Flavonoide und Phenolcarbons\u00e4ure<\/p>\n\n\n\n<p><strong>Heilwirkung\/Anwendung:<\/strong><br>Der Wolfstrapp hat die F\u00e4higkeit, das menschliche Hormonsystem zu beeinflus-sen und muss daher vorsichtig und nur nach Bedarf verwendet werden. Es sind vor allem die Sexual- und Schilddr\u00fcsenhormone auf die der Wolfstrapp regulie-rend wirkt. Studien ergaben, dass seine Inhaltsstoffe das schilddr\u00fcsenstimulierende Hormon TSH und den Jodtransport hemmen. Somit wird die Pflanze bei leichter Schilddr\u00fcsen\u00fcberfunktion mit vegetativ-nerv\u00f6sen St\u00f6rungen wie Unruhe, Schlafst\u00f6rungen, Herzklopfen und Schwitzen eingesetzt. Auch pr\u00e4menstruelle Begleiterscheinungen wie zum Beispiel Spannungs- und Schwellungsgef\u00fchle der weiblichen Brust werden mit Hilfe des Wolfstrapps abgemildert.<br>Der amerikanische Wolfstrapp, der sich kaum von Unserem unterscheidet, wurde schon von den Indianern aufgrund seiner positiven Wirkung auf das Herz, gern zu dessen St\u00e4rkung eingesetzt.<br>In der Volksheilkunde war der Wolfstrapp als fiebersenkenden Mittel bekannt, was sicherlich auf seinen beliebten Lebensraum an Ufern und Gr\u00e4ben zur\u00fcckzu-f\u00fchren ist.<\/p>\n\n\n\n<p><strong>Wichtig:<\/strong> Der Wolfstrapp sollte nur nach sorgf\u00e4ltiger Indikation und nicht bei einer Unterfunktion der Schilddr\u00fcse eingesetzt werden. Auch Schwangere und Kinder unter 12 Jahren sollten auf die Einnahme der Pflanze verzichten.<\/p>\n\n\n\n<figure class=\"wp-block-gallery has-nested-images columns-default is-cropped wp-block-gallery-1 is-layout-flex wp-block-gallery-is-layout-flex\">\n<figure class=\"wp-block-image size-large\"><img loading=\"lazy\" decoding=\"async\" width=\"375\" height=\"500\" data-id=\"708\" src=\"https:\/\/www.terra-arcanum.de\/wordpress\/wp-content\/uploads\/2025\/02\/42975025864_fc4e2c4fac.jpg\" alt=\"\" class=\"wp-image-708\" srcset=\"https:\/\/www.terra-arcanum.de\/wp-content\/uploads\/2025\/02\/42975025864_fc4e2c4fac.jpg 375w, https:\/\/www.terra-arcanum.de\/wp-content\/uploads\/2025\/02\/42975025864_fc4e2c4fac-225x300.jpg 225w\" sizes=\"auto, (max-width: 375px) 100vw, 375px\" \/><\/figure>\n\n\n\n<figure class=\"wp-block-image size-large\"><img loading=\"lazy\" decoding=\"async\" width=\"243\" height=\"400\" data-id=\"709\" src=\"https:\/\/www.terra-arcanum.de\/wordpress\/wp-content\/uploads\/2025\/02\/Lycopus_europaeus-Illustration-1.jpg\" alt=\"\" class=\"wp-image-709\" srcset=\"https:\/\/www.terra-arcanum.de\/wp-content\/uploads\/2025\/02\/Lycopus_europaeus-Illustration-1.jpg 243w, https:\/\/www.terra-arcanum.de\/wp-content\/uploads\/2025\/02\/Lycopus_europaeus-Illustration-1-182x300.jpg 182w\" sizes=\"auto, (max-width: 243px) 100vw, 243px\" \/><\/figure>\n<\/figure>\n\n\n\n<hr class=\"wp-block-separator has-alpha-channel-opacity is-style-wide\"\/>\n\n\n\n<figure class=\"wp-block-pullquote\"><blockquote><p>Das Leben ist ein Krug voller M\u00f6glichkeiten,<br>jeder Tag ist ein Glas, das wir f\u00fcllen k\u00f6nnen,<br>und jeder Augenblick ist ein kleiner Schluck,<br>den wir genie\u00dfen sollten.<\/p><cite>Jochen Mariss<\/cite><\/blockquote><\/figure>\n","protected":false},"excerpt":{"rendered":"<p>Wolfstrapp (Lycopus europaeus) Namen: Gemeiner Wolfstrapp, Wolfsklaue, Uferwolfstrapp, Wasserandorn, Zigeunerkraut Pflanzenfamilie: Lippenbl\u00fctengew\u00e4chse (Lamiaceae) Verwendete Pflanzenteile: das Kraut zur Bl\u00fctezeit gesammelt, Sammelzeit: Juli &#8211; September Inhaltsstoffe: sekund\u00e4re Pflanzenstoffe, insbesondere Flavonoide und Phenolcarbons\u00e4ure Heilwirkung\/Anwendung:Der Wolfstrapp hat die F\u00e4higkeit, das menschliche Hormonsystem zu &hellip; <a href=\"https:\/\/www.terra-arcanum.de\/index.php\/wolfstrapp\/\">Weiterlesen <span class=\"meta-nav\">&rarr;<\/span><\/a><\/p>\n","protected":false},"author":2,"featured_media":0,"parent":0,"menu_order":0,"comment_status":"closed","ping_status":"closed","template":"","meta":{"footnotes":""},"class_list":["post-198","page","type-page","status-publish","hentry"],"_links":{"self":[{"href":"https:\/\/www.terra-arcanum.de\/index.php\/wp-json\/wp\/v2\/pages\/198","targetHints":{"allow":["GET"]}}],"collection":[{"href":"https:\/\/www.terra-arcanum.de\/index.php\/wp-json\/wp\/v2\/pages"}],"about":[{"href":"https:\/\/www.terra-arcanum.de\/index.php\/wp-json\/wp\/v2\/types\/page"}],"author":[{"embeddable":true,"href":"https:\/\/www.terra-arcanum.de\/index.php\/wp-json\/wp\/v2\/users\/2"}],"replies":[{"embeddable":true,"href":"https:\/\/www.terra-arcanum.de\/index.php\/wp-json\/wp\/v2\/comments?post=198"}],"version-history":[{"count":0,"href":"https:\/\/www.terra-arcanum.de\/index.php\/wp-json\/wp\/v2\/pages\/198\/revisions"}],"wp:attachment":[{"href":"https:\/\/www.terra-arcanum.de\/index.php\/wp-json\/wp\/v2\/media?parent=198"}],"curies":[{"name":"wp","href":"https:\/\/api.w.org\/{rel}","templated":true}]}}