{"id":253,"date":"2025-02-19T13:54:49","date_gmt":"2025-02-19T13:54:49","guid":{"rendered":"http:\/\/uly-niemann.eu\/?page_id=253"},"modified":"2026-03-23T11:17:26","modified_gmt":"2026-03-23T11:17:26","slug":"gaensebluemchen","status":"publish","type":"page","link":"https:\/\/www.terra-arcanum.de\/index.php\/gaensebluemchen\/","title":{"rendered":"G\u00e4nsebl\u00fcmchen"},"content":{"rendered":"\n<p><strong>G\u00e4nsebl\u00fcmchen (Bellis perennis)<\/strong><\/p>\n\n\n\n<p><strong>Namen:<\/strong> der Name \u201eBellis perennis\u201c bedeutet \u201eausdauernde Sch\u00f6ne\u201c, andere Namen sind: Augenbl\u00fcmchen, Himmelsblume, Maiblume, Marienbl\u00fcmchen, Massliebchen, Mondscheinblume, M\u00fcmmeli, Regenblume, Tausendsch\u00f6n.<br><br><strong>Pflanzenfamilie:<\/strong> Korbbl\u00fctler =Asteracaee<br><br><strong>Verwendete Pflanzenteile:<\/strong> Bl\u00fcten, Bl\u00e4tter und Kraut<br><br><strong>Sammelzeit:<\/strong> das ganze Jahr \u00fcber<br><br><strong>Inhaltsstoffe:<\/strong> Bitterstoffe, Gerbstoffe, Flavonoide, Triterpen-saponine, Schleimstoffe, Inulin, Zucker, Eiwei\u00df, in Spuren \u00e4therische \u00d6le, organische S\u00e4uren, viele Vitamine und Mineralien.<br><br><strong>Heilwirkung\/Anwendung:<\/strong> Durch ihre wertvollen Inhaltsstoffe sind sie besonders zur Blutreinigung im Fr\u00fchjahr geeignet. G\u00e4nsebl\u00fcmchen wirken stoffwechsel- und appetitanregend, wundheilend, haut- und blutreinigend und schmerzlindernd. Daher ist sie ein idealer Begleiter bei Entgiftungskuren, Hautkrankheiten, Erk\u00e4ltungen oder Harnwegsentz\u00fcndungen. Auch auf seelischer Ebene ist sie ein gro\u00dfer Heiler: wie ihr Name schon sagt, h\u00e4lt sie in der Liebe Ma\u00df, alles was im Zusammenhang mit Verletzungen der kindlichen Unschuld und der daraus entstehenden Verletzungen der \u201eheilen Welt\u201c, steht, ist ihr Einsatzgebiet (welches sehr individuell sein kann).<\/p>\n\n\n\n<div class=\"wp-block-columns is-layout-flex wp-container-core-columns-is-layout-9d6595d7 wp-block-columns-is-layout-flex\">\n<div class=\"wp-block-column is-layout-flow wp-block-column-is-layout-flow\">\n<p>Tee aus frischen G\u00e4nsebl\u00fcmchen<\/p>\n<\/div>\n\n\n\n<div class=\"wp-block-column is-layout-flow wp-block-column-is-layout-flow\">\n<figure class=\"wp-block-image size-large\"><img loading=\"lazy\" decoding=\"async\" width=\"1024\" height=\"681\" src=\"https:\/\/www.terra-arcanum.de\/wordpress\/wp-content\/uploads\/2025\/02\/cup-3526092_1920-1024x681.jpg\" alt=\"\" class=\"wp-image-529\" srcset=\"https:\/\/www.terra-arcanum.de\/wp-content\/uploads\/2025\/02\/cup-3526092_1920-1024x681.jpg 1024w, https:\/\/www.terra-arcanum.de\/wp-content\/uploads\/2025\/02\/cup-3526092_1920-300x200.jpg 300w, https:\/\/www.terra-arcanum.de\/wp-content\/uploads\/2025\/02\/cup-3526092_1920-768x511.jpg 768w, https:\/\/www.terra-arcanum.de\/wp-content\/uploads\/2025\/02\/cup-3526092_1920-1536x1022.jpg 1536w, https:\/\/www.terra-arcanum.de\/wp-content\/uploads\/2025\/02\/cup-3526092_1920-451x300.jpg 451w, https:\/\/www.terra-arcanum.de\/wp-content\/uploads\/2025\/02\/cup-3526092_1920.jpg 1920w\" sizes=\"auto, (max-width: 1024px) 100vw, 1024px\" \/><\/figure>\n<\/div>\n<\/div>\n\n\n\n<figure class=\"wp-block-gallery has-nested-images columns-default is-cropped wp-block-gallery-1 is-layout-flex wp-block-gallery-is-layout-flex\">\n<figure class=\"wp-block-image size-large\"><img loading=\"lazy\" decoding=\"async\" width=\"1024\" height=\"576\" data-id=\"623\" src=\"https:\/\/www.terra-arcanum.de\/wordpress\/wp-content\/uploads\/2025\/02\/20170513_115603-2-scaled-2-1024x576.jpg\" alt=\"\" class=\"wp-image-623\" srcset=\"https:\/\/www.terra-arcanum.de\/wp-content\/uploads\/2025\/02\/20170513_115603-2-scaled-2-1024x576.jpg 1024w, https:\/\/www.terra-arcanum.de\/wp-content\/uploads\/2025\/02\/20170513_115603-2-scaled-2-300x169.jpg 300w, https:\/\/www.terra-arcanum.de\/wp-content\/uploads\/2025\/02\/20170513_115603-2-scaled-2-768x432.jpg 768w, https:\/\/www.terra-arcanum.de\/wp-content\/uploads\/2025\/02\/20170513_115603-2-scaled-2-1536x864.jpg 1536w, https:\/\/www.terra-arcanum.de\/wp-content\/uploads\/2025\/02\/20170513_115603-2-scaled-2-2048x1152.jpg 2048w, https:\/\/www.terra-arcanum.de\/wp-content\/uploads\/2025\/02\/20170513_115603-2-scaled-2-500x281.jpg 500w\" sizes=\"auto, (max-width: 1024px) 100vw, 1024px\" \/><\/figure>\n\n\n\n<figure class=\"wp-block-image size-large\"><img loading=\"lazy\" decoding=\"async\" width=\"693\" height=\"1024\" data-id=\"620\" src=\"https:\/\/www.terra-arcanum.de\/wordpress\/wp-content\/uploads\/2025\/02\/Bellis_perennis_Sturm_1849_Abt.1_Bd._20_XIX_2._beschnitten-Kopie-693x1024.jpg\" alt=\"\" class=\"wp-image-620\" srcset=\"https:\/\/www.terra-arcanum.de\/wp-content\/uploads\/2025\/02\/Bellis_perennis_Sturm_1849_Abt.1_Bd._20_XIX_2._beschnitten-Kopie-693x1024.jpg 693w, https:\/\/www.terra-arcanum.de\/wp-content\/uploads\/2025\/02\/Bellis_perennis_Sturm_1849_Abt.1_Bd._20_XIX_2._beschnitten-Kopie-203x300.jpg 203w, https:\/\/www.terra-arcanum.de\/wp-content\/uploads\/2025\/02\/Bellis_perennis_Sturm_1849_Abt.1_Bd._20_XIX_2._beschnitten-Kopie-768x1135.jpg 768w, https:\/\/www.terra-arcanum.de\/wp-content\/uploads\/2025\/02\/Bellis_perennis_Sturm_1849_Abt.1_Bd._20_XIX_2._beschnitten-Kopie.jpg 800w\" sizes=\"auto, (max-width: 693px) 100vw, 693px\" \/><\/figure>\n<\/figure>\n\n\n\n<hr class=\"wp-block-separator has-alpha-channel-opacity is-style-wide\"\/>\n\n\n\n<figure class=\"wp-block-pullquote\"><blockquote><p>Wir sprechen von Natur und vergessen uns dabei: Wir selber sind Natur, quand m\u00eame \u2013. Folglich ist Natur etwas ganz anderes als das, was wir beim Nennen ihres Namens empfinden.<\/p><cite>Friedrich Nietzsche<\/cite><\/blockquote><\/figure>\n","protected":false},"excerpt":{"rendered":"<p>G\u00e4nsebl\u00fcmchen (Bellis perennis) Namen: der Name \u201eBellis perennis\u201c bedeutet \u201eausdauernde Sch\u00f6ne\u201c, andere Namen sind: Augenbl\u00fcmchen, Himmelsblume, Maiblume, Marienbl\u00fcmchen, Massliebchen, Mondscheinblume, M\u00fcmmeli, Regenblume, Tausendsch\u00f6n. Pflanzenfamilie: Korbbl\u00fctler =Asteracaee Verwendete Pflanzenteile: Bl\u00fcten, Bl\u00e4tter und Kraut Sammelzeit: das ganze Jahr \u00fcber Inhaltsstoffe: Bitterstoffe, Gerbstoffe, &hellip; <a href=\"https:\/\/www.terra-arcanum.de\/index.php\/gaensebluemchen\/\">Weiterlesen <span class=\"meta-nav\">&rarr;<\/span><\/a><\/p>\n","protected":false},"author":2,"featured_media":0,"parent":0,"menu_order":0,"comment_status":"closed","ping_status":"closed","template":"","meta":{"footnotes":""},"class_list":["post-253","page","type-page","status-publish","hentry"],"_links":{"self":[{"href":"https:\/\/www.terra-arcanum.de\/index.php\/wp-json\/wp\/v2\/pages\/253","targetHints":{"allow":["GET"]}}],"collection":[{"href":"https:\/\/www.terra-arcanum.de\/index.php\/wp-json\/wp\/v2\/pages"}],"about":[{"href":"https:\/\/www.terra-arcanum.de\/index.php\/wp-json\/wp\/v2\/types\/page"}],"author":[{"embeddable":true,"href":"https:\/\/www.terra-arcanum.de\/index.php\/wp-json\/wp\/v2\/users\/2"}],"replies":[{"embeddable":true,"href":"https:\/\/www.terra-arcanum.de\/index.php\/wp-json\/wp\/v2\/comments?post=253"}],"version-history":[{"count":2,"href":"https:\/\/www.terra-arcanum.de\/index.php\/wp-json\/wp\/v2\/pages\/253\/revisions"}],"predecessor-version":[{"id":1076,"href":"https:\/\/www.terra-arcanum.de\/index.php\/wp-json\/wp\/v2\/pages\/253\/revisions\/1076"}],"wp:attachment":[{"href":"https:\/\/www.terra-arcanum.de\/index.php\/wp-json\/wp\/v2\/media?parent=253"}],"curies":[{"name":"wp","href":"https:\/\/api.w.org\/{rel}","templated":true}]}}