{"id":46,"date":"2025-02-18T12:42:35","date_gmt":"2025-02-18T12:42:35","guid":{"rendered":"http:\/\/uly-niemann.eu\/?page_id=46"},"modified":"2026-03-23T12:38:18","modified_gmt":"2026-03-23T12:38:18","slug":"leitbild","status":"publish","type":"page","link":"https:\/\/www.terra-arcanum.de\/index.php\/leitbild\/","title":{"rendered":"Leitbild"},"content":{"rendered":"\n<p><strong>Das Leitbild unserer Heilpflanzenschule<\/strong><\/p>\n\n\n\n<p>Die obersten Ziele aller Bem\u00fchungen der Heilpflanzenschule Terra Arcanum besteht in der Vermittlung von Wissen in Theorie und Praxis \u00fcber die Anwendung von Heilpflanzen als Nahrungs- und Heilmittel. Dem Ausbildungsprozess werden sowohl Anwendungen aus der \u00fcberlieferten Volksheilkunde als auch aus den Erkenntnissen der modernen Phytotherapie zu Grunde gelegt.<\/p>\n\n\n\n<p>Die Qualit\u00e4t einer gelungenen Ausbildung zeigt sich in der F\u00e4higkeit des Teilnehmers, Heilpflanzen zu jeder Jahreszeit zu bestimmen, zu sammeln und sachgerecht zu verarbeiten. Der \/ die TeilnehmerIn soll in die Lage versetzt werden, therapeutisch mit Heilpflanzen zu arbeiten. F\u00fcr Terra Arcanum ist die Vermittlung von Wissen ein aktiver Prozess in dem der \/ die TeilnehmerInnen ihre Erfahrungen einbringen k\u00f6nnen. Eine angenehme und anregende Umgebung, sowie freundlicher Umgang miteinander ist diesbez\u00fcglich Voraussetzung um ein gutes Lernklima herzustellen und somit den Lernerfolg zu erh\u00f6hen.<\/p>\n\n\n\n<p>Terra Arcanum sieht die Ausbildung der TeilnehmerInnen als gelungen an, wenn sie in der Lage sind, selbstst\u00e4ndig den \u00fcberwiegenden Teil der heimischen Wildkr\u00e4uter zu bestimmen, therapeutische Indikationen zu treffen und eine sachgerechte Konservierung der Pflanzen durchf\u00fchren zu k\u00f6nnen.<\/p>\n\n\n\n<p>F\u00fcr Terra Arcanum ist eine lehrende Organisation eine, die sich selbst evaluiert und dadurch den aktuellen Bildungsstand an die Teilnehmer vermitteln kann und die MitarbeiterInnen diesbez\u00fcglich fortbildet.<\/p>\n\n\n\n<p>Terra Arcanum sieht eine gelungene Ausbildung in einer ausgewogenen Mischung von Heil- und Wildpflanzenbestimmungen in der Natur, der praktischen Anwendung in der Herstellung von Aufg\u00fcssen, Dekokten, Salben, Sirups, Tinkturen und pflanzlichen Nahrungsmitteln sowie in der Vermittlung theoretischen Wissens (Pflanzenportr\u00e4ts, therapeutische Anwendung, Gesetzeskunde, Rezeptierung, Geschichte der Heilpflanzenkunde). Von Bedeutung ist die gezielte F\u00f6rderung der TeilnehmerInnen nach ihren Vorkenntnissen und ihrer beruflichen Ausrichtung.<\/p>\n\n\n\n<figure class=\"wp-block-gallery has-nested-images columns-default is-cropped wp-block-gallery-1 is-layout-flex wp-block-gallery-is-layout-flex\">\n<figure class=\"wp-block-image size-large\"><img loading=\"lazy\" decoding=\"async\" width=\"1024\" height=\"576\" data-id=\"329\" src=\"https:\/\/www.terra-arcanum.de\/wordpress\/wp-content\/uploads\/2025\/02\/20170513_115603-1-scaled-1-1024x576.jpg\" alt=\"\" class=\"wp-image-329\" srcset=\"https:\/\/www.terra-arcanum.de\/wp-content\/uploads\/2025\/02\/20170513_115603-1-scaled-1-1024x576.jpg 1024w, https:\/\/www.terra-arcanum.de\/wp-content\/uploads\/2025\/02\/20170513_115603-1-scaled-1-300x169.jpg 300w, https:\/\/www.terra-arcanum.de\/wp-content\/uploads\/2025\/02\/20170513_115603-1-scaled-1-768x432.jpg 768w, https:\/\/www.terra-arcanum.de\/wp-content\/uploads\/2025\/02\/20170513_115603-1-scaled-1-1536x864.jpg 1536w, https:\/\/www.terra-arcanum.de\/wp-content\/uploads\/2025\/02\/20170513_115603-1-scaled-1-2048x1152.jpg 2048w, https:\/\/www.terra-arcanum.de\/wp-content\/uploads\/2025\/02\/20170513_115603-1-scaled-1-500x281.jpg 500w\" sizes=\"auto, (max-width: 1024px) 100vw, 1024px\" \/><\/figure>\n\n\n\n<figure class=\"wp-block-image size-large\"><img loading=\"lazy\" decoding=\"async\" width=\"576\" height=\"1024\" data-id=\"327\" src=\"https:\/\/www.terra-arcanum.de\/wordpress\/wp-content\/uploads\/2025\/02\/20200628_150349-Kopie-scaled-1-576x1024.jpg\" alt=\"\" class=\"wp-image-327\" srcset=\"https:\/\/www.terra-arcanum.de\/wp-content\/uploads\/2025\/02\/20200628_150349-Kopie-scaled-1-576x1024.jpg 576w, https:\/\/www.terra-arcanum.de\/wp-content\/uploads\/2025\/02\/20200628_150349-Kopie-scaled-1-169x300.jpg 169w, https:\/\/www.terra-arcanum.de\/wp-content\/uploads\/2025\/02\/20200628_150349-Kopie-scaled-1-768x1365.jpg 768w, https:\/\/www.terra-arcanum.de\/wp-content\/uploads\/2025\/02\/20200628_150349-Kopie-scaled-1-864x1536.jpg 864w, https:\/\/www.terra-arcanum.de\/wp-content\/uploads\/2025\/02\/20200628_150349-Kopie-scaled-1-1152x2048.jpg 1152w, https:\/\/www.terra-arcanum.de\/wp-content\/uploads\/2025\/02\/20200628_150349-Kopie-scaled-1.jpg 1440w\" sizes=\"auto, (max-width: 576px) 100vw, 576px\" \/><\/figure>\n\n\n\n<figure class=\"wp-block-image size-large\"><img loading=\"lazy\" decoding=\"async\" width=\"576\" height=\"1024\" data-id=\"328\" src=\"https:\/\/www.terra-arcanum.de\/wordpress\/wp-content\/uploads\/2025\/02\/20170715_135726-1-scaled-1-576x1024.jpg\" alt=\"\" class=\"wp-image-328\" srcset=\"https:\/\/www.terra-arcanum.de\/wp-content\/uploads\/2025\/02\/20170715_135726-1-scaled-1-576x1024.jpg 576w, https:\/\/www.terra-arcanum.de\/wp-content\/uploads\/2025\/02\/20170715_135726-1-scaled-1-169x300.jpg 169w, https:\/\/www.terra-arcanum.de\/wp-content\/uploads\/2025\/02\/20170715_135726-1-scaled-1-768x1365.jpg 768w, https:\/\/www.terra-arcanum.de\/wp-content\/uploads\/2025\/02\/20170715_135726-1-scaled-1-864x1536.jpg 864w, https:\/\/www.terra-arcanum.de\/wp-content\/uploads\/2025\/02\/20170715_135726-1-scaled-1-1152x2048.jpg 1152w, https:\/\/www.terra-arcanum.de\/wp-content\/uploads\/2025\/02\/20170715_135726-1-scaled-1.jpg 1440w\" sizes=\"auto, (max-width: 576px) 100vw, 576px\" \/><\/figure>\n<\/figure>\n\n\n\n<hr class=\"wp-block-separator has-alpha-channel-opacity is-style-wide\"\/>\n\n\n\n<figure class=\"wp-block-pullquote\"><blockquote><p>Wenn wir Zwiesprache mit der Natur halten, dann heilt sie uns.<\/p><cite>Max Planck<\/cite><\/blockquote><\/figure>\n","protected":false},"excerpt":{"rendered":"<p>Das Leitbild unserer Heilpflanzenschule Die obersten Ziele aller Bem\u00fchungen der Heilpflanzenschule Terra Arcanum besteht in der Vermittlung von Wissen in Theorie und Praxis \u00fcber die Anwendung von Heilpflanzen als Nahrungs- und Heilmittel. Dem Ausbildungsprozess werden sowohl Anwendungen aus der \u00fcberlieferten &hellip; <a href=\"https:\/\/www.terra-arcanum.de\/index.php\/leitbild\/\">Weiterlesen <span class=\"meta-nav\">&rarr;<\/span><\/a><\/p>\n","protected":false},"author":2,"featured_media":0,"parent":0,"menu_order":0,"comment_status":"closed","ping_status":"closed","template":"","meta":{"footnotes":""},"class_list":["post-46","page","type-page","status-publish","hentry"],"_links":{"self":[{"href":"https:\/\/www.terra-arcanum.de\/index.php\/wp-json\/wp\/v2\/pages\/46","targetHints":{"allow":["GET"]}}],"collection":[{"href":"https:\/\/www.terra-arcanum.de\/index.php\/wp-json\/wp\/v2\/pages"}],"about":[{"href":"https:\/\/www.terra-arcanum.de\/index.php\/wp-json\/wp\/v2\/types\/page"}],"author":[{"embeddable":true,"href":"https:\/\/www.terra-arcanum.de\/index.php\/wp-json\/wp\/v2\/users\/2"}],"replies":[{"embeddable":true,"href":"https:\/\/www.terra-arcanum.de\/index.php\/wp-json\/wp\/v2\/comments?post=46"}],"version-history":[{"count":1,"href":"https:\/\/www.terra-arcanum.de\/index.php\/wp-json\/wp\/v2\/pages\/46\/revisions"}],"predecessor-version":[{"id":1104,"href":"https:\/\/www.terra-arcanum.de\/index.php\/wp-json\/wp\/v2\/pages\/46\/revisions\/1104"}],"wp:attachment":[{"href":"https:\/\/www.terra-arcanum.de\/index.php\/wp-json\/wp\/v2\/media?parent=46"}],"curies":[{"name":"wp","href":"https:\/\/api.w.org\/{rel}","templated":true}]}}