{"id":47,"date":"2025-02-18T12:42:36","date_gmt":"2025-02-18T12:42:36","guid":{"rendered":"http:\/\/uly-niemann.eu\/?page_id=47"},"modified":"2026-03-23T12:43:39","modified_gmt":"2026-03-23T12:43:39","slug":"tanja-michaela-meyer","status":"publish","type":"page","link":"https:\/\/www.terra-arcanum.de\/index.php\/tanja-michaela-meyer\/","title":{"rendered":"Tanja Michaela Meyer"},"content":{"rendered":"\n<div class=\"wp-block-columns is-layout-flex wp-container-core-columns-is-layout-9d6595d7 wp-block-columns-is-layout-flex\">\n<div class=\"wp-block-column is-layout-flow wp-block-column-is-layout-flow\" style=\"flex-basis:33.33%\">\n<figure class=\"wp-block-image size-large\"><img loading=\"lazy\" decoding=\"async\" width=\"727\" height=\"1024\" src=\"https:\/\/www.terra-arcanum.de\/wordpress\/wp-content\/uploads\/2025\/02\/TanjaMeyer4-2-727x1024.jpg\" alt=\"\" class=\"wp-image-332\" srcset=\"https:\/\/www.terra-arcanum.de\/wp-content\/uploads\/2025\/02\/TanjaMeyer4-2-727x1024.jpg 727w, https:\/\/www.terra-arcanum.de\/wp-content\/uploads\/2025\/02\/TanjaMeyer4-2-213x300.jpg 213w, https:\/\/www.terra-arcanum.de\/wp-content\/uploads\/2025\/02\/TanjaMeyer4-2-768x1082.jpg 768w, https:\/\/www.terra-arcanum.de\/wp-content\/uploads\/2025\/02\/TanjaMeyer4-2-1091x1536.jpg 1091w, https:\/\/www.terra-arcanum.de\/wp-content\/uploads\/2025\/02\/TanjaMeyer4-2.jpg 1447w\" sizes=\"auto, (max-width: 727px) 100vw, 727px\" \/><\/figure>\n<\/div>\n\n\n\n<div class=\"wp-block-column is-layout-flow wp-block-column-is-layout-flow\" style=\"flex-basis:66.66%\">\n<p>Schon als Kind war ich sehr an der Natur interessiert, und mich besch\u00e4ftigten damals viele Fragen. So probierte ich selbst Einiges aus, und dabei war ich sehr praktisch veranlagt: meine Sch\u00f6nheits-Gesichtsmasken aus &#8222;nat\u00fcrlichen&#8220; Zutaten konnte man im Zweifelsfall auch aufessen!!! Nachdem ich aber h\u00f6llische Kopfschmerzen von rohen Holunderbeeren bekommen hatte, bekam mein Forscherdrang einen D\u00e4mpfer, dabei habe ich nie ungefragt irgendetwas gegessen, aber leider wusste niemand in meiner Umgebung, da\u00df ungekochte Holunderbeeren giftig sind!<\/p>\n\n\n\n<p>Leider konnte ich damals nur sehr schwer (oder gar nicht) Antworten auf meine vielen Fragen bekommen.<\/p>\n<\/div>\n<\/div>\n\n\n\n<p>Sp\u00e4ter kam dann mein Interesse an der Naturheilkunde hinzu. Ich entdeckte so richtig die Heilpflanzen, schleppte aus einem Urlaub in \u00d6sterreich (Sie glauben ja nicht, was da alles schon am Stra\u00dfenrand w\u00e4chst!!!) diverse Kr\u00e4uter mit nach Hause. Doch leider hatte mein Umfeld nicht viel Verst\u00e4ndnis daf\u00fcr.<\/p>\n\n\n\n<p>Dann kam die Lehrzeit. Ich machte eine Ausbildung zur Bankkauffrau. Nach aussen hin war ich gut \u201euntergekommen\u201c, aber innerlich war ich sehr ungl\u00fccklich, ich passte dort einfach nicht hinein. Bereits mit 17 Jahren zog ich Zuhause aus. Ich hatte nicht mehr so viel Zeit und verlor meine Kr\u00e4uter wieder aus den Augen.<\/p>\n\n\n\n<p>Schon sehr fr\u00fch lernte ich meinen Mann kennen, wir gr\u00fcndeten eine Familie und ich er\u00f6ffnete mit einer Freundin einen Second-Hand-Laden. Durch meine Kinder inspiriert, besch\u00e4ftigte ich mich wieder vermehrt mit Naturheilkunde und Kr\u00e4utern. Dann nach einigen Jahren kam der Euro, es ver\u00e4nderte sich alles, und meine Freundin und ich entschlossen uns, den Laden zu schliessen.<\/p>\n\n\n\n<p>Zuerst war ich frustiert, ich wollte gerne etwas tun ! Doch in meinen gelernten Beruf wollte und konnte ich nicht zur\u00fcck. Es war f\u00fcr mich aber auch eine gro\u00dfe Chance, beruflich noch mal ganz von Vorne zu beginnen ! Und die wollte ich richtig nutzen, und etwas machen, was meinem Innersten entspricht. Etwas, wo mir &#8222;das Herz aufgeht&#8230;&#8220;!<\/p>\n\n\n\n<p>Lange brauchte ich nicht zu \u00fcberlegen: da waren sie wieder, meine Kr\u00e4uter ! Und weil mich die Naturheilkunde auch so brennend interessierte, kam schon bald der Entschluss: \u201eIch werde Heilpraktikerin!&#8220; &#8230;.Und auf einmal fand ich auch endlich erfahrene Kr\u00e4uterfrauen (die ich in meiner Kindheit so vermisst hatte), die gerne ihr Wissen weitergaben, darunter Helga K\u00f6hne, Daniela Wolff und Loni Eberlen. Auch andere Bereiche der Naturheilkunde erforschte ich mit gro\u00dfem Interesse.<\/p>\n\n\n\n<hr class=\"wp-block-separator has-alpha-channel-opacity is-style-wide\"\/>\n\n\n\n<p><strong>Mein beruflicher Werdegang:<\/strong><\/p>\n\n\n\n<p>1989 &#8211; 1994 Ausbildung und T\u00e4tigkeit als Bankkauffrau<\/p>\n\n\n\n<p>1995 Geburt meiner ersten Tochter<\/p>\n\n\n\n<p>1997 &#8211; 2004 Selbst\u00e4ndigkeit (Baby- u. Kleinkinderladen)<\/p>\n\n\n\n<p>1998 Geburt meiner zweiten Tochter<\/p>\n\n\n\n<p>2005 &#8211; 2006 Teilzeit-Heilpraktiker-Ausbildung bei HP Martina Klisch, Kirchhatten<\/p>\n\n\n\n<p>2006 &#8211; 2007 Phytotherapie-Ausbildung bei HP Daniela Wolff, Jever<\/p>\n\n\n\n<p>2008 &#8211; 2010 Vollzeit-Heilpraktiker-Ausbildung (Paracelsus-Schule Bremen &amp; Oldenburg)<\/p>\n\n\n\n<p>05\/2010 Amts\u00e4rztliche \u00dcberpr\u00fcfung durch das Gesundheitsamt Aurich und Zulassung zur Heilpraktikerin<\/p>\n\n\n\n<p>09\/2010 Praxiser\u00f6ffnung in Oldenburg<\/p>\n\n\n\n<p><strong>Weitere Aus- und Fortbildungen:<\/strong><\/p>\n\n\n\n<p>2008 &#8211; 2010 Grundausbildung Hom\u00f6opathie &amp; Akupunktur (Paracelsus Schule Bremen und Oldenburg)<\/p>\n\n\n\n<p>2011 Chirologie 1+2 (Brigitte Brun-F\u00e4ssler, EGPC, Schweiz)<\/p>\n\n\n\n<p>2013 Spagyrik (Phylak Sachsen)<\/p>\n\n\n\n<p>2013 Dr. Budwig-Therapeutin (Dr. Johanna Budwig Stiftung, OL)<\/p>\n\n\n\n<p>2014 Alternatives Labor (Urin- und Blutdiagnostik) (Phytaro Heilpflanzenschule, Dortmund)<\/p>\n\n\n\n<p>2014 ganzheitliche Hormonregulierung (Verisana LAB)<\/p>\n\n\n\n<p>2014 Spagyrik (Phylak Sachsen)<\/p>\n\n\n\n<p>2015 Spagyrik (Phytaro Heilpflanzenschule, Dortmund)<\/p>\n\n\n\n<p>2016 Grundlagen der Elektroakupunktur und Bioresonanzverfahren (G.EAV.B e.V., Heimbuchenthal)<\/p>\n\n\n\n<p>2017 &#8211; 2018 Grundstudium Psycho- und Pathophysiognomik bei Brigitte \u00dccker-Nahm, Wilhelmshaven<\/p>\n\n\n\n<p>2018 Autonomer Response Test (ART) 1+2 (INK, Glottertal)<\/p>\n\n\n\n<p>2018 Psychokinesiologie (PK) 1 (INK Glottertal)<\/p>\n\n\n\n<p>2018 Mentalfelttechniken (MFT) 1 (INK, Glottertal)<\/p>\n\n\n\n<p>2018 Enzyme &amp; Aminos\u00e4uren (MEF e.V., Grassau)<\/p>\n\n\n\n<p>2019 Psychokinesiologie (PK) 2 (INK Glottertal)<\/p>\n\n\n\n<p>2019 Autonomer Response Test (ART) 3+4 (INK, Glottertal)<\/p>\n\n\n\n<p>2020 Holosync 3 D &#8211; Seminar (Holotrope Synchronisationstechniken) (Blueliners Institut)<\/p>\n\n\n\n<p>2022 Praxisseminar &#8222;Almkr\u00e4uter kennenlernen und verwenden (Dipl-Ing. Dr. Michael Machatschek, \u00d6sterreich)<\/p>\n\n\n\n<hr class=\"wp-block-separator has-alpha-channel-opacity is-style-wide\"\/>\n\n\n\n<p>Meine Hauptgebiete sind: Phytotherapie, Spagyrik, Urintherapie\/Urindiagnostik, orthomolekulare Medizin&nbsp;<\/p>\n\n\n\n<p>Weiterhin bin ich bei verschiedenen Bildungsanbieter (z.B. Landwirtschaftskammer, Berufsf\u00f6rderungswerk, VHS)&nbsp; als Dozentin t\u00e4tig, ausserdem veranstalte ich eigene Seminare und Workshops. Noch mehr Informationen \u00fcber meine Naturheilpraxis und Termine rund um Wildkr\u00e4uter und Naturheilkunde gibt es auf <a href=\"http:\/\/www.tameol.de\" data-type=\"link\" data-id=\"www.tameol.de\">www.tameol.de<\/a><\/p>\n\n\n\n<p><strong>Tanja Michaela Meyer<\/strong><\/p>\n\n\n\n<figure class=\"wp-block-gallery has-nested-images columns-default is-cropped wp-block-gallery-1 is-layout-flex wp-block-gallery-is-layout-flex\">\n<figure class=\"wp-block-image size-large\"><img loading=\"lazy\" decoding=\"async\" width=\"576\" height=\"1024\" data-id=\"335\" src=\"https:\/\/www.terra-arcanum.de\/wordpress\/wp-content\/uploads\/2025\/02\/20170806_201819-scaled-1-576x1024.jpg\" alt=\"\" class=\"wp-image-335\" srcset=\"https:\/\/www.terra-arcanum.de\/wp-content\/uploads\/2025\/02\/20170806_201819-scaled-1-576x1024.jpg 576w, https:\/\/www.terra-arcanum.de\/wp-content\/uploads\/2025\/02\/20170806_201819-scaled-1-169x300.jpg 169w, https:\/\/www.terra-arcanum.de\/wp-content\/uploads\/2025\/02\/20170806_201819-scaled-1-768x1365.jpg 768w, https:\/\/www.terra-arcanum.de\/wp-content\/uploads\/2025\/02\/20170806_201819-scaled-1-864x1536.jpg 864w, https:\/\/www.terra-arcanum.de\/wp-content\/uploads\/2025\/02\/20170806_201819-scaled-1-1152x2048.jpg 1152w, https:\/\/www.terra-arcanum.de\/wp-content\/uploads\/2025\/02\/20170806_201819-scaled-1.jpg 1440w\" sizes=\"auto, (max-width: 576px) 100vw, 576px\" \/><\/figure>\n\n\n\n<figure class=\"wp-block-image size-large\"><img loading=\"lazy\" decoding=\"async\" width=\"576\" height=\"1024\" data-id=\"334\" src=\"https:\/\/www.terra-arcanum.de\/wordpress\/wp-content\/uploads\/2025\/02\/20200628_152319-Kopie-scaled-1-576x1024.jpg\" alt=\"\" class=\"wp-image-334\" srcset=\"https:\/\/www.terra-arcanum.de\/wp-content\/uploads\/2025\/02\/20200628_152319-Kopie-scaled-1-576x1024.jpg 576w, https:\/\/www.terra-arcanum.de\/wp-content\/uploads\/2025\/02\/20200628_152319-Kopie-scaled-1-169x300.jpg 169w, https:\/\/www.terra-arcanum.de\/wp-content\/uploads\/2025\/02\/20200628_152319-Kopie-scaled-1-768x1365.jpg 768w, https:\/\/www.terra-arcanum.de\/wp-content\/uploads\/2025\/02\/20200628_152319-Kopie-scaled-1-864x1536.jpg 864w, https:\/\/www.terra-arcanum.de\/wp-content\/uploads\/2025\/02\/20200628_152319-Kopie-scaled-1-1152x2048.jpg 1152w, https:\/\/www.terra-arcanum.de\/wp-content\/uploads\/2025\/02\/20200628_152319-Kopie-scaled-1.jpg 1440w\" sizes=\"auto, (max-width: 576px) 100vw, 576px\" \/><\/figure>\n\n\n\n<figure class=\"wp-block-image size-large\"><img loading=\"lazy\" decoding=\"async\" width=\"576\" height=\"1024\" data-id=\"333\" src=\"https:\/\/www.terra-arcanum.de\/wordpress\/wp-content\/uploads\/2025\/02\/20200628_150128-Kopie-scaled-1-576x1024.jpg\" alt=\"\" class=\"wp-image-333\" srcset=\"https:\/\/www.terra-arcanum.de\/wp-content\/uploads\/2025\/02\/20200628_150128-Kopie-scaled-1-576x1024.jpg 576w, https:\/\/www.terra-arcanum.de\/wp-content\/uploads\/2025\/02\/20200628_150128-Kopie-scaled-1-169x300.jpg 169w, https:\/\/www.terra-arcanum.de\/wp-content\/uploads\/2025\/02\/20200628_150128-Kopie-scaled-1-768x1365.jpg 768w, https:\/\/www.terra-arcanum.de\/wp-content\/uploads\/2025\/02\/20200628_150128-Kopie-scaled-1-864x1536.jpg 864w, https:\/\/www.terra-arcanum.de\/wp-content\/uploads\/2025\/02\/20200628_150128-Kopie-scaled-1-1152x2048.jpg 1152w, https:\/\/www.terra-arcanum.de\/wp-content\/uploads\/2025\/02\/20200628_150128-Kopie-scaled-1.jpg 1440w\" sizes=\"auto, (max-width: 576px) 100vw, 576px\" \/><\/figure>\n<\/figure>\n\n\n\n<hr class=\"wp-block-separator has-alpha-channel-opacity is-style-wide\"\/>\n\n\n\n<figure class=\"wp-block-pullquote\"><blockquote><p>Die Natur schenkt uns Gro\u00dfz\u00fcgigkeit und Sch\u00f6nheit. Seien wir dankbar und geben etwas zur\u00fcck.<\/p><cite>Robin Wall Kimmerer<\/cite><\/blockquote><\/figure>\n\n\n\n<p><\/p>\n","protected":false},"excerpt":{"rendered":"<p>Schon als Kind war ich sehr an der Natur interessiert, und mich besch\u00e4ftigten damals viele Fragen. So probierte ich selbst Einiges aus, und dabei war ich sehr praktisch veranlagt: meine Sch\u00f6nheits-Gesichtsmasken aus &#8222;nat\u00fcrlichen&#8220; Zutaten konnte man im Zweifelsfall auch aufessen!!! &hellip; <a href=\"https:\/\/www.terra-arcanum.de\/index.php\/tanja-michaela-meyer\/\">Weiterlesen <span class=\"meta-nav\">&rarr;<\/span><\/a><\/p>\n","protected":false},"author":2,"featured_media":0,"parent":0,"menu_order":0,"comment_status":"closed","ping_status":"closed","template":"","meta":{"footnotes":""},"class_list":["post-47","page","type-page","status-publish","hentry"],"_links":{"self":[{"href":"https:\/\/www.terra-arcanum.de\/index.php\/wp-json\/wp\/v2\/pages\/47","targetHints":{"allow":["GET"]}}],"collection":[{"href":"https:\/\/www.terra-arcanum.de\/index.php\/wp-json\/wp\/v2\/pages"}],"about":[{"href":"https:\/\/www.terra-arcanum.de\/index.php\/wp-json\/wp\/v2\/types\/page"}],"author":[{"embeddable":true,"href":"https:\/\/www.terra-arcanum.de\/index.php\/wp-json\/wp\/v2\/users\/2"}],"replies":[{"embeddable":true,"href":"https:\/\/www.terra-arcanum.de\/index.php\/wp-json\/wp\/v2\/comments?post=47"}],"version-history":[{"count":1,"href":"https:\/\/www.terra-arcanum.de\/index.php\/wp-json\/wp\/v2\/pages\/47\/revisions"}],"predecessor-version":[{"id":1108,"href":"https:\/\/www.terra-arcanum.de\/index.php\/wp-json\/wp\/v2\/pages\/47\/revisions\/1108"}],"wp:attachment":[{"href":"https:\/\/www.terra-arcanum.de\/index.php\/wp-json\/wp\/v2\/media?parent=47"}],"curies":[{"name":"wp","href":"https:\/\/api.w.org\/{rel}","templated":true}]}}