{"id":48,"date":"2025-02-18T12:42:36","date_gmt":"2025-02-18T12:42:36","guid":{"rendered":"http:\/\/uly-niemann.eu\/?page_id=48"},"modified":"2026-03-23T12:42:30","modified_gmt":"2026-03-23T12:42:30","slug":"angelika-michaelis","status":"publish","type":"page","link":"https:\/\/www.terra-arcanum.de\/index.php\/angelika-michaelis\/","title":{"rendered":"Angelika Michaelis"},"content":{"rendered":"\n<div class=\"wp-block-columns is-layout-flex wp-container-core-columns-is-layout-9d6595d7 wp-block-columns-is-layout-flex\">\n<div class=\"wp-block-column is-layout-flow wp-block-column-is-layout-flow\" style=\"flex-basis:33.33%\">\n<figure class=\"wp-block-image size-full\"><img loading=\"lazy\" decoding=\"async\" width=\"450\" height=\"600\" src=\"https:\/\/www.terra-arcanum.de\/wordpress\/wp-content\/uploads\/2025\/02\/angelika_michaelis_terra_arcanum_heilpflanzen_schule_01.jpg\" alt=\"\" class=\"wp-image-338\" srcset=\"https:\/\/www.terra-arcanum.de\/wp-content\/uploads\/2025\/02\/angelika_michaelis_terra_arcanum_heilpflanzen_schule_01.jpg 450w, https:\/\/www.terra-arcanum.de\/wp-content\/uploads\/2025\/02\/angelika_michaelis_terra_arcanum_heilpflanzen_schule_01-225x300.jpg 225w\" sizes=\"auto, (max-width: 450px) 100vw, 450px\" \/><\/figure>\n<\/div>\n\n\n\n<div class=\"wp-block-column is-layout-flow wp-block-column-is-layout-flow\" style=\"flex-basis:66.66%\">\n<p>Ich bin Angelika Michaelis, Jahrgang 1957 und besch\u00e4ftige mich seit \u00fcber 20 Jahren intensiv mit Heilpflanzen. Zwar hatte ich immer einen gro\u00dfen Naturbezug, aber ich bin keine Kr\u00e4uterfrau der \u201eersten Stunde\u201c. Ich habe Rechtswissenschaft studiert, bin Diplomverwaltungswirtin und arbeite im \u00f6ffentlichen Dienst. Der Schwerpunkt in meinem Leben hat sich durch eine schwere Erkrankung komplett ge\u00e4ndert. Die sogenannten Schulmedizin habe ich immer hinterfragt und die mir damals angebotene Therapie, eine Operation mit m\u00f6glichen bleibenden Behinderungen f\u00fcr meine Gesundheit habe ich abgelehnt und mir sind dann viele \u201eEngel\u201c begegnet, die mich auf den Weg gebracht haben, den ich immer noch beschreite. <\/p>\n<\/div>\n<\/div>\n\n\n\n<p><a href=\"http:\/\/images\/bilder_content\/angelika_michaelis_terra_arcanum_heilpflanzen_schule_01.jpg\" target=\"_blank\" rel=\"noreferrer noopener\"><\/a>Jedenfalls habe ich Hilfe von Heilpflanzen in unterschiedlichen Anwendungen vollst\u00e4ndige Heilung erfahren und wei\u00df daher, dass Heilung durch Mutter Natur immer m\u00f6glich ist.<\/p>\n\n\n\n<p>Einer dieser Engel war der Ayurveda in Gestalt eines Heilpraktikers, der mich mit Pillen aus gepressten Pflanzen, \u00d6len und anderen Anwendungen auf einen guten Weg gebracht hat, ein anderer war die Kr\u00e4uterfrau Helga K\u00f6hne. Als ich zum ersten Mal diesen Hof mit den unz\u00e4hligen Heilpflanzen betreten habe, war ich tief ber\u00fchrt. Dieses Erlebnis hat dazu gef\u00fchrt, dass altes Wissen, was versch\u00fcttet war, in mir wieder lebendig wurde und ich den unbedingten Wunsch hatte, diese Pflanzen um mich zu haben, mit ihnen zu arbeiten und mit ihrer Hilfe gesund zu werden.<\/p>\n\n\n\n<p>Das war einige Zeit sp\u00e4ter auch der Fall und nun habe ich meinen eigenen Kr\u00e4utergarten, in dem ich nach Herzenslust ernten und mit den Pflanzen arbeiten kann.<\/p>\n\n\n\n<p>Das mache ich nun auch schon einige Jahre und finde es immer wieder spannend, wie man tiefer und tiefer in das Geheimnis der Heilpflanzen und ihrer Anwendung eintauchen kann.<\/p>\n\n\n\n<p>Ich habe selbst nat\u00fcrlich einige Kr\u00e4uterkurse besucht, ansonsten bin ich Autodidaktin. Ich habe viele B\u00fccher \u00fcber dieses Thema verschlungen, glaube aber, dass nur die Liebe zu den Pflanzen und die st\u00e4ndige Besch\u00e4ftigung mit ihnen aus einer Frau eine Kr\u00e4uterfrau machen kann.<\/p>\n\n\n\n<p>Auch die Astrologie habe ich intensiv bei unterschiedlichen Lehrern studiert, bin Mitglied des DAV (Deutscher Astrologen Verein) und habe festgestellt, dass es viele Ber\u00fchrungspunkte mit der Pflanzenheilkunde gibt. Bereits Paracelsus hat bekanntlich festgestellt, dass kein guter Arzt sein kann, der nicht \u00fcber astrologische Erkenntnisse verf\u00fcgt.<\/p>\n\n\n\n<p>Seit 2005 gebe ich selber Kr\u00e4uterkurse, 2009 konnte ich aus Loni Eberlens gro\u00dfen Erfahrungsschatz aus vielen Jahren Heilkr\u00e4uterarbeit profitieren, mit der ich zusammen einige Heilkr\u00e4uterkurse gemacht habe. Das war auch eine wichtige Lebenserfahrung, hat sie mir doch gezeigt, wie wichtig es ist, dass wir wenigen Kr\u00e4uterfrauen zusammen halten und zusammen arbeiten sollten.<\/p>\n\n\n\n<p>Ich habe eine von 2017-2020 eine alchemistische Ausbildung bei Peter Hochmeier gemacht.<\/p>\n\n\n\n<p><strong>Angelika Michaelis<\/strong><\/p>\n\n\n\n<figure class=\"wp-block-gallery has-nested-images columns-default is-cropped wp-block-gallery-1 is-layout-flex wp-block-gallery-is-layout-flex\">\n<figure class=\"wp-block-image size-large\"><img loading=\"lazy\" decoding=\"async\" width=\"576\" height=\"1024\" data-id=\"339\" src=\"https:\/\/www.terra-arcanum.de\/wordpress\/wp-content\/uploads\/2025\/02\/20200628_150356-Kopie-scaled-1-576x1024.jpg\" alt=\"\" class=\"wp-image-339\" srcset=\"https:\/\/www.terra-arcanum.de\/wp-content\/uploads\/2025\/02\/20200628_150356-Kopie-scaled-1-576x1024.jpg 576w, https:\/\/www.terra-arcanum.de\/wp-content\/uploads\/2025\/02\/20200628_150356-Kopie-scaled-1-169x300.jpg 169w, https:\/\/www.terra-arcanum.de\/wp-content\/uploads\/2025\/02\/20200628_150356-Kopie-scaled-1-768x1365.jpg 768w, https:\/\/www.terra-arcanum.de\/wp-content\/uploads\/2025\/02\/20200628_150356-Kopie-scaled-1-864x1536.jpg 864w, https:\/\/www.terra-arcanum.de\/wp-content\/uploads\/2025\/02\/20200628_150356-Kopie-scaled-1-1152x2048.jpg 1152w, https:\/\/www.terra-arcanum.de\/wp-content\/uploads\/2025\/02\/20200628_150356-Kopie-scaled-1.jpg 1440w\" sizes=\"auto, (max-width: 576px) 100vw, 576px\" \/><\/figure>\n\n\n\n<figure class=\"wp-block-image size-large\"><img loading=\"lazy\" decoding=\"async\" width=\"576\" height=\"1024\" data-id=\"340\" src=\"https:\/\/www.terra-arcanum.de\/wordpress\/wp-content\/uploads\/2025\/02\/20200628_150404-Kopie-scaled-1-576x1024.jpg\" alt=\"\" class=\"wp-image-340\" srcset=\"https:\/\/www.terra-arcanum.de\/wp-content\/uploads\/2025\/02\/20200628_150404-Kopie-scaled-1-576x1024.jpg 576w, https:\/\/www.terra-arcanum.de\/wp-content\/uploads\/2025\/02\/20200628_150404-Kopie-scaled-1-169x300.jpg 169w, https:\/\/www.terra-arcanum.de\/wp-content\/uploads\/2025\/02\/20200628_150404-Kopie-scaled-1-768x1365.jpg 768w, https:\/\/www.terra-arcanum.de\/wp-content\/uploads\/2025\/02\/20200628_150404-Kopie-scaled-1-864x1536.jpg 864w, https:\/\/www.terra-arcanum.de\/wp-content\/uploads\/2025\/02\/20200628_150404-Kopie-scaled-1-1152x2048.jpg 1152w, https:\/\/www.terra-arcanum.de\/wp-content\/uploads\/2025\/02\/20200628_150404-Kopie-scaled-1.jpg 1440w\" sizes=\"auto, (max-width: 576px) 100vw, 576px\" \/><\/figure>\n\n\n\n<figure class=\"wp-block-image size-large\"><img loading=\"lazy\" decoding=\"async\" width=\"576\" height=\"1024\" data-id=\"341\" src=\"https:\/\/www.terra-arcanum.de\/wordpress\/wp-content\/uploads\/2025\/02\/20200628_150513-Kopie-scaled-1-576x1024.jpg\" alt=\"\" class=\"wp-image-341\" srcset=\"https:\/\/www.terra-arcanum.de\/wp-content\/uploads\/2025\/02\/20200628_150513-Kopie-scaled-1-576x1024.jpg 576w, https:\/\/www.terra-arcanum.de\/wp-content\/uploads\/2025\/02\/20200628_150513-Kopie-scaled-1-169x300.jpg 169w, https:\/\/www.terra-arcanum.de\/wp-content\/uploads\/2025\/02\/20200628_150513-Kopie-scaled-1-768x1365.jpg 768w, https:\/\/www.terra-arcanum.de\/wp-content\/uploads\/2025\/02\/20200628_150513-Kopie-scaled-1-864x1536.jpg 864w, https:\/\/www.terra-arcanum.de\/wp-content\/uploads\/2025\/02\/20200628_150513-Kopie-scaled-1-1152x2048.jpg 1152w, https:\/\/www.terra-arcanum.de\/wp-content\/uploads\/2025\/02\/20200628_150513-Kopie-scaled-1.jpg 1440w\" sizes=\"auto, (max-width: 576px) 100vw, 576px\" \/><\/figure>\n<\/figure>\n\n\n\n<hr class=\"wp-block-separator has-alpha-channel-opacity is-style-wide\"\/>\n\n\n\n<figure class=\"wp-block-pullquote\"><blockquote><p>Alle Dinge sind Gift, und nichts ist ohne Gift; allein die Dosis machts, da\u00df ein Ding kein Gift sei.<br><br><\/p><cite>Paracelsus<\/cite><\/blockquote><\/figure>\n\n\n\n<p><\/p>\n","protected":false},"excerpt":{"rendered":"<p>Ich bin Angelika Michaelis, Jahrgang 1957 und besch\u00e4ftige mich seit \u00fcber 20 Jahren intensiv mit Heilpflanzen. Zwar hatte ich immer einen gro\u00dfen Naturbezug, aber ich bin keine Kr\u00e4uterfrau der \u201eersten Stunde\u201c. Ich habe Rechtswissenschaft studiert, bin Diplomverwaltungswirtin und arbeite im &hellip; <a href=\"https:\/\/www.terra-arcanum.de\/index.php\/angelika-michaelis\/\">Weiterlesen <span class=\"meta-nav\">&rarr;<\/span><\/a><\/p>\n","protected":false},"author":2,"featured_media":0,"parent":0,"menu_order":0,"comment_status":"closed","ping_status":"closed","template":"","meta":{"footnotes":""},"class_list":["post-48","page","type-page","status-publish","hentry"],"_links":{"self":[{"href":"https:\/\/www.terra-arcanum.de\/index.php\/wp-json\/wp\/v2\/pages\/48","targetHints":{"allow":["GET"]}}],"collection":[{"href":"https:\/\/www.terra-arcanum.de\/index.php\/wp-json\/wp\/v2\/pages"}],"about":[{"href":"https:\/\/www.terra-arcanum.de\/index.php\/wp-json\/wp\/v2\/types\/page"}],"author":[{"embeddable":true,"href":"https:\/\/www.terra-arcanum.de\/index.php\/wp-json\/wp\/v2\/users\/2"}],"replies":[{"embeddable":true,"href":"https:\/\/www.terra-arcanum.de\/index.php\/wp-json\/wp\/v2\/comments?post=48"}],"version-history":[{"count":2,"href":"https:\/\/www.terra-arcanum.de\/index.php\/wp-json\/wp\/v2\/pages\/48\/revisions"}],"predecessor-version":[{"id":1107,"href":"https:\/\/www.terra-arcanum.de\/index.php\/wp-json\/wp\/v2\/pages\/48\/revisions\/1107"}],"wp:attachment":[{"href":"https:\/\/www.terra-arcanum.de\/index.php\/wp-json\/wp\/v2\/media?parent=48"}],"curies":[{"name":"wp","href":"https:\/\/api.w.org\/{rel}","templated":true}]}}