{"id":49,"date":"2025-02-18T12:42:36","date_gmt":"2025-02-18T12:42:36","guid":{"rendered":"http:\/\/uly-niemann.eu\/?page_id=49"},"modified":"2026-04-08T19:02:52","modified_gmt":"2026-04-08T18:02:52","slug":"kraeuterausbildung","status":"publish","type":"page","link":"https:\/\/www.terra-arcanum.de\/index.php\/kraeuterausbildung\/","title":{"rendered":"Kr\u00e4uterausbildung"},"content":{"rendered":"\n<p><strong>Kr\u00e4uterausbildung Terra Arcanum<\/strong><\/p>\n\n\n\n<p>Unsere Heilpflanzenausbildung bietet sich als erg\u00e4nzende, berufliche Weiterbildung an, welche sich vorrangig an Menschen aus den Bereichen Gesundheit, P\u00e4dagogik, Natur &amp; Umwelt sowie Handwerk &amp; Einzelhandel richtet. Da aber keine Vorkenntnisse erforderlich sind, steht sie auch interessierten Laien offen.&nbsp;<\/p>\n\n\n\n<p>Die Ausbildung umfasst&nbsp;<strong> 14 Unterrichtstage (8 U-Std. pro Tag = insg. 112 Unterrichtsstunden<\/strong> zu je 45 Minuten), jeweils von 10-17 Uhr und findet in Oldenburg bzw. in Zetel oder anderen Orten im Raum Oldenburg\/Niedersachsen statt. Die Gesamtkosten <strong>inkl. s\u00e4mtlicher Materialien und Skripte<\/strong> betragen:<\/p>\n\n\n\n<p>1.174,79 \u20ac + 19 % MwSt. (223,21 \u20ac) = insg. 1.398,00 \u20ac<\/p>\n\n\n\n<h5 class=\"wp-block-heading\"><a href=\"\/wordpress\/images\/bilder_content\/kraeuterausbildung_terra_arcanum_heilpflanzen_schule_03.jpg\" target=\"_blank\" rel=\"noreferrer noopener\"><\/a><strong>m\u00f6gliche Zahlungen:<\/strong><\/h5>\n\n\n\n<p>a) Anzahlung bei Anmeldung: 198 \u20ac, weiterhin monatlich 12 Raten zu je 100 \u20ac<\/p>\n\n\n\n<p>b) Zahlung in einer Summe bei Anmeldung<\/p>\n\n\n\n<h5 class=\"wp-block-heading\"><strong>Ausbildungs-Termine:<\/strong><\/h5>\n\n\n\n<p><\/p>\n\n\n\n<h5 class=\"wp-block-heading\"><strong>Kr\u00e4uterausbildung (Wochenendkurs) 2026 (nur noch wenige Restpl\u00e4tze)<\/strong><\/h5>\n\n\n\n<ul class=\"wp-block-list\">\n<li>(jeweils von 10 &#8211; ca.17 Uhr): 28. Februar, 1. M\u00e4rz, 21. M\u00e4rz, 11. April, 18. April, 9. Mai, 6. Juni, 20. Juni, 4. Juli, 15. August, 5. September, 26. September, 10. Oktober, 11. Oktober 2026<\/li>\n<\/ul>\n\n\n\n<p>Da die Ausbildungstermine \u00fcber das Jahr verteilt sind, k\u00f6nnen die Kr\u00e4uter in ihren verschiedenen Wachstumsphasen im Jahresverlauf beobachtet, erkannt und zugeordnet werden.<\/p>\n\n\n\n<p>Wir werden so oft es geht draussen bei den Pflanzen sein, und viel praktisch arbeiten, daher bitte f\u00fcr geeignetes Schuhwerk und \u201epraktische\u201c Kleidung sorgen.<\/p>\n\n\n\n<h5 class=\"wp-block-heading\"><strong>Unsere Ausbildungsziele:<\/strong><\/h5>\n\n\n\n<p>Unsere Heilkr\u00e4uter-Ausbildung basiert auf 3 S\u00e4ulen<a href=\"\/wordpress\/images\/bilder_content\/kraeuterausbildung_terra_arcanum_heilpflanzen_schule_05.jpg\" target=\"_blank\" rel=\"noreferrer noopener\"><\/a><\/p>\n\n\n\n<h5 class=\"wp-block-heading\"><strong>1. Theorie:<\/strong><\/h5>\n\n\n\n<p>Kenntnisse \u00fcber den aktuellen Stand der Phytotherapie, Vermittlung des Wissens \u00fcber anerkannte Heilpflanzen, deren Inhaltsstoffe, Anwendung und Rezeptierung.<\/p>\n\n\n\n<h5 class=\"wp-block-heading\"><strong>2. Praxis:<\/strong><\/h5>\n\n\n\n<p>Kulinarische K\u00f6stlichkeiten aus Wildkr\u00e4utern, Herstellung von Ausz\u00fcgen, Dekokten, Tinkturen, Weinen, Salben, und vieles mehr.<\/p>\n\n\n\n<h5 class=\"wp-block-heading\"><strong>3. &#8222;Altes&#8220; Wissen:<\/strong><\/h5>\n\n\n\n<p>Planetensignaturen und elementare Zugeh\u00f6rigkeit von Heilpflanzen, Rituale mit Heilpflanzen im Jahreskreis, sinnliche Wahrnehmungen, Meditationen.<\/p>\n\n\n\n<p>Alle 3 S\u00e4ulen sind uns in der Ausbildung wichtig, denn eine S\u00e4ule tr\u00e4gt nicht ohne die Anderen.<\/p>\n\n\n\n<p>Es ist nat\u00fcrlich wichtig, Rezepte lesen bzw. selbst rezeptieren zu k\u00f6nnen, die wesentlichen Inhaltsstoffe von Heilpflanzen zu kennen, aber&#8230; ohne praktische Erfahrungen, ohne Schulung der eigenen Beobachtungsgabe und das Erkennen der Seele der Pflanze, bleibt das Wissen leer.<\/p>\n\n\n\n<p>Erst dann k\u00f6nnen wir wirklich erfahren, welch unermesslicher Reichtum uns mit den Heilpflanzen, die Mutter Erde uns jedes Jahr von neuem schenkt, zur Verf\u00fcgung steht, f\u00fcr K\u00f6rper, Geist und Seele.<a href=\"\/wordpress\/images\/bilder_content\/kraeuterausbildung_terra_arcanum_heilpflanzen_schule_07.jpg\" target=\"_blank\" rel=\"noreferrer noopener\"><\/a><\/p>\n\n\n\n<p><strong><a href=\"https:\/\/www.terra-arcanum.de\/index.php\/ausbildungsinhalte\/\" data-type=\"page\" data-id=\"51\">Ausbildungsinhalte<\/a><\/strong><a href=\"http:\/\/uly-niemann.eu\/ausbildungsinhalte\/\" data-type=\"page\" data-id=\"51\"><br><\/a><br><strong><a href=\"https:\/\/www.terra-arcanum.de\/index.php\/anmeldung_kraeuter\/\" data-type=\"page\" data-id=\"994\">Anmeldung Kr\u00e4uterausbildung<\/a><\/strong><br><br><strong><a href=\"https:\/\/www.terra-arcanum.de\/index.php\/seminarorte\/\" data-type=\"page\" data-id=\"116\">Seminarorte<\/a><\/strong>.<br><\/p>\n\n\n\n<p><br><\/p>\n\n\n\n<figure class=\"wp-block-gallery has-nested-images columns-default is-cropped wp-block-gallery-1 is-layout-flex wp-block-gallery-is-layout-flex\">\n<figure class=\"wp-block-image size-large\"><img loading=\"lazy\" decoding=\"async\" width=\"450\" height=\"600\" data-id=\"387\" src=\"https:\/\/www.terra-arcanum.de\/wp-content\/uploads\/2025\/02\/kraeuterausbildung_terra_arcanum_heilpflanzen_schule_03.jpg\" alt=\"\" class=\"wp-image-387\" srcset=\"https:\/\/www.terra-arcanum.de\/wp-content\/uploads\/2025\/02\/kraeuterausbildung_terra_arcanum_heilpflanzen_schule_03.jpg 450w, https:\/\/www.terra-arcanum.de\/wp-content\/uploads\/2025\/02\/kraeuterausbildung_terra_arcanum_heilpflanzen_schule_03-225x300.jpg 225w\" sizes=\"auto, (max-width: 450px) 100vw, 450px\" \/><\/figure>\n\n\n\n<figure class=\"wp-block-image size-large\"><img loading=\"lazy\" decoding=\"async\" width=\"800\" height=\"600\" data-id=\"388\" src=\"https:\/\/www.terra-arcanum.de\/wp-content\/uploads\/2025\/02\/kraeuterausbildung_terra_arcanum_heilpflanzen_schule_05.jpg\" alt=\"\" class=\"wp-image-388\" srcset=\"https:\/\/www.terra-arcanum.de\/wp-content\/uploads\/2025\/02\/kraeuterausbildung_terra_arcanum_heilpflanzen_schule_05.jpg 800w, https:\/\/www.terra-arcanum.de\/wp-content\/uploads\/2025\/02\/kraeuterausbildung_terra_arcanum_heilpflanzen_schule_05-300x225.jpg 300w, https:\/\/www.terra-arcanum.de\/wp-content\/uploads\/2025\/02\/kraeuterausbildung_terra_arcanum_heilpflanzen_schule_05-768x576.jpg 768w, https:\/\/www.terra-arcanum.de\/wp-content\/uploads\/2025\/02\/kraeuterausbildung_terra_arcanum_heilpflanzen_schule_05-400x300.jpg 400w\" sizes=\"auto, (max-width: 800px) 100vw, 800px\" \/><\/figure>\n\n\n\n<figure class=\"wp-block-image size-large\"><img loading=\"lazy\" decoding=\"async\" width=\"800\" height=\"600\" data-id=\"386\" src=\"https:\/\/www.terra-arcanum.de\/wp-content\/uploads\/2025\/02\/kraeuterausbildung_terra_arcanum_heilpflanzen_schule_07.jpg\" alt=\"\" class=\"wp-image-386\" srcset=\"https:\/\/www.terra-arcanum.de\/wp-content\/uploads\/2025\/02\/kraeuterausbildung_terra_arcanum_heilpflanzen_schule_07.jpg 800w, https:\/\/www.terra-arcanum.de\/wp-content\/uploads\/2025\/02\/kraeuterausbildung_terra_arcanum_heilpflanzen_schule_07-300x225.jpg 300w, https:\/\/www.terra-arcanum.de\/wp-content\/uploads\/2025\/02\/kraeuterausbildung_terra_arcanum_heilpflanzen_schule_07-768x576.jpg 768w, https:\/\/www.terra-arcanum.de\/wp-content\/uploads\/2025\/02\/kraeuterausbildung_terra_arcanum_heilpflanzen_schule_07-400x300.jpg 400w\" sizes=\"auto, (max-width: 800px) 100vw, 800px\" \/><\/figure>\n<\/figure>\n\n\n\n<hr class=\"wp-block-separator has-alpha-channel-opacity is-style-wide\"\/>\n\n\n\n<figure class=\"wp-block-pullquote\"><blockquote><p>Erlaube dem Frieden der Natur in dich zu flie\u00dfen, wie der Sonnenschein in die B\u00e4ume flie\u00dft.<\/p><cite>John Muir<\/cite><\/blockquote><\/figure>\n","protected":false},"excerpt":{"rendered":"<p>Kr\u00e4uterausbildung Terra Arcanum Unsere Heilpflanzenausbildung bietet sich als erg\u00e4nzende, berufliche Weiterbildung an, welche sich vorrangig an Menschen aus den Bereichen Gesundheit, P\u00e4dagogik, Natur &amp; Umwelt sowie Handwerk &amp; Einzelhandel richtet. Da aber keine Vorkenntnisse erforderlich sind, steht sie auch interessierten &hellip; <a href=\"https:\/\/www.terra-arcanum.de\/index.php\/kraeuterausbildung\/\">Weiterlesen <span class=\"meta-nav\">&rarr;<\/span><\/a><\/p>\n","protected":false},"author":2,"featured_media":0,"parent":0,"menu_order":0,"comment_status":"closed","ping_status":"closed","template":"","meta":{"footnotes":""},"class_list":["post-49","page","type-page","status-publish","hentry"],"_links":{"self":[{"href":"https:\/\/www.terra-arcanum.de\/index.php\/wp-json\/wp\/v2\/pages\/49","targetHints":{"allow":["GET"]}}],"collection":[{"href":"https:\/\/www.terra-arcanum.de\/index.php\/wp-json\/wp\/v2\/pages"}],"about":[{"href":"https:\/\/www.terra-arcanum.de\/index.php\/wp-json\/wp\/v2\/types\/page"}],"author":[{"embeddable":true,"href":"https:\/\/www.terra-arcanum.de\/index.php\/wp-json\/wp\/v2\/users\/2"}],"replies":[{"embeddable":true,"href":"https:\/\/www.terra-arcanum.de\/index.php\/wp-json\/wp\/v2\/comments?post=49"}],"version-history":[{"count":2,"href":"https:\/\/www.terra-arcanum.de\/index.php\/wp-json\/wp\/v2\/pages\/49\/revisions"}],"predecessor-version":[{"id":1166,"href":"https:\/\/www.terra-arcanum.de\/index.php\/wp-json\/wp\/v2\/pages\/49\/revisions\/1166"}],"wp:attachment":[{"href":"https:\/\/www.terra-arcanum.de\/index.php\/wp-json\/wp\/v2\/media?parent=49"}],"curies":[{"name":"wp","href":"https:\/\/api.w.org\/{rel}","templated":true}]}}