{"id":51,"date":"2025-02-18T12:42:36","date_gmt":"2025-02-18T12:42:36","guid":{"rendered":"http:\/\/uly-niemann.eu\/?page_id=51"},"modified":"2025-02-18T12:42:36","modified_gmt":"2025-02-18T12:42:36","slug":"ausbildungsinhalte","status":"publish","type":"page","link":"https:\/\/www.terra-arcanum.de\/index.php\/ausbildungsinhalte\/","title":{"rendered":"Ausbildungsinhalte"},"content":{"rendered":"\n<h5 class=\"wp-block-heading\"><strong>Inhalte der Kr\u00e4uterausbildung<\/strong><\/h5>\n\n\n\n<ul class=\"wp-block-list\">\n<li>Die moderne Phytotherapie und ihre Grenzen<\/li>\n\n\n\n<li>Gesetzeskunde: Bestimmungen aus dem Heilpraktiker- und Arzneimittelgesetz<\/li>\n\n\n\n<li>\u00dcberlieferte Wirkungen \/altes Wissen im Vergleich mit wissenschaftlich best\u00e4tigten Untersuchungen \u00fcber die Wirkung von Heilpflanzen<\/li>\n\n\n\n<li>Die wichtigsten Heilpflanzenfamilien und ihre Unterscheidungsmerkmale<\/li>\n\n\n\n<li>Wichtige Inhaltsstoffe von Heilkr\u00e4utern<\/li>\n\n\n\n<li>Pflanzensamen und ihre M\u00f6glichkeiten der Verwendung<\/li>\n<\/ul>\n\n\n\n<figure class=\"wp-block-gallery has-nested-images columns-default is-cropped wp-block-gallery-1 is-layout-flex wp-block-gallery-is-layout-flex\">\n<figure class=\"wp-block-image size-large\"><img loading=\"lazy\" decoding=\"async\" width=\"450\" height=\"600\" data-id=\"392\" src=\"https:\/\/www.terra-arcanum.de\/wordpress\/wp-content\/uploads\/2025\/02\/ausbildungsinhalte_terra_arcanum_heilpflanzen_schule_04.jpg\" alt=\"\" class=\"wp-image-392\" srcset=\"https:\/\/www.terra-arcanum.de\/wp-content\/uploads\/2025\/02\/ausbildungsinhalte_terra_arcanum_heilpflanzen_schule_04.jpg 450w, https:\/\/www.terra-arcanum.de\/wp-content\/uploads\/2025\/02\/ausbildungsinhalte_terra_arcanum_heilpflanzen_schule_04-225x300.jpg 225w\" sizes=\"auto, (max-width: 450px) 100vw, 450px\" \/><\/figure>\n\n\n\n<figure class=\"wp-block-image size-large\"><img loading=\"lazy\" decoding=\"async\" width=\"800\" height=\"600\" data-id=\"394\" src=\"https:\/\/www.terra-arcanum.de\/wordpress\/wp-content\/uploads\/2025\/02\/ausbildungsinhalte_terra_arcanum_heilpflanzen_schule_16.jpg\" alt=\"\" class=\"wp-image-394\" srcset=\"https:\/\/www.terra-arcanum.de\/wp-content\/uploads\/2025\/02\/ausbildungsinhalte_terra_arcanum_heilpflanzen_schule_16.jpg 800w, https:\/\/www.terra-arcanum.de\/wp-content\/uploads\/2025\/02\/ausbildungsinhalte_terra_arcanum_heilpflanzen_schule_16-300x225.jpg 300w, https:\/\/www.terra-arcanum.de\/wp-content\/uploads\/2025\/02\/ausbildungsinhalte_terra_arcanum_heilpflanzen_schule_16-768x576.jpg 768w, https:\/\/www.terra-arcanum.de\/wp-content\/uploads\/2025\/02\/ausbildungsinhalte_terra_arcanum_heilpflanzen_schule_16-400x300.jpg 400w\" sizes=\"auto, (max-width: 800px) 100vw, 800px\" \/><\/figure>\n\n\n\n<figure class=\"wp-block-image size-large\"><img loading=\"lazy\" decoding=\"async\" width=\"450\" height=\"600\" data-id=\"393\" src=\"https:\/\/www.terra-arcanum.de\/wordpress\/wp-content\/uploads\/2025\/02\/ausbildungsinhalte_terra_arcanum_heilpflanzen_schule_18.jpg\" alt=\"\" class=\"wp-image-393\" srcset=\"https:\/\/www.terra-arcanum.de\/wp-content\/uploads\/2025\/02\/ausbildungsinhalte_terra_arcanum_heilpflanzen_schule_18.jpg 450w, https:\/\/www.terra-arcanum.de\/wp-content\/uploads\/2025\/02\/ausbildungsinhalte_terra_arcanum_heilpflanzen_schule_18-225x300.jpg 225w\" sizes=\"auto, (max-width: 450px) 100vw, 450px\" \/><\/figure>\n<\/figure>\n\n\n\n<ul class=\"wp-block-list\">\n<li>Die Kunst der Heilkr\u00e4utermischung<\/li>\n\n\n\n<li>exemplarisches Rezeptieren<\/li>\n\n\n\n<li>Heilpflanzen zur Entschlackung und S\u00e4fte-Verbesserung<\/li>\n\n\n\n<li>Ernte, Trocknung und Lagerung von Heilpflanzen<\/li>\n\n\n\n<li>Die Bedeutung der Wurzel in der Pflanzenheilkunde<\/li>\n<\/ul>\n\n\n\n<figure class=\"wp-block-gallery has-nested-images columns-default is-cropped wp-block-gallery-2 is-layout-flex wp-block-gallery-is-layout-flex\">\n<figure class=\"wp-block-image size-large\"><img loading=\"lazy\" decoding=\"async\" width=\"450\" height=\"600\" data-id=\"396\" src=\"https:\/\/www.terra-arcanum.de\/wordpress\/wp-content\/uploads\/2025\/02\/ausbildungsinhalte_terra_arcanum_heilpflanzen_schule_08.jpg\" alt=\"\" class=\"wp-image-396\" srcset=\"https:\/\/www.terra-arcanum.de\/wp-content\/uploads\/2025\/02\/ausbildungsinhalte_terra_arcanum_heilpflanzen_schule_08.jpg 450w, https:\/\/www.terra-arcanum.de\/wp-content\/uploads\/2025\/02\/ausbildungsinhalte_terra_arcanum_heilpflanzen_schule_08-225x300.jpg 225w\" sizes=\"auto, (max-width: 450px) 100vw, 450px\" \/><\/figure>\n\n\n\n<figure class=\"wp-block-image size-large\"><img loading=\"lazy\" decoding=\"async\" width=\"800\" height=\"600\" data-id=\"397\" src=\"https:\/\/www.terra-arcanum.de\/wordpress\/wp-content\/uploads\/2025\/02\/ausbildungsinhalte_terra_arcanum_heilpflanzen_schule_06.jpg\" alt=\"\" class=\"wp-image-397\" srcset=\"https:\/\/www.terra-arcanum.de\/wp-content\/uploads\/2025\/02\/ausbildungsinhalte_terra_arcanum_heilpflanzen_schule_06.jpg 800w, https:\/\/www.terra-arcanum.de\/wp-content\/uploads\/2025\/02\/ausbildungsinhalte_terra_arcanum_heilpflanzen_schule_06-300x225.jpg 300w, https:\/\/www.terra-arcanum.de\/wp-content\/uploads\/2025\/02\/ausbildungsinhalte_terra_arcanum_heilpflanzen_schule_06-768x576.jpg 768w, https:\/\/www.terra-arcanum.de\/wp-content\/uploads\/2025\/02\/ausbildungsinhalte_terra_arcanum_heilpflanzen_schule_06-400x300.jpg 400w\" sizes=\"auto, (max-width: 800px) 100vw, 800px\" \/><\/figure>\n\n\n\n<figure class=\"wp-block-image size-large\"><img loading=\"lazy\" decoding=\"async\" width=\"450\" height=\"600\" data-id=\"395\" src=\"https:\/\/www.terra-arcanum.de\/wordpress\/wp-content\/uploads\/2025\/02\/ausbildungsinhalte_terra_arcanum_heilpflanzen_schule_09.jpg\" alt=\"\" class=\"wp-image-395\" srcset=\"https:\/\/www.terra-arcanum.de\/wp-content\/uploads\/2025\/02\/ausbildungsinhalte_terra_arcanum_heilpflanzen_schule_09.jpg 450w, https:\/\/www.terra-arcanum.de\/wp-content\/uploads\/2025\/02\/ausbildungsinhalte_terra_arcanum_heilpflanzen_schule_09-225x300.jpg 225w\" sizes=\"auto, (max-width: 450px) 100vw, 450px\" \/><\/figure>\n<\/figure>\n\n\n\n<ul class=\"wp-block-list\">\n<li>Immunst\u00e4rkende Pflanzen<\/li>\n\n\n\n<li>Kr\u00e4uter gegen Verschleimungen und Entz\u00fcndungen<\/li>\n\n\n\n<li>Kr\u00e4uter gegen Parasiten, pflanzliche Antibiotika und Immunstimulanzien<\/li>\n\n\n\n<li>Rezepte und Literaturempfehlungen<\/li>\n<\/ul>\n\n\n\n<figure class=\"wp-block-gallery has-nested-images columns-default is-cropped wp-block-gallery-3 is-layout-flex wp-block-gallery-is-layout-flex\">\n<figure class=\"wp-block-image size-large\"><img loading=\"lazy\" decoding=\"async\" width=\"800\" height=\"600\" data-id=\"398\" src=\"https:\/\/www.terra-arcanum.de\/wordpress\/wp-content\/uploads\/2025\/02\/ausbildungsinhalte_terra_arcanum_heilpflanzen_schule_02.jpg\" alt=\"\" class=\"wp-image-398\" srcset=\"https:\/\/www.terra-arcanum.de\/wp-content\/uploads\/2025\/02\/ausbildungsinhalte_terra_arcanum_heilpflanzen_schule_02.jpg 800w, https:\/\/www.terra-arcanum.de\/wp-content\/uploads\/2025\/02\/ausbildungsinhalte_terra_arcanum_heilpflanzen_schule_02-300x225.jpg 300w, https:\/\/www.terra-arcanum.de\/wp-content\/uploads\/2025\/02\/ausbildungsinhalte_terra_arcanum_heilpflanzen_schule_02-768x576.jpg 768w, https:\/\/www.terra-arcanum.de\/wp-content\/uploads\/2025\/02\/ausbildungsinhalte_terra_arcanum_heilpflanzen_schule_02-400x300.jpg 400w\" sizes=\"auto, (max-width: 800px) 100vw, 800px\" \/><\/figure>\n\n\n\n<figure class=\"wp-block-image size-large\"><img loading=\"lazy\" decoding=\"async\" width=\"800\" height=\"600\" data-id=\"400\" src=\"https:\/\/www.terra-arcanum.de\/wordpress\/wp-content\/uploads\/2025\/02\/ausbildungsinhalte_terra_arcanum_heilpflanzen_schule_11.jpg\" alt=\"\" class=\"wp-image-400\" srcset=\"https:\/\/www.terra-arcanum.de\/wp-content\/uploads\/2025\/02\/ausbildungsinhalte_terra_arcanum_heilpflanzen_schule_11.jpg 800w, https:\/\/www.terra-arcanum.de\/wp-content\/uploads\/2025\/02\/ausbildungsinhalte_terra_arcanum_heilpflanzen_schule_11-300x225.jpg 300w, https:\/\/www.terra-arcanum.de\/wp-content\/uploads\/2025\/02\/ausbildungsinhalte_terra_arcanum_heilpflanzen_schule_11-768x576.jpg 768w, https:\/\/www.terra-arcanum.de\/wp-content\/uploads\/2025\/02\/ausbildungsinhalte_terra_arcanum_heilpflanzen_schule_11-400x300.jpg 400w\" sizes=\"auto, (max-width: 800px) 100vw, 800px\" \/><\/figure>\n\n\n\n<figure class=\"wp-block-image size-large\"><img loading=\"lazy\" decoding=\"async\" width=\"800\" height=\"600\" data-id=\"399\" src=\"https:\/\/www.terra-arcanum.de\/wordpress\/wp-content\/uploads\/2025\/02\/ausbildungsinhalte_terra_arcanum_heilpflanzen_schule_10.jpg\" alt=\"\" class=\"wp-image-399\" srcset=\"https:\/\/www.terra-arcanum.de\/wp-content\/uploads\/2025\/02\/ausbildungsinhalte_terra_arcanum_heilpflanzen_schule_10.jpg 800w, https:\/\/www.terra-arcanum.de\/wp-content\/uploads\/2025\/02\/ausbildungsinhalte_terra_arcanum_heilpflanzen_schule_10-300x225.jpg 300w, https:\/\/www.terra-arcanum.de\/wp-content\/uploads\/2025\/02\/ausbildungsinhalte_terra_arcanum_heilpflanzen_schule_10-768x576.jpg 768w, https:\/\/www.terra-arcanum.de\/wp-content\/uploads\/2025\/02\/ausbildungsinhalte_terra_arcanum_heilpflanzen_schule_10-400x300.jpg 400w\" sizes=\"auto, (max-width: 800px) 100vw, 800px\" \/><\/figure>\n<\/figure>\n\n\n\n<ul class=\"wp-block-list\">\n<li>Alkohol als Medizinpferd<\/li>\n\n\n\n<li>Herstellung einer eigenen Tinktur<\/li>\n\n\n\n<li>Heilpflanzen als Nahrung: Die gr\u00fcne \u201eNeue\u201c, das gr\u00fcne Getr\u00e4nk, Pesto, Kr\u00e4uterbutter, &#8230;<\/li>\n\n\n\n<li>S\u00fc\u00dfes mit Heilpflanzen: Zuckerzubereitungen und Verreibungen, Limonaden und Pflanzensirup, Marmelade ohne Zucker<\/li>\n\n\n\n<li>Herstellung von Kr\u00e4uterwein \/ -Essig<\/li>\n\n\n\n<li>Salben und \u00d6le \/ Fett als Medizinpferd<\/li>\n\n\n\n<li>Herstellung von Kr\u00e4utergew\u00fcrzsalzen<\/li>\n<\/ul>\n\n\n\n<figure class=\"wp-block-gallery has-nested-images columns-default is-cropped wp-block-gallery-4 is-layout-flex wp-block-gallery-is-layout-flex\">\n<figure class=\"wp-block-image size-large\"><img loading=\"lazy\" decoding=\"async\" width=\"450\" height=\"600\" data-id=\"403\" src=\"https:\/\/www.terra-arcanum.de\/wordpress\/wp-content\/uploads\/2025\/02\/ausbildungsinhalte_terra_arcanum_heilpflanzen_schule_07.jpg\" alt=\"\" class=\"wp-image-403\" srcset=\"https:\/\/www.terra-arcanum.de\/wp-content\/uploads\/2025\/02\/ausbildungsinhalte_terra_arcanum_heilpflanzen_schule_07.jpg 450w, https:\/\/www.terra-arcanum.de\/wp-content\/uploads\/2025\/02\/ausbildungsinhalte_terra_arcanum_heilpflanzen_schule_07-225x300.jpg 225w\" sizes=\"auto, (max-width: 450px) 100vw, 450px\" \/><\/figure>\n\n\n\n<figure class=\"wp-block-image size-large\"><img loading=\"lazy\" decoding=\"async\" width=\"450\" height=\"600\" data-id=\"404\" src=\"https:\/\/www.terra-arcanum.de\/wordpress\/wp-content\/uploads\/2025\/02\/ausbildungsinhalte_terra_arcanum_heilpflanzen_schule_17.jpg\" alt=\"\" class=\"wp-image-404\" srcset=\"https:\/\/www.terra-arcanum.de\/wp-content\/uploads\/2025\/02\/ausbildungsinhalte_terra_arcanum_heilpflanzen_schule_17.jpg 450w, https:\/\/www.terra-arcanum.de\/wp-content\/uploads\/2025\/02\/ausbildungsinhalte_terra_arcanum_heilpflanzen_schule_17-225x300.jpg 225w\" sizes=\"auto, (max-width: 450px) 100vw, 450px\" \/><\/figure>\n\n\n\n<figure class=\"wp-block-image size-large\"><img loading=\"lazy\" decoding=\"async\" width=\"450\" height=\"600\" data-id=\"402\" src=\"https:\/\/www.terra-arcanum.de\/wordpress\/wp-content\/uploads\/2025\/02\/ausbildungsinhalte_terra_arcanum_heilpflanzen_schule_14.jpg\" alt=\"\" class=\"wp-image-402\" srcset=\"https:\/\/www.terra-arcanum.de\/wp-content\/uploads\/2025\/02\/ausbildungsinhalte_terra_arcanum_heilpflanzen_schule_14.jpg 450w, https:\/\/www.terra-arcanum.de\/wp-content\/uploads\/2025\/02\/ausbildungsinhalte_terra_arcanum_heilpflanzen_schule_14-225x300.jpg 225w\" sizes=\"auto, (max-width: 450px) 100vw, 450px\" \/><\/figure>\n<\/figure>\n\n\n\n<ul class=\"wp-block-list\">\n<li>Die Bedeutung der Bitterstoffe<\/li>\n\n\n\n<li>Herstellung eines Amarums<\/li>\n\n\n\n<li>Einf\u00fchrung in die Signaturenlehre<\/li>\n\n\n\n<li>Exkursionen (Kr\u00e4uterei, Hexenstein)<\/li>\n\n\n\n<li>Herstellung von Badesalz<\/li>\n<\/ul>\n\n\n\n<p>Zum Abschluss wird jedem Teilnehmer und jeder Teilnehmerin ein <strong>Zertifikat <\/strong>ausgestellt.<\/p>\n\n\n\n<figure class=\"wp-block-gallery has-nested-images columns-default is-cropped wp-block-gallery-5 is-layout-flex wp-block-gallery-is-layout-flex\">\n<figure class=\"wp-block-image size-large\"><img loading=\"lazy\" decoding=\"async\" width=\"800\" height=\"600\" data-id=\"406\" src=\"https:\/\/www.terra-arcanum.de\/wordpress\/wp-content\/uploads\/2025\/02\/ausbildungsinhalte_terra_arcanum_heilpflanzen_schule_12.jpg\" alt=\"\" class=\"wp-image-406\" srcset=\"https:\/\/www.terra-arcanum.de\/wp-content\/uploads\/2025\/02\/ausbildungsinhalte_terra_arcanum_heilpflanzen_schule_12.jpg 800w, https:\/\/www.terra-arcanum.de\/wp-content\/uploads\/2025\/02\/ausbildungsinhalte_terra_arcanum_heilpflanzen_schule_12-300x225.jpg 300w, https:\/\/www.terra-arcanum.de\/wp-content\/uploads\/2025\/02\/ausbildungsinhalte_terra_arcanum_heilpflanzen_schule_12-768x576.jpg 768w, https:\/\/www.terra-arcanum.de\/wp-content\/uploads\/2025\/02\/ausbildungsinhalte_terra_arcanum_heilpflanzen_schule_12-400x300.jpg 400w\" sizes=\"auto, (max-width: 800px) 100vw, 800px\" \/><\/figure>\n\n\n\n<figure class=\"wp-block-image size-large\"><img loading=\"lazy\" decoding=\"async\" width=\"450\" height=\"600\" data-id=\"405\" src=\"https:\/\/www.terra-arcanum.de\/wordpress\/wp-content\/uploads\/2025\/02\/ausbildungsinhalte_terra_arcanum_heilpflanzen_schule_19.jpg\" alt=\"\" class=\"wp-image-405\" srcset=\"https:\/\/www.terra-arcanum.de\/wp-content\/uploads\/2025\/02\/ausbildungsinhalte_terra_arcanum_heilpflanzen_schule_19.jpg 450w, https:\/\/www.terra-arcanum.de\/wp-content\/uploads\/2025\/02\/ausbildungsinhalte_terra_arcanum_heilpflanzen_schule_19-225x300.jpg 225w\" sizes=\"auto, (max-width: 450px) 100vw, 450px\" \/><\/figure>\n\n\n\n<figure class=\"wp-block-image size-large\"><img loading=\"lazy\" decoding=\"async\" width=\"1024\" height=\"1024\" data-id=\"407\" src=\"https:\/\/www.terra-arcanum.de\/wordpress\/wp-content\/uploads\/2025\/02\/IMG-20201004-WA0004-1024x1024.jpg\" alt=\"\" class=\"wp-image-407\" srcset=\"https:\/\/www.terra-arcanum.de\/wp-content\/uploads\/2025\/02\/IMG-20201004-WA0004-1024x1024.jpg 1024w, https:\/\/www.terra-arcanum.de\/wp-content\/uploads\/2025\/02\/IMG-20201004-WA0004-300x300.jpg 300w, https:\/\/www.terra-arcanum.de\/wp-content\/uploads\/2025\/02\/IMG-20201004-WA0004-150x150.jpg 150w, https:\/\/www.terra-arcanum.de\/wp-content\/uploads\/2025\/02\/IMG-20201004-WA0004-768x768.jpg 768w, https:\/\/www.terra-arcanum.de\/wp-content\/uploads\/2025\/02\/IMG-20201004-WA0004.jpg 1080w\" sizes=\"auto, (max-width: 1024px) 100vw, 1024px\" \/><\/figure>\n<\/figure>\n\n\n\n<hr class=\"wp-block-separator has-alpha-channel-opacity is-style-wide\"\/>\n\n\n\n<figure class=\"wp-block-pullquote\"><blockquote><p>Die Natur hat die Kraft zu heilen, weil sie der Ort ist, wo wir herkommen, wo wir hingeh\u00f6ren und weil sie uns als wesentlicher Teil unserer Gesundheit und unseres \u00dcberlebens geh\u00f6rt.<\/p><cite>Nooshin Razani<\/cite><\/blockquote><\/figure>\n","protected":false},"excerpt":{"rendered":"<p>Inhalte der Kr\u00e4uterausbildung Zum Abschluss wird jedem Teilnehmer und jeder Teilnehmerin ein Zertifikat ausgestellt. Die Natur hat die Kraft zu heilen, weil sie der Ort ist, wo wir herkommen, wo wir hingeh\u00f6ren und weil sie uns als wesentlicher Teil unserer &hellip; <a href=\"https:\/\/www.terra-arcanum.de\/index.php\/ausbildungsinhalte\/\">Weiterlesen <span class=\"meta-nav\">&rarr;<\/span><\/a><\/p>\n","protected":false},"author":2,"featured_media":0,"parent":0,"menu_order":0,"comment_status":"closed","ping_status":"closed","template":"","meta":{"footnotes":""},"class_list":["post-51","page","type-page","status-publish","hentry"],"_links":{"self":[{"href":"https:\/\/www.terra-arcanum.de\/index.php\/wp-json\/wp\/v2\/pages\/51","targetHints":{"allow":["GET"]}}],"collection":[{"href":"https:\/\/www.terra-arcanum.de\/index.php\/wp-json\/wp\/v2\/pages"}],"about":[{"href":"https:\/\/www.terra-arcanum.de\/index.php\/wp-json\/wp\/v2\/types\/page"}],"author":[{"embeddable":true,"href":"https:\/\/www.terra-arcanum.de\/index.php\/wp-json\/wp\/v2\/users\/2"}],"replies":[{"embeddable":true,"href":"https:\/\/www.terra-arcanum.de\/index.php\/wp-json\/wp\/v2\/comments?post=51"}],"version-history":[{"count":0,"href":"https:\/\/www.terra-arcanum.de\/index.php\/wp-json\/wp\/v2\/pages\/51\/revisions"}],"wp:attachment":[{"href":"https:\/\/www.terra-arcanum.de\/index.php\/wp-json\/wp\/v2\/media?parent=51"}],"curies":[{"name":"wp","href":"https:\/\/api.w.org\/{rel}","templated":true}]}}