{"id":53,"date":"2025-02-18T12:42:36","date_gmt":"2025-02-18T12:42:36","guid":{"rendered":"http:\/\/uly-niemann.eu\/?page_id=53"},"modified":"2026-04-08T19:05:03","modified_gmt":"2026-04-08T18:05:03","slug":"baumkurs-mythos-baum","status":"publish","type":"page","link":"https:\/\/www.terra-arcanum.de\/index.php\/baumkurs-mythos-baum\/","title":{"rendered":"Baumkurs"},"content":{"rendered":"\n<p><strong>&#8222;Mythos Baum &#8211; Kraftwesen und Medizinschatz unserer Ahnen&#8220;<\/strong><\/p>\n\n\n\n<p><\/p>\n\n\n\n<p>Unser Baumseminar bietet sich als erg\u00e4nzende, berufliche Weiterbildung an, welche sich vorrangig an Menschen aus den Bereichen Gesundheit, P\u00e4dagogik, Natur &amp; Umwelt sowie Handwerk &amp; Einzelhandel richtet. Da aber keine Vorkenntnisse erforderlich sind, steht sie auch interessierten Laien offen.<\/p>\n\n\n\n<p>An 6 Samstagen, jeweils von 10-17 Uhr, erkunden wir im Zyklus des Jahreskreises die Heilkr\u00e4fte der B\u00e4ume, dabei haben wir bewusst nur wenige B\u00e4ume pro Kurstag ausgew\u00e4hlt!<\/p>\n\n\n\n<p><strong>Tag 1:<\/strong> L\u00e4rche, Kiefer, Tanne<\/p>\n\n\n\n<p><strong>Tag 2:<\/strong> Birke, Weide<\/p>\n\n\n\n<p><strong>Tag 3:<\/strong> Linde, Esche<\/p>\n\n\n\n<p><strong>Tag 4:<\/strong> Ross- und Edelkastanie<\/p>\n\n\n\n<p><strong>Tag 5:<\/strong> Eiche, Buche<\/p>\n\n\n\n<p><strong>Tag 6:<\/strong> Eibe und Wacholder<\/p>\n\n\n\n<p><strong>Lehrinhalte:<\/strong><\/p>\n\n\n\n<ul class=\"wp-block-list\">\n<li>Anwendung der Baumheilkunde in moderner Phytotherapie und alter Volksheilkunde<\/li>\n\n\n\n<li>Grob- und feinstoffliche Wirkungsweisen der B\u00e4ume auf den Menschen<\/li>\n\n\n\n<li>Erkennen und Bestimmen der B\u00e4ume im Jahresverlauf<\/li>\n\n\n\n<li>Astrologische Signaturenlehre, energetische Betrachtungsweise<\/li>\n\n\n\n<li>Ernte und praktische Verarbeitung von Bl\u00fcten, Bl\u00e4ttern, Rinden, Fr\u00fcchten, Samen und Harzen<\/li>\n\n\n\n<li>Herstellung von Tee, Salbe, Tinktur, Gel, Hustenelixier und feinstofflichen Heilmitteln, Herstellung von kulinarischen K\u00f6stlichkeiten<\/li>\n<\/ul>\n\n\n\n<p>Im Baumkurs legen wir sehr viel Wert auf die Schulung der sinnlichen Wahrnehmung des Baumes als energetisch\/feinstoffliches Wesen.<\/p>\n\n\n\n<p>Ausbildungsumfang: 42 Unterrichtsstunden.<a href=\"\/wordpress\/images\/bilder_content\/seminare_terra_arcanum_heilpflanzen_schule_07.jpg\" target=\"_blank\" rel=\"noreferrer noopener\"><\/a><\/p>\n\n\n\n<p><strong>Kursleitung:<\/strong> Angelika Michaelis<\/p>\n\n\n\n<p><strong>Termine Baumkurs 2026<\/strong><br>(jeweils Sa., von 10 &#8211; ca. 17 Uhr): 25. April, 30. Mai, 13. Juni, 19. September, 17. Oktober, 31. Oktober 2026<\/p>\n\n\n\n<p><strong>Kosten inkl. aller Materialien:<\/strong>  599,90 \u20ac inkl. 19% MwSt. Ehemalige TeilnehmerInnen der Heilpflanzenausbildung erhalten 10% Erm\u00e4\u00dfigung.<\/p>\n\n\n\n<p><strong><a href=\"https:\/\/www.terra-arcanum.de\/index.php\/anmeldung_baum\/\" data-type=\"page\" data-id=\"995\">Anmeldung Baumkurs<\/a>\u00a0<\/strong><\/p>\n\n\n\n<p><strong><a href=\"https:\/\/www.terra-arcanum.de\/index.php\/seminarorte\/\" data-type=\"page\" data-id=\"116\">Seminarorte<\/a><a href=\"https:\/\/www.terra-arcanum.de\/wordpress\/index.php\/seminarorte\/\" data-type=\"page\" data-id=\"116\">\u00a0<\/a><\/strong><\/p>\n\n\n\n<figure class=\"wp-block-gallery has-nested-images columns-default is-cropped wp-block-gallery-1 is-layout-flex wp-block-gallery-is-layout-flex\">\n<figure class=\"wp-block-image size-large\"><img loading=\"lazy\" decoding=\"async\" width=\"800\" height=\"600\" data-id=\"422\" src=\"https:\/\/www.terra-arcanum.de\/wp-content\/uploads\/2025\/02\/seminare_terra_arcanum_heilpflanzen_schule_07.jpg\" alt=\"\" class=\"wp-image-422\" srcset=\"https:\/\/www.terra-arcanum.de\/wp-content\/uploads\/2025\/02\/seminare_terra_arcanum_heilpflanzen_schule_07.jpg 800w, https:\/\/www.terra-arcanum.de\/wp-content\/uploads\/2025\/02\/seminare_terra_arcanum_heilpflanzen_schule_07-300x225.jpg 300w, https:\/\/www.terra-arcanum.de\/wp-content\/uploads\/2025\/02\/seminare_terra_arcanum_heilpflanzen_schule_07-768x576.jpg 768w, https:\/\/www.terra-arcanum.de\/wp-content\/uploads\/2025\/02\/seminare_terra_arcanum_heilpflanzen_schule_07-400x300.jpg 400w\" sizes=\"auto, (max-width: 800px) 100vw, 800px\" \/><\/figure>\n\n\n\n<figure class=\"wp-block-image size-large\"><img loading=\"lazy\" decoding=\"async\" width=\"1024\" height=\"1024\" data-id=\"420\" src=\"https:\/\/www.terra-arcanum.de\/wp-content\/uploads\/2025\/02\/IMG-20201004-WA0005-1024x1024.jpg\" alt=\"\" class=\"wp-image-420\" srcset=\"https:\/\/www.terra-arcanum.de\/wp-content\/uploads\/2025\/02\/IMG-20201004-WA0005-1024x1024.jpg 1024w, https:\/\/www.terra-arcanum.de\/wp-content\/uploads\/2025\/02\/IMG-20201004-WA0005-300x300.jpg 300w, https:\/\/www.terra-arcanum.de\/wp-content\/uploads\/2025\/02\/IMG-20201004-WA0005-150x150.jpg 150w, https:\/\/www.terra-arcanum.de\/wp-content\/uploads\/2025\/02\/IMG-20201004-WA0005-768x768.jpg 768w, https:\/\/www.terra-arcanum.de\/wp-content\/uploads\/2025\/02\/IMG-20201004-WA0005.jpg 1080w\" sizes=\"auto, (max-width: 1024px) 100vw, 1024px\" \/><\/figure>\n\n\n\n<figure class=\"wp-block-image size-large\"><img loading=\"lazy\" decoding=\"async\" width=\"768\" height=\"1024\" data-id=\"421\" src=\"https:\/\/www.terra-arcanum.de\/wp-content\/uploads\/2025\/02\/20240406_175341-scaled-1-768x1024.jpg\" alt=\"\" class=\"wp-image-421\" srcset=\"https:\/\/www.terra-arcanum.de\/wp-content\/uploads\/2025\/02\/20240406_175341-scaled-1-768x1024.jpg 768w, https:\/\/www.terra-arcanum.de\/wp-content\/uploads\/2025\/02\/20240406_175341-scaled-1-225x300.jpg 225w, https:\/\/www.terra-arcanum.de\/wp-content\/uploads\/2025\/02\/20240406_175341-scaled-1-1152x1536.jpg 1152w, https:\/\/www.terra-arcanum.de\/wp-content\/uploads\/2025\/02\/20240406_175341-scaled-1-1536x2048.jpg 1536w, https:\/\/www.terra-arcanum.de\/wp-content\/uploads\/2025\/02\/20240406_175341-scaled-1.jpg 1920w\" sizes=\"auto, (max-width: 768px) 100vw, 768px\" \/><\/figure>\n<\/figure>\n\n\n\n<hr class=\"wp-block-separator has-alpha-channel-opacity is-style-wide\"\/>\n\n\n\n<figure class=\"wp-block-pullquote\"><blockquote><p>In den wiederholten Refrains der Natur liegt etwas unendlich Heilsames \u2013 die Gewissheit, dass die Morgend\u00e4mmerung nach der Nacht kommt und der Fr\u00fchling nach dem Winter.<\/p><cite>\u2013Rachel Carson<\/cite><\/blockquote><\/figure>\n","protected":false},"excerpt":{"rendered":"<p>&#8222;Mythos Baum &#8211; Kraftwesen und Medizinschatz unserer Ahnen&#8220; Unser Baumseminar bietet sich als erg\u00e4nzende, berufliche Weiterbildung an, welche sich vorrangig an Menschen aus den Bereichen Gesundheit, P\u00e4dagogik, Natur &amp; Umwelt sowie Handwerk &amp; Einzelhandel richtet. Da aber keine Vorkenntnisse erforderlich &hellip; <a href=\"https:\/\/www.terra-arcanum.de\/index.php\/baumkurs-mythos-baum\/\">Weiterlesen <span class=\"meta-nav\">&rarr;<\/span><\/a><\/p>\n","protected":false},"author":2,"featured_media":0,"parent":0,"menu_order":0,"comment_status":"closed","ping_status":"closed","template":"","meta":{"footnotes":""},"class_list":["post-53","page","type-page","status-publish","hentry"],"_links":{"self":[{"href":"https:\/\/www.terra-arcanum.de\/index.php\/wp-json\/wp\/v2\/pages\/53","targetHints":{"allow":["GET"]}}],"collection":[{"href":"https:\/\/www.terra-arcanum.de\/index.php\/wp-json\/wp\/v2\/pages"}],"about":[{"href":"https:\/\/www.terra-arcanum.de\/index.php\/wp-json\/wp\/v2\/types\/page"}],"author":[{"embeddable":true,"href":"https:\/\/www.terra-arcanum.de\/index.php\/wp-json\/wp\/v2\/users\/2"}],"replies":[{"embeddable":true,"href":"https:\/\/www.terra-arcanum.de\/index.php\/wp-json\/wp\/v2\/comments?post=53"}],"version-history":[{"count":3,"href":"https:\/\/www.terra-arcanum.de\/index.php\/wp-json\/wp\/v2\/pages\/53\/revisions"}],"predecessor-version":[{"id":1168,"href":"https:\/\/www.terra-arcanum.de\/index.php\/wp-json\/wp\/v2\/pages\/53\/revisions\/1168"}],"wp:attachment":[{"href":"https:\/\/www.terra-arcanum.de\/index.php\/wp-json\/wp\/v2\/media?parent=53"}],"curies":[{"name":"wp","href":"https:\/\/api.w.org\/{rel}","templated":true}]}}