{"id":58,"date":"2025-02-18T12:42:36","date_gmt":"2025-02-18T12:42:36","guid":{"rendered":"http:\/\/uly-niemann.eu\/?page_id=58"},"modified":"2026-03-23T12:55:11","modified_gmt":"2026-03-23T12:55:11","slug":"veroeffentlichungen","status":"publish","type":"page","link":"https:\/\/www.terra-arcanum.de\/index.php\/veroeffentlichungen\/","title":{"rendered":"Ver\u00f6ffentlichungen"},"content":{"rendered":"\n<p><strong>Ver\u00f6ffentlichungen Terra Arcanum<\/strong><\/p>\n\n\n\n<ul class=\"wp-block-list\">\n<li><a href=\"https:\/\/www.terra-arcanum.de\/wordpress\/wp-content\/uploads\/2025\/02\/medizinpferde_terra_arcanum_heilpflanzen_ausbildung.pdf\" data-type=\"attachment\" data-id=\"474\" target=\"_blank\" rel=\"noreferrer noopener\">Medizinpferde&nbsp;<\/a>Artikel aus &#8222;Zeiten wie diese&#8220; von <a href=\"https:\/\/www.terra-arcanum.de\/wordpress\/index.php\/angelika-michaelis\/\" data-type=\"page\" data-id=\"48\">Angelika Michaelis<\/a><\/li>\n\n\n\n<li><a href=\"https:\/\/www.terra-arcanum.de\/wordpress\/index.php\/schafgarbe\/\" data-type=\"page\" data-id=\"191\" target=\"_blank\" rel=\"noreferrer noopener\">Schafgarbe<\/a>&nbsp;Artikel aus &#8222;Zeiten wie diese&#8220; von <a href=\"https:\/\/www.terra-arcanum.de\/wordpress\/index.php\/tanja-michaela-meyer\/\" data-type=\"page\" data-id=\"47\">Tanja Michaela Meyer<\/a><\/li>\n\n\n\n<li><a href=\"https:\/\/www.terra-arcanum.de\/wordpress\/wp-content\/uploads\/2025\/02\/nachtschatten_terra_arcanum_heilpflanzen_ausbildung.pdf\" data-type=\"attachment\" data-id=\"472\" target=\"_blank\" rel=\"noreferrer noopener\">Nachtschatten&nbsp;<\/a>Artikel aus &#8222;Zeiten wie diese&#8220; von <a href=\"https:\/\/www.terra-arcanum.de\/wordpress\/index.php\/angelika-michaelis\/\" data-type=\"page\" data-id=\"48\">Angelika Michaelis<\/a><\/li>\n\n\n\n<li><a href=\"https:\/\/www.terra-arcanum.de\/wordpress\/wp-content\/uploads\/2025\/02\/goldrute_terra_arcanum_heilpflanzen_ausbildung.pdf\" data-type=\"attachment\" data-id=\"471\" target=\"_blank\" rel=\"noreferrer noopener\">Goldrute&nbsp;<\/a>Artikel aus &#8222;Zeiten wie diese&#8220; von <a href=\"https:\/\/www.terra-arcanum.de\/wordpress\/index.php\/tanja-michaela-meyer\/\" data-type=\"page\" data-id=\"47\">Tanja Michaela Meyer<\/a><\/li>\n\n\n\n<li><a href=\"https:\/\/www.terra-arcanum.de\/wordpress\/wp-content\/uploads\/2025\/02\/bio_bote_beinwell_terra_arcanum_heilpflanzen_ausbildung.pdf\" data-type=\"attachment\" data-id=\"470\" target=\"_blank\" rel=\"noreferrer noopener\">Beinwell <\/a>Artikel aus dem &#8222;Bio-Boten&#8220; von <a href=\"https:\/\/www.terra-arcanum.de\/wordpress\/index.php\/tanja-michaela-meyer\/\" data-type=\"page\" data-id=\"47\">Tanja Michaela Meyer<\/a><\/li>\n\n\n\n<li><a href=\"https:\/\/www.terra-arcanum.de\/wordpress\/wp-content\/uploads\/2025\/02\/hugoblatt_jan11_vogelmiere_terra_arcanum.pdf\" data-type=\"attachment\" data-id=\"469\" target=\"_blank\" rel=\"noreferrer noopener\">Vogelmiere&nbsp;<\/a>Artikel aus dem &#8222;Hugo-Blatt&#8220; von <a href=\"https:\/\/www.terra-arcanum.de\/wordpress\/index.php\/tanja-michaela-meyer\/\" data-type=\"page\" data-id=\"47\">Tanja Michaela Meyer<\/a><\/li>\n\n\n\n<li><a href=\"https:\/\/www.terra-arcanum.de\/wordpress\/wp-content\/uploads\/2025\/02\/topinambur_terra_arcanum_heilpflanzen_ausbildung.pdf\" data-type=\"attachment\" data-id=\"468\" target=\"_blank\" rel=\"noreferrer noopener\">Topinambur&nbsp;<\/a>Artikel aus &#8222;Zeiten wie diese&#8220; von <a href=\"https:\/\/www.terra-arcanum.de\/wordpress\/index.php\/tanja-michaela-meyer\/\" data-type=\"page\" data-id=\"47\">Tanja Michaela Meyer<\/a><\/li>\n<\/ul>\n\n\n\n<p><\/p>\n\n\n\n<p><strong>B\u00fccher und Brosch\u00fcren<\/strong><\/p>\n\n\n\n<ul class=\"wp-block-list\">\n<li><strong>K\u00d6STLICHE EICHELREZEPTE<\/strong> &#8211; NACHHALTIG, GLUTENFREI &amp; VEGETARISCH &#8211;<a href=\"https:\/\/www.terra-arcanum.de\/wordpress\/index.php\/tanja-michaela-meyer\/\" data-type=\"page\" data-id=\"47\"> Tanja Michaela Meyer<\/a><\/li>\n\n\n\n<li><strong>Wildkr\u00e4uterspaziergang in Oldenburg &amp; umzu<\/strong> &#8211; Fr\u00fchling <a href=\"https:\/\/www.terra-arcanum.de\/wordpress\/index.php\/tanja-michaela-meyer\/\" data-type=\"page\" data-id=\"47\">-Tanja Michaela Meyer<\/a><a href=\"http:\/\/uly-niemann.eu\/tanja-michaela-meyer\/\" data-type=\"page\" data-id=\"47\">&#8211; <\/a><\/li>\n\n\n\n<li><strong>Das Helga K\u00f6hne Wildkr\u00e4uterbuch<\/strong> &#8211; Lebens- und Kochprinzipien der bekannten Kr\u00e4uterfrau aus Friesland &#8211; Theresia de Jong,&nbsp;<a href=\"https:\/\/www.terra-arcanum.de\/wordpress\/index.php\/tanja-michaela-meyer\/\" data-type=\"page\" data-id=\"47\">Tanja Michaela Meyer<\/a>,&nbsp;Marleen Meinel<\/li>\n\n\n\n<li><strong>Kleine Wurzelkunde<\/strong> &#8211; Signaturen &#8211; Wurzelportr\u00e4ts &#8211; Elementare Zuordnung &#8211; <a href=\"https:\/\/www.terra-arcanum.de\/wordpress\/index.php\/angelika-michaelis\/\" data-type=\"page\" data-id=\"48\">Angelika Michaelis<\/a><\/li>\n<\/ul>\n\n\n\n<figure class=\"wp-block-gallery has-nested-images columns-default is-cropped wp-block-gallery-1 is-layout-flex wp-block-gallery-is-layout-flex\">\n<figure class=\"wp-block-image size-large\"><img loading=\"lazy\" decoding=\"async\" width=\"576\" height=\"1024\" data-id=\"464\" src=\"https:\/\/www.terra-arcanum.de\/wordpress\/wp-content\/uploads\/2025\/02\/20210415_115618-scaled-1-576x1024.jpg\" alt=\"\" class=\"wp-image-464\" srcset=\"https:\/\/www.terra-arcanum.de\/wp-content\/uploads\/2025\/02\/20210415_115618-scaled-1-576x1024.jpg 576w, https:\/\/www.terra-arcanum.de\/wp-content\/uploads\/2025\/02\/20210415_115618-scaled-1-169x300.jpg 169w, https:\/\/www.terra-arcanum.de\/wp-content\/uploads\/2025\/02\/20210415_115618-scaled-1-768x1365.jpg 768w, https:\/\/www.terra-arcanum.de\/wp-content\/uploads\/2025\/02\/20210415_115618-scaled-1-864x1536.jpg 864w, https:\/\/www.terra-arcanum.de\/wp-content\/uploads\/2025\/02\/20210415_115618-scaled-1-1152x2048.jpg 1152w, https:\/\/www.terra-arcanum.de\/wp-content\/uploads\/2025\/02\/20210415_115618-scaled-1.jpg 1440w\" sizes=\"auto, (max-width: 576px) 100vw, 576px\" \/><\/figure>\n\n\n\n<figure class=\"wp-block-image size-large\"><img loading=\"lazy\" decoding=\"async\" width=\"768\" height=\"1024\" data-id=\"463\" src=\"https:\/\/www.terra-arcanum.de\/wordpress\/wp-content\/uploads\/2025\/02\/20240325_134631-scaled-1-768x1024.jpg\" alt=\"\" class=\"wp-image-463\" srcset=\"https:\/\/www.terra-arcanum.de\/wp-content\/uploads\/2025\/02\/20240325_134631-scaled-1-768x1024.jpg 768w, https:\/\/www.terra-arcanum.de\/wp-content\/uploads\/2025\/02\/20240325_134631-scaled-1-225x300.jpg 225w, https:\/\/www.terra-arcanum.de\/wp-content\/uploads\/2025\/02\/20240325_134631-scaled-1-1152x1536.jpg 1152w, https:\/\/www.terra-arcanum.de\/wp-content\/uploads\/2025\/02\/20240325_134631-scaled-1-1536x2048.jpg 1536w, https:\/\/www.terra-arcanum.de\/wp-content\/uploads\/2025\/02\/20240325_134631-scaled-1.jpg 1920w\" sizes=\"auto, (max-width: 768px) 100vw, 768px\" \/><\/figure>\n\n\n\n<figure class=\"wp-block-image size-large\"><img loading=\"lazy\" decoding=\"async\" width=\"768\" height=\"1024\" data-id=\"465\" src=\"https:\/\/www.terra-arcanum.de\/wordpress\/wp-content\/uploads\/2025\/02\/20240406_174639-scaled-1-768x1024.jpg\" alt=\"\" class=\"wp-image-465\" srcset=\"https:\/\/www.terra-arcanum.de\/wp-content\/uploads\/2025\/02\/20240406_174639-scaled-1-768x1024.jpg 768w, https:\/\/www.terra-arcanum.de\/wp-content\/uploads\/2025\/02\/20240406_174639-scaled-1-225x300.jpg 225w, https:\/\/www.terra-arcanum.de\/wp-content\/uploads\/2025\/02\/20240406_174639-scaled-1-1152x1536.jpg 1152w, https:\/\/www.terra-arcanum.de\/wp-content\/uploads\/2025\/02\/20240406_174639-scaled-1-1536x2048.jpg 1536w, https:\/\/www.terra-arcanum.de\/wp-content\/uploads\/2025\/02\/20240406_174639-scaled-1.jpg 1920w\" sizes=\"auto, (max-width: 768px) 100vw, 768px\" \/><\/figure>\n<\/figure>\n\n\n\n<figure class=\"wp-block-pullquote\"><blockquote><p>In klinischen Studien haben wir gesehen, dass 2 Stunden Naturger\u00e4usche pro Tag Stresshormone um bis zu 800 % reduzieren und 500 bis 600 DNA-Segmente aktivieren, von denen bekannt ist, dass sie f\u00fcr die Heilung und Reparatur des K\u00f6rpers verantwortlich sind.<\/p><cite>Dr. Joe Dispenza<\/cite><\/blockquote><\/figure>\n","protected":false},"excerpt":{"rendered":"<p>Ver\u00f6ffentlichungen Terra Arcanum B\u00fccher und Brosch\u00fcren In klinischen Studien haben wir gesehen, dass 2 Stunden Naturger\u00e4usche pro Tag Stresshormone um bis zu 800 % reduzieren und 500 bis 600 DNA-Segmente aktivieren, von denen bekannt ist, dass sie f\u00fcr die Heilung &hellip; <a href=\"https:\/\/www.terra-arcanum.de\/index.php\/veroeffentlichungen\/\">Weiterlesen <span class=\"meta-nav\">&rarr;<\/span><\/a><\/p>\n","protected":false},"author":2,"featured_media":0,"parent":0,"menu_order":0,"comment_status":"closed","ping_status":"closed","template":"","meta":{"footnotes":""},"class_list":["post-58","page","type-page","status-publish","hentry"],"_links":{"self":[{"href":"https:\/\/www.terra-arcanum.de\/index.php\/wp-json\/wp\/v2\/pages\/58","targetHints":{"allow":["GET"]}}],"collection":[{"href":"https:\/\/www.terra-arcanum.de\/index.php\/wp-json\/wp\/v2\/pages"}],"about":[{"href":"https:\/\/www.terra-arcanum.de\/index.php\/wp-json\/wp\/v2\/types\/page"}],"author":[{"embeddable":true,"href":"https:\/\/www.terra-arcanum.de\/index.php\/wp-json\/wp\/v2\/users\/2"}],"replies":[{"embeddable":true,"href":"https:\/\/www.terra-arcanum.de\/index.php\/wp-json\/wp\/v2\/comments?post=58"}],"version-history":[{"count":7,"href":"https:\/\/www.terra-arcanum.de\/index.php\/wp-json\/wp\/v2\/pages\/58\/revisions"}],"predecessor-version":[{"id":1116,"href":"https:\/\/www.terra-arcanum.de\/index.php\/wp-json\/wp\/v2\/pages\/58\/revisions\/1116"}],"wp:attachment":[{"href":"https:\/\/www.terra-arcanum.de\/index.php\/wp-json\/wp\/v2\/media?parent=58"}],"curies":[{"name":"wp","href":"https:\/\/api.w.org\/{rel}","templated":true}]}}