{"id":61,"date":"2025-02-18T12:42:36","date_gmt":"2025-02-18T12:42:36","guid":{"rendered":"http:\/\/uly-niemann.eu\/?page_id=61"},"modified":"2026-03-23T12:53:15","modified_gmt":"2026-03-23T12:53:15","slug":"links","status":"publish","type":"page","link":"https:\/\/www.terra-arcanum.de\/index.php\/links\/","title":{"rendered":"Links"},"content":{"rendered":"\n<p><strong>Interessante Web-Seiten<\/strong><\/p>\n\n\n\n<ul class=\"wp-block-list\">\n<li><a href=\"http:\/\/www.tameol.de\" target=\"_blank\" rel=\"noreferrer noopener\">www.Tameol.de<\/a><\/li>\n\n\n\n<li><a href=\"http:\/\/www.Gesund-im-Net.de\" target=\"_blank\" rel=\"noreferrer noopener\">www.Gesund-im-Net.de<\/a><\/li>\n\n\n\n<li><a href=\"http:\/\/www.Heilkraeuter.de\" target=\"_blank\" rel=\"noreferrer noopener\">www.Heilkraeuter.de<\/a><\/li>\n\n\n\n<li><a href=\"http:\/\/www.Beifussfrau.de\" target=\"_blank\" rel=\"noreferrer noopener\">www.Beifussfrau.de<\/a><\/li>\n\n\n\n<li><a href=\"http:\/\/www.kleine-kraeuterwerkstatt.de\" target=\"_blank\" rel=\"noreferrer noopener\">www.kleine-kraeuterwerkstatt.de<\/a><\/li>\n\n\n\n<li><a href=\"http:\/\/www.schamanische-Heilreisen.de\" target=\"_blank\" rel=\"noreferrer noopener\">www.schamanische-Heilreisen.de<\/a><\/li>\n\n\n\n<li><a href=\"http:\/\/www.Zentrum-Beyond.de\" target=\"_blank\" rel=\"noreferrer noopener\">www.Zentrum-Beyond.de<\/a><\/li>\n\n\n\n<li><a href=\"http:\/\/www.natura-naturans.de\" target=\"_blank\" rel=\"noreferrer noopener\">www.Natura-Naturans.de<\/a><\/li>\n\n\n\n<li><a href=\"http:\/\/www.krautundklang.de\" target=\"_blank\" rel=\"noreferrer noopener\">www.krautundklang.de<\/a><\/li>\n\n\n\n<li><a href=\"http:\/\/www.phytaro.de\" target=\"_blank\" rel=\"noreferrer noopener\">www.phytaro.de<\/a><\/li>\n\n\n\n<li><a href=\"http:\/\/www.sanneswiesengefl\u00fcster.de\" target=\"_blank\" rel=\"noreferrer noopener\">www.sanneswiesengefl\u00fcster.de<\/a><\/li>\n\n\n\n<li><a href=\"http:\/\/www.immenreich.com\" target=\"_blank\" rel=\"noreferrer noopener\">www.immenreich.com<\/a><\/li>\n\n\n\n<li><a href=\"http:\/\/www.groentuech.de\" target=\"_blank\" rel=\"noreferrer noopener\">www.groentuech.de<\/a><\/li>\n\n\n\n<li><a href=\"http:\/\/www.imkes-gluecksgarten.de\" target=\"_blank\" rel=\"noreferrer noopener\">www.imkes-gluecksgarten.de<\/a><\/li>\n\n\n\n<li>www.ernaehrungsberatung-os.de<\/li>\n\n\n\n<li>www.kirsten-nipper-heilerin.de<\/li>\n\n\n\n<li><a href=\"http:\/\/uly-niemann.de\" data-type=\"link\" data-id=\"uly-niemann.de\" target=\"_blank\" rel=\"noreferrer noopener\">www.uly-niemann.de<\/a><\/li>\n<\/ul>\n\n\n\n<p><strong>Weitere interessante Themen<\/strong><\/p>\n\n\n\n<p>Mit Hund im Wohnmobil ganz easy und artgerecht verreisen:<\/p>\n\n\n\n<ul class=\"wp-block-list\">\n<li>www.artgerecht-reisen.de<\/li>\n<\/ul>\n\n\n\n<p>Wohlf\u00fchlmaterial Wolle: Hier k\u00f6nnen Sie qualitativ hochwertige Wolle kaufen und lernen, wie die Wolle vom Schaf ins Kn\u00e4uel kommt, z.B. mit einem Spinnkurs:<\/p>\n\n\n\n<ul class=\"wp-block-list\">\n<li><a href=\"http:\/\/www.wolle-timmer.de\" target=\"_blank\" rel=\"noreferrer noopener\">www.wolle-timmer.de<\/a><\/li>\n<\/ul>\n\n\n\n<p>Hundeerziehung ganz einfach, sicher und professionell mit dem Sprayhalsband, eine Erfindung aus Oldenburg:<\/p>\n\n\n\n<ul class=\"wp-block-list\">\n<li>www.sprayhalsband.de<\/li>\n<\/ul>\n\n\n\n<p>Die Energien von Orten, Pflanzen und B\u00e4umen entdecken, den Umgang mit Rute oder Tensor sowie energetisches Mei\u00dfeln erfahren: Lernen Sie von zwei kompetenten und gepr\u00fcften Ruteng\u00e4ngermeistern:<\/p>\n\n\n\n<ul class=\"wp-block-list\">\n<li><a href=\"http:\/\/www.rutengaenger-meister.de\" target=\"_blank\" rel=\"noreferrer noopener\">www.rutengaenger-meister.de<\/a><\/li>\n<\/ul>\n\n\n\n<figure class=\"wp-block-gallery has-nested-images columns-default is-cropped wp-block-gallery-1 is-layout-flex wp-block-gallery-is-layout-flex\">\n<figure class=\"wp-block-image size-large\"><img loading=\"lazy\" decoding=\"async\" width=\"768\" height=\"1024\" data-id=\"484\" src=\"https:\/\/www.terra-arcanum.de\/wordpress\/wp-content\/uploads\/2025\/02\/20240413_133904-scaled-2-768x1024.jpg\" alt=\"\" class=\"wp-image-484\" srcset=\"https:\/\/www.terra-arcanum.de\/wp-content\/uploads\/2025\/02\/20240413_133904-scaled-2-768x1024.jpg 768w, https:\/\/www.terra-arcanum.de\/wp-content\/uploads\/2025\/02\/20240413_133904-scaled-2-225x300.jpg 225w, https:\/\/www.terra-arcanum.de\/wp-content\/uploads\/2025\/02\/20240413_133904-scaled-2-1152x1536.jpg 1152w, https:\/\/www.terra-arcanum.de\/wp-content\/uploads\/2025\/02\/20240413_133904-scaled-2-1536x2048.jpg 1536w, https:\/\/www.terra-arcanum.de\/wp-content\/uploads\/2025\/02\/20240413_133904-scaled-2.jpg 1920w\" sizes=\"auto, (max-width: 768px) 100vw, 768px\" \/><\/figure>\n\n\n\n<figure class=\"wp-block-image size-large\"><img loading=\"lazy\" decoding=\"async\" width=\"768\" height=\"1024\" data-id=\"485\" src=\"https:\/\/www.terra-arcanum.de\/wordpress\/wp-content\/uploads\/2025\/02\/20240406_180719-scaled-1-768x1024.jpg\" alt=\"\" class=\"wp-image-485\" srcset=\"https:\/\/www.terra-arcanum.de\/wp-content\/uploads\/2025\/02\/20240406_180719-scaled-1-768x1024.jpg 768w, https:\/\/www.terra-arcanum.de\/wp-content\/uploads\/2025\/02\/20240406_180719-scaled-1-225x300.jpg 225w, https:\/\/www.terra-arcanum.de\/wp-content\/uploads\/2025\/02\/20240406_180719-scaled-1-1152x1536.jpg 1152w, https:\/\/www.terra-arcanum.de\/wp-content\/uploads\/2025\/02\/20240406_180719-scaled-1-1536x2048.jpg 1536w, https:\/\/www.terra-arcanum.de\/wp-content\/uploads\/2025\/02\/20240406_180719-scaled-1.jpg 1920w\" sizes=\"auto, (max-width: 768px) 100vw, 768px\" \/><\/figure>\n\n\n\n<figure class=\"wp-block-image size-full\"><img loading=\"lazy\" decoding=\"async\" width=\"300\" height=\"533\" data-id=\"1113\" src=\"https:\/\/www.terra-arcanum.de\/wordpress\/wp-content\/uploads\/2026\/03\/20170805_115421.jpg\" alt=\"\" class=\"wp-image-1113\" srcset=\"https:\/\/www.terra-arcanum.de\/wp-content\/uploads\/2026\/03\/20170805_115421.jpg 300w, https:\/\/www.terra-arcanum.de\/wp-content\/uploads\/2026\/03\/20170805_115421-169x300.jpg 169w\" sizes=\"auto, (max-width: 300px) 100vw, 300px\" \/><\/figure>\n<\/figure>\n\n\n\n<hr class=\"wp-block-separator has-alpha-channel-opacity is-style-wide\"\/>\n\n\n\n<figure class=\"wp-block-pullquote\"><blockquote><p>Ein Spaziergang in der Natur, f\u00fchrt die Seele nach Hause.<\/p><cite>Maria Davis<\/cite><\/blockquote><\/figure>\n","protected":false},"excerpt":{"rendered":"<p>Interessante Web-Seiten Weitere interessante Themen Mit Hund im Wohnmobil ganz easy und artgerecht verreisen: Wohlf\u00fchlmaterial Wolle: Hier k\u00f6nnen Sie qualitativ hochwertige Wolle kaufen und lernen, wie die Wolle vom Schaf ins Kn\u00e4uel kommt, z.B. mit einem Spinnkurs: Hundeerziehung ganz einfach, &hellip; <a href=\"https:\/\/www.terra-arcanum.de\/index.php\/links\/\">Weiterlesen <span class=\"meta-nav\">&rarr;<\/span><\/a><\/p>\n","protected":false},"author":2,"featured_media":0,"parent":0,"menu_order":0,"comment_status":"closed","ping_status":"closed","template":"","meta":{"footnotes":""},"class_list":["post-61","page","type-page","status-publish","hentry"],"_links":{"self":[{"href":"https:\/\/www.terra-arcanum.de\/index.php\/wp-json\/wp\/v2\/pages\/61","targetHints":{"allow":["GET"]}}],"collection":[{"href":"https:\/\/www.terra-arcanum.de\/index.php\/wp-json\/wp\/v2\/pages"}],"about":[{"href":"https:\/\/www.terra-arcanum.de\/index.php\/wp-json\/wp\/v2\/types\/page"}],"author":[{"embeddable":true,"href":"https:\/\/www.terra-arcanum.de\/index.php\/wp-json\/wp\/v2\/users\/2"}],"replies":[{"embeddable":true,"href":"https:\/\/www.terra-arcanum.de\/index.php\/wp-json\/wp\/v2\/comments?post=61"}],"version-history":[{"count":3,"href":"https:\/\/www.terra-arcanum.de\/index.php\/wp-json\/wp\/v2\/pages\/61\/revisions"}],"predecessor-version":[{"id":1114,"href":"https:\/\/www.terra-arcanum.de\/index.php\/wp-json\/wp\/v2\/pages\/61\/revisions\/1114"}],"wp:attachment":[{"href":"https:\/\/www.terra-arcanum.de\/index.php\/wp-json\/wp\/v2\/media?parent=61"}],"curies":[{"name":"wp","href":"https:\/\/api.w.org\/{rel}","templated":true}]}}