{"id":65,"date":"2025-02-18T12:42:36","date_gmt":"2025-02-18T12:42:36","guid":{"rendered":"http:\/\/uly-niemann.eu\/?page_id=65"},"modified":"2026-03-23T11:30:40","modified_gmt":"2026-03-23T11:30:40","slug":"agbs","status":"publish","type":"page","link":"https:\/\/www.terra-arcanum.de\/index.php\/agbs\/","title":{"rendered":"AGBs"},"content":{"rendered":"\n<p><strong>Allgemeine Gesch\u00e4ftsbedingungen<\/strong><\/p>\n\n\n\n<p><strong>1. Anmeldung:<\/strong><br>Bitte setzen Sie sich vor Ihrer Anmeldung mit uns in Verbindung, damit sichergestellt ist, da\u00df noch ein Teilnehmerplatz f\u00fcr Sie frei ist. Die Anmeldung ist verbindlich und wird wirksam mit<br>Eingang des Anmeldeformulars, Zahlung der Kursgeb\u00fchr (bzw. Eingang der ersten Rate) und verpflichtet zur vollst\u00e4ndigen Bezahlung.<\/p>\n\n\n\n<p><strong>2. Zahlungsweisen:<\/strong><br>Die Kursgeb\u00fchr kann bei mehrt\u00e4gigen Seminaren wahlweise in einer Summe, oder Raten gezahlt werden. Der Gesamtbetrag bzw. die erste Rate muss vor Seminarbeginn auf das angegebene Konto eingegangen sein. F\u00fcr Kr\u00e4uterwanderungen und Tagesseminare gilt: falls nicht anders vereinbart ist der vollst\u00e4ndige Kursbetrag sp\u00e4testens nach Abschluss des Seminars f\u00e4llig.<br>Termine f\u00fcr die Ratenzahlungen:<br>Heilpflanzenausbildung: Anzahlung (198 \u20ac*) f\u00e4llig bei Anmeldung, 12 Raten zu je 100 \u20ac*: jeweils zum: 1.3., 1.4., 1.5., 1.6., 1.7., 1.8., 1.9., 1.10., 1.11., 1.12. des Ausbildungsjahres und 1.1. und 1.2. des Folgejahres<br>Baumseminar: Anzahlung (149,90 \u20ac*) f\u00e4llig bei Anmeldung, 5 Raten zu je 90 \u20ac* am 1.3., 1.5., 1.7., 1.9. und 1.10. des Ausbildungsjahres<br>* Preise enthalten 19% MwSt.<\/p>\n\n\n\n<p><strong>3. R\u00fccktritt:<\/strong><br>Ein R\u00fccktritt innerhalb von 14 Werktagen nach Anmeldung ist kostenfrei m\u00f6glich, und muss in schriftlicher Form erfolgen. Ausfallgeb\u00fchren: Bei einem R\u00fccktritt &#8211; ab 4 Wochen vor Kursbeginn: \u00bc der Kursgeb\u00fchr &#8211; ab 2 Wochen vor Kursbeginn: \u00bd der Kursgeb\u00fchr. Auch bei Nichterscheinen oder nur zeitweiliger Teilnahme ist die gesamte Kursgeb\u00fchr f\u00e4llig. Wenn ein\/e ErsatzteilnehmerIn gestellt wird, entfallen die o.g. Ausfallgeb\u00fchren.<\/p>\n\n\n\n<p><strong>4. Absage von Veranstaltungen und \u00c4nderungsvorbehalt<\/strong><br>Die Terra-Arcanum Heilpflanzenschule kann bei Unterschreitung der Mindestteilnehmerzahl oder aus anderen dringenden Gr\u00fcnden die Veranstaltung absagen. Angemeldete Teilnehmer werden \u00fcber die Absage informiert. In diesem Fall wird die Teilnahme kostenfrei storniert und nach M\u00f6glichkeit ein alternatives Angebot unterbreitet. Eventuell bereits gezahlte Geb\u00fchren werden vollst\u00e4ndig zur\u00fcckerstattet. Weitergehende Anspr\u00fcche k\u00f6nnen daraus nicht abgeleitet und daher auch nicht geltend gemacht werden. Bei Absage von Einzelterminen durch Terra-Arcanum werden bereits gezahlte Beitr\u00e4ge anteilig zur\u00fcckerstattet. Weitergehende Anspr\u00fcche bestehen nicht. Bei Nichterscheinen oder Kursabbruch seitens des Teilnehmers erfolgt keine R\u00fcckerstattung. Die Terra-Arcanum Heilpflanzenschule beh\u00e4lt sich vor, inhaltliche, organisatorische und personelle \u00c4nderungen an der Veranstaltung vorzunehmen.<\/p>\n\n\n\n<p><strong>5. Urheberschutz:<\/strong><br>Die Unterrichtsskripte d\u00fcrfen nur mit schriftlicher Genehmigung der Verfasser vervielf\u00e4ltigt und nicht f\u00fcr gewerbliche Zwecke verwendet werden.<\/p>\n\n\n\n<p><strong>6. Haftung:<\/strong><br>Jede\/r TeilnehmerIn nimmt in eigener Verantwortung an den Seminaren teil. Da Wild- und Heilkr\u00e4uter Wirkungen auf Leib und Seele haben, muss bei bestehenden gesundheitlichen Einschr\u00e4nkungen vorher abgekl\u00e4rt werden, ob die im Rahmen des Unterrichts besprochenen Kr\u00e4uter verwendet werden k\u00f6nnen. Eine Haftung f\u00fcr K\u00f6rper- und Gesundheitssch\u00e4den beim\/bei der TeilnehmerIn ist ausgeschlossen, es sei denn sie sind durch grob fahrl\u00e4ssiges oder vors\u00e4tzliches Verhalten des Veranstalters verursacht. Jede\/r TeilnehmerIn tr\u00e4gt die volle Verantwortung f\u00fcr sich und seine Handlungen selbst. Er\/Sie kommt von Ihm\/Ihr verursachten Sch\u00e4den selbst auf und stellt den Veranstalter und seine Erf\u00fcllungsgehilfen und die Gastgeber der jeweiligen Veranstaltungsorte von der Haftung gegen\u00fcber Dritten f\u00fcr diese Sch\u00e4den frei. Auch eine Haftung des Veranstalters f\u00fcr Sachsch\u00e4den beim\/bei der TeilnehmerIn ist ausgeschlossen. Es sei denn, sie sind durch grob fahrl\u00e4ssiges oder vors\u00e4tzliches Verhalten des Veranstalters verursacht. Eltern haften f\u00fcr Ihre Kinder.<\/p>\n\n\n\n<p><strong>7. Aus\u00fcbung der Heilkunde:<\/strong><br>Zur Aus\u00fcbung der Heilkunde sind nur Heilpraktiker und \u00c4rzte befugt. Die Teilnahme an dieser Ausbildung allein berechtigt nicht zur Aus\u00fcbung der Heilkunde. Die im Unterricht herausgegebenen Rezepte und Applikationsformen sind lediglich Beispiele, die bei Anwendung individuell abgestimmt werden m\u00fcssen. Es ist mir bekannt, dass die angebotenen Veranstaltungen kein Ersatz f\u00fcr medizinische oder psychiatrische Behandlungen dar stellen.<\/p>\n\n\n\n<p><strong>8. Zertifikat<\/strong><br>Nach Abschluss der Ausbildung stellen wir jedem\/jeder TeilnehmerIn, der\/die mindestens 75% des Unterrichts anwesend war, ein Zertifikat aus.<\/p>\n\n\n\n<p><strong>9. Ausschluss von der Teilnahme aus wichtigem Grund<\/strong><br>Die Terra-Arcanum Heilpflanzenschule ist berechtigt, Teilnehmende in besonderen F\u00e4llen, z.B. wegen Zahlungsverzug, St\u00f6rung der Veranstaltungen oder ungeb\u00fchrlichem Verhalten, von der weiteren Teilnahme auszuschlie\u00dfen. In diesen F\u00e4llen bleibt der Anspruch auf die Zahlung des vollen Teilnehmerentgelts bestehen. Das Recht der Terra-Arcanum Heilpflanzenschule zur au\u00dferordentlichen K\u00fcndigung aus wichtigem Grund gem\u00e4\u00df \u00a7 626 BGB bleibt unber\u00fchrt.<\/p>\n\n\n\n<p><strong>10. Einwilligung Foto- und Filmaufnahmen<\/strong><br>Im Rahmen unserer Veranstaltungen (einschlie\u00dflich Lehrg\u00e4nge und Seminare) werden regelm\u00e4\u00dfig Foto- und\/oder Filmaufnahmen gemacht. Die Aufnahmen werden f\u00fcr Zwecke der \u00f6ffentlichen Berichterstattung \u00fcber die Veranstaltung oder im Weiteren f\u00fcr die Bewerbung zuk\u00fcnftiger Veranstaltungen in Printmedien, auf unserer Website sowie in den sozialen Medien verwendet. Mit Ihrer Teilnahme erkl\u00e4ren Sie sich mit der entsprechenden Ver\u00f6ffentlichung von Fotos oder Filmsequenzen, auf denen Sie abgebildet sind, einverstanden.<br>Bei Aufnahmen, bei denen der Fokus auf Ihnen als einzelne Person liegt, haben Sie w\u00e4hrend der Veranstaltung das Recht und die M\u00f6glichkeit, den Fotografen oder Filmer darauf hinzuweisen, dass Sie nicht aufgenommen werden m\u00f6chten.<\/p>\n\n\n\n<p><strong>11. Sonstiges<\/strong><br>Video- und Tonbandaufnahmen und Handygebrauch w\u00e4hrend der Veranstaltungen sowie das Mitbringen von Hunden sind nicht erlaubt.<\/p>\n\n\n\n<p>Stand: 1.1.2023<\/p>\n\n\n\n<figure class=\"wp-block-gallery has-nested-images columns-default is-cropped wp-block-gallery-1 is-layout-flex wp-block-gallery-is-layout-flex\">\n<figure class=\"wp-block-image size-large\"><img loading=\"lazy\" decoding=\"async\" width=\"768\" height=\"1024\" data-id=\"507\" src=\"https:\/\/www.terra-arcanum.de\/wordpress\/wp-content\/uploads\/2025\/02\/20240522_154113-scaled-1-768x1024.jpg\" alt=\"\" class=\"wp-image-507\" srcset=\"https:\/\/www.terra-arcanum.de\/wp-content\/uploads\/2025\/02\/20240522_154113-scaled-1-768x1024.jpg 768w, https:\/\/www.terra-arcanum.de\/wp-content\/uploads\/2025\/02\/20240522_154113-scaled-1-225x300.jpg 225w, https:\/\/www.terra-arcanum.de\/wp-content\/uploads\/2025\/02\/20240522_154113-scaled-1-1152x1536.jpg 1152w, https:\/\/www.terra-arcanum.de\/wp-content\/uploads\/2025\/02\/20240522_154113-scaled-1-1536x2048.jpg 1536w, https:\/\/www.terra-arcanum.de\/wp-content\/uploads\/2025\/02\/20240522_154113-scaled-1.jpg 1920w\" sizes=\"auto, (max-width: 768px) 100vw, 768px\" \/><\/figure>\n\n\n\n<figure class=\"wp-block-image size-large\"><img loading=\"lazy\" decoding=\"async\" width=\"768\" height=\"1024\" data-id=\"502\" src=\"https:\/\/www.terra-arcanum.de\/wordpress\/wp-content\/uploads\/2025\/02\/20240413_134210-scaled-1-768x1024.jpg\" alt=\"\" class=\"wp-image-502\" srcset=\"https:\/\/www.terra-arcanum.de\/wp-content\/uploads\/2025\/02\/20240413_134210-scaled-1-768x1024.jpg 768w, https:\/\/www.terra-arcanum.de\/wp-content\/uploads\/2025\/02\/20240413_134210-scaled-1-225x300.jpg 225w, https:\/\/www.terra-arcanum.de\/wp-content\/uploads\/2025\/02\/20240413_134210-scaled-1-1152x1536.jpg 1152w, https:\/\/www.terra-arcanum.de\/wp-content\/uploads\/2025\/02\/20240413_134210-scaled-1-1536x2048.jpg 1536w, https:\/\/www.terra-arcanum.de\/wp-content\/uploads\/2025\/02\/20240413_134210-scaled-1.jpg 1920w\" sizes=\"auto, (max-width: 768px) 100vw, 768px\" \/><\/figure>\n\n\n\n<figure class=\"wp-block-image size-large\"><img loading=\"lazy\" decoding=\"async\" width=\"768\" height=\"1024\" data-id=\"506\" src=\"https:\/\/www.terra-arcanum.de\/wordpress\/wp-content\/uploads\/2025\/02\/20240702_212523-scaled-1-768x1024.jpg\" alt=\"\" class=\"wp-image-506\" srcset=\"https:\/\/www.terra-arcanum.de\/wp-content\/uploads\/2025\/02\/20240702_212523-scaled-1-768x1024.jpg 768w, https:\/\/www.terra-arcanum.de\/wp-content\/uploads\/2025\/02\/20240702_212523-scaled-1-225x300.jpg 225w, https:\/\/www.terra-arcanum.de\/wp-content\/uploads\/2025\/02\/20240702_212523-scaled-1-1152x1536.jpg 1152w, https:\/\/www.terra-arcanum.de\/wp-content\/uploads\/2025\/02\/20240702_212523-scaled-1-1536x2048.jpg 1536w, https:\/\/www.terra-arcanum.de\/wp-content\/uploads\/2025\/02\/20240702_212523-scaled-1.jpg 1920w\" sizes=\"auto, (max-width: 768px) 100vw, 768px\" \/><\/figure>\n<\/figure>\n\n\n\n<hr class=\"wp-block-separator has-alpha-channel-opacity is-style-wide\"\/>\n\n\n\n<figure class=\"wp-block-pullquote\"><blockquote><p><em>Die Natur spricht zu denen, die zuh\u00f6ren. Sie hat ihre eigene Sprache und ihre eigene Geschichte<\/em><\/p><cite>Linda Hogan<\/cite><\/blockquote><\/figure>\n","protected":false},"excerpt":{"rendered":"<p>Allgemeine Gesch\u00e4ftsbedingungen 1. Anmeldung:Bitte setzen Sie sich vor Ihrer Anmeldung mit uns in Verbindung, damit sichergestellt ist, da\u00df noch ein Teilnehmerplatz f\u00fcr Sie frei ist. Die Anmeldung ist verbindlich und wird wirksam mitEingang des Anmeldeformulars, Zahlung der Kursgeb\u00fchr (bzw. Eingang &hellip; <a href=\"https:\/\/www.terra-arcanum.de\/index.php\/agbs\/\">Weiterlesen <span class=\"meta-nav\">&rarr;<\/span><\/a><\/p>\n","protected":false},"author":2,"featured_media":0,"parent":0,"menu_order":0,"comment_status":"closed","ping_status":"closed","template":"","meta":{"footnotes":""},"class_list":["post-65","page","type-page","status-publish","hentry"],"_links":{"self":[{"href":"https:\/\/www.terra-arcanum.de\/index.php\/wp-json\/wp\/v2\/pages\/65","targetHints":{"allow":["GET"]}}],"collection":[{"href":"https:\/\/www.terra-arcanum.de\/index.php\/wp-json\/wp\/v2\/pages"}],"about":[{"href":"https:\/\/www.terra-arcanum.de\/index.php\/wp-json\/wp\/v2\/types\/page"}],"author":[{"embeddable":true,"href":"https:\/\/www.terra-arcanum.de\/index.php\/wp-json\/wp\/v2\/users\/2"}],"replies":[{"embeddable":true,"href":"https:\/\/www.terra-arcanum.de\/index.php\/wp-json\/wp\/v2\/comments?post=65"}],"version-history":[{"count":2,"href":"https:\/\/www.terra-arcanum.de\/index.php\/wp-json\/wp\/v2\/pages\/65\/revisions"}],"predecessor-version":[{"id":1088,"href":"https:\/\/www.terra-arcanum.de\/index.php\/wp-json\/wp\/v2\/pages\/65\/revisions\/1088"}],"wp:attachment":[{"href":"https:\/\/www.terra-arcanum.de\/index.php\/wp-json\/wp\/v2\/media?parent=65"}],"curies":[{"name":"wp","href":"https:\/\/api.w.org\/{rel}","templated":true}]}}