{"id":994,"date":"2026-03-22T11:46:05","date_gmt":"2026-03-22T11:46:05","guid":{"rendered":"https:\/\/www.terra-arcanum.de\/wordpress\/?page_id=994"},"modified":"2026-03-23T18:18:49","modified_gmt":"2026-03-23T18:18:49","slug":"anmeldung_kraeuter","status":"publish","type":"page","link":"https:\/\/www.terra-arcanum.de\/index.php\/anmeldung_kraeuter\/","title":{"rendered":"Anmeldung_Kr\u00e4uter"},"content":{"rendered":"\n<p>Bitte geben Sie an, f\u00fcr welchen Kurs Sie sich anmelden m\u00f6chten.<\/p>\n\n\n\n<p>Die Anmeldung ist verbindlich und wird wirksam mit dem Eingang des Anmeldeformulars und der Kursgeb\u00fchr (bzw. der ersten Rate). Nach Kontrolle Ihrer Daten und Pr\u00fcfung, ob ein entsprechender Platz frei ist, erhalten Sie nochmals eine Best\u00e4tigung der Anmeldung. Bitte keine Vorab\u00fcberweisungen t\u00e4tigen.<\/p>\n\n\n\n<p><strong>Bitte f\u00fcllen Sie alle Felder aus.<\/strong><\/p>\n\n\n\n<div class=\"wp-block-contact-form-7-contact-form-selector\">\n<div class=\"wpcf7 no-js\" id=\"wpcf7-f993-o1\" lang=\"de-DE\" dir=\"ltr\" data-wpcf7-id=\"993\">\n<div class=\"screen-reader-response\"><p role=\"status\" aria-live=\"polite\" aria-atomic=\"true\"><\/p> <ul><\/ul><\/div>\n<form action=\"\/index.php\/wp-json\/wp\/v2\/pages\/994#wpcf7-f993-o1\" method=\"post\" class=\"wpcf7-form init\" aria-label=\"Kontaktformular\" novalidate=\"novalidate\" data-status=\"init\">\n<fieldset class=\"hidden-fields-container\"><input type=\"hidden\" name=\"_wpcf7\" value=\"993\" \/><input type=\"hidden\" name=\"_wpcf7_version\" value=\"6.1.5\" \/><input type=\"hidden\" name=\"_wpcf7_locale\" value=\"de_DE\" \/><input type=\"hidden\" name=\"_wpcf7_unit_tag\" value=\"wpcf7-f993-o1\" \/><input type=\"hidden\" name=\"_wpcf7_container_post\" value=\"0\" \/><input type=\"hidden\" name=\"_wpcf7_posted_data_hash\" value=\"\" \/>\n<\/fieldset>\n<p><b>Anmeldung Kr\u00e4uterkurs<\/b>\n<\/p>\n<p><span class=\"wpcf7-form-control-wrap\" data-name=\"select-942\"><select class=\"wpcf7-form-control wpcf7-select\" aria-invalid=\"false\" name=\"select-942\"><option value=\"2026\">2026<\/option><option value=\"2027\">2027<\/option><\/select><\/span>\n<\/p>\n<p><span class=\"wpcf7-form-control-wrap\" data-name=\"radio-636\"><span class=\"wpcf7-form-control wpcf7-radio\"><span class=\"wpcf7-list-item first\"><label><input type=\"radio\" name=\"radio-636\" value=\"Herr\" \/><span class=\"wpcf7-list-item-label\">Herr<\/span><\/label><\/span><span class=\"wpcf7-list-item\"><label><input type=\"radio\" name=\"radio-636\" value=\"Frau\" \/><span class=\"wpcf7-list-item-label\">Frau<\/span><\/label><\/span><span class=\"wpcf7-list-item last\"><label><input type=\"radio\" name=\"radio-636\" value=\"divers\" \/><span class=\"wpcf7-list-item-label\">divers<\/span><\/label><\/span><\/span><\/span>\n<\/p>\n<p><label> Vorname<br \/>\n<span class=\"wpcf7-form-control-wrap\" data-name=\"your-vorname\"><input size=\"40\" maxlength=\"400\" class=\"wpcf7-form-control wpcf7-text wpcf7-validates-as-required\" autocomplete=\"vorname\" aria-required=\"true\" aria-invalid=\"false\" value=\"\" type=\"text\" name=\"your-vorname\" \/><\/span> <\/label><br \/>\n<label> Nachname<br \/>\n<span class=\"wpcf7-form-control-wrap\" data-name=\"your-nachname\"><input size=\"40\" maxlength=\"400\" class=\"wpcf7-form-control wpcf7-text wpcf7-validates-as-required\" autocomplete=\"nachname\" aria-required=\"true\" aria-invalid=\"false\" value=\"\" type=\"text\" name=\"your-nachname\" \/><\/span> <\/label><br \/>\n<label> Stra\u00dfe\/Hausnummer<br \/>\n<span class=\"wpcf7-form-control-wrap\" data-name=\"your-name\"><input size=\"40\" maxlength=\"400\" class=\"wpcf7-form-control wpcf7-text wpcf7-validates-as-required\" autocomplete=\"strassenr\" aria-required=\"true\" aria-invalid=\"false\" value=\"\" type=\"text\" name=\"your-name\" \/><\/span> <\/label><br \/>\n<label> PLZ<br \/>\n<span class=\"wpcf7-form-control-wrap\" data-name=\"your-name\"><input size=\"40\" maxlength=\"400\" class=\"wpcf7-form-control wpcf7-text wpcf7-validates-as-required\" autocomplete=\"plz\" aria-required=\"true\" aria-invalid=\"false\" value=\"\" type=\"text\" name=\"your-name\" \/><\/span> <\/label><br \/>\n<label> Ort<br \/>\n<span class=\"wpcf7-form-control-wrap\" data-name=\"your-name\"><input size=\"40\" maxlength=\"400\" class=\"wpcf7-form-control wpcf7-text wpcf7-validates-as-required\" autocomplete=\"ort\" aria-required=\"true\" aria-invalid=\"false\" value=\"\" type=\"text\" name=\"your-name\" \/><\/span> <\/label><br \/>\n<label> Geburtsdatum<br \/>\n<span class=\"wpcf7-form-control-wrap\" data-name=\"your-name\"><input size=\"40\" maxlength=\"400\" class=\"wpcf7-form-control wpcf7-text wpcf7-validates-as-required\" autocomplete=\"geburtsdatum\" aria-required=\"true\" aria-invalid=\"false\" value=\"\" type=\"text\" name=\"your-name\" \/><\/span> <\/label><br \/>\n<label> Beruf<br \/>\n<span class=\"wpcf7-form-control-wrap\" data-name=\"your-name\"><input size=\"40\" maxlength=\"400\" class=\"wpcf7-form-control wpcf7-text wpcf7-validates-as-required\" autocomplete=\"beruf\" aria-required=\"true\" aria-invalid=\"false\" value=\"\" type=\"text\" name=\"your-name\" \/><\/span> <\/label><br \/>\n<label> Telefon (R\u00fcckfragen)<br \/>\n<span class=\"wpcf7-form-control-wrap\" data-name=\"your-name\"><input size=\"40\" maxlength=\"400\" class=\"wpcf7-form-control wpcf7-text wpcf7-validates-as-required\" autocomplete=\"telefon\" aria-required=\"true\" aria-invalid=\"false\" value=\"\" type=\"text\" name=\"your-name\" \/><\/span> <\/label><br \/>\n<label> E-Mail<br \/>\n<span class=\"wpcf7-form-control-wrap\" data-name=\"your-email\"><input size=\"40\" maxlength=\"400\" class=\"wpcf7-form-control wpcf7-email wpcf7-validates-as-required wpcf7-text wpcf7-validates-as-email\" autocomplete=\"email\" aria-required=\"true\" aria-invalid=\"false\" value=\"\" type=\"email\" name=\"your-email\" \/><\/span> <\/label>\n<\/p>\n<p><b>Zahlungsinformationen<\/b><br \/>\nIn wie vielen Raten wollen Sie die Kursgeb\u00fchr bezahlen<br \/>\n<span class=\"wpcf7-form-control-wrap\" data-name=\"radio-717\"><span class=\"wpcf7-form-control wpcf7-radio\"><span class=\"wpcf7-list-item first\"><label><input type=\"radio\" name=\"radio-717\" value=\"Komplettzahlung \u2013 1.174,79 \u20ac zzgl. 19% MwSt. (223,21 \u20ac) = insg. 1.398 \u20ac*\" \/><span class=\"wpcf7-list-item-label\">Komplettzahlung \u2013 1.174,79 \u20ac zzgl. 19% MwSt. (223,21 \u20ac) = insg. 1.398 \u20ac*<\/span><\/label><\/span><span class=\"wpcf7-list-item last\"><label><input type=\"radio\" name=\"radio-717\" value=\"Ratenzahlung \u2013 198 \u20ac* Anzahlung bei Anmeldung, weiterhin monatlich 12 Raten zu je 100,00 \u20ac*\" \/><span class=\"wpcf7-list-item-label\">Ratenzahlung \u2013 198 \u20ac* Anzahlung bei Anmeldung, weiterhin monatlich 12 Raten zu je 100,00 \u20ac*<\/span><\/label><\/span><\/span><\/span><br \/>\n* Alle angegebenen Preise verstehen sich inkl. der gesetzlichen MwSt. Die Kontoinformationen werden Ihnen via E-Mail zugesendet.\n<\/p>\n<p><b>F\u00e4lligkeit der Zahlungen<\/b>\n<\/p>\n<ul>\n\t<li>\n\t\t<p>\u201eKomplettzahlung\u201c: bei Anmeldung 1.398,00 \u20ac\n\t\t<\/p>\n\t<\/li>\n\t<li>\n\t\t<p>\u201eRatenzahlung\u201c: 198,00 \u20ac Anzahlung bei Anmeldung, 12 Raten zu je 100,00 \u20ac am 1.3., 1.4., 1.5., 1.6., 1.7., 1.8., 1.9., 1.10., 1.11. und 1.12. des Ausbildungsjahres und am 1.1. und 1.2. des Folgejahres\n\t\t<\/p>\n\t<\/li>\n<\/ul>\n<p><label>Fragen und Anmerkungen<br \/>\n<span class=\"wpcf7-form-control-wrap\" data-name=\"your-message\"><textarea cols=\"40\" rows=\"10\" maxlength=\"2000\" class=\"wpcf7-form-control wpcf7-textarea\" aria-invalid=\"false\" name=\"your-message\"><\/textarea><\/span> <\/label>\n<\/p>\n<p><b>Allgemeine Gesch\u00e4ftsbedingungen<\/b>\n<\/p>\n<p><span class=\"wpcf7-form-control-wrap\" data-name=\"acceptance-142\"><span class=\"wpcf7-form-control wpcf7-acceptance\"><span class=\"wpcf7-list-item\"><label><input type=\"checkbox\" name=\"acceptance-142\" value=\"1\" aria-invalid=\"false\" \/><span class=\"wpcf7-list-item-label\"><b>Ja, <\/b>die <a href=\"https:\/\/www.terra-arcanum.de\/wordpress\/index.php\/agbs\/\" target=\"_blank\"><b>allgemeinen Gesch\u00e4ftsbedingungen<\/b><\/a> und die <a href=\"https:\/\/www.terra-arcanum.de\/wordpress\/index.php\/datenschutz\/\" target=\"_blank\"><b>Datenschutzerkl\u00e4rung<\/b><\/a> habe ich zur Kenntnis genommen und erkl\u00e4re mich mit ihnen einverstanden. Meine Teilnahme erfolgt in eigener Verantwortung und auf eigene Gefahr.\n\nBitte geben Sie an, f\u00fcr welchen Kurs Sie sich anmelden m\u00f6chten. Die Anmeldung ist verbindlich und wird wirksam mit dem Eingang des Anmeldeformulars und der Kursgeb\u00fchr (bzw. der ersten Rate). Nach Kontrolle Ihrer Daten und Pr\u00fcfung, ob ein entsprechender Platz frei ist, erhalten Sie nochmals eine Best\u00e4tigung der Anmeldung. Bitte keine Vorab\u00fcberweisungen t\u00e4tigen.<\/span><\/label><\/span><\/span><\/span>\n<\/p>\n<p><input class=\"wpcf7-form-control wpcf7-submit has-spinner\" type=\"submit\" value=\"Senden\" \/>\n<\/p><p style=\"display: none !important;\" class=\"akismet-fields-container\" data-prefix=\"_wpcf7_ak_\"><label>&#916;<textarea name=\"_wpcf7_ak_hp_textarea\" cols=\"45\" rows=\"8\" maxlength=\"100\"><\/textarea><\/label><input type=\"hidden\" id=\"ak_js_1\" name=\"_wpcf7_ak_js\" value=\"221\"\/><script>document.getElementById( \"ak_js_1\" ).setAttribute( \"value\", ( new Date() ).getTime() );<\/script><\/p><div class=\"wpcf7-response-output\" aria-hidden=\"true\"><\/div>\n<\/form>\n<\/div>\n<\/div>\n\n\n\n<figure class=\"wp-block-gallery has-nested-images columns-default is-cropped wp-block-gallery-1 is-layout-flex wp-block-gallery-is-layout-flex\">\n<figure class=\"wp-block-image size-large\"><img loading=\"lazy\" decoding=\"async\" width=\"768\" height=\"1024\" data-id=\"410\" src=\"https:\/\/www.terra-arcanum.de\/wordpress\/wp-content\/uploads\/2025\/02\/20240325_134447-scaled-1-768x1024.jpg\" alt=\"\" class=\"wp-image-410\" srcset=\"https:\/\/www.terra-arcanum.de\/wp-content\/uploads\/2025\/02\/20240325_134447-scaled-1-768x1024.jpg 768w, https:\/\/www.terra-arcanum.de\/wp-content\/uploads\/2025\/02\/20240325_134447-scaled-1-225x300.jpg 225w, https:\/\/www.terra-arcanum.de\/wp-content\/uploads\/2025\/02\/20240325_134447-scaled-1-1152x1536.jpg 1152w, https:\/\/www.terra-arcanum.de\/wp-content\/uploads\/2025\/02\/20240325_134447-scaled-1-1536x2048.jpg 1536w, https:\/\/www.terra-arcanum.de\/wp-content\/uploads\/2025\/02\/20240325_134447-scaled-1.jpg 1920w\" sizes=\"auto, (max-width: 768px) 100vw, 768px\" \/><\/figure>\n\n\n\n<figure class=\"wp-block-image size-large\"><img loading=\"lazy\" decoding=\"async\" width=\"768\" height=\"1024\" data-id=\"411\" src=\"https:\/\/www.terra-arcanum.de\/wordpress\/wp-content\/uploads\/2025\/02\/20240325_134727-scaled-1-768x1024.jpg\" alt=\"\" class=\"wp-image-411\" srcset=\"https:\/\/www.terra-arcanum.de\/wp-content\/uploads\/2025\/02\/20240325_134727-scaled-1-768x1024.jpg 768w, https:\/\/www.terra-arcanum.de\/wp-content\/uploads\/2025\/02\/20240325_134727-scaled-1-225x300.jpg 225w, https:\/\/www.terra-arcanum.de\/wp-content\/uploads\/2025\/02\/20240325_134727-scaled-1-1152x1536.jpg 1152w, https:\/\/www.terra-arcanum.de\/wp-content\/uploads\/2025\/02\/20240325_134727-scaled-1-1536x2048.jpg 1536w, https:\/\/www.terra-arcanum.de\/wp-content\/uploads\/2025\/02\/20240325_134727-scaled-1.jpg 1920w\" sizes=\"auto, (max-width: 768px) 100vw, 768px\" \/><\/figure>\n\n\n\n<figure class=\"wp-block-image size-large\"><img loading=\"lazy\" decoding=\"async\" width=\"768\" height=\"1024\" data-id=\"414\" src=\"https:\/\/www.terra-arcanum.de\/wordpress\/wp-content\/uploads\/2025\/02\/20221013_133651-scaled-1-768x1024.jpg\" alt=\"\" class=\"wp-image-414\" srcset=\"https:\/\/www.terra-arcanum.de\/wp-content\/uploads\/2025\/02\/20221013_133651-scaled-1-768x1024.jpg 768w, https:\/\/www.terra-arcanum.de\/wp-content\/uploads\/2025\/02\/20221013_133651-scaled-1-225x300.jpg 225w, https:\/\/www.terra-arcanum.de\/wp-content\/uploads\/2025\/02\/20221013_133651-scaled-1-1152x1536.jpg 1152w, https:\/\/www.terra-arcanum.de\/wp-content\/uploads\/2025\/02\/20221013_133651-scaled-1-1536x2048.jpg 1536w, https:\/\/www.terra-arcanum.de\/wp-content\/uploads\/2025\/02\/20221013_133651-scaled-1.jpg 1920w\" sizes=\"auto, (max-width: 768px) 100vw, 768px\" \/><\/figure>\n<\/figure>\n\n\n\n<figure class=\"wp-block-pullquote\"><blockquote><p>Legen Sie Ihre H\u00e4nde in die Erde, um sich geerdet zu f\u00fchlen. Waten Sie im Wasser, um sich emotional geheilt zu f\u00fchlen. F\u00fcllen Sie Ihre Lungen mit frischer Luft, um sich geistig klar zu f\u00fchlen. Erhebe dein Gesicht zur Hitze der Sonne und verbinde dich mit diesem Feuer, um deine eigene immense Kraft zu sp\u00fcren.<br><\/p><cite>Victoria Erickson<\/cite><\/blockquote><\/figure>\n","protected":false},"excerpt":{"rendered":"<p>Bitte geben Sie an, f\u00fcr welchen Kurs Sie sich anmelden m\u00f6chten. Die Anmeldung ist verbindlich und wird wirksam mit dem Eingang des Anmeldeformulars und der Kursgeb\u00fchr (bzw. der ersten Rate). Nach Kontrolle Ihrer Daten und Pr\u00fcfung, ob ein entsprechender Platz &hellip; <a href=\"https:\/\/www.terra-arcanum.de\/index.php\/anmeldung_kraeuter\/\">Weiterlesen <span class=\"meta-nav\">&rarr;<\/span><\/a><\/p>\n","protected":false},"author":1,"featured_media":0,"parent":0,"menu_order":0,"comment_status":"closed","ping_status":"closed","template":"","meta":{"footnotes":""},"class_list":["post-994","page","type-page","status-publish","hentry"],"_links":{"self":[{"href":"https:\/\/www.terra-arcanum.de\/index.php\/wp-json\/wp\/v2\/pages\/994","targetHints":{"allow":["GET"]}}],"collection":[{"href":"https:\/\/www.terra-arcanum.de\/index.php\/wp-json\/wp\/v2\/pages"}],"about":[{"href":"https:\/\/www.terra-arcanum.de\/index.php\/wp-json\/wp\/v2\/types\/page"}],"author":[{"embeddable":true,"href":"https:\/\/www.terra-arcanum.de\/index.php\/wp-json\/wp\/v2\/users\/1"}],"replies":[{"embeddable":true,"href":"https:\/\/www.terra-arcanum.de\/index.php\/wp-json\/wp\/v2\/comments?post=994"}],"version-history":[{"count":3,"href":"https:\/\/www.terra-arcanum.de\/index.php\/wp-json\/wp\/v2\/pages\/994\/revisions"}],"predecessor-version":[{"id":1147,"href":"https:\/\/www.terra-arcanum.de\/index.php\/wp-json\/wp\/v2\/pages\/994\/revisions\/1147"}],"wp:attachment":[{"href":"https:\/\/www.terra-arcanum.de\/index.php\/wp-json\/wp\/v2\/media?parent=994"}],"curies":[{"name":"wp","href":"https:\/\/api.w.org\/{rel}","templated":true}]}}