{"id":996,"date":"2026-03-22T11:46:05","date_gmt":"2026-03-22T11:46:05","guid":{"rendered":"https:\/\/www.terra-arcanum.de\/wordpress\/?page_id=996"},"modified":"2026-03-23T18:19:54","modified_gmt":"2026-03-23T18:19:54","slug":"anmeldung_seminar","status":"publish","type":"page","link":"https:\/\/www.terra-arcanum.de\/index.php\/anmeldung_seminar\/","title":{"rendered":"Anmeldung_Seminar"},"content":{"rendered":"\n<p><strong>f\u00fcr weitere Seminare bei Terra Arcanum<\/strong><\/p>\n\n\n\n<p>Die Anmeldung ist verbindlich und wird wirksam mit dem Eingang des Anmeldeformulars und der Kursgeb\u00fchr (bzw. der ersten Rate). Nach Kontrolle Ihrer Daten und Pr\u00fcfung, ob ein entsprechender Platz frei ist, erhalten Sie nochmals eine Best\u00e4tigung der Anmeldung.<\/p>\n\n\n\n<p><strong>Bitte f\u00fcllen Sie alle Felder aus.<\/strong><\/p>\n\n\n\n<div class=\"wp-block-contact-form-7-contact-form-selector\">\n<div class=\"wpcf7 no-js\" id=\"wpcf7-f1011-o1\" lang=\"de-DE\" dir=\"ltr\" data-wpcf7-id=\"1011\">\n<div class=\"screen-reader-response\"><p role=\"status\" aria-live=\"polite\" aria-atomic=\"true\"><\/p> <ul><\/ul><\/div>\n<form action=\"\/index.php\/wp-json\/wp\/v2\/pages\/996#wpcf7-f1011-o1\" method=\"post\" class=\"wpcf7-form init\" aria-label=\"Kontaktformular\" novalidate=\"novalidate\" data-status=\"init\">\n<fieldset class=\"hidden-fields-container\"><input type=\"hidden\" name=\"_wpcf7\" value=\"1011\" \/><input type=\"hidden\" name=\"_wpcf7_version\" value=\"6.1.5\" \/><input type=\"hidden\" name=\"_wpcf7_locale\" value=\"de_DE\" \/><input type=\"hidden\" name=\"_wpcf7_unit_tag\" value=\"wpcf7-f1011-o1\" \/><input type=\"hidden\" name=\"_wpcf7_container_post\" value=\"0\" \/><input type=\"hidden\" name=\"_wpcf7_posted_data_hash\" value=\"\" \/>\n<\/fieldset>\n<p><b>Anmeldung Seminar <\/b><br \/>\n<span class=\"wpcf7-form-control-wrap\" data-name=\"select-857\"><select class=\"wpcf7-form-control wpcf7-select\" aria-invalid=\"false\" name=\"select-857\"><option value=\"Abendseminar &quot;Entgiften mit Wildkr\u00e4utern&quot;\">Abendseminar &quot;Entgiften mit Wildkr\u00e4utern&quot;<\/option><option value=\"&quot;Fit in den Fr\u00fchling - Kr\u00e4uterspaziergang&quot;\">&quot;Fit in den Fr\u00fchling - Kr\u00e4uterspaziergang&quot;<\/option><option value=\"&quot;Sommerkr\u00e4uter - Kr\u00e4uterspaziergang&quot;\">&quot;Sommerkr\u00e4uter - Kr\u00e4uterspaziergang&quot;<\/option><option value=\"&quot;Kr\u00e4uterf\u00fchrung &amp; Besuch des Hexensteins&quot;\">&quot;Kr\u00e4uterf\u00fchrung &amp; Besuch des Hexensteins&quot;<\/option><option value=\"&quot;Kr\u00e4uterspaziergang Samen &amp; Wurzeln&quot;\">&quot;Kr\u00e4uterspaziergang Samen &amp; Wurzeln&quot;<\/option><option value=\"&quot;Kleiner Wildkr\u00e4uter-F\u00fchrerschein - Lernen in und von der Natur&quot;\">&quot;Kleiner Wildkr\u00e4uter-F\u00fchrerschein - Lernen in und von der Natur&quot;<\/option><option value=\"Seminar: &quot;Kr\u00e4uter-Gesundheits-Kuren&quot;\">Seminar: &quot;Kr\u00e4uter-Gesundheits-Kuren&quot;<\/option><option value=\"&quot;Zauber der Weiblichkeit \u2013 Sommer-Seminar&quot;\">&quot;Zauber der Weiblichkeit \u2013 Sommer-Seminar&quot;<\/option><option value=\"&quot;Die Kr\u00e4uter-Hausapotheke \u2013 selbst gemachte Kr\u00e4uterheilmittel \u2013 die Medizin unserer Ahnen&quot;\">&quot;Die Kr\u00e4uter-Hausapotheke \u2013 selbst gemachte Kr\u00e4uterheilmittel \u2013 die Medizin unserer Ahnen&quot;<\/option><\/select><\/span>\n<\/p>\n<p><span class=\"wpcf7-form-control-wrap\" data-name=\"radio-636\"><span class=\"wpcf7-form-control wpcf7-radio\"><span class=\"wpcf7-list-item first\"><label><input type=\"radio\" name=\"radio-636\" value=\"Herr\" \/><span class=\"wpcf7-list-item-label\">Herr<\/span><\/label><\/span><span class=\"wpcf7-list-item\"><label><input type=\"radio\" name=\"radio-636\" value=\"Frau\" \/><span class=\"wpcf7-list-item-label\">Frau<\/span><\/label><\/span><span class=\"wpcf7-list-item last\"><label><input type=\"radio\" name=\"radio-636\" value=\"divers\" \/><span class=\"wpcf7-list-item-label\">divers<\/span><\/label><\/span><\/span><\/span>\n<\/p>\n<p><label> Vorname<br \/>\n<span class=\"wpcf7-form-control-wrap\" data-name=\"your-vorname\"><input size=\"40\" maxlength=\"400\" class=\"wpcf7-form-control wpcf7-text wpcf7-validates-as-required\" autocomplete=\"vorname\" aria-required=\"true\" aria-invalid=\"false\" value=\"\" type=\"text\" name=\"your-vorname\" \/><\/span> <\/label><br \/>\n<label> Nachname<br \/>\n<span class=\"wpcf7-form-control-wrap\" data-name=\"your-nachname\"><input size=\"40\" maxlength=\"400\" class=\"wpcf7-form-control wpcf7-text wpcf7-validates-as-required\" autocomplete=\"nachname\" aria-required=\"true\" aria-invalid=\"false\" value=\"\" type=\"text\" name=\"your-nachname\" \/><\/span> <\/label><br \/>\n<label> Stra\u00dfe\/Hausnummer<br \/>\n<span class=\"wpcf7-form-control-wrap\" data-name=\"your-name\"><input size=\"40\" maxlength=\"400\" class=\"wpcf7-form-control wpcf7-text wpcf7-validates-as-required\" autocomplete=\"strassenr\" aria-required=\"true\" aria-invalid=\"false\" value=\"\" type=\"text\" name=\"your-name\" \/><\/span> <\/label><br \/>\n<label> PLZ<br \/>\n<span class=\"wpcf7-form-control-wrap\" data-name=\"your-name\"><input size=\"40\" maxlength=\"400\" class=\"wpcf7-form-control wpcf7-text wpcf7-validates-as-required\" autocomplete=\"plz\" aria-required=\"true\" aria-invalid=\"false\" value=\"\" type=\"text\" name=\"your-name\" \/><\/span> <\/label><br \/>\n<label> Ort<br \/>\n<span class=\"wpcf7-form-control-wrap\" data-name=\"your-name\"><input size=\"40\" maxlength=\"400\" class=\"wpcf7-form-control wpcf7-text wpcf7-validates-as-required\" autocomplete=\"ort\" aria-required=\"true\" aria-invalid=\"false\" value=\"\" type=\"text\" name=\"your-name\" \/><\/span> <\/label><br \/>\n<label> Geburtsdatum<br \/>\n<span class=\"wpcf7-form-control-wrap\" data-name=\"your-name\"><input size=\"40\" maxlength=\"400\" class=\"wpcf7-form-control wpcf7-text wpcf7-validates-as-required\" autocomplete=\"geburtsdatum\" aria-required=\"true\" aria-invalid=\"false\" value=\"\" type=\"text\" name=\"your-name\" \/><\/span> <\/label><br \/>\n<label> Beruf<br \/>\n<span class=\"wpcf7-form-control-wrap\" data-name=\"your-name\"><input size=\"40\" maxlength=\"400\" class=\"wpcf7-form-control wpcf7-text wpcf7-validates-as-required\" autocomplete=\"beruf\" aria-required=\"true\" aria-invalid=\"false\" value=\"\" type=\"text\" name=\"your-name\" \/><\/span> <\/label><br \/>\n<label> Telefon (R\u00fcckfragen)<br \/>\n<span class=\"wpcf7-form-control-wrap\" data-name=\"your-name\"><input size=\"40\" maxlength=\"400\" class=\"wpcf7-form-control wpcf7-text wpcf7-validates-as-required\" autocomplete=\"telefon\" aria-required=\"true\" aria-invalid=\"false\" value=\"\" type=\"text\" name=\"your-name\" \/><\/span> <\/label><br \/>\n<label> E-Mail<br \/>\n<span class=\"wpcf7-form-control-wrap\" data-name=\"your-email\"><input size=\"40\" maxlength=\"400\" class=\"wpcf7-form-control wpcf7-email wpcf7-validates-as-required wpcf7-text wpcf7-validates-as-email\" autocomplete=\"email\" aria-required=\"true\" aria-invalid=\"false\" value=\"\" type=\"email\" name=\"your-email\" \/><\/span> <\/label>\n<\/p>\n<p><b>Zahlungsinformationen<\/b><br \/>\nDie Kosten und Zahlungsm\u00f6glichkeiten entnehmen Sie bitte den jeweiligen Seminarangeboten. Sie erhalten von uns dann bei Best\u00e4tigung der Teilnahme eine genaue Rechnung der zu t\u00e4tigenden Zahlung.\n<\/p>\n<p><label>Fragen und Anmerkungen<br \/>\n<span class=\"wpcf7-form-control-wrap\" data-name=\"your-message\"><textarea cols=\"40\" rows=\"10\" maxlength=\"2000\" class=\"wpcf7-form-control wpcf7-textarea\" aria-invalid=\"false\" name=\"your-message\"><\/textarea><\/span> <\/label>\n<\/p>\n<p><b>Allgemeine Gesch\u00e4ftsbedingungen<\/b>\n<\/p>\n<p><span class=\"wpcf7-form-control-wrap\" data-name=\"acceptance-142\"><span class=\"wpcf7-form-control wpcf7-acceptance\"><span class=\"wpcf7-list-item\"><label><input type=\"checkbox\" name=\"acceptance-142\" value=\"1\" aria-invalid=\"false\" \/><span class=\"wpcf7-list-item-label\"><b>Ja, <\/b>die <a href=\"https:\/\/www.terra-arcanum.de\/wordpress\/index.php\/agbs\/\" target=\"_blank\"><b>allgemeinen Gesch\u00e4ftsbedingungen<\/b><\/a> und die <a href=\"https:\/\/www.terra-arcanum.de\/wordpress\/index.php\/datenschutz\/\" target=\"_blank\"><b>Datenschutzerkl\u00e4rung<\/b><\/a> habe ich zur Kenntnis genommen und erkl\u00e4re mich mit ihnen einverstanden. Meine Teilnahme erfolgt in eigener Verantwortung und auf eigene Gefahr.\n\nBitte geben Sie an, f\u00fcr welchen Kurs Sie sich anmelden m\u00f6chten. Die Anmeldung ist verbindlich und wird wirksam mit dem Eingang des Anmeldeformulars und der Kursgeb\u00fchr (bzw. der ersten Rate). Nach Kontrolle Ihrer Daten und Pr\u00fcfung, ob ein entsprechender Platz frei ist, erhalten Sie nochmals eine Best\u00e4tigung der Anmeldung. Bitte keine Vorab\u00fcberweisungen t\u00e4tigen.<\/span><\/label><\/span><\/span><\/span>\n<\/p>\n<p><input class=\"wpcf7-form-control wpcf7-submit has-spinner\" type=\"submit\" value=\"Senden\" \/>\n<\/p><p style=\"display: none !important;\" class=\"akismet-fields-container\" data-prefix=\"_wpcf7_ak_\"><label>&#916;<textarea name=\"_wpcf7_ak_hp_textarea\" cols=\"45\" rows=\"8\" maxlength=\"100\"><\/textarea><\/label><input type=\"hidden\" id=\"ak_js_1\" name=\"_wpcf7_ak_js\" value=\"158\"\/><script>document.getElementById( \"ak_js_1\" ).setAttribute( \"value\", ( new Date() ).getTime() );<\/script><\/p><div class=\"wpcf7-response-output\" aria-hidden=\"true\"><\/div>\n<\/form>\n<\/div>\n<\/div>\n\n\n\n<figure class=\"wp-block-gallery has-nested-images columns-default is-cropped wp-block-gallery-1 is-layout-flex wp-block-gallery-is-layout-flex\">\n<figure class=\"wp-block-image size-large\"><img loading=\"lazy\" decoding=\"async\" width=\"1024\" height=\"768\" data-id=\"1019\" src=\"https:\/\/www.terra-arcanum.de\/wordpress\/wp-content\/uploads\/2026\/03\/Tanja_Michaela_MeyerKruterspaziergang6-1024x768.jpg\" alt=\"\" class=\"wp-image-1019\" srcset=\"https:\/\/www.terra-arcanum.de\/wp-content\/uploads\/2026\/03\/Tanja_Michaela_MeyerKruterspaziergang6-1024x768.jpg 1024w, https:\/\/www.terra-arcanum.de\/wp-content\/uploads\/2026\/03\/Tanja_Michaela_MeyerKruterspaziergang6-300x225.jpg 300w, https:\/\/www.terra-arcanum.de\/wp-content\/uploads\/2026\/03\/Tanja_Michaela_MeyerKruterspaziergang6-768x576.jpg 768w, https:\/\/www.terra-arcanum.de\/wp-content\/uploads\/2026\/03\/Tanja_Michaela_MeyerKruterspaziergang6-1536x1152.jpg 1536w, https:\/\/www.terra-arcanum.de\/wp-content\/uploads\/2026\/03\/Tanja_Michaela_MeyerKruterspaziergang6-2048x1536.jpg 2048w, https:\/\/www.terra-arcanum.de\/wp-content\/uploads\/2026\/03\/Tanja_Michaela_MeyerKruterspaziergang6-400x300.jpg 400w\" sizes=\"auto, (max-width: 1024px) 100vw, 1024px\" \/><\/figure>\n\n\n\n<figure class=\"wp-block-image size-large\"><img loading=\"lazy\" decoding=\"async\" width=\"1024\" height=\"682\" data-id=\"573\" src=\"https:\/\/www.terra-arcanum.de\/wordpress\/wp-content\/uploads\/2025\/02\/Lagerfeuergruppe-1024x682.jpg\" alt=\"\" class=\"wp-image-573\" srcset=\"https:\/\/www.terra-arcanum.de\/wp-content\/uploads\/2025\/02\/Lagerfeuergruppe-1024x682.jpg 1024w, https:\/\/www.terra-arcanum.de\/wp-content\/uploads\/2025\/02\/Lagerfeuergruppe-300x200.jpg 300w, https:\/\/www.terra-arcanum.de\/wp-content\/uploads\/2025\/02\/Lagerfeuergruppe-768x512.jpg 768w, https:\/\/www.terra-arcanum.de\/wp-content\/uploads\/2025\/02\/Lagerfeuergruppe-1536x1024.jpg 1536w, https:\/\/www.terra-arcanum.de\/wp-content\/uploads\/2025\/02\/Lagerfeuergruppe-2048x1365.jpg 2048w, https:\/\/www.terra-arcanum.de\/wp-content\/uploads\/2025\/02\/Lagerfeuergruppe-450x300.jpg 450w\" sizes=\"auto, (max-width: 1024px) 100vw, 1024px\" \/><\/figure>\n\n\n\n<figure class=\"wp-block-image size-large\"><img loading=\"lazy\" decoding=\"async\" width=\"1024\" height=\"768\" data-id=\"546\" src=\"https:\/\/www.terra-arcanum.de\/wordpress\/wp-content\/uploads\/2025\/02\/DSCN4454-scaled-1-1024x768.jpg\" alt=\"\" class=\"wp-image-546\" srcset=\"https:\/\/www.terra-arcanum.de\/wp-content\/uploads\/2025\/02\/DSCN4454-scaled-1-1024x768.jpg 1024w, https:\/\/www.terra-arcanum.de\/wp-content\/uploads\/2025\/02\/DSCN4454-scaled-1-300x225.jpg 300w, https:\/\/www.terra-arcanum.de\/wp-content\/uploads\/2025\/02\/DSCN4454-scaled-1-768x576.jpg 768w, https:\/\/www.terra-arcanum.de\/wp-content\/uploads\/2025\/02\/DSCN4454-scaled-1-1536x1152.jpg 1536w, https:\/\/www.terra-arcanum.de\/wp-content\/uploads\/2025\/02\/DSCN4454-scaled-1-2048x1536.jpg 2048w, https:\/\/www.terra-arcanum.de\/wp-content\/uploads\/2025\/02\/DSCN4454-scaled-1-400x300.jpg 400w\" sizes=\"auto, (max-width: 1024px) 100vw, 1024px\" \/><\/figure>\n<\/figure>\n\n\n\n<figure class=\"wp-block-pullquote\"><blockquote><p>Sch\u00f6n ist eigentlich alles, was man mit Liebe betrachtet. Je mehr jemand die Welt liebt, desto sch\u00f6ner wird er sie finden.<\/p><cite>Christian Morgenstern<\/cite><\/blockquote><\/figure>\n","protected":false},"excerpt":{"rendered":"<p>f\u00fcr weitere Seminare bei Terra Arcanum Die Anmeldung ist verbindlich und wird wirksam mit dem Eingang des Anmeldeformulars und der Kursgeb\u00fchr (bzw. der ersten Rate). Nach Kontrolle Ihrer Daten und Pr\u00fcfung, ob ein entsprechender Platz frei ist, erhalten Sie nochmals &hellip; <a href=\"https:\/\/www.terra-arcanum.de\/index.php\/anmeldung_seminar\/\">Weiterlesen <span class=\"meta-nav\">&rarr;<\/span><\/a><\/p>\n","protected":false},"author":1,"featured_media":0,"parent":0,"menu_order":0,"comment_status":"closed","ping_status":"closed","template":"","meta":{"footnotes":""},"class_list":["post-996","page","type-page","status-publish","hentry"],"_links":{"self":[{"href":"https:\/\/www.terra-arcanum.de\/index.php\/wp-json\/wp\/v2\/pages\/996","targetHints":{"allow":["GET"]}}],"collection":[{"href":"https:\/\/www.terra-arcanum.de\/index.php\/wp-json\/wp\/v2\/pages"}],"about":[{"href":"https:\/\/www.terra-arcanum.de\/index.php\/wp-json\/wp\/v2\/types\/page"}],"author":[{"embeddable":true,"href":"https:\/\/www.terra-arcanum.de\/index.php\/wp-json\/wp\/v2\/users\/1"}],"replies":[{"embeddable":true,"href":"https:\/\/www.terra-arcanum.de\/index.php\/wp-json\/wp\/v2\/comments?post=996"}],"version-history":[{"count":3,"href":"https:\/\/www.terra-arcanum.de\/index.php\/wp-json\/wp\/v2\/pages\/996\/revisions"}],"predecessor-version":[{"id":1149,"href":"https:\/\/www.terra-arcanum.de\/index.php\/wp-json\/wp\/v2\/pages\/996\/revisions\/1149"}],"wp:attachment":[{"href":"https:\/\/www.terra-arcanum.de\/index.php\/wp-json\/wp\/v2\/media?parent=996"}],"curies":[{"name":"wp","href":"https:\/\/api.w.org\/{rel}","templated":true}]}}